{"id":990116223,"date":"2022-03-10T17:18:41","date_gmt":"2022-03-10T20:18:41","guid":{"rendered":"https:\/\/rebelviajes.com\/entre-na-sua-conta\/"},"modified":"2022-03-11T12:59:38","modified_gmt":"2022-03-11T15:59:38","slug":"login","status":"publish","type":"page","link":"https:\/\/rebelviajes.com\/pt-br\/login\/","title":{"rendered":"Entre na sua conta"},"content":{"rendered":"\t\t<div data-elementor-type=\"wp-page\" data-elementor-id=\"990116223\" class=\"elementor elementor-990116223 elementor-990112035\" data-elementor-post-type=\"page\">\n\t\t\t\t\t\t<section class=\"elementor-section elementor-top-section elementor-element elementor-element-13467c88 elementor-section-boxed elementor-section-height-default elementor-section-height-default\" data-id=\"13467c88\" data-element_type=\"section\" data-e-type=\"section\">\n\t\t\t\t\t\t<div class=\"elementor-container elementor-column-gap-default\">\n\t\t\t\t\t<div class=\"elementor-column elementor-col-100 elementor-top-column elementor-element elementor-element-48ea4a3f\" data-id=\"48ea4a3f\" data-element_type=\"column\" data-e-type=\"column\">\n\t\t\t<div class=\"elementor-widget-wrap elementor-element-populated\">\n\t\t\t\t\t\t<section class=\"elementor-section elementor-inner-section elementor-element elementor-element-4671fc4 elementor-section-boxed elementor-section-height-default elementor-section-height-default\" data-id=\"4671fc4\" data-element_type=\"section\" data-e-type=\"section\">\n\t\t\t\t\t\t<div class=\"elementor-container elementor-column-gap-default\">\n\t\t\t\t\t<div class=\"elementor-column elementor-col-50 elementor-inner-column elementor-element elementor-element-b7e7d73\" data-id=\"b7e7d73\" data-element_type=\"column\" data-e-type=\"column\" data-settings=\"{&quot;background_background&quot;:&quot;classic&quot;}\">\n\t\t\t<div class=\"elementor-widget-wrap elementor-element-populated\">\n\t\t\t\t\t\t<div class=\"elementor-element elementor-element-fd2895c elementor-widget elementor-widget-spacer\" data-id=\"fd2895c\" data-element_type=\"widget\" data-e-type=\"widget\" data-widget_type=\"spacer.default\">\n\t\t\t\t<div class=\"elementor-widget-container\">\n\t\t\t\t\t\t\t<div class=\"elementor-spacer\">\n\t\t\t<div class=\"elementor-spacer-inner\"><\/div>\n\t\t<\/div>\n\t\t\t\t\t\t<\/div>\n\t\t\t\t<\/div>\n\t\t\t\t<div class=\"elementor-element elementor-element-dc14387 elementor-widget elementor-widget-heading\" data-id=\"dc14387\" data-element_type=\"widget\" data-e-type=\"widget\" data-widget_type=\"heading.default\">\n\t\t\t\t<div class=\"elementor-widget-container\">\n\t\t\t\t\t<h1 class=\"elementor-heading-title elementor-size-default\">Fa\u00e7a login na sua conta<\/h1>\t\t\t\t<\/div>\n\t\t\t\t<\/div>\n\t\t\t\t<div class=\"elementor-element elementor-element-16bb1394 elementor-widget elementor-widget-shortcode\" data-id=\"16bb1394\" data-element_type=\"widget\" data-e-type=\"widget\" data-widget_type=\"shortcode.default\">\n\t\t\t\t<div class=\"elementor-widget-container\">\n\t\t\t\t\t\t\t<div class=\"elementor-shortcode\"><div class=\"ihc-login-form-wrap ihc-login-template-13\"><form action=\"\" method=\"post\" id=\"ihc_login_form\"><input type=\"hidden\" name=\"ihcaction\" value=\"login\" \/><div class=\"impu-form-line-fr\"><span class=\"impu-form-label-fr impu-form-label-username\">Nome de usu\u00e1rio ou e-mail<\/span><input type=\"text\" value=\"\" id=\"iump_login_username\" name=\"log\" \/><\/div><div class=\"impu-form-line-fr\" style=\"margin-bottom:30px;\"><span class=\"impu-form-label-fr impu-form-label-pass\">Senha<\/span><input type=\"password\" value=\"\" id=\"iump_login_password\" name=\"pwd\" \/><\/div><div class=\"impu-temp5-row\"><div class=\"impu-remember-wrapper\"><input type=\"checkbox\" value=\"forever\" name=\"rememberme\" class=\"impu-form-input-remember\" \/><span class=\"impu-form-label-fr impu-form-label-remember\">Mantenha-me conectado<\/span> <\/div><\/div><div class=\"impu-temp5-row\"><div class=\"impu-temp5-row-left\"><div class=\"impu-form-submit\"><input type=\"submit\" value=\"Entrar\" name=\"Submit\" \/><\/div><\/div><div class=\"impu-temp5-row-right\"><div class=\"ihc-register-link\"><a href=\"https:\/\/rebelviajes.com\/registrate\/\">Cadastrar<\/a><\/div><\/div><div class=\"iump-clear\"><\/div><\/div><div class=\"impu-temp5-row\"><div class=\"impu-form-links-pass\"><a href=\"https:\/\/rebelviajes.com\/recuperar-contrasena\/\">Esqueceu sua senha?<\/a><\/div><\/div><input\n                    class=\"apbct_special_field apbct_email_id__elementor_form\"\n                    name=\"apbct__email_id__elementor_form\"\n                    aria-label=\"apbct__label_id__elementor_form\"\n                    type=\"text\" size=\"30\" maxlength=\"200\" autocomplete=\"off\"\n                    value=\"\"\n                \/><\/form><\/div><script>\n\t\tjQuery(document).ready(\n\t\t\tfunction(){\n\t\t\t\tjQuery('#iump_login_username').on('blur', function(){\n\t\t\t\t\tihcCheckLoginField('log', 'Por favor complete a \u00e1rea obrigat\u00f3ria.');\n\t\t\t\t});\n\t\t\t\tjQuery('#iump_login_password').on('blur', function(){\n\t\t\t\t\tihcCheckLoginField('pwd', 'Por favor complete a \u00e1rea obrigat\u00f3ria.');\n\t\t\t\t});\n\t\t\t\tjQuery('#ihc_login_form').on('submit', function(e){\n\t\t\t\t\te.preventDefault();\n\t\t\t\t\tvar u = jQuery('#ihc_login_form [name=log]').val();\n\t\t\t\t\tvar p = jQuery('#ihc_login_form [name=pwd]').val();\n\t\t\t\t\tif (u!='' && p!=''){\n\t\t\t\t\t\tjQuery('#ihc_login_form').unbind('submit').submit();\n\t\t\t\t\t} else {\n\t\t\t\t\t\tihcCheckLoginField('log', 'Por favor complete a \u00e1rea obrigat\u00f3ria.');\n\t\t\t\t\t\tihcCheckLoginField('pwd', 'Por favor complete a \u00e1rea obrigat\u00f3ria.');\n\t\t\t\t\t\treturn FALSE;\n\t\t\t\t\t}\n\t\t\t\t});\n\t\t\t}\n\t\t);\n\t<\/script><\/div>\n\t\t\t\t\t\t<\/div>\n\t\t\t\t<\/div>\n\t\t\t\t\t<\/div>\n\t\t<\/div>\n\t\t\t\t<div class=\"elementor-column elementor-col-50 elementor-inner-column elementor-element elementor-element-ff62661\" data-id=\"ff62661\" data-element_type=\"column\" data-e-type=\"column\">\n\t\t\t<div class=\"elementor-widget-wrap elementor-element-populated\">\n\t\t\t\t\t\t<div class=\"elementor-element elementor-element-ab26671 elementor-widget elementor-widget-text-editor\" data-id=\"ab26671\" data-element_type=\"widget\" data-e-type=\"widget\" data-widget_type=\"text-editor.default\">\n\t\t\t\t<div class=\"elementor-widget-container\">\n\t\t\t\t\t\t\t\t\t<p>Crie uma conta para aceder \u00e0s suas reservas e usufrua das vantagens exclusivas da Rebel Viajes!<\/p>\n\n<p>Ao criar uma conta, voc\u00ea concorda com nossos <a href=\"https:\/\/rebelviajes.com\/terminos-y-condiciones\/\" rel=\"noopener\" target=\"_blank\">Termos e Condi\u00e7\u00f5es<\/a> y <a href=\"https:\/\/rebelviajes.com\/politica-de-privacidad\/\" rel=\"noopener\" target=\"_blank\">Pol\u00edtica de privacidade<\/a>.<\/p>\t\t\t\t\t\t\t\t<\/div>\n\t\t\t\t<\/div>\n\t\t\t\t\t<\/div>\n\t\t<\/div>\n\t\t\t\t\t<\/div>\n\t\t<\/section>\n\t\t\t\t\t<\/div>\n\t\t<\/div>\n\t\t\t\t\t<\/div>\n\t\t<\/section>\n\t\t\t\t<\/div>\n\t\t","protected":false},"excerpt":{"rendered":"<p>Fa\u00e7a login na sua conta Crie uma conta para aceder \u00e0s suas reservas e usufrua das vantagens exclusivas da Rebel Viajes! Ao criar uma conta, voc\u00ea concorda com nossos Termos e Condi\u00e7\u00f5es y Pol\u00edtica de privacidade.<\/p>\n","protected":false},"author":3,"featured_media":0,"parent":0,"menu_order":0,"comment_status":"closed","ping_status":"closed","template":"","meta":{"site-sidebar-layout":"no-sidebar","site-content-layout":"page-builder","ast-site-content-layout":"default","site-content-style":"default","site-sidebar-style":"default","ast-global-header-display":"","ast-banner-title-visibility":"","ast-main-header-display":"","ast-hfb-above-header-display":"","ast-hfb-below-header-display":"","ast-hfb-mobile-header-display":"","site-post-title":"disabled","ast-breadcrumbs-content":"","ast-featured-img":"disabled","footer-sml-layout":"","ast-disable-related-posts":"","theme-transparent-header-meta":"default","adv-header-id-meta":"","stick-header-meta":"","header-above-stick-meta":"","header-main-stick-meta":"","header-below-stick-meta":"","astra-migrate-meta-layouts":"default","ast-page-background-enabled":"default","ast-page-background-meta":{"desktop":{"background-color":"","background-image":"","background-repeat":"repeat","background-position":"center center","background-size":"auto","background-attachment":"scroll","background-type":"","background-media":"","overlay-type":"","overlay-color":"","overlay-opacity":"","overlay-gradient":""},"tablet":{"background-color":"","background-image":"","background-repeat":"repeat","background-position":"center center","background-size":"auto","background-attachment":"scroll","background-type":"","background-media":"","overlay-type":"","overlay-color":"","overlay-opacity":"","overlay-gradient":""},"mobile":{"background-color":"","background-image":"","background-repeat":"repeat","background-position":"center center","background-size":"auto","background-attachment":"scroll","background-type":"","background-media":"","overlay-type":"","overlay-color":"","overlay-opacity":"","overlay-gradient":""}},"ast-content-background-meta":{"desktop":{"background-color":"var(--ast-global-color-5)","background-image":"","background-repeat":"repeat","background-position":"center center","background-size":"auto","background-attachment":"scroll","background-type":"","background-media":"","overlay-type":"","overlay-color":"","overlay-opacity":"","overlay-gradient":""},"tablet":{"background-color":"var(--ast-global-color-5)","background-image":"","background-repeat":"repeat","background-position":"center center","background-size":"auto","background-attachment":"scroll","background-type":"","background-media":"","overlay-type":"","overlay-color":"","overlay-opacity":"","overlay-gradient":""},"mobile":{"background-color":"var(--ast-global-color-5)","background-image":"","background-repeat":"repeat","background-position":"center center","background-size":"auto","background-attachment":"scroll","background-type":"","background-media":"","overlay-type":"","overlay-color":"","overlay-opacity":"","overlay-gradient":""}},"footnotes":""},"class_list":["post-990116223","page","type-page","status-publish","hentry"],"_links":{"self":[{"href":"https:\/\/rebelviajes.com\/pt-br\/wp-json\/wp\/v2\/pages\/990116223","targetHints":{"allow":["GET"]}}],"collection":[{"href":"https:\/\/rebelviajes.com\/pt-br\/wp-json\/wp\/v2\/pages"}],"about":[{"href":"https:\/\/rebelviajes.com\/pt-br\/wp-json\/wp\/v2\/types\/page"}],"author":[{"embeddable":true,"href":"https:\/\/rebelviajes.com\/pt-br\/wp-json\/wp\/v2\/users\/3"}],"replies":[{"embeddable":true,"href":"https:\/\/rebelviajes.com\/pt-br\/wp-json\/wp\/v2\/comments?post=990116223"}],"version-history":[{"count":0,"href":"https:\/\/rebelviajes.com\/pt-br\/wp-json\/wp\/v2\/pages\/990116223\/revisions"}],"wp:attachment":[{"href":"https:\/\/rebelviajes.com\/pt-br\/wp-json\/wp\/v2\/media?parent=990116223"}],"curies":[{"name":"wp","href":"https:\/\/api.w.org\/{rel}","templated":true}]}}