{"id":104,"date":"2019-12-20T17:11:26","date_gmt":"2019-12-20T20:11:26","guid":{"rendered":"https:\/\/rebelviajes.com\/producto\/trekking-em-sierra-baguales\/"},"modified":"2026-05-03T03:54:25","modified_gmt":"2026-05-03T07:54:25","slug":"trekking-sierra-baguales","status":"publish","type":"product","link":"https:\/\/rebelviajes.com\/pt-br\/product\/trekking-sierra-baguales\/","title":{"rendered":"Trekking Sierra Baguales"},"content":{"rendered":"<h2 id=\"descripcion\">Descri\u00e7\u00e3o<\/h2>\n<h3>Trekking na m\u00edstica Sierra Baguales, uma rota de f\u00f3sseis marinhos com mais de 50 milh\u00f5es de anos de hist\u00f3ria<\/h3>\n<p>No <strong>Trekking Sierra Baguales<\/strong>, voc\u00ea descobrir\u00e1 seu terreno acidentado e montanhas avermelhadas que surpreender\u00e3o qualquer visitante. Poucos lugares podem igualar a beleza assombrosa desta isolada <strong>cadeia de montanhas vulc\u00e2nicas<\/strong>.<\/p>\n<p>Entre a fronteira da Argentina e do Chile, no meio da cordilheira, fica a <strong>Sierra Baguales<\/strong>. Est\u00e1 localizado 65 km a nordeste do <strong>Parque Nacional Torres del Paine<\/strong> e 134 km de Puerto Natales. Esta regi\u00e3o, que foi o fundo do mar h\u00e1 mais de 50 milh\u00f5es de anos, hoje nos surpreende com as surpresas de um passado distante.<\/p>\n<h3>Prepara\u00e7\u00e3o para o Trekking Sierra Baguales<\/h3>\n<p>Nosso passeio come\u00e7a com o embarque em seu hotel em <strong>Puerto Natales<\/strong>. Em seguida, iniciaremos o traslado at\u00e9 a misteriosa <strong>Sierra Baguales<\/strong>. Depois de duas horas em dire\u00e7\u00e3o ao <strong>Parque Nacional Torres del Paine<\/strong>, faremos um desvio para <strong>Sierra Baguales<\/strong>, localizada cerca de 60 quil\u00f4metros a nordeste.<\/p>\n<p>Ao chegarmos \u00e0 fazenda de turismo rural em <strong>Sierra Baguales<\/strong>, desfrutaremos de um caf\u00e9 de boas-vindas e uma conversa sobre a Patag\u00f4nia e a fazenda. Discutiremos o processo de coloniza\u00e7\u00e3o na Patag\u00f4nia, a hist\u00f3ria dos primeiros assentamentos humanos ali e os costumes e a import\u00e2ncia social da \u00e1rea para os primeiros habitantes da regi\u00e3o, como os <strong>Tehuelches<\/strong> e os <strong>Aonikenk<\/strong>.<\/p>\n<h3>Setor Lagoa Irene e Observa\u00e7\u00e3o de Aves<\/h3>\n<p>Come\u00e7aremos nossa trilha pela <strong>Sierra Baguales<\/strong>, que \u00e9 dividida em duas se\u00e7\u00f5es para explorar todas as atra\u00e7\u00f5es que os 6.000 hectares onde a atividade acontece oferecem. Na primeira etapa, faremos uma curta caminhada de meia hora para visitar a <strong>Lagoa Irene<\/strong>, um lugar ideal para observar e fotografar as aves, incluindo a maior ave da <strong>Patag\u00f4nia<\/strong>, o <strong>condor-dos-andes<\/strong>.<\/p>\n<h3>Setor de f\u00f3sseis marinhos<\/h3>\n<p>Em seguida, embarcaremos em nosso ve\u00edculo para seguir at\u00e9 onde come\u00e7aremos o <strong>Terkking Sierra Baguales<\/strong>, que percorrer\u00e1 uma dist\u00e2ncia de aproximadamente 12,5 km. Faremos uma trilha de m\u00e9dia intensidade com vista para a <strong>serra Bagual<\/strong>, \u00e1rea que abriga <strong>pumas<\/strong>, <strong>guanacos<\/strong> e <strong>cavalos selvagens<\/strong>. Ap\u00f3s pouco mais de 3 horas de caminhada, encontraremos <strong>f\u00f3sseis marinhos<\/strong> que datam de mais de <strong>50 milh\u00f5es de anos<\/strong>.<\/p>\n<p>O passeio continua at\u00e9 um mirante localizado a 1.200 metros acima do n\u00edvel do mar, de onde voc\u00ea pode desfrutar de uma vista panor\u00e2mica de toda a <strong>Sierra Baguales<\/strong>. Com um pouco de sorte, durante nossa caminhada, poderemos encontrar uma manada de <strong>cavalos Baguales<\/strong> que vivem na \u00e1rea. Desfrutaremos do nosso almo\u00e7o e depois retornaremos \u00e0 fazenda para embarcar no ve\u00edculo que nos levar\u00e1 de volta a <strong>Puerto Natales<\/strong>.<\/p>\n<div class=\"divisor\"><\/div>\n<h2 id=\"detalle\">Detalhe<\/h2>\n<table>\n<tbody>\n<tr>\n<th><i class=\"fa fa-check\" aria-hidden=\"true\"><\/i> Inclui<\/th>\n<\/tr>\n<tr>\n<td>Translado compartilhado<br \/>\nGuia bil\u00edngue (espanhol e ingl\u00eas)<br \/>\nBast\u00f5es de caminhada<br \/>\nLancheira (baguete, queijos variados, presunto serrano, salame, vinho, cerveja e suco natural, lanche saud\u00e1vel e chocolate, abacate e tomate)<\/td>\n<\/tr>\n<\/tbody>\n<\/table>\n<table>\n<tbody>\n<tr>\n<th><i class=\"fa fa-times\" aria-hidden=\"true\"><\/i> N\u00e3o inclui<\/th>\n<\/tr>\n<tr>\n<td>Gorjetas<br \/>\nServi\u00e7os n\u00e3o mencionados<br \/>\nSeguro de acidentes<\/td>\n<\/tr>\n<\/tbody>\n<\/table>\n<div class=\"divisor\"><\/div>\n<h2 id=\"faq\">FAQ<\/h2>\n<h3>O Trekking Sierra Baguales \u00e9 adequado para todos?<\/h3>\n<p>Esta atividade n\u00e3o \u00e9 adequada para todos. Mulheres gr\u00e1vidas n\u00e3o podem participar e o passeio n\u00e3o \u00e9 recomendado para pessoas com problemas nos joelhos e\/ou na coluna, problemas respirat\u00f3rios ou card\u00edacos. Al\u00e9m disso, a idade m\u00ednima exigida \u00e9 de 14 anos.<\/p>\n<h3>O que levar para o Trekking Sierra Baguales?<\/h3>\n<p>Cal\u00e7ados imperme\u00e1veis \u200b\u200bpara caminhadas, \u00f3culos de sol, protetor solar, \u00e1gua, chap\u00e9u para o sol, chap\u00e9u e luvas para o frio, camisas de manga curta e manga longa, agasalhos de l\u00e3 e jaqueta e cal\u00e7as imperme\u00e1veis.<\/p>\n<p><b>Observa\u00e7\u00e3o importante:<\/b> Esta atividade n\u00e3o inclui a retirada no Hotel Lago Grey, Hotel Las Torres, Hotel Llanuras de Diana, Hotel R\u00edo Serrano, Hoster\u00eda Lago del Toro, Hoster\u00eda Peho\u00e9, Hotel del Paine e Hostal El Puestero.<\/p>\n<div class=\"divisor\"><\/div>\n<h2 id=\"condiciones\">Condi\u00e7\u00f5es<\/h2>\n<p><a href=\"http:\/\/rebelviajes.com\/wp-content\/uploads\/2025\/05\/Condiciones-Excursiones-PT.docx.pdf\" target=\"_blank\" rel=\"noopener\">Clique aqui<\/a> para ver os termos e condi\u00e7\u00f5es de contrata\u00e7\u00e3o.<\/p>\n","protected":false},"excerpt":{"rendered":"<p>Sa\u00eddas de <strong>Puerto Natales<\/strong> para <strong>Sierra Baguales<\/strong><br \/>\n<strong>Quartas e s\u00e1bados<\/strong><br \/>\nHor\u00e1rio: <strong>in\u00edcio \u00e0s 7h30 \u2013 t\u00e9rmino \u00e0s 18h<\/strong><\/p>\n","protected":false},"featured_media":85,"comment_status":"open","ping_status":"closed","template":"","meta":{"site-sidebar-layout":"default","site-content-layout":"default","ast-site-content-layout":"default","site-content-style":"default","site-sidebar-style":"default","ast-global-header-display":"","ast-banner-title-visibility":"","ast-main-header-display":"","ast-hfb-above-header-display":"","ast-hfb-below-header-display":"","ast-hfb-mobile-header-display":"","site-post-title":"","ast-breadcrumbs-content":"","ast-featured-img":"","footer-sml-layout":"","ast-disable-related-posts":"","theme-transparent-header-meta":"default","adv-header-id-meta":"","stick-header-meta":"","header-above-stick-meta":"","header-main-stick-meta":"","header-below-stick-meta":"","astra-migrate-meta-layouts":"default","ast-page-background-enabled":"default","ast-page-background-meta":{"desktop":{"background-color":"","background-image":"","background-repeat":"repeat","background-position":"center center","background-size":"auto","background-attachment":"scroll","background-type":"","background-media":"","overlay-type":"","overlay-color":"","overlay-opacity":"","overlay-gradient":""},"tablet":{"background-color":"","background-image":"","background-repeat":"repeat","background-position":"center center","background-size":"auto","background-attachment":"scroll","background-type":"","background-media":"","overlay-type":"","overlay-color":"","overlay-opacity":"","overlay-gradient":""},"mobile":{"background-color":"","background-image":"","background-repeat":"repeat","background-position":"center center","background-size":"auto","background-attachment":"scroll","background-type":"","background-media":"","overlay-type":"","overlay-color":"","overlay-opacity":"","overlay-gradient":""}},"ast-content-background-meta":{"desktop":{"background-color":"var(--ast-global-color-5)","background-image":"","background-repeat":"repeat","background-position":"center center","background-size":"auto","background-attachment":"scroll","background-type":"","background-media":"","overlay-type":"","overlay-color":"","overlay-opacity":"","overlay-gradient":""},"tablet":{"background-color":"var(--ast-global-color-5)","background-image":"","background-repeat":"repeat","background-position":"center center","background-size":"auto","background-attachment":"scroll","background-type":"","background-media":"","overlay-type":"","overlay-color":"","overlay-opacity":"","overlay-gradient":""},"mobile":{"background-color":"var(--ast-global-color-5)","background-image":"","background-repeat":"repeat","background-position":"center center","background-size":"auto","background-attachment":"scroll","background-type":"","background-media":"","overlay-type":"","overlay-color":"","overlay-opacity":"","overlay-gradient":""}}},"product_brand":[],"product_cat":[97,602,606],"product_tag":[530,508,512,614],"class_list":{"0":"post-104","1":"product","2":"type-product","3":"status-publish","4":"has-post-thumbnail","6":"product_cat-excursoes","7":"product_cat-puerto-natales-torres-del-paine-pt-br","8":"product_cat-trekking-pt-br","9":"product_tag-excursion-nueva-pt-br","10":"product_tag-puerto-natales-pt-br-2","11":"product_tag-sierra-baguales-pt-br-2","12":"product_tag-trekking-puerto-natales-pt-br","13":"desktop-align-left","14":"tablet-align-left","15":"mobile-align-left","17":"first","18":"instock","19":"virtual","20":"sold-individually","21":"purchasable","22":"product-type-simple"},"_links":{"self":[{"href":"https:\/\/rebelviajes.com\/pt-br\/wp-json\/wp\/v2\/product\/104","targetHints":{"allow":["GET"]}}],"collection":[{"href":"https:\/\/rebelviajes.com\/pt-br\/wp-json\/wp\/v2\/product"}],"about":[{"href":"https:\/\/rebelviajes.com\/pt-br\/wp-json\/wp\/v2\/types\/product"}],"replies":[{"embeddable":true,"href":"https:\/\/rebelviajes.com\/pt-br\/wp-json\/wp\/v2\/comments?post=104"}],"version-history":[{"count":0,"href":"https:\/\/rebelviajes.com\/pt-br\/wp-json\/wp\/v2\/product\/104\/revisions"}],"wp:featuredmedia":[{"embeddable":true,"href":"https:\/\/rebelviajes.com\/pt-br\/wp-json\/wp\/v2\/media\/85"}],"wp:attachment":[{"href":"https:\/\/rebelviajes.com\/pt-br\/wp-json\/wp\/v2\/media?parent=104"}],"wp:term":[{"taxonomy":"product_brand","embeddable":true,"href":"https:\/\/rebelviajes.com\/pt-br\/wp-json\/wp\/v2\/product_brand?post=104"},{"taxonomy":"product_cat","embeddable":true,"href":"https:\/\/rebelviajes.com\/pt-br\/wp-json\/wp\/v2\/product_cat?post=104"},{"taxonomy":"product_tag","embeddable":true,"href":"https:\/\/rebelviajes.com\/pt-br\/wp-json\/wp\/v2\/product_tag?post=104"}],"curies":[{"name":"wp","href":"https:\/\/api.w.org\/{rel}","templated":true}]}}