{"id":207,"date":"2019-12-20T22:24:51","date_gmt":"2019-12-21T01:24:51","guid":{"rendered":"https:\/\/rebelviajes.com\/producto\/full-day-parque-nacional-torres-del-paine\/"},"modified":"2026-02-05T06:56:46","modified_gmt":"2026-02-05T09:56:46","slug":"full-day-torres-del-paine-saindo-de-puerto-natales","status":"publish","type":"product","link":"https:\/\/rebelviajes.com\/pt-br\/product\/full-day-torres-del-paine-saindo-de-puerto-natales\/","title":{"rendered":"Full Day Torres del Paine saindo de Puerto Natales"},"content":{"rendered":"<h2>Descri\u00e7\u00e3o<\/h2>\n<h3>Full day Torres del Paine saindo de Puerto Natales: descubra a paisagem da oitava maravilha do mundo com conforto e comodidade<\/h3>\n<p>Iniciamos nosso passeio <strong>Full Day Torres del Paine<\/strong> buscando nossos passageiros em seu hotel ou local de hospedagem na cidade de <strong>Puerto Natales<\/strong>. Em seguida, seguimos rumo ao <b>Parque Nacional Torres del Paine<\/b> em dire\u00e7\u00e3o \u00e0 portaria <b>Lagoa Amarga<\/b>. Antes disso, faremos uma parada no mirante do <strong>Lago Sarmiento<\/strong>, onde voc\u00ea j\u00e1 poder\u00e1 apreciar a deslumbrante vista das imponentes Torres de Granito, que d\u00e3o nome ao parque. <\/p>\n<p>Continuaremos pela trilha que nos leva at\u00e9 a <b>Cachoeira Salto Grande<\/b>, apreciando as belas vistas do <b>Lago Nordenskj\u00f6ld<\/b>, que deve seu nome ao sueco Otto <b>Nordenskj\u00f6ld<\/b>, que o descobriu no in\u00edcio do s\u00e9culo XX.<\/p>\n<h3>Cachoeira Salto Grande em Torres del Paine<\/h3>\n<p>Continuamos nosso passeio pelo <b>Parque Nacional<\/b> <strong>Torres del Paine<\/strong> seguindo em dire\u00e7\u00e3o ao setor do <strong>Salto Grande<\/strong>, onde os glaciares do <strong>rio Paine<\/strong> despejam suas \u00e1guas caudalosas. Neste local, teremos a oportunidade de observar a flora e fauna caracter\u00edsticas da regi\u00e3o, enquanto admiramos as impressionantes vistas do <b>Maci\u00e7o Paine<\/b>, a medida que avan\u00e7amos em dire\u00e7\u00e3o ao setor <b>Camping Peho\u00e9<\/b>. <\/p>\n<p>De l\u00e1, teremos outra perspectiva do <strong>Maci\u00e7o Paine<\/strong> e dos <strong>cuernos del Paine<\/strong>, se as condi\u00e7\u00f5es de nuvens permitirem.<\/p>\n<p>Depois faremos uma pausa para almo\u00e7ar ou comprar algo para comer na cafeteria da regi\u00e3o, aproveitando as belas vistas que o<strong>Parque Torres del Paine<\/strong>.<\/p>\n<h3>Caminhada pelo setor de praia do Lago Grey<\/h3>\n<p>O <strong>Full Day Torres del Paine<\/strong> continua pelo setor do <strong>Lago Grey<\/strong>, onde faremos uma curta caminhada de aproximadamente 20 minutos para chegar \u00e0 margem do <strong>Lago Grey<\/strong>.<\/p>\n<p>No total, percorremos cerca de 3 km em terrenos de f\u00e1cil acesso. Independentemente disso, a caminhada \u00e9 opcional para quem n\u00e3o quer ou n\u00e3o se sente em condi\u00e7\u00f5es de faz\u00ea-la.<\/p>\n<p>Finalizando o percurso, deixamos o <b>Parque Nacional Torres del Paine<\/b> pela <b>Portaria Serrano<\/b> e seguimos at\u00e9 o mirante do <strong>Lago del Toro<\/strong>. Deste ponto, desfrutaremos de outra vista espetacular do lago, da <strong>Cordilheira Paine<\/strong> e do <strong>Maci\u00e7o Paine<\/strong>. <\/p>\n<p>Continuaremos aproveitando a estrada em dire\u00e7\u00e3o a <b>Puerto Natales<\/b> apreciando a vista deslumbrante da <strong>Lagoa Sofia<\/strong>, a <strong>Cordilheira Prat<\/strong>, o <strong>Cerro Mesa<\/strong>, <strong>Sierra del Toro<\/strong> e o <strong>Cerro Ballena<\/strong>. Nas quase 2 horas de viagem, at\u00e9 nossa \u00faltima parada: o famoso <strong>Monumento Natural Cueva del Milod\u00f3n<\/strong>. <\/p>\n<h3>Cueva del Milod\u00f3n<\/h3>\n<p>L\u00e1, visitaremos a maior caverna de um conjunto de tr\u00eas, que abriga em seu interior mais de 100 anos de hist\u00f3ria e restos de animais pr\u00e9-hist\u00f3ricos. Neste local, foram encontrados vest\u00edgios do <strong>Mylodon Darwini<\/strong>, um mam\u00edfero herb\u00edvoro da ordem Pilosa, que inclui os tamandu\u00e1s, tamandu\u00e1s-bandeira e bichos-pregui\u00e7a. Segundo especialistas, o Milod\u00f3n provavelmente se extinguiu no final do Pleistoceno.  <\/p>\n<p>Encerramos nosso passeio com a excurs\u00e3o <b>Full Day Torres del Paine<\/b> para deixar nossos passageiros em seus respectivos hot\u00e9is e acomoda\u00e7\u00f5es.<\/p>\n<h2>Detalhe<\/h2>\n<table>\n<tbody>\n<tr>\n<th>Inclui<\/th>\n<\/tr>\n<tr>\n<td>Traslado compartilhado<br \/>\nGuia bil\u00edngue (Espanhol e Ingl\u00eas)<\/td>\n<\/tr>\n<\/tbody>\n<\/table>\n<table>\n<tbody>\n<tr>\n<th>N\u00e3o inclui<\/th>\n<\/tr>\n<tr>\n<td>Gorjetas<br \/>\nEntrada no Monumento Natural Cueva del Milod\u00f3n<br \/>\nEntrada no Parque Nacional Torres del Paine<br \/>\nAlimenta\u00e7\u00e3o<br \/>\nSeguro contra acidentes<\/td>\n<\/tr>\n<\/tbody>\n<\/table>\n<h2>FAQ<\/h2>\n<h3>O que levar no passeio Full Day Torres del Paine saindo de Puerto Natales?<\/h3>\n<p>Sapatos de caminhada imperme\u00e1veis, \u00f3culos de sol, protetor solar, \u00e1gua, chap\u00e9u para o sol, chap\u00e9u e luvas para o frio, camisas de manga curta e manga comprida, agasalho tipo l\u00e3 e jaqueta e cal\u00e7a imperme\u00e1vel.<\/p>\n<h3>Qual \u00e9 o pre\u00e7o da entrada para o Monumento Nacional Cueva del Milod\u00f3n?<\/h3>\n<p>Voc\u00ea pode verificar o pre\u00e7o atualizado da entrada diretamente no site da <a href=\"https:\/\/www.conaf.cl\/parques\/monumento-natural-cueva-del-milodon\/\" target=\"_blank\" rel=\"noopener\">Conaf<\/a>.<\/p>\n<h3>Qual \u00e9 o pre\u00e7o da entrada do Parque Nacional Torres del Paine?<\/h3>\n<p>Voc\u00ea pode verificar o pre\u00e7o atualizado da entrada diretamente no site do <a href=\"https:\/\/parquetorresdelpaine.cl\/tarifas-y-horarios\/\" target=\"_blank\" rel=\"noopener\">Parque Torres del Paine<\/a>.<\/p>\n<h2>Condi\u00e7\u00f5es<\/h2>\n<p><a href=\"https:\/\/rebelviajes.com\/wp-content\/uploads\/2025\/05\/Condiciones-Excursiones-PT.docx.pdf\" target=\"_blank\" rel=\"noopener\">Clique aqui<\/a> para ver os termos e condi\u00e7\u00f5es de contrata\u00e7\u00e3o.<\/p>\n","protected":false},"excerpt":{"rendered":"<p>Sa\u00edda de <strong>Puerto Natales<\/strong> para <strong>Torres del Paine<\/strong><br \/>\n<strong>Todos os dias<\/strong><br \/>\nHor\u00e1rio: <strong>in\u00edcio \u00e0s 7:30 \u2013 t\u00e9rmino \u00e0s 21:00<\/strong><\/p>\n","protected":false},"featured_media":185,"comment_status":"open","ping_status":"closed","template":"","meta":{"site-sidebar-layout":"default","site-content-layout":"default","ast-site-content-layout":"default","site-content-style":"default","site-sidebar-style":"default","ast-global-header-display":"","ast-banner-title-visibility":"","ast-main-header-display":"","ast-hfb-above-header-display":"","ast-hfb-below-header-display":"","ast-hfb-mobile-header-display":"","site-post-title":"","ast-breadcrumbs-content":"","ast-featured-img":"","footer-sml-layout":"","ast-disable-related-posts":"","theme-transparent-header-meta":"default","adv-header-id-meta":"","stick-header-meta":"","header-above-stick-meta":"","header-main-stick-meta":"","header-below-stick-meta":"","astra-migrate-meta-layouts":"default","ast-page-background-enabled":"default","ast-page-background-meta":{"desktop":{"background-color":"","background-image":"","background-repeat":"repeat","background-position":"center center","background-size":"auto","background-attachment":"scroll","background-type":"","background-media":"","overlay-type":"","overlay-color":"","overlay-opacity":"","overlay-gradient":""},"tablet":{"background-color":"","background-image":"","background-repeat":"repeat","background-position":"center center","background-size":"auto","background-attachment":"scroll","background-type":"","background-media":"","overlay-type":"","overlay-color":"","overlay-opacity":"","overlay-gradient":""},"mobile":{"background-color":"","background-image":"","background-repeat":"repeat","background-position":"center center","background-size":"auto","background-attachment":"scroll","background-type":"","background-media":"","overlay-type":"","overlay-color":"","overlay-opacity":"","overlay-gradient":""}},"ast-content-background-meta":{"desktop":{"background-color":"var(--ast-global-color-5)","background-image":"","background-repeat":"repeat","background-position":"center center","background-size":"auto","background-attachment":"scroll","background-type":"","background-media":"","overlay-type":"","overlay-color":"","overlay-opacity":"","overlay-gradient":""},"tablet":{"background-color":"var(--ast-global-color-5)","background-image":"","background-repeat":"repeat","background-position":"center center","background-size":"auto","background-attachment":"scroll","background-type":"","background-media":"","overlay-type":"","overlay-color":"","overlay-opacity":"","overlay-gradient":""},"mobile":{"background-color":"var(--ast-global-color-5)","background-image":"","background-repeat":"repeat","background-position":"center center","background-size":"auto","background-attachment":"scroll","background-type":"","background-media":"","overlay-type":"","overlay-color":"","overlay-opacity":"","overlay-gradient":""}}},"product_brand":[],"product_cat":[347,97,602],"product_tag":[530,508,491],"class_list":{"0":"post-207","1":"product","2":"type-product","3":"status-publish","4":"has-post-thumbnail","6":"product_cat-full-day-pt","7":"product_cat-excursoes","8":"product_cat-puerto-natales-torres-del-paine-pt-br","9":"product_tag-excursion-nueva-pt-br","10":"product_tag-puerto-natales-pt-br-2","11":"product_tag-torres-del-paine-pt-br-2","12":"desktop-align-left","13":"tablet-align-left","14":"mobile-align-left","16":"first","17":"instock","18":"virtual","19":"sold-individually","20":"purchasable","21":"product-type-simple"},"_links":{"self":[{"href":"https:\/\/rebelviajes.com\/pt-br\/wp-json\/wp\/v2\/product\/207","targetHints":{"allow":["GET"]}}],"collection":[{"href":"https:\/\/rebelviajes.com\/pt-br\/wp-json\/wp\/v2\/product"}],"about":[{"href":"https:\/\/rebelviajes.com\/pt-br\/wp-json\/wp\/v2\/types\/product"}],"replies":[{"embeddable":true,"href":"https:\/\/rebelviajes.com\/pt-br\/wp-json\/wp\/v2\/comments?post=207"}],"version-history":[{"count":0,"href":"https:\/\/rebelviajes.com\/pt-br\/wp-json\/wp\/v2\/product\/207\/revisions"}],"wp:featuredmedia":[{"embeddable":true,"href":"https:\/\/rebelviajes.com\/pt-br\/wp-json\/wp\/v2\/media\/185"}],"wp:attachment":[{"href":"https:\/\/rebelviajes.com\/pt-br\/wp-json\/wp\/v2\/media?parent=207"}],"wp:term":[{"taxonomy":"product_brand","embeddable":true,"href":"https:\/\/rebelviajes.com\/pt-br\/wp-json\/wp\/v2\/product_brand?post=207"},{"taxonomy":"product_cat","embeddable":true,"href":"https:\/\/rebelviajes.com\/pt-br\/wp-json\/wp\/v2\/product_cat?post=207"},{"taxonomy":"product_tag","embeddable":true,"href":"https:\/\/rebelviajes.com\/pt-br\/wp-json\/wp\/v2\/product_tag?post=207"}],"curies":[{"name":"wp","href":"https:\/\/api.w.org\/{rel}","templated":true}]}}