{"id":990102936,"date":"2020-02-28T19:33:38","date_gmt":"2020-02-28T22:33:38","guid":{"rendered":"http:\/\/rebelviajes.com\/producto\/navegacao-ilha-magdalena\/"},"modified":"2026-05-03T03:52:35","modified_gmt":"2026-05-03T07:52:35","slug":"navegacion-isla-magdalena","status":"publish","type":"product","link":"https:\/\/rebelviajes.com\/pt-br\/product\/navegacion-isla-magdalena\/","title":{"rendered":"Navega\u00e7\u00e3o Ilha Magdalena"},"content":{"rendered":"<h2 id=\"descripcion\">Descri\u00e7\u00e3o<\/h2>\n<h3>Navegue pelo Estreito de Magalh\u00e3es at\u00e9 o Monumento Natural Los Ping\u00fcinos e descubra a fauna do sul<\/h3>\n<p>Na <strong>Navega\u00e7\u00e3o Ilha Magdalena<\/strong>, voc\u00ea conhecer\u00e1 o <strong>pinguim de Magalh\u00e3es<\/strong>, que mede entre 50 e 70 cm, \u00e9 um nadador extraordin\u00e1rio e passa grande parte de sua vida na \u00e1gua. Podemos encontr\u00e1-lo desde a <strong>Terra do Fogo<\/strong> at\u00e9 o <strong>sul do Brasil<\/strong>.<\/p>\n<p>Existem in\u00fameras col\u00f4nias na <strong>Patag\u00f4nia<\/strong>, entre as quais se destaca a col\u00f4nia da <strong>Ilha Magdalena<\/strong>. Mais de 150.000 desses simp\u00e1ticos <strong>pinguins<\/strong> se re\u00fanem l\u00e1 e n\u00f3s os conheceremos em nossa excurs\u00e3o de <strong>Navega\u00e7\u00e3o Ilha Magdalena<\/strong>.<\/p>\n<h3>Navegando para a Ilha Magdalena<\/h3>\n<p>Come\u00e7amos este passeio com embarque opcional no hotel. Ent\u00e3o o primeiro ponto para fazer nossa excurs\u00e3o \u00e9 o <strong>Muelle Prat<\/strong>, localizado na cidade de <strong>Punta Arenas.<\/strong> Embarcaremos em um moderno <strong>catamar\u00e3<\/strong> tur\u00edstico, com um amplo conv\u00e9s superior para passageiros, e iniciaremos a <strong>Navega\u00e7\u00e3o Ilha Magdalena<\/strong> para visitar o <strong>pinguim de Magalh\u00e3es ou da Patag\u00f4nia<\/strong>.<\/p>\n<p>Durante aproximadamente 1 hora e meia, apreciaremos a paisagem que nos levar\u00e1 direto para o <strong>Estreito de Magalh\u00e3es<\/strong> at\u00e9 chegarmos \u00e0 <strong>Ilha Magdalena<\/strong>. Ao chegarmos ao cais da <strong>Ilha Magdalena<\/strong>, desembarcaremos e visitaremos a col\u00f4nia de <strong>pinguins<\/strong> por aproximadamente 1 hora. Caminharemos at\u00e9 chegar ao antigo <strong>farol<\/strong>, de onde admiraremos uma vista espetacular da paisagem.<\/p>\n<p>Depois disso, embarcamos novamente, mas dessa vez para iniciar o retorno ao cais de <strong>Punta Arenas<\/strong>. Por fim, os passageiros s\u00e3o transportados para o seu hotel na cidade, desde que tenham adquirido a excurs\u00e3o de <strong>Navega\u00e7\u00e3o Ilha Magdalena<\/strong> com traslado. Os passageiros restantes s\u00e3o deixados no <strong>Muelle Prat<\/strong>.<\/p>\n<p>\u00c9 muito importante ter em mente que esta atividade pode ser afetada pelas condi\u00e7\u00f5es clim\u00e1ticas, por isso n\u00e3o \u00e9 aconselh\u00e1vel escolher a <strong>Navega\u00e7\u00e3o Ilha Magdalena<\/strong> para o \u00faltimo dia da sua visita \u00e0 <strong>Patag\u00f4nia<\/strong>, a fim de remarcar a atividade caso as condi\u00e7\u00f5es clim\u00e1ticas n\u00e3o permitam a sa\u00edda do barco.<\/p>\n<div class=\"divisor\"><\/div>\n<h2 id=\"detalle\">Detalhe<\/h2>\n<table>\n<tbody>\n<tr>\n<th><i class=\"fa fa-check\" aria-hidden=\"true\"><\/i> Inclui<\/th>\n<\/tr>\n<tr>\n<td>Traslado compartilhado (do ponto de encuentro at\u00e9 o Porto)<br \/>\nGuia bil\u00edngue (Espanhol e Ingl\u00eas)<\/td>\n<\/tr>\n<\/tbody>\n<\/table>\n<table>\n<tbody>\n<tr>\n<th><i class=\"fa fa-times\" aria-hidden=\"true\"><\/i> N\u00e3o incluo<\/th>\n<\/tr>\n<tr>\n<td>Gorjetas<br \/>\nServi\u00e7os n\u00e3o mencionados<br \/>\nSeguro de acidentes<\/td>\n<\/tr>\n<\/tbody>\n<\/table>\n<div class=\"divisor\"><\/div>\n<h2 id=\"faq\">FAQ<\/h2>\n<h3>O que levar para a Navega\u00e7\u00e3o Ilha Magdalena?<\/h3>\n<p>\u00d3culos de sol, protetor solar, \u00e1gua, chap\u00e9u, gorro e luvas para o frio, roupas quentes de l\u00e3.<\/p>\n<div class=\"divisor\"><\/div>\n<h2 id=\"condiciones\">Condi\u00e7\u00f5es<\/h2>\n<p>Confira os <span class=\"open-modal\">termos e condi\u00e7\u00f5es<\/span> da excurs\u00e3o de Navega\u00e7\u00e3o Ilha Magdalena.<\/p>\n<div id=\"my-modal\" class=\"modal\">\n<p><button class=\"close-modal\"><i class=\"fa fa-times\" aria-hidden=\"true\"><\/i><\/button>Excurs\u00e3o de um dia inteiro ou meio dia em servi\u00e7o regular.<\/p>\n<p>Ni\u00f1os entre 0 y 4 a\u00f1os van liberados, escr\u00edbenos a info@rebelviajes.com para coordinar. Precio especial para ni\u00f1os de 5 a 12 a\u00f1os.<\/p>\n<p>Os locais a serem visitados est\u00e3o sujeitos a altera\u00e7\u00f5es no mesmo dia da excurs\u00e3o em caso de condi\u00e7\u00f5es clim\u00e1ticas adversas.<\/p>\n<p>O hor\u00e1rio de t\u00e9rmino desta atividade pode ser modificado devido \u00e0s condi\u00e7\u00f5es clim\u00e1ticas, por isso recomendamos que voc\u00ea n\u00e3o compre ingressos para sair de Puerto Natales at\u00e9 tr\u00eas horas ap\u00f3s o hor\u00e1rio previsto para o retorno, ou deixe sua viagem para o dia seguinte ao t\u00e9rmino do passeio.<\/p>\n<p>Para os dias 25 de dezembro e 1\u00ba de janeiro, o passeio pode ter varia\u00e7\u00f5es de pre\u00e7o e hor\u00e1rio.<\/p>\n<p>Cancelamento com um m\u00ednimo de 48 horas de anteced\u00eancia, reembolso de 100% dependendo da forma de pagamento. Consulte as condi\u00e7\u00f5es particulares de cada produto caso tenha de cancelar num prazo inferior a 48 horas.<\/p>\n<p>Caso o passageiro n\u00e3o compare\u00e7a nos hor\u00e1rios definidos para a excurs\u00e3o, n\u00e3o haver\u00e1 reembolso.<\/p>\n<p><b>Suspens\u00e3o devido \u00e0s condi\u00e7\u00f5es meteorol\u00f3gica:<\/b> Um reembolso total ser\u00e1 feito quando a empresa cancelar antes de iniciar o servi\u00e7o.<\/p>\n<p>O reembolso total ser\u00e1 feito quando a empresa cancelar antes de iniciar o servi\u00e7o.<\/p>\n<p>Caso haja indeniza\u00e7\u00e3o por situa\u00e7\u00e3o especial, ser\u00e1 acordada com as pessoas, e ser\u00e1 definida pelo desenvolvimento do programa de viagens.<\/p>\n<p><b>Importante:<\/b> Nenhuma excurs\u00e3o inclui seguro contra acidentes.<\/p>\n<p>Conhe\u00e7a nossos <a href=\"https:\/\/rebelviajes.com\/pt-br\/termos-e-condicoes\/\" target=\"_blank\" rel=\"noopener\">Termos e Condi\u00e7\u00f5es<\/a>.<\/p>\n<\/div>\n","protected":false},"excerpt":{"rendered":"<p>Sa\u00eddas de <strong>Punta Arenas<\/strong><br \/>\n<strong>Todos os dias<\/strong><br \/>\nHor\u00e1rio: <strong>in\u00edcio \u00e0s 7:30 ou \u00e0s 13:30<\/strong><\/p>\n","protected":false},"featured_media":990102146,"comment_status":"open","ping_status":"closed","template":"","meta":{"site-sidebar-layout":"default","site-content-layout":"default","ast-site-content-layout":"default","site-content-style":"default","site-sidebar-style":"default","ast-global-header-display":"","ast-banner-title-visibility":"","ast-main-header-display":"","ast-hfb-above-header-display":"","ast-hfb-below-header-display":"","ast-hfb-mobile-header-display":"","site-post-title":"","ast-breadcrumbs-content":"","ast-featured-img":"","footer-sml-layout":"","ast-disable-related-posts":"","theme-transparent-header-meta":"default","adv-header-id-meta":"","stick-header-meta":"","header-above-stick-meta":"","header-main-stick-meta":"","header-below-stick-meta":"","astra-migrate-meta-layouts":"default","ast-page-background-enabled":"default","ast-page-background-meta":{"desktop":{"background-color":"","background-image":"","background-repeat":"repeat","background-position":"center center","background-size":"auto","background-attachment":"scroll","background-type":"","background-media":"","overlay-type":"","overlay-color":"","overlay-opacity":"","overlay-gradient":""},"tablet":{"background-color":"","background-image":"","background-repeat":"repeat","background-position":"center center","background-size":"auto","background-attachment":"scroll","background-type":"","background-media":"","overlay-type":"","overlay-color":"","overlay-opacity":"","overlay-gradient":""},"mobile":{"background-color":"","background-image":"","background-repeat":"repeat","background-position":"center center","background-size":"auto","background-attachment":"scroll","background-type":"","background-media":"","overlay-type":"","overlay-color":"","overlay-opacity":"","overlay-gradient":""}},"ast-content-background-meta":{"desktop":{"background-color":"var(--ast-global-color-5)","background-image":"","background-repeat":"repeat","background-position":"center center","background-size":"auto","background-attachment":"scroll","background-type":"","background-media":"","overlay-type":"","overlay-color":"","overlay-opacity":"","overlay-gradient":""},"tablet":{"background-color":"var(--ast-global-color-5)","background-image":"","background-repeat":"repeat","background-position":"center center","background-size":"auto","background-attachment":"scroll","background-type":"","background-media":"","overlay-type":"","overlay-color":"","overlay-opacity":"","overlay-gradient":""},"mobile":{"background-color":"var(--ast-global-color-5)","background-image":"","background-repeat":"repeat","background-position":"center center","background-size":"auto","background-attachment":"scroll","background-type":"","background-media":"","overlay-type":"","overlay-color":"","overlay-opacity":"","overlay-gradient":""}}},"product_brand":[],"product_cat":[221,97,605],"product_tag":[530,509],"class_list":{"0":"post-990102936","1":"product","2":"type-product","3":"status-publish","4":"has-post-thumbnail","6":"product_cat-navegacao","7":"product_cat-excursoes","8":"product_cat-punta-arenas-pt-br","9":"product_tag-excursion-nueva-pt-br","10":"product_tag-punta-arenas-pt-br-2","11":"desktop-align-left","12":"tablet-align-left","13":"mobile-align-left","15":"first","16":"instock","17":"sold-individually","18":"shipping-taxable","19":"purchasable","20":"product-type-variable"},"_links":{"self":[{"href":"https:\/\/rebelviajes.com\/pt-br\/wp-json\/wp\/v2\/product\/990102936","targetHints":{"allow":["GET"]}}],"collection":[{"href":"https:\/\/rebelviajes.com\/pt-br\/wp-json\/wp\/v2\/product"}],"about":[{"href":"https:\/\/rebelviajes.com\/pt-br\/wp-json\/wp\/v2\/types\/product"}],"replies":[{"embeddable":true,"href":"https:\/\/rebelviajes.com\/pt-br\/wp-json\/wp\/v2\/comments?post=990102936"}],"version-history":[{"count":0,"href":"https:\/\/rebelviajes.com\/pt-br\/wp-json\/wp\/v2\/product\/990102936\/revisions"}],"wp:featuredmedia":[{"embeddable":true,"href":"https:\/\/rebelviajes.com\/pt-br\/wp-json\/wp\/v2\/media\/990102146"}],"wp:attachment":[{"href":"https:\/\/rebelviajes.com\/pt-br\/wp-json\/wp\/v2\/media?parent=990102936"}],"wp:term":[{"taxonomy":"product_brand","embeddable":true,"href":"https:\/\/rebelviajes.com\/pt-br\/wp-json\/wp\/v2\/product_brand?post=990102936"},{"taxonomy":"product_cat","embeddable":true,"href":"https:\/\/rebelviajes.com\/pt-br\/wp-json\/wp\/v2\/product_cat?post=990102936"},{"taxonomy":"product_tag","embeddable":true,"href":"https:\/\/rebelviajes.com\/pt-br\/wp-json\/wp\/v2\/product_tag?post=990102936"}],"curies":[{"name":"wp","href":"https:\/\/api.w.org\/{rel}","templated":true}]}}