{"id":990117222,"date":"2022-02-16T18:45:26","date_gmt":"2022-04-05T00:19:42","guid":{"rendered":"https:\/\/rebelviajes.com\/producto\/oferta-semana-santa-patagonia-imperdible\/"},"modified":"2022-06-17T08:49:41","modified_gmt":"2022-06-17T12:49:41","slug":"patagonia-imperdible","status":"publish","type":"product","link":"https:\/\/rebelviajes.com\/pt-br\/product\/patagonia-imperdible\/","title":{"rendered":"Patag\u00f4nia Imperd\u00edvel"},"content":{"rendered":"<h2 id=\"descripcion\">Descri\u00e7\u00e3o<\/h2>\n<h3>Desfrute do maravilhoso Parque Nacional Torres del Paine<\/h3>\n<p>A aventura come\u00e7a na milenar Cueva del Milod\u00f3n, e depois seguimos para os lugares mais emblem\u00e1ticos do Parque Nacional Torres del Paine, em uma jornada repleta de flora, fauna e paisagens inesquec\u00edveis em dire\u00e7\u00e3o \u00e0 Laguna Sarmiento, Lago Nordenskj\u00f6ld e Salto Cachoeira grande sob os p\u00e9s do Maci\u00e7o Paine ao lado das Torres, Almirante Nieto, Los Cuernos e Paine Grande. Finalmente a atividade termina caminhando em frente ao imponente Glaciar Grey.<\/p>\n<h3>Hospedagem na cidade de Puerto Natales<\/h3>\n<p>Voc\u00ea ficar\u00e1 hospedado no Hotel Costaustralis na cidade de Puerto Natales. Inclui alojamento neste hotel conhecido por proporcionar uma das vistas mais privilegiadas de toda a cidade, com belos amanheceres e noites m\u00e1gicas gra\u00e7as \u00e0 magn\u00edfica paisagem que a natureza regional nos proporciona.<\/p>\n<p>Acolhedor, espa\u00e7oso e moderno quarto standard equipado com uma cama king-size. Tem Wi-Fi gratuito, TV de tela LED, canais a cabo, aquecimento com controle individual, cofre e banheiro privativo totalmente equipado.<\/p>\n<div class=\"divisor\"><\/div>\n<h2 id=\"itinerario\">Itiner\u00e1rio<\/p>\n<h2>\n<h3>Dia 1 \u2013 Chegada e boas-vindas a Puerto Natales<\/h3>\n<p><\/p>\n<ul>\n<li>Traslado em \u00f4nibus regular do Aeroporto de Punta Arenas a Puerto Natales<\/li>\n<li>Chegada e boas-vindas ao Hotel Costaustralis<\/li>\n<li>Noite de hospedagem no Hotel Costaustralis<\/li>\n<\/ul>\n<h3>Dia 2 \u2013 Excurs\u00e3o ao Parque Nacional Torres del Paine<\/h3>\n<p><\/p>\n<ul>\n<li>Caf\u00e9 da manh\u00e3<\/li>\n<li>Entradas ao parque e almo\u00e7o inclu\u00eddos<\/li>\n<li>Noite de hospedagem no Hotel Costaustralis<\/li>\n<\/ul>\n<p>Excurs\u00e3o de dia inteiro. Seu passeio come\u00e7a com uma visita \u00e0 milenar Cueva del Milodon e continua com um passeio completo pela flora, fauna e geologia do Parque Nacional Torres del Paine. Entre guanacos e condores, voc\u00ea poder\u00e1 apreciar as impressionantes vistas da Laguna Sarmiento, do Lago Nordenskj\u00f6ld e da Cachoeira Salto Grande que se encontram sob os altos picos do maci\u00e7o do Paine, como Las Torres, Almirante Nieto, Los Cuernos e Paine Grande. Ap\u00f3s o almo\u00e7o, h\u00e1 uma curta caminhada pela praia do Lago Grey onde voc\u00ea pode admirar a geleira e os icebergs que navegam at\u00e9 a costa. <\/p>\n<h3>Dia 3 \u2013 Dia livre (escurs\u00f5es opcionais)<\/h3>\n<p><\/p>\n<ul>\n<li>Caf\u00e9 da manh\u00e3<\/li>\n<li>Noite de hospedagem no Hotel Costaustralis<\/li>\n<\/ul>\n<p>Dia livre para realizar opcionalmente a atividade ou excurs\u00e3o de sua escolha. A partir de Puerto Natales, oferece-se um grande n\u00famero de alternativas, como navega\u00e7\u00f5es \u2013 entre aves e flora \u2013 em dire\u00e7\u00e3o aos glaciares Balmaceda e Serrano, turismo rural, cavalgadas e caiaques para os mais aventureiros, pesca com mosca especial e atividades de observa\u00e7\u00e3o de aves ou basta caminhar pelas ruas de Puerto Natales entre seus pitorescos restaurantes, bares, lojas e arquitetura t\u00edpica. <\/p>\n<h3>Dia 4 \u2013 Dia de partida<\/h3>\n<p><\/p>\n<ul>\n<li>Caf\u00e9 da manh\u00e3<\/li>\n<li>Traslado em \u00f4nibus regular do Hotel Costaustralis ao Aeroporto de Punta Arenas<\/li>\n<\/ul>\n<div class=\"divisor\"><\/div>\n<h2 id=\"detalle\">Detalhe<\/h2>\n<table>\n<tr>\n<th><i class=\"fa fa-check\" aria-hidden=\"true\"><\/i> Inclui<\/th>\n<\/tr>\n<tr>\n<td>\nCaf\u00e9 da manh\u00e3<br \/>\nAlimenta\u00e7\u00e3o mencionada<br \/>\nAtividades mencionadas<br \/>\nTransporte regular de \u00f4nibus<br \/>\nHospedagem em quarto com vista para cidade<br \/>\nEntrada Parque Nacional Torres del Paine<br \/>\nCortesia especial de boas-vindas\n<\/td>\n<\/tr>\n<\/table>\n<p><\/p>\n<table>\n<tr>\n<th><i class=\"fa fa-times\" aria-hidden=\"true\"><\/i> N\u00e3o inclui<\/th>\n<\/tr>\n<tr>\n<td>\nVoos para \/ de Punta Arenas<br \/>\nSeguro de acidentes ou outros<br \/>\nGorjetas<br \/>\nServi\u00e7os n\u00e3o mencionados no programa<br \/>\nExcurs\u00f5es opcionais\n<\/td>\n<\/tr>\n<\/table>\n<div class=\"divisor\"><\/div>\n<h2 id=\"faq\">FAQ<\/h2>\n<h3>O que levar para Patag\u00f4nia?<\/h3>\n<p>Sapatos de caminhada imperme\u00e1veis, \u00f3culos de sol, protetor solar, \u00e1gua, chap\u00e9u para o sol, chap\u00e9u e luvas para o frio, camisas de manga curta e manga comprida, agasalho tipo l\u00e3 e jaqueta e cal\u00e7a imperme\u00e1vel.<\/p>\n<div class=\"divisor\"><\/div>\n<h2 id=\"condiciones\">Condi\u00e7\u00f5es<\/h2>\n<p>Confira as <span class=\"open-modal\" onclick=\"openModal()\">condi\u00e7\u00f5es de contrata\u00e7\u00e3o<\/span> do programa Patag\u00f4nia Imperd\u00edvel.<\/p>\n<div id=\"my-modal\" class=\"modal\">\n<button class=\"close-modal\" onclick=\"closeModal()\"><i class=\"fa fa-times\" aria-hidden=\"true\"><\/i><\/button><\/p>\n<h3>Hospedagem<\/h3>\n<p>Inclui alojamento em quarto e cama individual para as noites mencionadas no programa correspondentes \u00e0s cidades designadas para cada dia.<\/p>\n<p>Hospedagem no Hotel Costaustralis na cidade de Puerto Natales.<\/p>\n<p><a style=\"color:#7A7A7A\" href=\"https:\/\/www.hotelcostaustralis.com\/habitaciones\" target=\"_blank\" rel=\"noopener\"><u>Hotel Costaustralis<\/u><\/a> &#8211; Acolhedor, espa\u00e7oso e moderno quarto duplo equipado com uma cama king-size. Tem Wi-Fi gratuito, TV de tela LED, canais a cabo, aquecimento com controle individual, cofre e banheiro privativo totalmente equipado.<\/p>\n<h3>Translado<\/h3>\n<p>Inclui transporte regular de \u00f4nibus nos seguintes trajetos:<br \/>\n&#8211; Aeroporto de Punta Arenas &#8211; Puerto Natales<br \/>\n&#8211; Puerto Natales &#8211; Aeroporto de Punta Arenas<\/p>\n<p>Inclui translado compartilhado nas excurs\u00f5es.<\/p>\n<p>Os translados regulares de \u00f4nibus operam das 7h30 \u00e0s 20h.<br \/>\nDura\u00e7\u00e3o do translado de 3 horas.<\/p>\n<h3>Modifica\u00e7\u00f5es e cancelamentos<\/h3>\n<p>As modifica\u00e7\u00f5es nas reservas devem ser feitas em um prazo superior a 15 dias a partir da chegada do passageiro, estar\u00e3o sujeitas \u00e0 disponibilidade e mantendo as mesmas caracter\u00edsticas da tarifa paga ou pagando a diferen\u00e7a, se houver, pelo servi\u00e7o modificado. <\/p>\n<p>Todos os cancelamentos, anula\u00e7\u00f5es, modifica\u00e7\u00f5es, n\u00e3o participa\u00e7\u00e3o parcial ou total, dever\u00e3o ser feitos por escrito e estar\u00e3o sujeitos \u00e0s penalidades estabelecidas nestas condi\u00e7\u00f5es. <\/p>\n<p>Caso o passageiro n\u00e3o compare\u00e7a, a Companhia assumi-lo-\u00e1 integralmente e poder\u00e1 dispor de ditos espa\u00e7os, cotas ou lugares sem que estes estejam sujeitos a qualquer tipo de restri\u00e7\u00e3o, substitui\u00e7\u00e3o ou compensa\u00e7\u00e3o.<\/p>\n<h3>Suspens\u00e3o devido \u00e0s condi\u00e7\u00f5es meteorol\u00f3gicas<\/h3>\n<p>O reembolso total ser\u00e1 feito quando a empresa cancelar antes de iniciar o servi\u00e7o.<\/p>\n<p>O reembolso total ser\u00e1 feito quando a empresa cancelar antes de iniciar o servi\u00e7o.<\/p>\n<p>Caso haja indeniza\u00e7\u00e3o por situa\u00e7\u00e3o especial, ser\u00e1 acordada com as pessoas, e ser\u00e1 definida pelo desenvolvimento do programa de viagens.<\/p>\n<h3>Rotas e Itiner\u00e1rios <\/h3>\n<p>A Rebel Viagens reserva-se o direito de alterar rotas e itiner\u00e1rios previamente estabelecidos, tempos de perman\u00eancia, se as circunst\u00e2ncias o exigirem para garantir a seguran\u00e7a e integridade dos clientes, sem aviso pr\u00e9vio aos passageiros.<\/p>\n<h3>Responsabilidades<\/h3>\n<p>A Rebel Viajes registrou devidamente suas atividades no cadastro de prestadores de servi\u00e7os tur\u00edsticos da SERNATUR, obtendo aprova\u00e7\u00e3o para o desenvolvimento e atividades de Ag\u00eancia de Viagens e Operador Tur\u00edstico de acordo com o n\u00famero de registro 30455 e 37770 respectivamente.<\/p>\n<p><em>Da mesma forma, a empresa N\u00c3O possui seguro complementar de acidentes. <\/em><\/p>\n<h3>Limita\u00e7\u00f5es<\/h3>\n<p>Estar em boas condi\u00e7\u00f5es f\u00edsicas e de sa\u00fade para os participantes. Quando inclu\u00eddos menores, eles devem preencher a autoriza\u00e7\u00e3o de seus pais ou respons\u00e1veis, a Ag\u00eancia disp\u00f5e de alguns formul\u00e1rios para isso.<\/p>\n<h3>Recomenda\u00e7\u00f5es<\/h3>\n<p>Cal\u00e7ado confort\u00e1vel (sapato de trekking meia volta), roupa confort\u00e1vel (moletom e cal\u00e7a de secagem r\u00e1pida), blus\u00e3o, chap\u00e9u de sol (chap\u00e9u de abas ou legion\u00e1rio), gorro de l\u00e3, luvas de trabalho, \u00f3culos de sol, protetor solar, protetor labial, garrafa ou recipiente para \u00e1gua, mochila.<\/p>\n<p>A empresa reserva-se o direito de recusar a utiliza\u00e7\u00e3o de equipamentos pessoais em mau estado que coloquem em risco a seguran\u00e7a dos utilizadores ou da atividade.<\/p>\n<p>Conhe\u00e7a os <a href=\"https:\/\/rebelviajes.com\/terminos-y-condiciones\/\" target=\"_blank\" rel=\"noopener\">Termos e Condi\u00e7\u00f5es<\/a> do nosso site.\n<\/div>\n","protected":false},"excerpt":{"rendered":"<p>Desde <b>Punta Arenas<\/b><br \/>\n4 dias \/ 3 noites<\/p>\n<p><em>Programa v\u00e1lido desde 01 de abril 2022 at\u00e9 30 de setembro 2022.<\/em><\/p>\n<p><em>As tarifas n\u00e3o se aplicam para datas de eventos esportivos em setembro (8 a 11 de setembro e 22 a 26 de setembro).<\/em><\/p>\n<table>\n<tbody>\n<tr>\n<th>Valor p. p. em quarto individual<\/th>\n<th>Valor p. p. em quarto duplo<\/th>\n<th>Valor p. p. em quarto triplo<\/th>\n<\/tr>\n<tr>\n<td>$465.000<\/td>\n<td>$275.000<\/td>\n<td>$260.000<\/td>\n<\/tr>\n<\/tbody>\n<\/table>\n","protected":false},"featured_media":990115886,"comment_status":"open","ping_status":"closed","template":"","meta":{"site-sidebar-layout":"default","site-content-layout":"default","ast-site-content-layout":"default","site-content-style":"default","site-sidebar-style":"default","ast-global-header-display":"","ast-banner-title-visibility":"","ast-main-header-display":"","ast-hfb-above-header-display":"","ast-hfb-below-header-display":"","ast-hfb-mobile-header-display":"","site-post-title":"","ast-breadcrumbs-content":"","ast-featured-img":"","footer-sml-layout":"","ast-disable-related-posts":"","theme-transparent-header-meta":"default","adv-header-id-meta":"","stick-header-meta":"","header-above-stick-meta":"","header-main-stick-meta":"","header-below-stick-meta":"","astra-migrate-meta-layouts":"default","ast-page-background-enabled":"default","ast-page-background-meta":{"desktop":{"background-color":"","background-image":"","background-repeat":"repeat","background-position":"center center","background-size":"auto","background-attachment":"scroll","background-type":"","background-media":"","overlay-type":"","overlay-color":"","overlay-opacity":"","overlay-gradient":""},"tablet":{"background-color":"","background-image":"","background-repeat":"repeat","background-position":"center center","background-size":"auto","background-attachment":"scroll","background-type":"","background-media":"","overlay-type":"","overlay-color":"","overlay-opacity":"","overlay-gradient":""},"mobile":{"background-color":"","background-image":"","background-repeat":"repeat","background-position":"center center","background-size":"auto","background-attachment":"scroll","background-type":"","background-media":"","overlay-type":"","overlay-color":"","overlay-opacity":"","overlay-gradient":""}},"ast-content-background-meta":{"desktop":{"background-color":"var(--ast-global-color-5)","background-image":"","background-repeat":"repeat","background-position":"center center","background-size":"auto","background-attachment":"scroll","background-type":"","background-media":"","overlay-type":"","overlay-color":"","overlay-opacity":"","overlay-gradient":""},"tablet":{"background-color":"var(--ast-global-color-5)","background-image":"","background-repeat":"repeat","background-position":"center center","background-size":"auto","background-attachment":"scroll","background-type":"","background-media":"","overlay-type":"","overlay-color":"","overlay-opacity":"","overlay-gradient":""},"mobile":{"background-color":"var(--ast-global-color-5)","background-image":"","background-repeat":"repeat","background-position":"center center","background-size":"auto","background-attachment":"scroll","background-type":"","background-media":"","overlay-type":"","overlay-color":"","overlay-opacity":"","overlay-gradient":""}}},"product_brand":[],"product_cat":[349,602],"product_tag":[531,508],"class_list":{"0":"post-990117222","1":"product","2":"type-product","3":"status-publish","4":"has-post-thumbnail","6":"product_cat-programas-turisticos","7":"product_cat-puerto-natales-torres-del-paine-pt-br","8":"product_tag-programa-personalizado-nuevo-pt-br","9":"product_tag-puerto-natales-pt-br-2","10":"desktop-align-left","11":"tablet-align-left","12":"mobile-align-left","14":"first","15":"instock","16":"virtual","17":"sold-individually","18":"purchasable","19":"product-type-simple"},"_links":{"self":[{"href":"https:\/\/rebelviajes.com\/pt-br\/wp-json\/wp\/v2\/product\/990117222","targetHints":{"allow":["GET"]}}],"collection":[{"href":"https:\/\/rebelviajes.com\/pt-br\/wp-json\/wp\/v2\/product"}],"about":[{"href":"https:\/\/rebelviajes.com\/pt-br\/wp-json\/wp\/v2\/types\/product"}],"replies":[{"embeddable":true,"href":"https:\/\/rebelviajes.com\/pt-br\/wp-json\/wp\/v2\/comments?post=990117222"}],"version-history":[{"count":0,"href":"https:\/\/rebelviajes.com\/pt-br\/wp-json\/wp\/v2\/product\/990117222\/revisions"}],"wp:featuredmedia":[{"embeddable":true,"href":"https:\/\/rebelviajes.com\/pt-br\/wp-json\/wp\/v2\/media\/990115886"}],"wp:attachment":[{"href":"https:\/\/rebelviajes.com\/pt-br\/wp-json\/wp\/v2\/media?parent=990117222"}],"wp:term":[{"taxonomy":"product_brand","embeddable":true,"href":"https:\/\/rebelviajes.com\/pt-br\/wp-json\/wp\/v2\/product_brand?post=990117222"},{"taxonomy":"product_cat","embeddable":true,"href":"https:\/\/rebelviajes.com\/pt-br\/wp-json\/wp\/v2\/product_cat?post=990117222"},{"taxonomy":"product_tag","embeddable":true,"href":"https:\/\/rebelviajes.com\/pt-br\/wp-json\/wp\/v2\/product_tag?post=990117222"}],"curies":[{"name":"wp","href":"https:\/\/api.w.org\/{rel}","templated":true}]}}