{"id":990117245,"date":"2021-04-08T19:07:39","date_gmt":"2021-04-08T23:07:39","guid":{"rendered":"https:\/\/rebelviajes.com\/producto\/full-day-parque-pali-aike\/"},"modified":"2023-02-02T15:45:48","modified_gmt":"2023-02-02T18:45:48","slug":"full-day-pali-aike","status":"publish","type":"product","link":"https:\/\/rebelviajes.com\/pt-br\/product\/full-day-pali-aike\/","title":{"rendered":"Full Day Parque Pali Aike"},"content":{"rendered":"<h2 id=\"descripcion\">Descri\u00e7\u00e3o<\/h2>\n<h3>Pali Aike: um lugar perfeito para os amantes das ci\u00eancias naturais e trekking<\/h3>\n<p>O <strong>Full Day Pali Aike<\/strong> visita o parque nacional localizado a cerca de 196 km de <strong>Punta Arenas<\/strong>. Este lugar \u00e9 perfeito para os amantes de <strong>ci\u00eancias naturais<\/strong>, por suas <strong>forma\u00e7\u00f5es geol\u00f3gicas<\/strong> e para quem gosta de <strong>trekking<\/strong>.<\/p>\n<p>Abrangendo uma \u00e1rea de 5.030 hectares, sua paisagem \u00fanica abriga uma variedade de esp\u00e9cies de <strong>flora<\/strong> e <strong>fauna<\/strong> t\u00edpicas do ambiente estepe \u00e1rido da Patag\u00f4nia. Suas maiores atra\u00e7\u00f5es s\u00e3o suas terras cobertas por <strong>lava bas\u00e1ltica<\/strong>, que determina suas caracter\u00edsticas geol\u00f3gicas e a vida que ali vive.<\/p>\n<h3>Conhe\u00e7a o Escorial del Diablo, Pozos del Diablo, Laguna Ana e outros pontos imperd\u00edveis<\/h3>\n<p>Saindo de <strong>Punta Arenas<\/strong>, com nosso <strong>Full Day Parque Pali Aike<\/strong> voc\u00ea far\u00e1 um trekking de aproximadamente 3 horas para ver todos os locais de interesse do parque.<\/p>\n<p>Entre as principais atra\u00e7\u00f5es, destacamos a <strong>Cueva Pali Aike<\/strong>, onde foram encontradas evid\u00eancias de habitantes da \u00e1rea de Magallanes. No entanto, outros pontos imperd\u00edveis s\u00e3o o <strong>Escorial del Diablo<\/strong>, <strong>Cr\u00e1ter La Morada del Diablo<\/strong>, <strong>Pozos del Diablo<\/strong> e <strong>Laguna Ana<\/strong>.<\/p>\n<h3>Pali Aike te impressionar\u00e1 com sua hist\u00f3ria e forma\u00e7\u00f5es geol\u00f3gicas<\/h3>\n<p>Assim como uma paisagem lunar, voc\u00ea ficar\u00e1 impressionado com as <strong>forma\u00e7\u00f5es geol\u00f3gicas<\/strong> deste maravilhoso lugar. Devido a 3 per\u00edodos de fortes erup\u00e7\u00f5es, a maior parte do terreno \u00e9 <strong>lava vulc\u00e2nica<\/strong>, dominada por cones e lavas bas\u00e1lticas.<\/p>\n<p>H\u00e1 12.000 anos os primeiros humanos chegaram a este local, ocupando algumas \u00e1reas como abrigo. Al\u00e9m de viver com a <strong>mega fauna<\/strong> da \u00e9poca, alguns desses animais serviam de alimento para humanos.<\/p>\n<p>Cabe destacar que <strong>Pali Aike<\/strong> significa lugar desolado ou lugar de esp\u00edritos malignos, no idioma <strong>tehuelche <\/strong>(<strong>aonikenk<\/strong>). Por isso, suas terras s\u00e3o carregadas de hist\u00f3rias, protagonizadas por animais pr\u00e9-hist\u00f3ricos como o <strong>milod\u00f3n<\/strong>, <strong>nativos aonikenk<\/strong>, exploradores, fazendeiros e cientistas.<\/p>\n<div class=\"divisor\"><\/div>\n<h2 id=\"detalle\">Detalhe<\/h2>\n<table>\n<tbody>\n<tr>\n<th><i class=\"fa fa-check\" aria-hidden=\"true\"><\/i> Inclui<\/th>\n<\/tr>\n<tr>\n<td>Translado compartilhado<br \/>\nGuia bil\u00edngue (Espanhol e Ingl\u00eas)<\/td>\n<\/tr>\n<\/tbody>\n<\/table>\n<p>&nbsp;<\/p>\n<table>\n<tbody>\n<tr>\n<th><i class=\"fa fa-times\" aria-hidden=\"true\"><\/i> N\u00e3o inclui<\/th>\n<\/tr>\n<tr>\n<td>Gorjetas<br \/>\nEntrada al Parque Nacional Pali Aike<br \/>\nAlimenta\u00e7\u00e3o<br \/>\nSeguro de acidentes<\/td>\n<\/tr>\n<\/tbody>\n<\/table>\n<div class=\"divisor\"><\/div>\n<h2 id=\"faq\">FAQ<\/h2>\n<h3>O que levar no Full Day Parque Pali Aike?<\/h3>\n<p>\u00c9 importante levar comida, \u00e1gua e dinheiro para pagar a entrada no parque. Al\u00e9m disso, considere sapatos de trekking, roupas confort\u00e1veis, chap\u00e9u e protetor solar.<\/p>\n<h3>Qual o pre\u00e7o da entrada ao Parque Nacional Pali Aike?<\/h3>\n<p>Voc\u00ea pode verificar o pre\u00e7o atualizado da entrada diretamente no site da <a href=\"https:\/\/www.conaf.cl\/parques\/parque-nacional-pali-aike\/\" target=\"_blank\" rel=\"noopener\">Conaf<\/a>.<\/p>\n<div class=\"divisor\"><\/div>\n<h2 id=\"condiciones\">Condi\u00e7\u00f5es<\/h2>\n<p>Consulte as <span class=\"open-modal\">condi\u00e7\u00f5es de contrata\u00e7\u00e3o<\/span> da excurs\u00e3o Full Day Parque Pali Aike.<\/p>\n<div id=\"my-modal\" class=\"modal\">\n<p><button class=\"close-modal\"><i class=\"fa fa-times\" aria-hidden=\"true\"><\/i><\/button>Excurs\u00e3o de um dia inteiro ou meio dia em servi\u00e7o regular.<\/p>\n<p>Os locais a serem visitados est\u00e3o sujeitos a altera\u00e7\u00f5es no mesmo dia da excurs\u00e3o em caso de condi\u00e7\u00f5es clim\u00e1ticas adversas.<\/p>\n<p>O hor\u00e1rio de t\u00e9rmino desta atividade pode ser modificado devido \u00e0s condi\u00e7\u00f5es clim\u00e1ticas, por isso recomendamos que voc\u00ea n\u00e3o compre ingressos para sair de Punta Arenas at\u00e9 tr\u00eas horas ap\u00f3s o hor\u00e1rio programado para o retorno, ou deixe sua viagem para o dia seguinte ao t\u00e9rmino do passeio.<\/p>\n<p>Para os dias 25 de dezembro e 1\u00ba de janeiro, algumas das excurs\u00f5es podem n\u00e3o ser realizadas ou podem ter um aumento de pre\u00e7o.<\/p>\n<p>Cancelamento com um m\u00ednimo de 48 horas de anteced\u00eancia, reembolso de 100% dependendo da forma de pagamento. Consulte as condi\u00e7\u00f5es particulares de cada produto caso tenha de cancelar num prazo inferior a 48 horas.<\/p>\n<p>Caso o passageiro n\u00e3o compare\u00e7a nos hor\u00e1rios definidos para a excurs\u00e3o, n\u00e3o haver\u00e1 reembolso.<\/p>\n<p><b>Suspens\u00e3o devido \u00e0s condi\u00e7\u00f5es meteorol\u00f3gica:<\/b> Um reembolso total ser\u00e1 feito quando a empresa cancelar antes de iniciar o servi\u00e7o.<\/p>\n<p>O reembolso total ser\u00e1 feito quando a empresa cancelar antes de iniciar o servi\u00e7o.<\/p>\n<p>Caso haja indeniza\u00e7\u00e3o por situa\u00e7\u00e3o especial, ser\u00e1 acordada com as pessoas, e ser\u00e1 definida pelo desenvolvimento do programa de viagens.<\/p>\n<p><b>Importante:<\/b> Nenhuma excurs\u00e3o inclui seguro de acidentes.<\/p>\n<p>Conhe\u00e7a nossos <a href=\"https:\/\/rebelviajes.com\/terminos-y-condiciones\/\" target=\"_blank\" rel=\"noopener\">Termos e Condi\u00e7\u00f5es<\/a>.<\/p>\n<\/div>\n","protected":false},"excerpt":{"rendered":"<p>Sa\u00eddas de <strong>Punta Arenas<\/strong><br \/>\n<strong>Todos os dias<\/strong><br \/>\nHor\u00e1rio: <strong>in\u00edcio \u00e0s 8:00 \u2013 t\u00e9rmino \u00e0s 19:00<\/strong><\/p>\n","protected":false},"featured_media":990113484,"comment_status":"open","ping_status":"closed","template":"","meta":{"site-sidebar-layout":"default","site-content-layout":"default","ast-site-content-layout":"default","site-content-style":"default","site-sidebar-style":"default","ast-global-header-display":"","ast-banner-title-visibility":"","ast-main-header-display":"","ast-hfb-above-header-display":"","ast-hfb-below-header-display":"","ast-hfb-mobile-header-display":"","site-post-title":"","ast-breadcrumbs-content":"","ast-featured-img":"","footer-sml-layout":"","ast-disable-related-posts":"","theme-transparent-header-meta":"default","adv-header-id-meta":"","stick-header-meta":"","header-above-stick-meta":"","header-main-stick-meta":"","header-below-stick-meta":"","astra-migrate-meta-layouts":"default","ast-page-background-enabled":"default","ast-page-background-meta":{"desktop":{"background-color":"","background-image":"","background-repeat":"repeat","background-position":"center center","background-size":"auto","background-attachment":"scroll","background-type":"","background-media":"","overlay-type":"","overlay-color":"","overlay-opacity":"","overlay-gradient":""},"tablet":{"background-color":"","background-image":"","background-repeat":"repeat","background-position":"center center","background-size":"auto","background-attachment":"scroll","background-type":"","background-media":"","overlay-type":"","overlay-color":"","overlay-opacity":"","overlay-gradient":""},"mobile":{"background-color":"","background-image":"","background-repeat":"repeat","background-position":"center center","background-size":"auto","background-attachment":"scroll","background-type":"","background-media":"","overlay-type":"","overlay-color":"","overlay-opacity":"","overlay-gradient":""}},"ast-content-background-meta":{"desktop":{"background-color":"var(--ast-global-color-5)","background-image":"","background-repeat":"repeat","background-position":"center center","background-size":"auto","background-attachment":"scroll","background-type":"","background-media":"","overlay-type":"","overlay-color":"","overlay-opacity":"","overlay-gradient":""},"tablet":{"background-color":"var(--ast-global-color-5)","background-image":"","background-repeat":"repeat","background-position":"center center","background-size":"auto","background-attachment":"scroll","background-type":"","background-media":"","overlay-type":"","overlay-color":"","overlay-opacity":"","overlay-gradient":""},"mobile":{"background-color":"var(--ast-global-color-5)","background-image":"","background-repeat":"repeat","background-position":"center center","background-size":"auto","background-attachment":"scroll","background-type":"","background-media":"","overlay-type":"","overlay-color":"","overlay-opacity":"","overlay-gradient":""}}},"product_brand":[],"product_cat":[347,97,605],"product_tag":[530,509],"class_list":{"0":"post-990117245","1":"product","2":"type-product","3":"status-publish","4":"has-post-thumbnail","6":"product_cat-full-day-pt","7":"product_cat-excursoes","8":"product_cat-punta-arenas-pt-br","9":"product_tag-excursion-nueva-pt-br","10":"product_tag-punta-arenas-pt-br-2","11":"desktop-align-left","12":"tablet-align-left","13":"mobile-align-left","15":"first","16":"instock","17":"virtual","18":"sold-individually","19":"purchasable","20":"product-type-simple"},"_links":{"self":[{"href":"https:\/\/rebelviajes.com\/pt-br\/wp-json\/wp\/v2\/product\/990117245","targetHints":{"allow":["GET"]}}],"collection":[{"href":"https:\/\/rebelviajes.com\/pt-br\/wp-json\/wp\/v2\/product"}],"about":[{"href":"https:\/\/rebelviajes.com\/pt-br\/wp-json\/wp\/v2\/types\/product"}],"replies":[{"embeddable":true,"href":"https:\/\/rebelviajes.com\/pt-br\/wp-json\/wp\/v2\/comments?post=990117245"}],"version-history":[{"count":0,"href":"https:\/\/rebelviajes.com\/pt-br\/wp-json\/wp\/v2\/product\/990117245\/revisions"}],"wp:featuredmedia":[{"embeddable":true,"href":"https:\/\/rebelviajes.com\/pt-br\/wp-json\/wp\/v2\/media\/990113484"}],"wp:attachment":[{"href":"https:\/\/rebelviajes.com\/pt-br\/wp-json\/wp\/v2\/media?parent=990117245"}],"wp:term":[{"taxonomy":"product_brand","embeddable":true,"href":"https:\/\/rebelviajes.com\/pt-br\/wp-json\/wp\/v2\/product_brand?post=990117245"},{"taxonomy":"product_cat","embeddable":true,"href":"https:\/\/rebelviajes.com\/pt-br\/wp-json\/wp\/v2\/product_cat?post=990117245"},{"taxonomy":"product_tag","embeddable":true,"href":"https:\/\/rebelviajes.com\/pt-br\/wp-json\/wp\/v2\/product_tag?post=990117245"}],"curies":[{"name":"wp","href":"https:\/\/api.w.org\/{rel}","templated":true}]}}