{"id":990117246,"date":"2021-04-09T16:38:37","date_gmt":"2021-04-09T20:38:37","guid":{"rendered":"https:\/\/rebelviajes.com\/producto\/tour-fuerte-bulnes\/"},"modified":"2026-05-03T03:49:30","modified_gmt":"2026-05-03T07:49:30","slug":"fuerte-bulnes-parque-del-estrecho","status":"publish","type":"product","link":"https:\/\/rebelviajes.com\/pt-br\/product\/fuerte-bulnes-parque-del-estrecho\/","title":{"rendered":"Tour Fuerte Bulnes"},"content":{"rendered":"<h2 id=\"descripcion\">Descri\u00e7\u00e3o<\/h2>\n<h3>Fuerte Bulnes: um lugar perto de Punta Arenas e cheio de hist\u00f3ria<\/h3>\n<p>Nosso <strong>Tour Fuerte Bulnes<\/strong> visita o forte que est\u00e1 localizado \u00e0s margens do Estreito de <strong>Magallanes<\/strong> e a 55 km ao sul de <strong>Punta Arenas<\/strong>. Este local \u00e9 uma reconstru\u00e7\u00e3o hist\u00f3rica do forte fundado em outubro de 1843.<\/p>\n<p>Al\u00e9m disso, \u00e9 poss\u00edvel admirar a <strong>flora<\/strong> e <strong>fauna<\/strong> do lugar, encontrando esp\u00e9cies como a <strong>lenga<\/strong>, o <strong>\u00f1ire<\/strong>, e o <strong>notro<\/strong>, bem como uma grande variedade de <strong>aves<\/strong>.<\/p>\n<p>Podemos afirmar que o <strong>Fuerte Bulnes<\/strong> \u00e9 extremamente importante na hist\u00f3ria da regi\u00e3o de <strong>Magallanes<\/strong>. Durante o governo de <strong>Manuel Bulnes<\/strong>, o presidente decidiu efetivamente tomar posse do local por medo da expans\u00e3o das pot\u00eancias europeias.<\/p>\n<h3>Conhe\u00e7a sobre a hist\u00f3ria humana e natural da regi\u00e3o de Magallanes<\/h3>\n<p>Com o <strong>Tour Fuerte Bulnes<\/strong>, voc\u00ea visitar\u00e1 v\u00e1rios locais de interesse e se sentir\u00e1 imerso no passado e na hist\u00f3ria da regi\u00e3o. Voc\u00ea poder\u00e1 ver uma exposi\u00e7\u00e3o sobre hist\u00f3ria humana e natural em rela\u00e7\u00e3o ao <strong>Estreito de Magallanes<\/strong>. Alguns dos destaques s\u00e3o o <strong>mirante do Estreito<\/strong>, <strong>o farol O\u2019higgins<\/strong> e <strong>a igreja<\/strong>.<\/p>\n<p>O <strong>Fuerte Bulnes<\/strong> tinha duas baterias de dois canh\u00f5es cada e um barril de p\u00f3lvora subterr\u00e2neo. Dois sistemas foram utilizados na constru\u00e7\u00e3o: toras colocadas horizontalmente e unidas nos cantos, e estruturas de madeira preenchidas com champas.<\/p>\n<p>As instala\u00e7\u00f5es do forte foram reconstru\u00eddas de acordo com as suas caracter\u00edsticas originais. O lugar onde est\u00e1 localizado o <strong>Fuerte Bulnes<\/strong> \u00e9 o mesmo onde tr\u00eas s\u00e9culos antes dos colonizadores espanh\u00f3is se estabeleceram.<\/p>\n<p>Para terminar, \u00e9 feita uma parada obrigat\u00f3ria num marco geogr\u00e1fico: <strong>a metade do Chile<\/strong> (considerando o limite norte do <strong>Chile<\/strong> at\u00e9 o <strong>polo sul<\/strong>).<\/p>\n<div class=\"divisor\"><\/div>\n<h2 id=\"detalle\">Detalhe<\/h2>\n<table>\n<tbody>\n<tr>\n<th><i class=\"fa fa-check\" aria-hidden=\"true\"><\/i> Inclui<\/th>\n<\/tr>\n<tr>\n<td>Traslado compartilhado<br \/>\nGuia bil\u00edngue (Espanhol e Ingl\u00eas)<\/td>\n<\/tr>\n<\/tbody>\n<\/table>\n<table>\n<tbody>\n<tr>\n<th><i class=\"fa fa-times\" aria-hidden=\"true\"><\/i> N\u00e3o inclui<\/th>\n<\/tr>\n<tr>\n<td>Gorjetas<br \/>\nEntrada ao Parque del Estrecho<br \/>\nAlimenta\u00e7\u00e3o<br \/>\nServi\u00e7os n\u00e3o mencionados<br \/>\nSeguro de acidentes<\/td>\n<\/tr>\n<\/tbody>\n<\/table>\n<div class=\"divisor\"><\/div>\n<h2 id=\"faq\">FAQ<\/h2>\n<h3>O que levar para o Parque del Estrecho?<\/h3>\n<p>\u00c9 importante levar comida, \u00e1gua e dinheiro para pagar a entrada no parque. Al\u00e9m disso, considere roupas quentes, especialmente no outono-inverno (gorro e luvas).<\/p>\n<h3>Qual \u00e9 o pre\u00e7o da entrada ao Parque del Estrecho?<\/h3>\n<p>Voc\u00ea pode verificar o pre\u00e7o atualizado do ingresso diretamente no site do <a href=\"https:\/\/www.parquedelestrecho.cl\/visitanos\/#horarios-y-tarifas\" target=\"_blank\" rel=\"noopener\">Parque del Estrecho<\/a>.<\/p>\n<div class=\"divisor\"><\/div>\n<h2 id=\"condiciones\">Condi\u00e7\u00f5es<\/h2>\n<p>Consulte as <span class=\"open-modal\">condi\u00e7\u00f5es de contrata\u00e7\u00e3o<\/span> da excurs\u00e3o Tour Fuerte Bulnes.<\/p>\n<div id=\"my-modal\" class=\"modal\">\n<p><button class=\"close-modal\"><i class=\"fa fa-times\" aria-hidden=\"true\"><\/i><\/button>Excurs\u00e3o de um dia inteiro ou meio dia em servi\u00e7o regular.<\/p>\n<p>Os locais a serem visitados est\u00e3o sujeitos a altera\u00e7\u00f5es no mesmo dia da excurs\u00e3o em caso de condi\u00e7\u00f5es clim\u00e1ticas adversas.<\/p>\n<p>O hor\u00e1rio de t\u00e9rmino desta atividade pode ser modificado devido \u00e0s condi\u00e7\u00f5es clim\u00e1ticas, por isso recomendamos que voc\u00ea n\u00e3o compre ingressos para sair de Punta Arenas at\u00e9 tr\u00eas horas ap\u00f3s o hor\u00e1rio programado para o retorno, ou deixe sua viagem para o dia seguinte ao t\u00e9rmino do passeio.<\/p>\n<p>Para os dias 25 de dezembro e 1\u00ba de janeiro, algumas das excurs\u00f5es podem n\u00e3o ser realizadas ou podem ter um aumento de pre\u00e7o.<\/p>\n<p>Cancelamento com um m\u00ednimo de 48 horas de anteced\u00eancia, reembolso de 100% dependendo da forma de pagamento. Consulte as condi\u00e7\u00f5es particulares de cada produto caso tenha de cancelar num prazo inferior a 48 horas.<\/p>\n<p>Caso o passageiro n\u00e3o compare\u00e7a nos hor\u00e1rios definidos para a excurs\u00e3o, n\u00e3o haver\u00e1 reembolso.<\/p>\n<p><b>Suspens\u00e3o devido \u00e0s condi\u00e7\u00f5es meteorol\u00f3gica:<\/b> Um reembolso total ser\u00e1 feito quando a empresa cancelar antes de iniciar o servi\u00e7o.<\/p>\n<p>O reembolso total ser\u00e1 feito quando a empresa cancelar antes de iniciar o servi\u00e7o.<\/p>\n<p>Caso haja indeniza\u00e7\u00e3o por situa\u00e7\u00e3o especial, ser\u00e1 acordada com as pessoas, e ser\u00e1 definida pelo desenvolvimento do programa de viagens.<\/p>\n<p><b>Importante:<\/b> Nenhuma excurs\u00e3o inclui seguro de acidentes.<\/p>\n<p>Conhe\u00e7a nossos <a href=\"https:\/\/rebelviajes.com\/pt-br\/termos-e-condicoes\/\" target=\"_blank\" rel=\"noopener\">Termos e Condi\u00e7\u00f5es<\/a>.<\/p>\n<\/div>\n","protected":false},"excerpt":{"rendered":"<p>Sa\u00eddas de <strong>Punta Arenas<\/strong><br \/>\n<strong>Todos os dias<\/strong><br \/>\nHor\u00e1rio: <strong>in\u00edcio \u00e0s 9:00 \u2013 t\u00e9rmino \u00e0s 14:30<\/strong><\/p>\n","protected":false},"featured_media":314,"comment_status":"open","ping_status":"closed","template":"","meta":{"site-sidebar-layout":"default","site-content-layout":"default","ast-site-content-layout":"default","site-content-style":"default","site-sidebar-style":"default","ast-global-header-display":"","ast-banner-title-visibility":"","ast-main-header-display":"","ast-hfb-above-header-display":"","ast-hfb-below-header-display":"","ast-hfb-mobile-header-display":"","site-post-title":"","ast-breadcrumbs-content":"","ast-featured-img":"","footer-sml-layout":"","ast-disable-related-posts":"","theme-transparent-header-meta":"default","adv-header-id-meta":"","stick-header-meta":"","header-above-stick-meta":"","header-main-stick-meta":"","header-below-stick-meta":"","astra-migrate-meta-layouts":"default","ast-page-background-enabled":"default","ast-page-background-meta":{"desktop":{"background-color":"","background-image":"","background-repeat":"repeat","background-position":"center center","background-size":"auto","background-attachment":"scroll","background-type":"","background-media":"","overlay-type":"","overlay-color":"","overlay-opacity":"","overlay-gradient":""},"tablet":{"background-color":"","background-image":"","background-repeat":"repeat","background-position":"center center","background-size":"auto","background-attachment":"scroll","background-type":"","background-media":"","overlay-type":"","overlay-color":"","overlay-opacity":"","overlay-gradient":""},"mobile":{"background-color":"","background-image":"","background-repeat":"repeat","background-position":"center center","background-size":"auto","background-attachment":"scroll","background-type":"","background-media":"","overlay-type":"","overlay-color":"","overlay-opacity":"","overlay-gradient":""}},"ast-content-background-meta":{"desktop":{"background-color":"var(--ast-global-color-5)","background-image":"","background-repeat":"repeat","background-position":"center center","background-size":"auto","background-attachment":"scroll","background-type":"","background-media":"","overlay-type":"","overlay-color":"","overlay-opacity":"","overlay-gradient":""},"tablet":{"background-color":"var(--ast-global-color-5)","background-image":"","background-repeat":"repeat","background-position":"center center","background-size":"auto","background-attachment":"scroll","background-type":"","background-media":"","overlay-type":"","overlay-color":"","overlay-opacity":"","overlay-gradient":""},"mobile":{"background-color":"var(--ast-global-color-5)","background-image":"","background-repeat":"repeat","background-position":"center center","background-size":"auto","background-attachment":"scroll","background-type":"","background-media":"","overlay-type":"","overlay-color":"","overlay-opacity":"","overlay-gradient":""}}},"product_brand":[],"product_cat":[515,97,605],"product_tag":[530,509],"class_list":{"0":"post-990117246","1":"product","2":"type-product","3":"status-publish","4":"has-post-thumbnail","6":"product_cat-half-day-pt-br","7":"product_cat-excursoes","8":"product_cat-punta-arenas-pt-br","9":"product_tag-excursion-nueva-pt-br","10":"product_tag-punta-arenas-pt-br-2","11":"desktop-align-left","12":"tablet-align-left","13":"mobile-align-left","15":"first","16":"instock","17":"virtual","18":"sold-individually","19":"purchasable","20":"product-type-simple"},"_links":{"self":[{"href":"https:\/\/rebelviajes.com\/pt-br\/wp-json\/wp\/v2\/product\/990117246","targetHints":{"allow":["GET"]}}],"collection":[{"href":"https:\/\/rebelviajes.com\/pt-br\/wp-json\/wp\/v2\/product"}],"about":[{"href":"https:\/\/rebelviajes.com\/pt-br\/wp-json\/wp\/v2\/types\/product"}],"replies":[{"embeddable":true,"href":"https:\/\/rebelviajes.com\/pt-br\/wp-json\/wp\/v2\/comments?post=990117246"}],"version-history":[{"count":0,"href":"https:\/\/rebelviajes.com\/pt-br\/wp-json\/wp\/v2\/product\/990117246\/revisions"}],"wp:featuredmedia":[{"embeddable":true,"href":"https:\/\/rebelviajes.com\/pt-br\/wp-json\/wp\/v2\/media\/314"}],"wp:attachment":[{"href":"https:\/\/rebelviajes.com\/pt-br\/wp-json\/wp\/v2\/media?parent=990117246"}],"wp:term":[{"taxonomy":"product_brand","embeddable":true,"href":"https:\/\/rebelviajes.com\/pt-br\/wp-json\/wp\/v2\/product_brand?post=990117246"},{"taxonomy":"product_cat","embeddable":true,"href":"https:\/\/rebelviajes.com\/pt-br\/wp-json\/wp\/v2\/product_cat?post=990117246"},{"taxonomy":"product_tag","embeddable":true,"href":"https:\/\/rebelviajes.com\/pt-br\/wp-json\/wp\/v2\/product_tag?post=990117246"}],"curies":[{"name":"wp","href":"https:\/\/api.w.org\/{rel}","templated":true}]}}