{"id":990117247,"date":"2021-04-12T15:53:26","date_gmt":"2021-04-12T19:53:26","guid":{"rendered":"https:\/\/rebelviajes.com\/producto\/ultra-trail-torres-del-paine\/"},"modified":"2026-04-27T03:52:31","modified_gmt":"2026-04-27T07:52:31","slug":"ultra-trail-torres-del-paine-25","status":"publish","type":"product","link":"https:\/\/rebelviajes.com\/pt-br\/product\/ultra-trail-torres-del-paine-25\/","title":{"rendered":"Ultra Trail Torres del Paine"},"content":{"rendered":"<h2 id=\"descripcion\">Descri\u00e7\u00e3o<\/h2>\n<h3>Ultra Trail Torres del Paine 2025<\/h3>\n<p>Lan\u00e7ado em 2014, o <strong>Ultra Paine<\/strong> \u00e9 um evento de <strong>Trail Running<\/strong> que acontece no <strong>Parque Nacional Torres del Paine<\/strong>. Feito para corredores de elite e amadores, o design da rota oferece uma corrida em trilha com paisagens fascinantes.<\/p>\n<p>O evento acontece no extremo sul do continente americano, na <strong>Patag\u00f4nia chilena<\/strong>, a leste do grande <strong>Campo de Gelo Sul<\/strong> e ao sul do <strong>Parque Nacional Torres del Paine<\/strong>, com linha de chegada localizada em <strong>Villa Serrano<\/strong>. As dist\u00e2ncias da corrida s\u00e3o 5 km, 14 km, 21 km, 35 km e 50 km.<\/p>\n<h3>Dia livre para reconhecimento do terreno e o grande dia do Ultra Trail Torres del Paine<\/h3>\n<p>Ap\u00f3s desembarcar no aeroporto, voc\u00ea ser\u00e1 trasladado para sua acomoda\u00e7\u00e3o na cidade de <strong>Puerto Natales<\/strong>. No dia seguinte, dia livre para <strong>atividades recreativas<\/strong> em <strong>Puerto Natales<\/strong> ou <strong>explora\u00e7\u00e3o terrestre<\/strong>. Voc\u00ea receber\u00e1 seu <strong>kit de corrida<\/strong> no hotel, que consiste em uma camiseta, um n\u00famero oficial de corrida e um chip de cronometragem.<\/p>\n<p>No dia da corrida, voc\u00ea ser\u00e1 trasladado do hotel para o ponto de partida. Ap\u00f3s a corrida, voc\u00ea pegar\u00e1 o transporte de volta ao hotel e saborear\u00e1 um delicioso <strong>menu patag\u00f4nico em comemora\u00e7\u00e3o ao grande dia<\/strong>.<\/p>\n<div class=\"divisor\"><\/div>\n<h2>Itiner\u00e1rio<\/h2>\n<h3>Dia 1 &#8211; Chegada e boas-vindas a Puerto Natales<\/h3>\n<p>Ap\u00f3s desembarcar no aeroporto de Punta Arenas, voc\u00ea pegar\u00e1 um \u00f4nibus regular para a cidade de Puerto Natales. Ao chegar ao hotel, voc\u00ea far\u00e1 o check-in e passar\u00e1 sua primeira noite na acomoda\u00e7\u00e3o.<\/p>\n<h3>Dia 2 &#8211; Dia de recrea\u00e7\u00e3o antes da corrida<\/h3>\n<p>Ap\u00f3s o caf\u00e9 da manh\u00e3, voc\u00ea ter\u00e1 um dia livre para atividades recreativas em Puerto Natales ou para explorar a \u00e1rea. No hotel, voc\u00ea receber\u00e1 seu kit de corrida, que consiste em uma camiseta, um n\u00famero oficial de corrida e um chip de cronometragem. Depois, voc\u00ea desfrutar\u00e1 de um delicioso jantar de massas e depois relaxar\u00e1 para o grande dia.<\/p>\n<h3>Dia 3 &#8211; O grande dia da corrida Ultra Trail Torres del Paine<\/h3>\n<p>Voc\u00ea acordar\u00e1 cedo para desfrutar de um farto caf\u00e9 da manh\u00e3 antes da corrida. No hor\u00e1rio indicado, voc\u00ea ser\u00e1 transferido do hotel para o ponto de partida. Ap\u00f3s a corrida, voc\u00ea pegar\u00e1 um \u00f4nibus de volta ao hotel e saborear\u00e1 um delicioso menu patag\u00f4nico em comemora\u00e7\u00e3o ao grande dia. Por fim, voc\u00ea relaxar\u00e1 na sua \u00faltima noite de acomoda\u00e7\u00e3o em Puerto Natales.<\/p>\n<h3>Dia 4 &#8211; Despedida<\/h3>\n<p>Voc\u00ea tomar\u00e1 caf\u00e9 da manh\u00e3 e, ap\u00f3s o check-out, sair\u00e1 do hotel em dire\u00e7\u00e3o ao aeroporto de Punta Arenas.<\/p>\n<div class=\"divisor\"><\/div>\n<h2 id=\"detalle\">Detalhe<\/h2>\n<table>\n<tbody>\n<tr>\n<th><i class=\"fa fa-check\" aria-hidden=\"true\"><\/i> Inclui<\/th>\n<\/tr>\n<tr>\n<td>Inscri\u00e7\u00e3o Ultra Paine<br \/>\nTraslados:<br \/>\n&#8211; \u00d4nibus regular do Aeroporto de Punta Arenas at\u00e9 Puerto Natales<br \/>\n&#8211; Do hotel at\u00e9 o ponto de partida da corrida e de volta ao hotel<br \/>\n&#8211; \u00d4nibus regular do hotel at\u00e9 o aeroporto de Punta Arenas<br \/>\nRefei\u00e7\u00f5es:<br \/>\n&#8211; Caf\u00e9 da manh\u00e3 (dias 2, 3 e 4)<br \/>\n&#8211; 1 jantar com menu de massas (dia 2)<br \/>\n&#8211; 1 menu de celebra\u00e7\u00e3o patag\u00f4nica (dia 3)<br \/>\nAcomoda\u00e7\u00e3o em quarto com banheiro privativo<\/td>\n<\/tr>\n<\/tbody>\n<\/table>\n<table>\n<tbody>\n<tr>\n<th><i class=\"fa fa-times\" aria-hidden=\"true\"><\/i> N\u00e3o inclui<\/th>\n<\/tr>\n<tr>\n<td>Voos de\/para Punta Arenas<br \/>\nGorjetas<br \/>\nRefei\u00e7\u00f5es n\u00e3o descritas no programa<br \/>\nExcurs\u00f5es em dias livres<br \/>\nSeguro de acidentes<\/td>\n<\/tr>\n<\/tbody>\n<\/table>\n<div class=\"divisor\"><\/div>\n<h2 id=\"faq\">FAQ<\/h2>\n<h3>O que \u00e9 trail running?<\/h3>\n<p>Trail running \u00e9 correr em um ambiente natural (montanhas, desertos, florestas, etc.) com o m\u00ednimo poss\u00edvel de caminhos pavimentados ou asfaltados (m\u00e1ximo de 20% do percurso total).<\/p>\n<h3>Qual \u00e9 o formato da corrida?<\/h3>\n<p>O formato da corrida \u00e9 ininterrupto com semi-autonomia, e cada corredor deve ser independente entre os postos de servi\u00e7o.<\/p>\n<h3>Que tipos de terreno ser\u00e3o encontrados no Ultra Trail Torres del Paine?<\/h3>\n<p>Ao longo da corrida, voc\u00ea passar\u00e1 por \u00e1reas de fazendas de gado, florestas, pastagens, montanhas e outras \u00e1reas. Assim, avan\u00e7aremos por trilhas de animais, trilhas, rotas secund\u00e1rias de ve\u00edculos, etc. Voc\u00ea pode ver o mapa completo no site oficial do <a href=\"https:\/\/www.ultrapaine.com\/es\/map\/\" target=\"_blank\" rel=\"noopener\">Ultra Trail Torres del Paine<\/a>.<\/p>\n<h3>O percurso ser\u00e1 sinalizado?<\/h3>\n<p>Sim, a rota ser\u00e1 claramente identificada. Ser\u00e3o utilizadas diferentes formas de marca\u00e7\u00e3o, principalmente estacas e fitas.<\/p>\n","protected":false},"excerpt":{"rendered":"<p>In\u00edcio do Programa: <b>25 de setembro<\/b><br \/>\nCorrida: <b>27 de setembro<\/b><br \/>\nFim do programa: <b>29 de setembro<\/b><\/p>\n<p>Participe de um Trail Running com paisagens inesquec\u00edveis no Parque Torres del Paine e aproveite 4 dias e 3 noites na Patag\u00f4nia Chilena.<\/p>\n<p>Voc\u00ea pode escolher a corrida mais adequada para voc\u00ea entre as seguintes dist\u00e2ncias: <b>5 km<\/b>, <b>14 km<\/b>, <b>21 km<\/b>, <b>35 km<\/b> e <b>50 km<\/b>.<\/p>\n","protected":false},"featured_media":990113544,"comment_status":"open","ping_status":"closed","template":"","meta":{"site-sidebar-layout":"default","site-content-layout":"default","ast-site-content-layout":"default","site-content-style":"default","site-sidebar-style":"default","ast-global-header-display":"","ast-banner-title-visibility":"","ast-main-header-display":"","ast-hfb-above-header-display":"","ast-hfb-below-header-display":"","ast-hfb-mobile-header-display":"","site-post-title":"","ast-breadcrumbs-content":"","ast-featured-img":"","footer-sml-layout":"","ast-disable-related-posts":"","theme-transparent-header-meta":"default","adv-header-id-meta":"","stick-header-meta":"","header-above-stick-meta":"","header-main-stick-meta":"","header-below-stick-meta":"","astra-migrate-meta-layouts":"default","ast-page-background-enabled":"default","ast-page-background-meta":{"desktop":{"background-color":"","background-image":"","background-repeat":"repeat","background-position":"center center","background-size":"auto","background-attachment":"scroll","background-type":"","background-media":"","overlay-type":"","overlay-color":"","overlay-opacity":"","overlay-gradient":""},"tablet":{"background-color":"","background-image":"","background-repeat":"repeat","background-position":"center center","background-size":"auto","background-attachment":"scroll","background-type":"","background-media":"","overlay-type":"","overlay-color":"","overlay-opacity":"","overlay-gradient":""},"mobile":{"background-color":"","background-image":"","background-repeat":"repeat","background-position":"center center","background-size":"auto","background-attachment":"scroll","background-type":"","background-media":"","overlay-type":"","overlay-color":"","overlay-opacity":"","overlay-gradient":""}},"ast-content-background-meta":{"desktop":{"background-color":"var(--ast-global-color-5)","background-image":"","background-repeat":"repeat","background-position":"center center","background-size":"auto","background-attachment":"scroll","background-type":"","background-media":"","overlay-type":"","overlay-color":"","overlay-opacity":"","overlay-gradient":""},"tablet":{"background-color":"var(--ast-global-color-5)","background-image":"","background-repeat":"repeat","background-position":"center center","background-size":"auto","background-attachment":"scroll","background-type":"","background-media":"","overlay-type":"","overlay-color":"","overlay-opacity":"","overlay-gradient":""},"mobile":{"background-color":"var(--ast-global-color-5)","background-image":"","background-repeat":"repeat","background-position":"center center","background-size":"auto","background-attachment":"scroll","background-type":"","background-media":"","overlay-type":"","overlay-color":"","overlay-opacity":"","overlay-gradient":""}}},"product_brand":[],"product_cat":[349,602],"product_tag":[516,508],"class_list":{"0":"post-990117247","1":"product","2":"type-product","3":"status-publish","4":"has-post-thumbnail","6":"product_cat-programas-turisticos","7":"product_cat-puerto-natales-torres-del-paine-pt-br","8":"product_tag-programa-ultra-paine-pt-br","9":"product_tag-puerto-natales-pt-br-2","10":"desktop-align-left","11":"tablet-align-left","12":"mobile-align-left","14":"first","15":"instock","16":"sold-individually","17":"shipping-taxable","18":"purchasable","19":"product-type-variable"},"_links":{"self":[{"href":"https:\/\/rebelviajes.com\/pt-br\/wp-json\/wp\/v2\/product\/990117247","targetHints":{"allow":["GET"]}}],"collection":[{"href":"https:\/\/rebelviajes.com\/pt-br\/wp-json\/wp\/v2\/product"}],"about":[{"href":"https:\/\/rebelviajes.com\/pt-br\/wp-json\/wp\/v2\/types\/product"}],"replies":[{"embeddable":true,"href":"https:\/\/rebelviajes.com\/pt-br\/wp-json\/wp\/v2\/comments?post=990117247"}],"version-history":[{"count":0,"href":"https:\/\/rebelviajes.com\/pt-br\/wp-json\/wp\/v2\/product\/990117247\/revisions"}],"wp:featuredmedia":[{"embeddable":true,"href":"https:\/\/rebelviajes.com\/pt-br\/wp-json\/wp\/v2\/media\/990113544"}],"wp:attachment":[{"href":"https:\/\/rebelviajes.com\/pt-br\/wp-json\/wp\/v2\/media?parent=990117247"}],"wp:term":[{"taxonomy":"product_brand","embeddable":true,"href":"https:\/\/rebelviajes.com\/pt-br\/wp-json\/wp\/v2\/product_brand?post=990117247"},{"taxonomy":"product_cat","embeddable":true,"href":"https:\/\/rebelviajes.com\/pt-br\/wp-json\/wp\/v2\/product_cat?post=990117247"},{"taxonomy":"product_tag","embeddable":true,"href":"https:\/\/rebelviajes.com\/pt-br\/wp-json\/wp\/v2\/product_tag?post=990117247"}],"curies":[{"name":"wp","href":"https:\/\/api.w.org\/{rel}","templated":true}]}}