{"id":990117251,"date":"2021-04-30T17:53:17","date_gmt":"2021-04-30T21:53:17","guid":{"rendered":"https:\/\/rebelviajes.com\/producto\/navegacion-lago-grey\/"},"modified":"2026-02-05T06:56:57","modified_gmt":"2026-02-05T09:56:57","slug":"navegacion-lago-grey","status":"publish","type":"product","link":"https:\/\/rebelviajes.com\/pt-br\/product\/navegacion-lago-grey\/","title":{"rendered":"Navega\u00e7\u00e3o Lago Grey Round Trip"},"content":{"rendered":"<h2 id=\"descripcion\">Descri\u00e7\u00e3o<\/h2>\n<h3>Navega\u00e7\u00e3o Lago Grey Round Trip a bordo de uma embarca\u00e7\u00e3o confort\u00e1vel e moderna<\/h3>\n<p>A <strong>Navega\u00e7\u00e3o Lago Grey<\/strong> \u00e9 certamente uma das experi\u00eancias imperd\u00edveis durante sua viagem ao <strong>Parque Nacional Torres del Paine<\/strong>. A bordo do confort\u00e1vel e moderno barco \u201c<strong>Grey III<\/strong>\u201d, voc\u00ea desfrutar\u00e1 de belas vistas, compostas por <strong>icebergs flutuantes<\/strong> e <strong>imponentes montanhas<\/strong><strong>.<\/strong><\/p>\n<p>Durante a viagem, de aproximadamente 3 horas, voc\u00ea ver\u00e1 os destacados <strong>icebergs de cor azul<\/strong> que flutuam na \u00e1gua e voc\u00ea sentir\u00e1 o vento t\u00edpico da Patag\u00f4nia.<\/p>\n<p>Garantimos uma embarca\u00e7\u00e3o e tripula\u00e7\u00e3o que cumpre todos os requisitos da autoridade mar\u00edtima. A \u201c<strong>Grey III<\/strong>\u201d possui uma cabine principal para 98 passageiros e possui um deck ao ar livre para que voc\u00ea possa apreciar o exterior e as paisagens da <strong>Patag\u00f4nia<\/strong>.<\/p>\n<h3>Embarque em uma aventura para apreciar as vistas da Geleira Grey e toda a paisagem ao redor<\/h3>\n<p>Primeiro, voc\u00ea deve fazer o check-in no <strong>Hotel Lago Grey<\/strong>, uma hora antes da partida e depois caminhar ao longo da <strong>Praia Grey<\/strong> para chegar \u00e0 embarca\u00e7\u00e3o. Informamos que, nos meses em que o Rio Pingo aumenta o seu caudal, voc\u00ea pegar\u00e1 em um barco oferecido pelo hotel para chegar at\u00e9 a embarca\u00e7\u00e3o.<\/p>\n<p>Ap\u00f3s cerca de 1 hora de navega\u00e7\u00e3o, voc\u00ea j\u00e1 estar\u00e1 pr\u00f3ximo aos p\u00e9s da imponente <strong>Geleira Grey.<\/strong> Voc\u00ea apreciar\u00e1 de muito perto toda a beleza e dimens\u00e3o das paredes de gelo que medem mais de 20 metros.<\/p>\n<p>Al\u00e9m da vista da <strong>Geleira Grey<\/strong>, voc\u00ea tamb\u00e9m apreciar\u00e1 as vistas do <strong>Cerro Paine Grande<\/strong>, do <strong>Macizo del Paine<\/strong> e os bosques \u00e0 beira do <strong>Lago Grey<\/strong>. Tamb\u00e9m \u00e9 poss\u00edvel testemunhar os peda\u00e7os de gelo se desprendendo da geleira e caindo na \u00e1gua.<\/p>\n<div class=\"divisor\"><\/div>\n<h2 id=\"detalle\">Detalhe<\/h2>\n<table>\n<tr>\n<th><i class=\"fa fa-check\" aria-hidden=\"true\"><\/i> Inclui<\/th>\n<\/tr>\n<tr>\n<td>\nGuia durante a navega\u00e7\u00e3o<br \/>\n1 pisco sour ou bebida de cortesia\n<\/td>\n<\/tr>\n<\/table>\n<p><\/p>\n<table>\n<tr>\n<th><i class=\"fa fa-times\" aria-hidden=\"true\"><\/i> N\u00e3o inclui<\/th>\n<\/tr>\n<tr>\n<td>\nTranslado para o local de apresenta\u00e7\u00e3o<br \/>\nGorjetas<br \/>\nEntrada ao Parque Nacional Torres del Paine<br \/>\nAlimenta\u00e7\u00e3o<br \/>\nServi\u00e7os n\u00e3o mencionados<br \/>\nSeguro de acidentes\n<\/td>\n<\/tr>\n<\/table>\n<div class=\"divisor\"><\/div>\n<h2 id=\"faq\">FAQ<\/h2>\n<h3>Qual \u00e9 o pre\u00e7o da entrada do Parque Nacional Torres del Paine?<\/h3>\n<p>Voc\u00ea pode verificar o pre\u00e7o atualizado da entrada diretamente no site do<a href=\"https:\/\/parquetorresdelpaine.cl\/tarifas-y-horarios\/\" target=\"_blank\" rel=\"noopener\">Parque Torres del Paine<\/a>.<\/p>\n<div class=\"divisor\"><\/div>\n<h2 id=\"condiciones\">Condi\u00e7\u00f5es<\/h2>\n<p>Consulte as <span class=\"open-modal\" onclick=\"openModal()\">condi\u00e7\u00f5es de contrata\u00e7\u00e3o<\/span> da excurs\u00e3o Navega\u00e7\u00e3o Lago Grey Round Trip.<\/p>\n<div id=\"my-modal\" class=\"modal\">\n<button class=\"close-modal\" onclick=\"closeModal()\"><i class=\"fa fa-times\" aria-hidden=\"true\"><\/i><\/button><\/p>\n<p>Excurs\u00e3o de um dia inteiro ou meio dia em servi\u00e7o regular.<\/p>\n<p>Os locais a serem visitados est\u00e3o sujeitos a altera\u00e7\u00f5es no mesmo dia da excurs\u00e3o em caso de condi\u00e7\u00f5es clim\u00e1ticas adversas.<\/p>\n<p>O hor\u00e1rio de t\u00e9rmino desta atividade pode ser modificado devido \u00e0s condi\u00e7\u00f5es clim\u00e1ticas, por isso recomendamos que voc\u00ea n\u00e3o compre passagens para sair de Punta Arenas ou Puerto Natales at\u00e9 tr\u00eas horas ap\u00f3s o hor\u00e1rio programado para o retorno, nem deixe sua viagem para o dia seguinte ao final do passeio.<\/p>\n<p>Em caso de cancelamento de reservas, ser\u00e1 <strong>cobrada uma multa<\/strong> para cancelamento tardio de acordo com o seguinte:<br \/>\n<em>PARA INDIVIDUAIS (1 a 6 PASSAGEIROS)<\/em><br \/>\nDe 0 a 7 dias: 100%<br \/>\nMais de 8 dias: 0%<br \/>\n<em>PARA GRUPOS (A PARTIR DE 7 PASSAGEIROS)<\/em><br \/>\nDe 0 a 15 dias: 100%<br \/>\nMais de 16 dias: 0%<\/p>\n<p>Caso o passageiro n\u00e3o compare\u00e7a nos hor\u00e1rios definidos para a excurs\u00e3o, n\u00e3o haver\u00e1 reembolso.<\/p>\n<p><b>Suspens\u00e3o devido \u00e0s condi\u00e7\u00f5es meteorol\u00f3gica:<\/b> Um reembolso total ser\u00e1 feito quando a empresa cancelar antes de iniciar o servi\u00e7o.<\/p>\n<p>O reembolso total ser\u00e1 feito quando a empresa cancelar antes de iniciar o servi\u00e7o.<\/p>\n<p>Caso haja indeniza\u00e7\u00e3o por situa\u00e7\u00e3o especial, ser\u00e1 acordada com as pessoas, e ser\u00e1 definida pelo desenvolvimento do programa de viagens.<\/p>\n<p><b>Importante:<\/b> Nenhuma excurs\u00e3o inclui seguro de acidentes.<\/p>\n<p>Conhe\u00e7a nossos <a href=\"https:\/\/rebelviajes.com\/pt-br\/termos-e-condicoes\/\" target=\"_blank\" rel=\"noopener\">Termos e Condi\u00e7\u00f5es<\/a>.\n<\/div>\n","protected":false},"excerpt":{"rendered":"<p>Sa\u00eddas do <strong>Parque Nacional Torres del Paine<\/strong><\/p>\n<table>\n<tbody>\n<caption><b>Hor\u00e1rios de sa\u00edda<\/p>\n<p><\/b><\/caption>\n<tr>\n<th><\/th>\n<th>Check-in<\/th>\n<th>Partida<\/th>\n<th>T\u00e9rmino<\/th>\n<\/tr>\n<tr>\n<th>Primeira sa\u00edda<\/th>\n<th>09:00<\/th>\n<th>10:00<\/th>\n<th>12:45<\/th>\n<\/tr>\n<tr>\n<th>Segunda sa\u00edda<\/th>\n<th>12:00<\/th>\n<th>13:00<\/th>\n<th>15:45<\/th>\n<\/tr>\n<tr>\n<th>Terceira sa\u00edda<\/th>\n<th>15:00<\/th>\n<th>16:00<\/th>\n<th>18:45<\/th>\n<\/tr>\n<tr>\n<th>Quarta sa\u00edda<\/th>\n<th>18:00<\/th>\n<th>19:00<\/th>\n<th>21:30<\/th>\n<\/tr>\n<\/tbody>\n<\/table>\n<table>\n<tbody>\n<caption><b>Hor\u00e1rio de sa\u00edda: Temporada de inverno <br \/> (maio &#8211; agosto)<\/p>\n<p><\/b><\/caption>\n<tr>\n<th><\/th>\n<th>Check-in<\/th>\n<th>Partida<\/th>\n<th>T\u00e9rmino<\/th>\n<\/tr>\n<tr>\n<th>Sa\u00edda \u00fanica<\/th>\n<th>10:00<\/th>\n<th>11:00<\/th>\n<th>13:45<\/th>\n<\/tr>\n<\/tbody>\n<\/table>\n","protected":false},"featured_media":990113919,"comment_status":"open","ping_status":"closed","template":"","meta":{"site-sidebar-layout":"default","site-content-layout":"default","ast-site-content-layout":"default","site-content-style":"default","site-sidebar-style":"default","ast-global-header-display":"","ast-banner-title-visibility":"","ast-main-header-display":"","ast-hfb-above-header-display":"","ast-hfb-below-header-display":"","ast-hfb-mobile-header-display":"","site-post-title":"","ast-breadcrumbs-content":"","ast-featured-img":"","footer-sml-layout":"","ast-disable-related-posts":"","theme-transparent-header-meta":"default","adv-header-id-meta":"","stick-header-meta":"","header-above-stick-meta":"","header-main-stick-meta":"","header-below-stick-meta":"","astra-migrate-meta-layouts":"default","ast-page-background-enabled":"default","ast-page-background-meta":{"desktop":{"background-color":"","background-image":"","background-repeat":"repeat","background-position":"center center","background-size":"auto","background-attachment":"scroll","background-type":"","background-media":"","overlay-type":"","overlay-color":"","overlay-opacity":"","overlay-gradient":""},"tablet":{"background-color":"","background-image":"","background-repeat":"repeat","background-position":"center center","background-size":"auto","background-attachment":"scroll","background-type":"","background-media":"","overlay-type":"","overlay-color":"","overlay-opacity":"","overlay-gradient":""},"mobile":{"background-color":"","background-image":"","background-repeat":"repeat","background-position":"center center","background-size":"auto","background-attachment":"scroll","background-type":"","background-media":"","overlay-type":"","overlay-color":"","overlay-opacity":"","overlay-gradient":""}},"ast-content-background-meta":{"desktop":{"background-color":"var(--ast-global-color-5)","background-image":"","background-repeat":"repeat","background-position":"center center","background-size":"auto","background-attachment":"scroll","background-type":"","background-media":"","overlay-type":"","overlay-color":"","overlay-opacity":"","overlay-gradient":""},"tablet":{"background-color":"var(--ast-global-color-5)","background-image":"","background-repeat":"repeat","background-position":"center center","background-size":"auto","background-attachment":"scroll","background-type":"","background-media":"","overlay-type":"","overlay-color":"","overlay-opacity":"","overlay-gradient":""},"mobile":{"background-color":"var(--ast-global-color-5)","background-image":"","background-repeat":"repeat","background-position":"center center","background-size":"auto","background-attachment":"scroll","background-type":"","background-media":"","overlay-type":"","overlay-color":"","overlay-opacity":"","overlay-gradient":""}}},"product_brand":[],"product_cat":[221,97,602],"product_tag":[530,613,508,491],"class_list":{"0":"post-990117251","1":"product","2":"type-product","3":"status-publish","4":"has-post-thumbnail","6":"product_cat-navegacao","7":"product_cat-excursoes","8":"product_cat-puerto-natales-torres-del-paine-pt-br","9":"product_tag-excursion-nueva-pt-br","10":"product_tag-navegacao-puerto-natales","11":"product_tag-puerto-natales-pt-br-2","12":"product_tag-torres-del-paine-pt-br-2","13":"desktop-align-left","14":"tablet-align-left","15":"mobile-align-left","17":"first","18":"instock","19":"virtual","20":"sold-individually","21":"purchasable","22":"product-type-simple"},"_links":{"self":[{"href":"https:\/\/rebelviajes.com\/pt-br\/wp-json\/wp\/v2\/product\/990117251","targetHints":{"allow":["GET"]}}],"collection":[{"href":"https:\/\/rebelviajes.com\/pt-br\/wp-json\/wp\/v2\/product"}],"about":[{"href":"https:\/\/rebelviajes.com\/pt-br\/wp-json\/wp\/v2\/types\/product"}],"replies":[{"embeddable":true,"href":"https:\/\/rebelviajes.com\/pt-br\/wp-json\/wp\/v2\/comments?post=990117251"}],"version-history":[{"count":0,"href":"https:\/\/rebelviajes.com\/pt-br\/wp-json\/wp\/v2\/product\/990117251\/revisions"}],"wp:featuredmedia":[{"embeddable":true,"href":"https:\/\/rebelviajes.com\/pt-br\/wp-json\/wp\/v2\/media\/990113919"}],"wp:attachment":[{"href":"https:\/\/rebelviajes.com\/pt-br\/wp-json\/wp\/v2\/media?parent=990117251"}],"wp:term":[{"taxonomy":"product_brand","embeddable":true,"href":"https:\/\/rebelviajes.com\/pt-br\/wp-json\/wp\/v2\/product_brand?post=990117251"},{"taxonomy":"product_cat","embeddable":true,"href":"https:\/\/rebelviajes.com\/pt-br\/wp-json\/wp\/v2\/product_cat?post=990117251"},{"taxonomy":"product_tag","embeddable":true,"href":"https:\/\/rebelviajes.com\/pt-br\/wp-json\/wp\/v2\/product_tag?post=990117251"}],"curies":[{"name":"wp","href":"https:\/\/api.w.org\/{rel}","templated":true}]}}