{"id":990117331,"date":"2022-02-28T11:48:57","date_gmt":"2022-02-28T14:48:57","guid":{"rendered":"https:\/\/rebelviajes.com\/producto\/city-tour-punta-arenas\/"},"modified":"2025-10-17T21:03:22","modified_gmt":"2025-10-18T00:03:22","slug":"city-tour-punta-arenas","status":"publish","type":"product","link":"https:\/\/rebelviajes.com\/pt-br\/product\/city-tour-punta-arenas\/","title":{"rendered":"City Tour Punta Arenas"},"content":{"rendered":"<h2 id=\"descripcion\">Descri\u00e7\u00e3o<\/h2>\n<h3>Um panorama incr\u00edvel que leva voc\u00ea aos principais marcos de Punta Arenas<\/h3>\n<p>Este incr\u00edvel panorama leva voc\u00ea aos principais marcos que marcaram o crescimento da cidade, desde sua funda\u00e7\u00e3o at\u00e9 os dias atuais. Descubra o desenvolvimento da ind\u00fastria do carv\u00e3o e o abastecimento de navios, que cruzaram o famoso Estreito de Magallanes.<\/p>\n<p>Explore a era do ouro branco, uma etapa do grande desenvolvimento econ\u00f4mico da cidade gra\u00e7as ao boom da pecu\u00e1ria e a introdu\u00e7\u00e3o de ovelhas trazidas das Ilhas Malvinas. Uma amostra disso pode ser vista hoje percorrendo o centro hist\u00f3rico de Punta Arenas, a arquitetura ao redor da Plaza de Armas, onde se destacam grandes pal\u00e1cios com exuberantes detalhes decorativos exteriores e fina decora\u00e7\u00e3o interior.<\/p>\n<p>O city tour termina com vistas da cidade, onde o p\u00f3s-modernismo \u00e9 evidente junto com a imers\u00e3o do atual desenvolvimento urbano e social da cidade.<\/p>\n<h3>Itiner\u00e1rio<\/h3>\n<ul>\n<li>10:00 \/ 15:00 &#8211; Os passageiros s\u00e3o recolhidos em seus respectivos locais de alojamento<\/li>\n<li>10:15 \/ 15:15 &#8211; O passeio come\u00e7a pela Plaza de Armas e edif\u00edcios hist\u00f3ricos<\/li>\n<li>11:00 \/ 16:00 &#8211; Visita ao museu regional Braun Men\u00e9ndez<\/li>\n<li>11:30 \/ 16:30 &#8211; Traslado ao mirante Cerro de la Cruz, para ter uma vista panor\u00e2mica da cidade de Punta Arenas<\/li>\n<li>12:00 \/ 17:00 &#8211; Visita ao cemit\u00e9rio Sara Braun (monumento nacional), considerado um dos 10 cemit\u00e9rios mais belos do mundo<\/li>\n<li>12:30 \/ 17:30 &#8211; Iremos para o monumento Ovejero (personagem t\u00edpico da Patag\u00f4nia)<\/li>\n<li>13:00 \/ 18:00 &#8211; Retorno pela orla moderna, com vista para o Estreito de Magallanes<\/li>\n<\/ul>\n<div class=\"divisor\"><\/div>\n<h2 id=\"detalle\">Detalhe<\/h2>\n<table>\n<tbody>\n<tr>\n<th><i class=\"fa fa-check\" aria-hidden=\"true\"><\/i> Inclui<\/th>\n<\/tr>\n<tr>\n<td>Translado compartilhado<br \/>\nGuia<\/td>\n<\/tr>\n<\/tbody>\n<\/table>\n<p>&nbsp;<\/p>\n<table>\n<tbody>\n<tr>\n<th><i class=\"fa fa-times\" aria-hidden=\"true\"><\/i> N\u00e3o inclui<\/th>\n<\/tr>\n<tr>\n<td>Gorjetas<br \/>\nEntrada museu opcional: Maggiorino Borgatello ou Nao Victoria<br \/>\nAlimenta\u00e7\u00e3o<br \/>\nSeguro de acidentes<br \/>\nServi\u00e7os n\u00e3o mencionados<\/td>\n<\/tr>\n<\/tbody>\n<\/table>\n<div class=\"divisor\"><\/div>\n<h2 id=\"faq\">FAQ<\/h2>\n<h3>O que levar?<\/h3>\n<ul>\n<li>Mochila para itens pessoais (celular, c\u00e2meras, documentos, etc.)<\/li>\n<li>Jaqueta imperme\u00e1vel<\/li>\n<li>Gorro<\/li>\n<li>Luvas<\/li>\n<li>T\u00eanis de trekking ou t\u00eanis confort\u00e1vel<\/li>\n<\/ul>\n<h3>Onde posso comprar as entradas para os museus?<\/h3>\n<p>Para a visita opcional aos museus n\u00e3o inclu\u00eddos no passeio, os passageiros podem comprar sua entrada diretamente no port\u00e3o de entrada de cada museu. Voc\u00ea pode verificar o pre\u00e7o atualizado da entrada diretamente no site do<a href=\"https:\/\/museomaggiorinoborgatello.cl\/visita\/#visitas\" target=\"_blank\" rel=\"noopener\">Museu Maggiorino Borgatello<\/a>.<\/p>\n<div class=\"divisor\"><\/div>\n<h2 id=\"condiciones\">Condi\u00e7\u00f5es<\/h2>\n<p>Consulte as <span class=\"open-modal\" onclick=\"openModal()\">condi\u00e7\u00f5es de contrata\u00e7\u00e3o<\/span> da excurs\u00e3o City Tour Punta Arenas.<\/p>\n<div id=\"my-modal\" class=\"modal\">\n<p><button class=\"close-modal\" onclick=\"closeModal()\"><i class=\"fa fa-times\" aria-hidden=\"true\"><\/i><\/button><\/p>\n<p>Excurs\u00e3o de um dia inteiro ou meio dia em servi\u00e7o regular.<\/p>\n<p>Caso o passageiro n\u00e3o compare\u00e7a nos hor\u00e1rios definidos para a excurs\u00e3o, n\u00e3o haver\u00e1 reembolso.<\/p>\n<p><b>Suspens\u00e3o devido \u00e0s condi\u00e7\u00f5es meteorol\u00f3gica:<\/b> Um reembolso total ser\u00e1 feito quando a empresa cancelar antes de iniciar o servi\u00e7o.<\/p>\n<p>O reembolso total ser\u00e1 feito quando a empresa cancelar antes de iniciar o servi\u00e7o.<\/p>\n<p>Caso haja indeniza\u00e7\u00e3o por situa\u00e7\u00e3o especial, ser\u00e1 acordada com as pessoas, e ser\u00e1 definida pelo desenvolvimento do programa de viagens.<\/p>\n<p>Caso o Museu Regional n\u00e3o esteja operacional na data do passeio, \u00e9 oferecida uma visita opcional ao Museu Marggiorino Borgatello. Neste caso, o passageiro dever\u00e1 pagar a sua entrada.<\/p>\n<p><b>Importante:<\/b> nenhuma excurs\u00e3o inclui seguro de acidentes.<\/p>\n<p>Conhe\u00e7a nossos <a href=\"https:\/\/rebelviajes.com\/terminos-y-condiciones\/\" target=\"_blank\" rel=\"noopener\">Termos e Condi\u00e7\u00f5es<\/a>.<\/p>\n<\/div>\n","protected":false},"excerpt":{"rendered":"<p>Sa\u00eddas de <strong>Punta Arenas<br \/>\nTodos os dias<\/strong><\/p>\n<p>Op\u00e7\u00f5es de hor\u00e1rios:<br \/>\n<strong>In\u00edcio \u00e0s 10:00 \u2013 t\u00e9rmino \u00e0s 13:00<\/strong><br \/>\n<strong>In\u00edcio \u00e0s 15:00 \u2013 t\u00e9rmino \u00e0s 18:00<\/strong><\/p>\n","protected":false},"featured_media":990116076,"comment_status":"open","ping_status":"closed","template":"","meta":{"site-sidebar-layout":"default","site-content-layout":"default","ast-site-content-layout":"default","site-content-style":"default","site-sidebar-style":"default","ast-global-header-display":"","ast-banner-title-visibility":"","ast-main-header-display":"","ast-hfb-above-header-display":"","ast-hfb-below-header-display":"","ast-hfb-mobile-header-display":"","site-post-title":"","ast-breadcrumbs-content":"","ast-featured-img":"","footer-sml-layout":"","ast-disable-related-posts":"","theme-transparent-header-meta":"default","adv-header-id-meta":"","stick-header-meta":"","header-above-stick-meta":"","header-main-stick-meta":"","header-below-stick-meta":"","astra-migrate-meta-layouts":"default","ast-page-background-enabled":"default","ast-page-background-meta":{"desktop":{"background-color":"","background-image":"","background-repeat":"repeat","background-position":"center center","background-size":"auto","background-attachment":"scroll","background-type":"","background-media":"","overlay-type":"","overlay-color":"","overlay-opacity":"","overlay-gradient":""},"tablet":{"background-color":"","background-image":"","background-repeat":"repeat","background-position":"center center","background-size":"auto","background-attachment":"scroll","background-type":"","background-media":"","overlay-type":"","overlay-color":"","overlay-opacity":"","overlay-gradient":""},"mobile":{"background-color":"","background-image":"","background-repeat":"repeat","background-position":"center center","background-size":"auto","background-attachment":"scroll","background-type":"","background-media":"","overlay-type":"","overlay-color":"","overlay-opacity":"","overlay-gradient":""}},"ast-content-background-meta":{"desktop":{"background-color":"var(--ast-global-color-5)","background-image":"","background-repeat":"repeat","background-position":"center center","background-size":"auto","background-attachment":"scroll","background-type":"","background-media":"","overlay-type":"","overlay-color":"","overlay-opacity":"","overlay-gradient":""},"tablet":{"background-color":"var(--ast-global-color-5)","background-image":"","background-repeat":"repeat","background-position":"center center","background-size":"auto","background-attachment":"scroll","background-type":"","background-media":"","overlay-type":"","overlay-color":"","overlay-opacity":"","overlay-gradient":""},"mobile":{"background-color":"var(--ast-global-color-5)","background-image":"","background-repeat":"repeat","background-position":"center center","background-size":"auto","background-attachment":"scroll","background-type":"","background-media":"","overlay-type":"","overlay-color":"","overlay-opacity":"","overlay-gradient":""}}},"product_brand":[],"product_cat":[522,605],"product_tag":[530,509],"class_list":{"0":"post-990117331","1":"product","2":"type-product","3":"status-publish","4":"has-post-thumbnail","6":"product_cat-city-tour-pt-br","7":"product_cat-punta-arenas-pt-br","8":"product_tag-excursion-nueva-pt-br","9":"product_tag-punta-arenas-pt-br-2","10":"desktop-align-left","11":"tablet-align-left","12":"mobile-align-left","14":"first","15":"instock","16":"sold-individually","17":"shipping-taxable","18":"purchasable","19":"product-type-simple"},"_links":{"self":[{"href":"https:\/\/rebelviajes.com\/pt-br\/wp-json\/wp\/v2\/product\/990117331","targetHints":{"allow":["GET"]}}],"collection":[{"href":"https:\/\/rebelviajes.com\/pt-br\/wp-json\/wp\/v2\/product"}],"about":[{"href":"https:\/\/rebelviajes.com\/pt-br\/wp-json\/wp\/v2\/types\/product"}],"replies":[{"embeddable":true,"href":"https:\/\/rebelviajes.com\/pt-br\/wp-json\/wp\/v2\/comments?post=990117331"}],"version-history":[{"count":0,"href":"https:\/\/rebelviajes.com\/pt-br\/wp-json\/wp\/v2\/product\/990117331\/revisions"}],"wp:featuredmedia":[{"embeddable":true,"href":"https:\/\/rebelviajes.com\/pt-br\/wp-json\/wp\/v2\/media\/990116076"}],"wp:attachment":[{"href":"https:\/\/rebelviajes.com\/pt-br\/wp-json\/wp\/v2\/media?parent=990117331"}],"wp:term":[{"taxonomy":"product_brand","embeddable":true,"href":"https:\/\/rebelviajes.com\/pt-br\/wp-json\/wp\/v2\/product_brand?post=990117331"},{"taxonomy":"product_cat","embeddable":true,"href":"https:\/\/rebelviajes.com\/pt-br\/wp-json\/wp\/v2\/product_cat?post=990117331"},{"taxonomy":"product_tag","embeddable":true,"href":"https:\/\/rebelviajes.com\/pt-br\/wp-json\/wp\/v2\/product_tag?post=990117331"}],"curies":[{"name":"wp","href":"https:\/\/api.w.org\/{rel}","templated":true}]}}