{"id":990117424,"date":"2021-12-20T12:22:31","date_gmt":"2021-12-20T15:22:31","guid":{"rendered":"https:\/\/rebelviajes.com\/producto\/all-inclusive-lago-grey\/"},"modified":"2025-07-29T16:33:49","modified_gmt":"2025-07-29T20:33:49","slug":"programa-all-inclusive-lago-grey","status":"publish","type":"product","link":"https:\/\/rebelviajes.com\/pt-br\/product\/programa-all-inclusive-lago-grey\/","title":{"rendered":"All Inclusive Lago Grey"},"content":{"rendered":"<h2 id=\"descripcion\">Descri\u00e7\u00e3o<\/h2>\n<h3>Desfrute de Torres del Paine com All Inclusive<\/h3>\n<p>Programa All Inclusive no Parque Nacional Torres del Paine, onde voc\u00ea poder\u00e1 apreciar um dos lugares mais maravilhosos e belos do planeta.<\/p>\n<p>Este programa tem tudo o que voc\u00ea precisa, hospedagem, alimenta\u00e7\u00e3o, traslados dentro do parque e excurs\u00f5es ao seu alcance na oitava maravilha do mundo, desde os marcos mais emblem\u00e1ticos do parque at\u00e9 excurs\u00f5es aos lugares mais intocados e pouco explorados do pr\u00f3prio lugar.<\/p>\n<p>Voc\u00ea poder\u00e1 desfrutar de uma variedade de atividades que v\u00e3o desde uma navega\u00e7\u00e3o descontra\u00edda ao Glaciar Grey com open bar at\u00e9 trilhas de baixa a alta complexidade para quem busca aventura e descobrir trilhas n\u00e3o t\u00e3o frequentadas como Mount Ferrier, Chorrillos -Salmones ou Lazo Weber e at\u00e9 aquelas trilhas ic\u00f4nicas como Base Torres ou Mirador Cuernos que sempre deslumbram com sua beleza.<\/p>\n<p>Este programa inclui translados de e para o aeroporto de Punta Arenas ou Puerto Natales em modo privado, para que voc\u00ea n\u00e3o precise se preocupar em como chegar ao Parque Nacional Torres del Paine e gerenciar sua entrada. Se voc\u00ea iniciou sua viagem em El Calafate ou deseja continuar por l\u00e1, inclua a conex\u00e3o regular entre os dois destinos. Refei\u00e7\u00f5es como caf\u00e9 da manh\u00e3, almo\u00e7o\/box lunch e jantar est\u00e3o inclusos no programa, al\u00e9m de open bar de vinho da casa, cervejas e bebidas nacionais.<\/p>\n<h3>Hospedagem em Hotel<\/h3>\n<p>Todos os quartos t\u00eam espa\u00e7os confort\u00e1veis, aquecimento independente, TV sat\u00e9lite, cofre e, como parte do relaxamento, est\u00e3o rodeados pela natureza e paisagens m\u00e1gicas que s\u00f3 podem ser encontradas no Parque Nacional Torres del Paine. Sair do quarto e passear ser\u00e1 um verdadeiro prazer.<\/p>\n<p>Quarto Standard: destaca-se pelo aconchego dando uma agrad\u00e1vel sensa\u00e7\u00e3o de conforto e relaxamento ap\u00f3s um dia cheio de aventuras.<\/p>\n<p>Quarto Superior: destaca-se pelo conforto, espa\u00e7o e decora\u00e7\u00e3o, com vistas que permitem captar as diferentes paisagens do Parque Nacional Torres del Paine.<\/p>\n<div class=\"divisor\"><\/div>\n<h2 id=\"itinerario\">Itiner\u00e1rio<\/h2>\n<p>Programa All Inclusive onde voc\u00ea pode desfrutar das atividades que Torres del Paine oferece, escolhendo diferentes atividades para 4 noites de estadia. Durante esta maravilhosa estadia, recomenda-se escolher uma atividade Full Day e outra Half Day.<\/p>\n<p>A programa\u00e7\u00e3o a seguir mostra os tipos de excurs\u00f5es (dia inteiro ou meio dia) que voc\u00ea pode fazer todos os dias, sempre sujeitas \u00e0s condi\u00e7\u00f5es clim\u00e1ticas.<\/p>\n<p>&#8211; Segunda-feira: Full Day ou Half Day<br \/>\n&#8211; Ter\u00e7a-feira: Half Day<br \/>\n&#8211; Quarta-feira: Full Day ou Half Day<br \/>\n&#8211; Quinta-feira: Half Day<br \/>\n&#8211; Sexta-feira: Full Day ou Half Day<br \/>\n&#8211; S\u00e1bado: Half Day<br \/>\n&#8211; Domigo: Full day ou Half Day<\/p>\n<p>*Full Day: Excurs\u00e3o de dia inteiro (mais que 5 horas).<br \/>\n*Half Day: Excurs\u00e3o de meio dia (menos que 5 horas).<br \/>\n*Excurs\u00f5es sujeitas a condi\u00e7\u00f5es meteorol\u00f3gicas e n\u00famero m\u00ednimo de passageiros.<br \/>\n*Voc\u00ea pode fazer a navega\u00e7\u00e3o e a excurs\u00e3o de meio dia no mesmo dia.<br \/>\n*Na \u00e9poca baixa n\u00e3o se realiza a excurs\u00e3o Cascada Pingo e o tro\u00e7o Lazo Weber.<\/p>\n<h3>Excurs\u00f5es Full Day<\/h3>\n<p><b>Mirantes e Cascatas:<\/b><br \/>\nExcurs\u00e3o para quem deseja contemplar e desfrutar a maior parte do Parque Nacional Torres del Paine em um dia e sem muito esfor\u00e7o f\u00edsico.<\/p>\n<p>A excurs\u00e3o come\u00e7ar\u00e1 em dire\u00e7\u00e3o ao Centro de Visitantes da Corpora\u00e7\u00e3o Florestal, onde voc\u00ea receber\u00e1 informa\u00e7\u00f5es gerais sobre tudo o que constitui esta magn\u00edfica Reserva Mundial da Biosfera.<\/p>\n<p>Sua viagem continua em dire\u00e7\u00e3o ao Salto Grande, uma imponente cachoeira que pode ser vista ap\u00f3s uma curta caminhada e onde voc\u00ea ter\u00e1 uma vista da Serra do Paine Grande, podendo observar o pico mais alto do maci\u00e7o do Paine.<\/p>\n<p>Em seguida, voc\u00ea ser\u00e1 transferido para o Mirante do Lago Nordenskj\u00f6ld, onde poder\u00e1 apreciar o referido lago e estar\u00e1 muito perto dos Cuernos del Paine. Ent\u00e3o voc\u00ea ir\u00e1 para a \u00e1rea de Laguna Amarga para contemplar as Cascadas del R\u00edo Paine, e come\u00e7ar a ver as primeiras vistas panor\u00e2micas das famosas Torres del Paine.<\/p>\n<p>Voc\u00ea continuar\u00e1 avan\u00e7ando at\u00e9 o outro extremo do Parque, para almo\u00e7ar na Laguna Azul, um lugar tranquilo e bonito do parque onde voc\u00ea far\u00e1 um piquenique para recuperar as energias e seguir o curso, margeando o rio Las Chinas e lembrando o qu\u00e3o importante essas \u00e1reas eram para os \u00edndios do local.<\/p>\n<p>Outra parada ser\u00e1 feita na Laguna Amarga de onde voc\u00ea ter\u00e1 outra vis\u00e3o perfeita das torres, no caminho poder\u00e1 observar fauna suficiente para poder fotografar, e iniciar nosso retorno ao Hotel, fazendo uma parada no Mirador de Hoster\u00eda Peho\u00e9; um dos estabelecimentos tur\u00edsticos mais antigos do parque, e se o p\u00f4r-do-sol o permitir, leve os melhores postais deste local. Voc\u00ea retornar\u00e1 ao hotel \u00e0 noite.<\/p>\n<p>Dificuldade: baixa<br \/>\nDura\u00e7\u00e3o: 7 horas<\/p>\n<p><b>Trekking Base Torres:<\/b><br \/>\nUma das caminhadas mais famosas do Maci\u00e7o Paine, que \u00e9 exigente, mas recompensa com a vista imponente das tr\u00eas torres de granito. Esta caminhada se caracteriza por ser uma grande parte da subida em dire\u00e7\u00e3o ao mirante, no in\u00edcio constante por 1 hora margeando o rio Ascencio at\u00e9 chegar ao Paso de los Vientos.<\/p>\n<p>A partir daqui, s\u00e3o 30 minutos at\u00e9 o acampamento chileno, onde voc\u00ea pode fazer uma pequena pausa. A caminhada continua subindo pela mata por mais 1,5 horas, ganhando altura rapidamente e tendo vistas incr\u00edveis de forma\u00e7\u00f5es geol\u00f3gicas como dobras, fraturas e intrus\u00f5es de granito.<\/p>\n<p>A \u00faltima hora \u00e9 a mais forte, onde a trilha sobe em ziguezague por um setor de morena ou pedra solta, ficando exposta ao vento e ao clima imprevis\u00edvel.<\/p>\n<p>Chegando ao mirante ter\u00e1 de perto a cl\u00e1ssica vista das Torres del Paine e se o tempo o permitir poder\u00e1 almo\u00e7ar com esta fant\u00e1stica paisagem \u00e0 sua frente. A descida come\u00e7a pela mesma trilha e leva aproximadamente 4 horas para chegar ao ponto de partida. Esta excurs\u00e3o \u00e9 dif\u00edcil e cansativa para quem n\u00e3o est\u00e1 acostumado a caminhadas de longa dist\u00e2ncia.<\/p>\n<p>Dificuldade: alta<br \/>\nDura\u00e7\u00e3o: 8 horas \/ 12 km<\/p>\n<p><b>Cascata Pingo:<\/b><br \/>\nCome\u00e7ar\u00e1 muito cedo pela manh\u00e3, para sair do hotel e caminhar ao longo do Rio Pingo at\u00e9 \u00e0 zona de &#8220;Chorrillo los Salmones&#8221; uma cascata, onde depois de caminhar quase 1 hora e meia, entrar\u00e1 no Vale do Pingo, em onde voc\u00ea ter\u00e1 a sorte de avan\u00e7ar por uma floresta privilegiada que n\u00e3o foi tocada pelos inc\u00eandios do parque, mantendo intacto o habitat da flora e fauna do local.<\/p>\n<p>Ao percorrer a floresta voc\u00ea ter\u00e1 altos e baixos, o que pode ser mais dif\u00edcil quando chove, pois a trilha fica macia. \u00c0 medida que encontramos clareiras na floresta, voc\u00ea ter\u00e1 uma vis\u00e3o diferente do Maci\u00e7o Paine. Depois de caminhar entre 2 e 2,5 horas, voc\u00ea chegar\u00e1 ao mirante da Cachoeira do Pingo, uma impressionante corredeira de \u00e1gua que voc\u00ea apreciar\u00e1 de muito perto para poder almo\u00e7ar e fazer uma pausa ap\u00f3s a longa caminhada, antes de retornar ao longo do mesmo caminho para o hotel.<\/p>\n<p>Com sorte \u00e9 poss\u00edvel avistar flora e fauna muito diferentes do restante do parque, j\u00e1 que o tr\u00e2nsito de pessoas n\u00e3o \u00e9 permitido sem guia com a respectiva certifica\u00e7\u00e3o.<\/p>\n<p>Dificuldade: alta<br \/>\nDura\u00e7\u00e3o: 8,5 horas \/ 13 km<\/p>\n<p><b>Lazo-Weber:<\/b><br \/>\nAp\u00f3s 1,5 hrs de translado, voc\u00ea chegar\u00e1 ao setor da portaria Laguna Verde. Junto a este acesso encontra-se a Est\u00e2ncia Lazo, que \u00e9 o ponto de partida para o que ser\u00e1 um passeio de M\u00e9dia \u2013 Alta intensidade.<\/p>\n<p>A vista panor\u00e2mica do maci\u00e7o do Paine \u00e9 sem d\u00favida uma das principais atra\u00e7\u00f5es desta excurs\u00e3o. Lagoas com uma grande variedade de p\u00e1ssaros, florestas e flores fazem deste trekking uma \u00f3tima oportunidade de aprendizado para os mais curiosos.<\/p>\n<p>Uma vez no miradouro do Lago Toro, iniciar\u00e1 uma descida por um percurso \u00edngreme, para o qual \u00e9 necess\u00e1rio o uso de bengalas, que ser\u00e3o fornecidas pelo guia.<\/p>\n<p>Dificuldade: alta<br \/>\nDura\u00e7\u00e3o: 6 horas<\/p>\n<h3>Excurs\u00f5es Half Day<\/h3>\n<p><b>Navega\u00e7\u00e3o \u00e0 Geleira Grey:<\/b><br \/>\nNavegar at\u00e9 a Geleira Grey \u00e9 uma das excurs\u00f5es imperd\u00edveis durante sua visita ao Parque Nacional Torres del Paine. Esta viagem de 3 horas acontece a bordo do barco &#8220;Grey III&#8221; e permite desfrutar de uma paisagem incompar\u00e1vel composta por icebergs flutuantes, vegeta\u00e7\u00e3o exuberante e montanhas imponentes.<\/p>\n<p>* Navega\u00e7\u00e3o sujeita \u00e0s condi\u00e7\u00f5es meteorol\u00f3gicas e n\u00famero m\u00ednimo de passageiros nos meses de setembro, outubro, mar\u00e7o e abril.<\/p>\n<p><b>Trekking Mirante C\u00f3ndor:<\/b><br \/>\nVoc\u00ea ser\u00e1 transferido de ve\u00edculo por cerca de 45 minutos, at\u00e9 a dire\u00e7\u00e3o central do Parque Nacional Torres del Paine, onde se iniciar\u00e1 uma caminhada, \u00e9 uma caminhada simples com uma altura m\u00e1xima de 400 metros a partir de 45 metros, desde o in\u00edcio.<\/p>\n<p>\u00c9 uma vista incr\u00edvel do Rio Paine e do Lago Peho\u00e9, com suas cores turquesas e de frente para o magn\u00edfico Maci\u00e7o Paine. No alto deste miradouro, com sorte, \u00e9 poss\u00edvel avistar Condores, pois \u00e9 a plataforma de decolagem para esp\u00e9cies juvenis ensinadas pelos pais a voar.<\/p>\n<p>Dificuldade: baixa<br \/>\nDura\u00e7\u00e3o: 2 horas \/ 5,5 km<\/p>\n<p><b>Trekking Mirante Cuernos:<\/b><br \/>\nVoc\u00ea ser\u00e1 transferido de ve\u00edculo por cerca de 45 minutos at\u00e9 a \u00e1rea de estacionamento do mirante de Salto Grande, de onde come\u00e7ar\u00e1 uma caminhada simples.<\/p>\n<p>A paisagem \u00e9 da estepe patag\u00f4nica, onde predominam os Calafate (Berberis Microphyla), a Mata Barrosa (Mulinum Spinosum) e uma marcada floresta queimada de Lengas (Nothofagus Pumilio) e \u00d1irres (Nothofagus Antarctica), devido ao inc\u00eandio de 2011.<\/p>\n<p>Voc\u00ea chegar\u00e1 a um mirante com uma vista impressionante do Lago Nordenskj\u00f6ld, com os Cuernos del Paine atr\u00e1s em toda a sua magnitude. Tamb\u00e9m \u00e0 esquerda voc\u00ea tem uma excelente vista de Paine Grande e \u00e0 direita Almirante Nieto.<\/p>\n<p>De volta \u00e0 trilha, voc\u00ea far\u00e1 um desvio no \u00faltimo trecho do percurso e passar\u00e1 por uma das principais cachoeiras do parque, a imponente Salto Grande. Ap\u00f3s esta visita, voc\u00ea ser\u00e1 transferido de volta ao ve\u00edculo para chegar ao hotel. A volta leva aproximadamente 45 min.<\/p>\n<p>Dificuldade: alta<br \/>\nDura\u00e7\u00e3o: 5 horas \/ 10 km<\/p>\n<p><b>Monte Ferrier:<\/b><br \/>\nEsta \u00e9 uma excelente op\u00e7\u00e3o para ver a maior parte do Parque Nacional estando perto do hotel. Voc\u00ea subir\u00e1 primeiro a trilha desafiadora que leva ao Mirador Ferrier; a trilha \u00e9 muito \u00edngreme aproximadamente 60\u00b0 de eleva\u00e7\u00e3o e a altitude \u00e9 conquistada rapidamente (700 m.a.s.l.).<\/p>\n<p>No in\u00edcio, voc\u00ea contornar\u00e1 o rio antes de chegar ao mirante sempre ventoso, e depois entrar\u00e1 em uma bela floresta de Lengas (Nothofagus Pumilio).<\/p>\n<p>Aqui voc\u00ea ter\u00e1 vistas panor\u00e2micas espetaculares do Glaciar Grey e seus icebergs flutuantes no Lago, Maci\u00e7o Paine, Rio Paine, Lago Toro, Glaciar Pingo, entre outros.<\/p>\n<p>A descida \u00e9 pelo mesmo caminho; desta vez s\u00f3 descendo, para depois voltar ao hotel.<\/p>\n<p>Dificuldade: m\u00e9dia<br \/>\nDura\u00e7\u00e3o: 4 horas \/ 6,5 km<\/p>\n<p><b>Trekking Chorrillo Salmones:<\/b><br \/>\nSair\u00e1 a p\u00e9 do hotel, em dire\u00e7\u00e3o ao Rio Pingo, para entrar num caminho plano com ligeiras subidas e descidas. Come\u00e7ar\u00e1 margeando o rio e depois pela floresta com vista para Paine Grande e Cord\u00f3n Olguin, com dura\u00e7\u00e3o aproximada de 1 hora e meia, chegar\u00e1 ao mirante da cachoeira \u201cChorrillo Los Salmones\u201d, onde \u00e0s vezes se pode ver salm\u00f5es descendo pela cachoeira.<\/p>\n<p>O interessante deste setor \u00e9 que \u00e9 uma \u00e1rea que s\u00f3 pode ser explorada com um guia certificado do hotel, j\u00e1 que a floresta n\u00e3o foi afetada pelos \u00faltimos inc\u00eandios dentro do parque e tem um baixo fluxo de visitantes.<\/p>\n<p>O retorno pode ser interessante para avistar flora e fauna do local.<\/p>\n<p>Dificuldade: baixa<br \/>\nDura\u00e7\u00e3o: 2 horas \/ 5,5 km<\/p>\n<div class=\"divisor\"><\/div>\n<h2 id=\"detalle\">Detalhe<\/h2>\n<table>\n<tr>\n<th><i class=\"fa fa-check\" aria-hidden=\"true\"><\/i> Inclui<\/th>\n<\/tr>\n<tr>\n<td>\nTranslados privados IN\/OUT de Punta Arenas, Puerto Natales ou Cerro Castillo<br \/>\nEntrada ao Monumento Cueva del Milod\u00f3n (aplica-se somente IN\/OUT Punta Arenas e Puerto Natales)<br \/>\nEntrada ao Parque Nacional Torres del Paine<br \/>\nBuffet de caf\u00e9 da manh\u00e3, almo\u00e7o, box lunch e jantar no Hotel Lago Grey<br \/>\nBar aberto (vinho da casa, cervejas e bebidas nacionais)<br \/>\nBar aberto na Navega\u00e7\u00e3o \u00e0 Geleira (excluindo licores e vinhos premium)<br \/>\nExcurs\u00f5es com guia ingl\u00eas\/espanhol de acordo com lista e hor\u00e1rio de sa\u00eddas<br \/>\nWi-Fi (somente em \u00e1reas comuns)<br \/>\nHospedagem de acordo com o quarto selecionado\n<\/td>\n<\/tr>\n<\/table>\n<p><\/p>\n<table>\n<tr>\n<th><i class=\"fa fa-times\" aria-hidden=\"true\"><\/i> N\u00e3o inclui<\/th>\n<\/tr>\n<tr>\n<td>\nVoos para \/ de Punta Arenas<br \/>\nRefei\u00e7\u00f5es em tr\u00e2nsito<br \/>\nVinhos, licores e cervejas premium<br \/>\nServi\u00e7o de lavanderia<br \/>\nGorjetas<br \/>\nChamadas telef\u00f4nicas<br \/>\nRefei\u00e7\u00f5es n\u00e3o programadas no Hotel<br \/>\nEstadias fora do Parque Nacional Torres del Paine<br \/>\nSeguro de viagem<br \/>\nConex\u00e3o regular de e para El Calafate<br \/>\nSeguro de acidentes<br \/>\nServi\u00e7os n\u00e3o mencionados\n<\/td>\n<\/tr>\n<\/table>\n<div class=\"divisor\"><\/div>\n<h2 id=\"faq\">FAQ<\/h2>\n<h3>O que levar?<\/h3>\n<ul>\n<li>Agasalho tipo l\u00e3.<\/li>\n<li>Roupa imperme\u00e1vel (jaqueta e cal\u00e7a).<\/li>\n<li>Camiseta manga curta e longa.<\/li>\n<li>Primeira camada.<\/li>\n<li>Chap\u00e9u de sol.<\/li>\n<li>Chap\u00e9u, cachecol, luvas para o frio.<\/li>\n<li>T\u00eanis de trekking imperme\u00e1vel.<\/li>\n<li>\u00d3culos de sol.<\/li>\n<li>\u00d3culos de sol.<\/li>\n<li>\u00c1gua.<\/li>\n<\/ul>\n<h3>Quais s\u00e3o as recomenda\u00e7\u00f5es para esse programa?<\/h3>\n<p>Recomenda-se a contrata\u00e7\u00e3o de seguro de viagem, uma vez que n\u00e3o se responsabiliza por restitui\u00e7\u00f5es de dinheiro devido a problemas clim\u00e1ticos, fechamentos de estradas, fen\u00f4menos naturais, problemas de conex\u00f5es a\u00e9reas, manifesta\u00e7\u00f5es sociais ou pol\u00edticas ou outros problemas derivados destes, alheios \u00e0 vontade e controle da empresa, que impedem a chegada ou o acesso a Torres del Paine e ao hotel.<\/p>\n<p>Realizar atividades de acordo com as capacidades f\u00edsicas das pessoas.<\/p>\n<h3>Observa\u00e7\u00f5es:<\/h3>\n<p>As excurs\u00f5es devem ser reservadas no ato da confirma\u00e7\u00e3o do All Inclusive, por\u00e9m ele estar\u00e1 dispon\u00edvel para atender suas solicita\u00e7\u00f5es no hotel e poder\u00e1 modific\u00e1-las de acordo com suas necessidades.<\/p>\n<p>Todas as excurs\u00f5es est\u00e3o sujeitas \u00e0s condi\u00e7\u00f5es clim\u00e1ticas e ao n\u00famero m\u00ednimo de passageiros.<\/p>\n<p>Voc\u00ea deve informar sobre as refei\u00e7\u00f5es especiais no momento da reserva.<\/p>\n<p>Durante a baixa temporada n\u00e3o \u00e9 poss\u00edvel fazer as excurs\u00f5es \u00e0 Cascata do Pingo e ao tramo Lazo Weber.<\/p>\n<div class=\"divisor\"><\/div>\n<h2 id=\"condiciones\">Condi\u00e7\u00f5es<\/h2>\n<p>Confira as <span class=\"open-modal\" onclick=\"openModal()\">condi\u00e7\u00f5es de contrata\u00e7\u00e3o<\/span> do programa All Inclusive Lago Grey.<\/p>\n<div id=\"my-modal\" class=\"modal\">\n<button class=\"close-modal\" onclick=\"closeModal()\"><i class=\"fa fa-times\" aria-hidden=\"true\"><\/i><\/button><\/p>\n<p>As modifica\u00e7\u00f5es nas reservas devem ser feitas em um prazo superior a 15 dias a partir da chegada do passageiro, estar\u00e3o sujeitas \u00e0 disponibilidade e mantendo as mesmas caracter\u00edsticas da tarifa paga ou pagando a diferen\u00e7a, se houver, pelo servi\u00e7o modificado.<\/p>\n<p>Conhe\u00e7a nossos <a href=\"https:\/\/rebelviajes.com\/pt-br\/termos-e-condicoes\/\" target=\"_blank\" rel=\"noopener\">Termos e Condi\u00e7\u00f5es.<\/a>\n<\/div>\n","protected":false},"excerpt":{"rendered":"<p><strong>De Punta Arenas ou Puerto Natales at\u00e9 o Parque Torres del Paine<\/strong><br \/>\n4 dias \/ 3 noites<br \/>\nIn\u00edcio 07:30 (primeiro dia) \u2013 T\u00e9rmino 22:30 (\u00faltimo dia)<\/p>\n","protected":false},"featured_media":990113859,"comment_status":"open","ping_status":"closed","template":"","meta":{"site-sidebar-layout":"default","site-content-layout":"default","ast-site-content-layout":"default","site-content-style":"default","site-sidebar-style":"default","ast-global-header-display":"","ast-banner-title-visibility":"","ast-main-header-display":"","ast-hfb-above-header-display":"","ast-hfb-below-header-display":"","ast-hfb-mobile-header-display":"","site-post-title":"","ast-breadcrumbs-content":"","ast-featured-img":"","footer-sml-layout":"","ast-disable-related-posts":"","theme-transparent-header-meta":"default","adv-header-id-meta":"","stick-header-meta":"","header-above-stick-meta":"","header-main-stick-meta":"","header-below-stick-meta":"","astra-migrate-meta-layouts":"default","ast-page-background-enabled":"default","ast-page-background-meta":{"desktop":{"background-color":"","background-image":"","background-repeat":"repeat","background-position":"center center","background-size":"auto","background-attachment":"scroll","background-type":"","background-media":"","overlay-type":"","overlay-color":"","overlay-opacity":"","overlay-gradient":""},"tablet":{"background-color":"","background-image":"","background-repeat":"repeat","background-position":"center center","background-size":"auto","background-attachment":"scroll","background-type":"","background-media":"","overlay-type":"","overlay-color":"","overlay-opacity":"","overlay-gradient":""},"mobile":{"background-color":"","background-image":"","background-repeat":"repeat","background-position":"center center","background-size":"auto","background-attachment":"scroll","background-type":"","background-media":"","overlay-type":"","overlay-color":"","overlay-opacity":"","overlay-gradient":""}},"ast-content-background-meta":{"desktop":{"background-color":"var(--ast-global-color-5)","background-image":"","background-repeat":"repeat","background-position":"center center","background-size":"auto","background-attachment":"scroll","background-type":"","background-media":"","overlay-type":"","overlay-color":"","overlay-opacity":"","overlay-gradient":""},"tablet":{"background-color":"var(--ast-global-color-5)","background-image":"","background-repeat":"repeat","background-position":"center center","background-size":"auto","background-attachment":"scroll","background-type":"","background-media":"","overlay-type":"","overlay-color":"","overlay-opacity":"","overlay-gradient":""},"mobile":{"background-color":"var(--ast-global-color-5)","background-image":"","background-repeat":"repeat","background-position":"center center","background-size":"auto","background-attachment":"scroll","background-type":"","background-media":"","overlay-type":"","overlay-color":"","overlay-opacity":"","overlay-gradient":""}}},"product_brand":[],"product_cat":[349,602],"product_tag":[531,73,140],"class_list":{"0":"post-990117424","1":"product","2":"type-product","3":"status-publish","4":"has-post-thumbnail","6":"product_cat-programas-turisticos","7":"product_cat-puerto-natales-torres-del-paine-pt-br","8":"product_tag-programa-personalizado-nuevo-pt-br","9":"product_tag-puerto-natales-pt-br","10":"product_tag-torres-del-paine-pt-br","11":"desktop-align-left","12":"tablet-align-left","13":"mobile-align-left","15":"first","16":"instock","17":"sold-individually","18":"shipping-taxable","19":"purchasable","20":"product-type-variable"},"_links":{"self":[{"href":"https:\/\/rebelviajes.com\/pt-br\/wp-json\/wp\/v2\/product\/990117424","targetHints":{"allow":["GET"]}}],"collection":[{"href":"https:\/\/rebelviajes.com\/pt-br\/wp-json\/wp\/v2\/product"}],"about":[{"href":"https:\/\/rebelviajes.com\/pt-br\/wp-json\/wp\/v2\/types\/product"}],"replies":[{"embeddable":true,"href":"https:\/\/rebelviajes.com\/pt-br\/wp-json\/wp\/v2\/comments?post=990117424"}],"version-history":[{"count":0,"href":"https:\/\/rebelviajes.com\/pt-br\/wp-json\/wp\/v2\/product\/990117424\/revisions"}],"wp:featuredmedia":[{"embeddable":true,"href":"https:\/\/rebelviajes.com\/pt-br\/wp-json\/wp\/v2\/media\/990113859"}],"wp:attachment":[{"href":"https:\/\/rebelviajes.com\/pt-br\/wp-json\/wp\/v2\/media?parent=990117424"}],"wp:term":[{"taxonomy":"product_brand","embeddable":true,"href":"https:\/\/rebelviajes.com\/pt-br\/wp-json\/wp\/v2\/product_brand?post=990117424"},{"taxonomy":"product_cat","embeddable":true,"href":"https:\/\/rebelviajes.com\/pt-br\/wp-json\/wp\/v2\/product_cat?post=990117424"},{"taxonomy":"product_tag","embeddable":true,"href":"https:\/\/rebelviajes.com\/pt-br\/wp-json\/wp\/v2\/product_tag?post=990117424"}],"curies":[{"name":"wp","href":"https:\/\/api.w.org\/{rel}","templated":true}]}}