{"id":990124739,"date":"2024-03-20T21:09:54","date_gmt":"2025-03-03T16:46:13","guid":{"rendered":"https:\/\/rebelviajes.com\/producto\/w-guiado-inverno-alternativa-5d-4n\/"},"modified":"2025-03-13T09:52:49","modified_gmt":"2025-03-13T12:52:49","slug":"w-guiado-inverno-alternativa-5d-4n","status":"publish","type":"product","link":"https:\/\/rebelviajes.com\/pt-br\/product\/w-guiado-inverno-alternativa-5d-4n\/","title":{"rendered":"W Guiado Inverno Alternativa 5D 4N"},"content":{"rendered":"<h2 id=\"descripcion\">Descri\u00e7\u00e3o<\/h2>\n<h3>Dia 1: Chegada a Puerto Natales e check-in no Hostel Factor\u00eda<\/h3>\n<p>Aproveite um dia livre na cidade para realizar as atividades de sua escolha. Consulte nossas excurs\u00f5es dispon\u00edveis para aproveitar ao m\u00e1ximo sua estadia. <\/p>\n<h3>Dia 2: Explorando o Parque Nacional Torres del Paine &#8211; Caminhada at\u00e9 o Mirante da Base Torres<\/h3>\n<p>Ap\u00f3s desfrutar do caf\u00e9 da manh\u00e3 no hostel, um transfer privado estar\u00e1 \u00e0 sua espera para seguirmos em dire\u00e7\u00e3o ao Parque Nacional Torres del Paine. Durante o trajeto, voc\u00ea poder\u00e1 apreciar paisagens impressionantes enquanto nos dirigimos \u00e0 entrada principal, Laguna Amarga, onde ser\u00e1 necess\u00e1rio se registrar junto \u00e0 CONAF (Guardi\u00f5es do Parque), antes de continuar at\u00e9 o Centro de Boas-Vindas. <\/p>\n<p>Uma breve caminhada de aproximadamente 5 minutos nos levar\u00e1 \u00e0 Torre Central, ponto de partida para nossa trilha. Iniciaremos o trekking pelo Vale Ascencio, cercados por exuberantes florestas. Durante a subida final, atravessaremos um campo de rochas gigantes at\u00e9 alcan\u00e7armos um dos mirantes mais ic\u00f4nicos do mundo: o famoso Mirador Base Torres.  <\/p>\n<p>Localizado a uma altitude de 900 metros acima do n\u00edvel do mar, este mirante oferece uma vista impressionante das tr\u00eas torres de granito (norte, central e sul), al\u00e9m do deslumbrante lago glacial de cor turquesa que repousa aos seus p\u00e9s. Aproveite esse momento para capturar belas fotografias e desfrutar de um almo\u00e7o (box lunch) nesse cen\u00e1rio \u00fanico. <\/p>\n<p>Depois de nos encantarmos com a paisagem, iniciaremos o retorno pelo mesmo caminho at\u00e9 encontrarmos nosso transporte privado, que nos levar\u00e1 de volta a Puerto Natales.<\/p>\n<p>Dist\u00e2ncia: 22KM<br \/>\nDura\u00e7\u00e3o: 8-10 Horas<br \/>\nN\u00edvel de dificuldade: Muito exigente<\/p>\n<h3>Dia 3: Passeio de catamar\u00e3 e caminhada at\u00e9 Grey<\/h3>\n<p>Ap\u00f3s desfrutar do caf\u00e9 da manh\u00e3 no hostal e solicitar seu almo\u00e7o (lunch box), um transfer privado o levar\u00e1 at\u00e9 o setor Pudeto, onde voc\u00ea embarcar\u00e1 no catamar\u00e3 Hielos Patag\u00f3nicos. Durante aproximadamente 35 minutos, voc\u00ea navegar\u00e1 pelo pitoresco Lago Peho\u00e9 at\u00e9 chegar diretamente ao Ref\u00fagio Paine Grande. <\/p>\n<p>A partir daqui, come\u00e7a a emocionante caminhada em dire\u00e7\u00e3o ao Glaciar Grey. Inicie sua jornada adentrando um vale estreito e sinuoso que o conduzir\u00e1 at\u00e9 a Lagoa Los Patos. \u00c0 medida que avan\u00e7a, poder\u00e1 contemplar partes do imenso Campo de Gelo Sul, assim como os majestosos blocos de gelo flutuantes no Lago Grey.  <\/p>\n<p>Ap\u00f3s passar pelo mirante, que pode ser bastante ventoso, a trilha desce por uma floresta montanhosa at\u00e9 chegar ao ref\u00fagio. A partir desse ponto, se decidir caminhar mais 10 minutos, chegar\u00e1 ao mirante do Glaciar Grey, onde ficar\u00e1 cara a cara com um dos bra\u00e7os do Campo de Gelo Sul. O jantar ser\u00e1 servido no ref\u00fagio entre 18h e 21h.  <\/p>\n<p>N\u00edvel de dificuldade: M\u00e9dio<\/p>\n<p>Opcionalmente, para desfrutar de uma vista inesquec\u00edvel do Glaciar Grey, voc\u00ea pode reservar de 3 a 4 horas adicionais (ida e volta) para seguir at\u00e9 os famosos pontes suspensas. Este local oferece o melhor mirante do glaciar, permitindo que voc\u00ea contemple o impressionante gelo e as profundas ravinas formadas pelos rios e pelas cachoeiras que descem do Cord\u00f3n Olgu\u00edn. Se tiver sorte, poder\u00e1 presenciar blocos de gelo se desprendendo do glaciar. Al\u00e9m disso, voc\u00ea pode participar de atividades opcionais, como Ice Trekking ou caiaque no Glaciar Grey (atividades n\u00e3o inclu\u00eddas).   <\/p>\n<p>Dist\u00e2ncia: 4 KM<br \/>\nDura\u00e7\u00e3o: 3-4 horas<br \/>\nN\u00edvel de dificuldade: M\u00e9dia <\/p>\n<h3>Dia 4: De Grey a Paine Grande<\/h3>\n<p>Acorde e desfrute de um delicioso caf\u00e9 da manh\u00e3 no refeit\u00f3rio do Ref\u00fagio Grey, e n\u00e3o se esque\u00e7a de solicitar seu almo\u00e7o para levar. Se n\u00e3o teve a oportunidade de visitar os pontes suspensas na tarde anterior, pode aproveitar a manh\u00e3 para explorar as impressionantes vistas panor\u00e2micas do Glaciar Grey. <\/p>\n<p>Hoje, voc\u00ea seguir\u00e1 pelo mesmo caminho do dia anterior em seu trajeto de retorno para Paine Grande. Aproveite o tempo para descansar e, depois, desfrute de um jantar reconfortante no refeit\u00f3rio do ref\u00fagio. <\/p>\n<p>Dist\u00e2ncia: 11 KM<br \/>\nDura\u00e7\u00e3o: 4 &#8211; 4,5 horas<br \/>\nN\u00edvel de dificuldade: M\u00e9dia<\/p>\n<h3>Dia 5: Excurs\u00e3o ao Vale Franc\u00eas e retorno a Puerto Natales<\/h3>\n<p>A caminhada de hoje ser\u00e1 um trajeto de ida e volta, come\u00e7ando e terminando no Ref\u00fagio Paine Grande, por isso recomendamos que voc\u00ea comece cedo. Ap\u00f3s desfrutar do caf\u00e9 da manh\u00e3 no ref\u00fagio, solicite seu almo\u00e7o para levar e prepare-se para esta \u00faltima aventura antes de retornar a Puerto Natales. <\/p>\n<p>Siga em dire\u00e7\u00e3o ao cora\u00e7\u00e3o do parque, contornando as \u00e1guas azuladas do Lago Skottsberg. Ap\u00f3s aproximadamente 2,5 horas de caminhada, voc\u00ea chegar\u00e1 ao Campamento Italiano (posto dos guardas florestais), de onde iniciar\u00e1 sua subida em dire\u00e7\u00e3o ao Vale do Franc\u00eas. <\/p>\n<p>Escale grandes rochas e avance atrav\u00e9s da floresta at\u00e9 chegar ao Plateau do Franc\u00eas, onde ser\u00e1 recompensado com vistas impressionantes de Los Cuernos, das lagunas glaciares de um deslumbrante tom turquesa e dos impressionantes glaciares suspensos que descem pela face leste da montanha Paine Grande (com uma altitude de 3.050 metros acima do n\u00edvel do mar). Se tiver sorte, poder\u00e1 ouvir o estrondo do glaciar e a \u00e1gua caindo, e talvez at\u00e9 presenciar uma avalanche. <\/p>\n<p>Aproveite seu almo\u00e7o e um merecido descanso neste lugar \u00fanico. Des\u00e7a a mesma trilha at\u00e9 o Acampamento Italiano e depois at\u00e9 o Ref\u00fagio Paine Grande. Ao chegar, embarque no catamar\u00e3, que o levar\u00e1 de volta a Pudeto, onde um transfer privado estar\u00e1 esperando para lev\u00e1-lo de volta a Puerto Natales.<\/p>\n<p>Dist\u00e2ncia: 11 KM<br \/>\nDura\u00e7\u00e3o: 4 &#8211; 4,5 horas<br \/>\nN\u00edvel de dificuldade: M\u00e9dia <\/p>\n<div class=\"divisor\"><\/div>\n<h2 id=\"itinerario\">Itiner\u00e1rio<\/h2>\n<p>Dia 1: Chegada em Puerto Natales e acomoda\u00e7\u00e3o em um albergue<br \/>\nDia 2: Parque Nacional Torres del Paine \u2013 Caminhada at\u00e9 a Base Torres.<br \/>\nDia 3: Catamar\u00e3 \u2013 Caminhada at\u00e9 Grey.<br \/>\nDia 4: Caminhada at\u00e9 Paine Grande.<br \/>\nDia 5: Excurs\u00e3o ao Vale Franc\u00eas \u2013 Catamar\u00e3 \u2013 Retorno a Puerto Natales<\/p>\n<div class=\"divisor\"><\/div>\n<h2 id=\"detalle\">Detalhe<\/h2>\n<table>\n<tbody>\n<tr>\n<th><i class=\"fa fa-check\" aria-hidden=\"true\"><\/i> Inclui<\/th>\n<\/tr>\n<tr>\n<td>\n02 noites de hospedagem no Hostel Factor\u00eda em Puerto Natales<br \/>\n02 noites de hospedagem em ref\u00fagios no Parque Nacional Torres del Paine<br \/>\nTraslado privado Puerto Natales &#8211; Centro de Bem-vindos &#8211; Puerto Natales<br \/>\nTraslado privado Puerto Natales &#8211; Pudeto &#8211; Puerto Natales<br \/>\nAlimenta\u00e7\u00e3o conforme o itiner\u00e1rio<br \/>\nTicket de Catamar\u00e3<br \/>\nEntrada no Parque Nacional Torres del Paine<br \/>\nGuia bil\u00edngue (espanhol\/ingl\u00eas)\n<\/td>\n<\/tr>\n<\/tbody>\n<\/table>\n<table>\n<tbody>\n<tr>\n<th><i class=\"fa fa-times\" aria-hidden=\"true\"><\/i> N\u00e3o inclui<\/th>\n<\/tr>\n<tr>\n<td>\nSeguro m\u00e9dico<br \/>\nSeguro de viagem<br \/>\nVoos<br \/>\nAlimenta\u00e7\u00e3o n\u00e3o mencionada<br \/>\nGorjetas<br \/>\nDespesas pessoais<br \/>\nCarregador (porteador)\n<\/td>\n<\/tr>\n<\/tbody>\n<\/table>\n<div class=\"divisor\"><\/div>\n<h2 id=\"faq\">FAQ<\/h2>\n<div class=\"divisor\"><\/div>\n<h2 id=\"condiciones\">Condi\u00e7\u00f5es<\/h2>\n<p>Conhe\u00e7a nossos <a href=\"https:\/\/rebelviajes.com\/pt-br\/termos-e-condicoes\/\" target=\"_blank\" rel=\"noopener\">Termos e Condi\u00e7\u00f5es<\/a>.<\/p>\n","protected":false},"excerpt":{"rendered":"<p>Saindo de Puerto Natales<br \/>\n5 dias \/ 4 noites<\/p>\n","protected":false},"featured_media":990124292,"comment_status":"open","ping_status":"closed","template":"","meta":{"site-sidebar-layout":"default","site-content-layout":"default","ast-site-content-layout":"default","site-content-style":"default","site-sidebar-style":"default","ast-global-header-display":"","ast-banner-title-visibility":"","ast-main-header-display":"","ast-hfb-above-header-display":"","ast-hfb-below-header-display":"","ast-hfb-mobile-header-display":"","site-post-title":"","ast-breadcrumbs-content":"","ast-featured-img":"","footer-sml-layout":"","ast-disable-related-posts":"","theme-transparent-header-meta":"default","adv-header-id-meta":"","stick-header-meta":"","header-above-stick-meta":"","header-main-stick-meta":"","header-below-stick-meta":"","astra-migrate-meta-layouts":"default","ast-page-background-enabled":"default","ast-page-background-meta":{"desktop":{"background-color":"","background-image":"","background-repeat":"repeat","background-position":"center center","background-size":"auto","background-attachment":"scroll","background-type":"","background-media":"","overlay-type":"","overlay-color":"","overlay-opacity":"","overlay-gradient":""},"tablet":{"background-color":"","background-image":"","background-repeat":"repeat","background-position":"center center","background-size":"auto","background-attachment":"scroll","background-type":"","background-media":"","overlay-type":"","overlay-color":"","overlay-opacity":"","overlay-gradient":""},"mobile":{"background-color":"","background-image":"","background-repeat":"repeat","background-position":"center center","background-size":"auto","background-attachment":"scroll","background-type":"","background-media":"","overlay-type":"","overlay-color":"","overlay-opacity":"","overlay-gradient":""}},"ast-content-background-meta":{"desktop":{"background-color":"var(--ast-global-color-5)","background-image":"","background-repeat":"repeat","background-position":"center center","background-size":"auto","background-attachment":"scroll","background-type":"","background-media":"","overlay-type":"","overlay-color":"","overlay-opacity":"","overlay-gradient":""},"tablet":{"background-color":"var(--ast-global-color-5)","background-image":"","background-repeat":"repeat","background-position":"center center","background-size":"auto","background-attachment":"scroll","background-type":"","background-media":"","overlay-type":"","overlay-color":"","overlay-opacity":"","overlay-gradient":""},"mobile":{"background-color":"var(--ast-global-color-5)","background-image":"","background-repeat":"repeat","background-position":"center center","background-size":"auto","background-attachment":"scroll","background-type":"","background-media":"","overlay-type":"","overlay-color":"","overlay-opacity":"","overlay-gradient":""}}},"product_brand":[],"product_cat":[506,349,602],"product_tag":[532],"class_list":{"0":"post-990124739","1":"product","2":"type-product","3":"status-publish","4":"has-post-thumbnail","6":"product_cat-chile-pt-br","7":"product_cat-programas-turisticos","8":"product_cat-puerto-natales-torres-del-paine-pt-br","9":"product_tag-programa-simple-nuevo-pt-br-2","10":"desktop-align-left","11":"tablet-align-left","12":"mobile-align-left","14":"first","15":"instock","16":"sold-individually","17":"shipping-taxable","18":"purchasable","19":"product-type-simple"},"_links":{"self":[{"href":"https:\/\/rebelviajes.com\/pt-br\/wp-json\/wp\/v2\/product\/990124739","targetHints":{"allow":["GET"]}}],"collection":[{"href":"https:\/\/rebelviajes.com\/pt-br\/wp-json\/wp\/v2\/product"}],"about":[{"href":"https:\/\/rebelviajes.com\/pt-br\/wp-json\/wp\/v2\/types\/product"}],"replies":[{"embeddable":true,"href":"https:\/\/rebelviajes.com\/pt-br\/wp-json\/wp\/v2\/comments?post=990124739"}],"version-history":[{"count":0,"href":"https:\/\/rebelviajes.com\/pt-br\/wp-json\/wp\/v2\/product\/990124739\/revisions"}],"wp:featuredmedia":[{"embeddable":true,"href":"https:\/\/rebelviajes.com\/pt-br\/wp-json\/wp\/v2\/media\/990124292"}],"wp:attachment":[{"href":"https:\/\/rebelviajes.com\/pt-br\/wp-json\/wp\/v2\/media?parent=990124739"}],"wp:term":[{"taxonomy":"product_brand","embeddable":true,"href":"https:\/\/rebelviajes.com\/pt-br\/wp-json\/wp\/v2\/product_brand?post=990124739"},{"taxonomy":"product_cat","embeddable":true,"href":"https:\/\/rebelviajes.com\/pt-br\/wp-json\/wp\/v2\/product_cat?post=990124739"},{"taxonomy":"product_tag","embeddable":true,"href":"https:\/\/rebelviajes.com\/pt-br\/wp-json\/wp\/v2\/product_tag?post=990124739"}],"curies":[{"name":"wp","href":"https:\/\/api.w.org\/{rel}","templated":true}]}}