{"id":990124752,"date":"2024-03-07T16:10:53","date_gmt":"2024-03-07T19:10:53","guid":{"rendered":"https:\/\/rebelviajes.com\/producto\/navegacao-pelo-canal-da-montanha\/"},"modified":"2025-05-01T10:51:25","modified_gmt":"2025-05-01T14:51:25","slug":"navegacao-pelo-canal-da-montanha","status":"publish","type":"product","link":"https:\/\/rebelviajes.com\/pt-br\/product\/navegacao-pelo-canal-da-montanha\/","title":{"rendered":"Navega\u00e7\u00e3o pelo Canal da Montanha"},"content":{"rendered":"<h2 id=\"descripcion\">Descri\u00e7\u00e3o<\/h2>\n<p>Embarque em uma aventura inesquec\u00edvel pelo majestoso Canal das Montanhas, partindo de Puerto Natales, onde a natureza se revela em toda a sua grandiosidade. Desde o momento em que subir a bordo, voc\u00ea ser\u00e1 transportado para um mundo de maravilhas naturais e paisagens deslumbrantes. <\/p>\n<p>A jornada come\u00e7a com a emo\u00e7\u00e3o palp\u00e1vel no ar enquanto voc\u00ea adentra o canal a partir do porto de Natales. \u00c0 medida que a embarca\u00e7\u00e3o avan\u00e7a, voc\u00ea ser\u00e1 testemunha da beleza incompar\u00e1vel da regi\u00e3o, com suas \u00e1guas azuladas que se fundem ao horizonte, cercadas por imponentes montanhas que se erguem majestosas em dire\u00e7\u00e3o ao c\u00e9u. <\/p>\n<p>Durante a viagem, voc\u00ea ter\u00e1 a oportunidade de admirar a diversidade da flora e fauna que habitam essas terras selvagens. Poder\u00e1 avistar aves marinhas, como cormor\u00f5es e albatrozes, deslizando pelos c\u00e9us, enquanto focas e le\u00f5es-marinhos surgem entre as rochas em busca do sol. <\/p>\n<p>O percurso tamb\u00e9m o levar\u00e1 a explorar passagens estreitas e cabos emblem\u00e1ticos, como a Angostura Kirke e o Cabo Gray, de onde se abre diante de voc\u00ea a entrada para o Fiorde das Montanhas. Aqui, voc\u00ea ser\u00e1 testemunha da grandiosidade da Cordilheira Sarmiento, cujos glaciares, como o Zamudio, Bernal e Herman, deslizam majestosamente em dire\u00e7\u00e3o ao mar. <\/p>\n<p>Aproveite momentos de relax enquanto saboreia um delicioso aperitivo a bordo, deixando-se envolver pela beleza indescrit\u00edvel da paisagem ao seu redor. Finalmente, voc\u00ea retornar\u00e1 ao Porto de Natales com o cora\u00e7\u00e3o repleto de mem\u00f3rias inesquec\u00edveis e a certeza de ter vivido uma experi\u00eancia \u00fanica no Canal das Montanhas. <\/p>\n<h3>Itiner\u00e1rio<\/h3>\n<p><b>07:30<\/b> Registro no escrit\u00f3rio para dar in\u00edcio a jornada.<\/p>\n<p><b>08:00<\/b> Partida desde Puerto Bories.<br \/>\nOs passageiros s\u00e3o recebidos a bordo com uma introdu\u00e7\u00e3o e as instru\u00e7\u00f5es de seguran\u00e7a necess\u00e1rias s\u00e3o fornecidas.<\/p>\n<p><b>08:30<\/b> O caf\u00e9 da manh\u00e3 ser\u00e1 servido a bordo enquanto navegamos pelo Canal Se\u00f1oret, Ba\u00eda Natales, Golfo Almirante Montt e Canal Vald\u00e9s.<\/p>\n<p><b>09:30<\/b> Chegada a Angostura Kirke.<\/p>\n<p><b>10:30<\/b> Visita ao Cabo Gray, onde est\u00e1 localizado o farol que marca o in\u00edcio do espetacular Fiorde das Montanhas. A partir deste ponto, \u00e9 poss\u00edvel admirar a majestosa Pen\u00ednsula das Montanhas, lar da Cordilheira Sarmiento, de onde descem os glaciares que em breve contemplaremos: Zamudio, Bernal, Herman, Alsina e Paredes. <\/p>\n<p><b>12:30<\/b> Hora de desfrutar de um aperitivo a bordo.<\/p>\n<p><b>13:30<\/b> Partida do fiorde Las Monta\u00f1as para iniciar a viagem de retorno.<\/p>\n<p><b>15:00<\/b> Ch\u00e1 e caf\u00e9 s\u00e3o oferecidos a bordo enquanto navegamos pelo Canal Santa Mar\u00eda, com vistas para o Grupo La Paz, popularmente conhecido como &#8220;Cerro Rat\u00f3n&#8221;, localizado na Pen\u00ednsula Roca.<\/p>\n<p><b>16:30<\/b> Retorno ao porto de Bories.<\/p>\n<p><b>17:00<\/b> Fim da excurs\u00e3o com retorno a Natales.<\/p>\n<div class=\"divisor\"><\/div>\n<h2 id=\"detalle\">Detalhe<\/h2>\n<table>\n<tbody>\n<tr>\n<th><i class=\"fa fa-check\" aria-hidden=\"true\"><\/i> Inclui<\/th>\n<\/tr>\n<tr>\n<td>\nCaf\u00e9, ch\u00e1 e suco<br \/>\nAperitivo de u\u00edsque com gelo milenar<br \/>\nPalestra de seguran\u00e7a<br \/>\nGuias bil\u00edngues com certifica\u00e7\u00e3o WFR<br \/>\nSeguro de navega\u00e7\u00e3o\n<\/td>\n<\/tr>\n<\/tbody>\n<\/table>\n<table>\n<tbody>\n<tr>\n<th><i class=\"fa fa-times\" aria-hidden=\"true\"><\/i> N\u00e3o inclui<\/th>\n<\/tr>\n<tr>\n<td>\nAlimenta\u00e7\u00e3o<br \/>\nTraslados n\u00e3o mencionados<br \/>\nGorjetas<br \/>\nTrekking ou outras excurs\u00f5es\n<\/td>\n<\/tr>\n<\/tbody>\n<\/table>\n<div class=\"divisor\"><\/div>\n<h2 id=\"faq\">FAQ<\/h2>\n<h3>A navega\u00e7\u00e3o inclui alimenta\u00e7\u00e3o?<\/h3>\n<p>N\u00e3o inclui alimenta\u00e7\u00e3o, mas podemos providenciar um suplemento alimentar para que voc\u00ea tenha um lanche (box lunch).<\/p>\n<div class=\"divisor\"><\/div>\n<h2 id=\"condiciones\">Condi\u00e7\u00f5es<\/h2>\n<p>A atividade pode ser cancelada gratuitamente at\u00e9 72 horas antes do hor\u00e1rio de in\u00edcio da atividade.<\/p>\n<p>Conhe\u00e7a nossos <a href=\"https:\/\/rebelviajes.com\/pt-br\/termos-e-condicoes\/\" target=\"_blank\" rel=\"noopener\">Termos e Condi\u00e7\u00f5es<\/a>.<\/p>\n","protected":false},"excerpt":{"rendered":"<p>Sa\u00eddas de <strong>Puerto Natales<\/strong><br \/>\n<strong>Todos os dias<\/strong><br \/>\nHor\u00e1rio:<strong> in\u00edcio \u00e0s 07:30 &#8211; t\u00e9rmino \u00e0s 17h00<\/strong><\/p>\n","protected":false},"featured_media":990120385,"comment_status":"open","ping_status":"closed","template":"","meta":{"site-sidebar-layout":"default","site-content-layout":"default","ast-site-content-layout":"default","site-content-style":"default","site-sidebar-style":"default","ast-global-header-display":"","ast-banner-title-visibility":"","ast-main-header-display":"","ast-hfb-above-header-display":"","ast-hfb-below-header-display":"","ast-hfb-mobile-header-display":"","site-post-title":"","ast-breadcrumbs-content":"","ast-featured-img":"","footer-sml-layout":"","ast-disable-related-posts":"","theme-transparent-header-meta":"default","adv-header-id-meta":"","stick-header-meta":"","header-above-stick-meta":"","header-main-stick-meta":"","header-below-stick-meta":"","astra-migrate-meta-layouts":"default","ast-page-background-enabled":"default","ast-page-background-meta":{"desktop":{"background-color":"","background-image":"","background-repeat":"repeat","background-position":"center center","background-size":"auto","background-attachment":"scroll","background-type":"","background-media":"","overlay-type":"","overlay-color":"","overlay-opacity":"","overlay-gradient":""},"tablet":{"background-color":"","background-image":"","background-repeat":"repeat","background-position":"center center","background-size":"auto","background-attachment":"scroll","background-type":"","background-media":"","overlay-type":"","overlay-color":"","overlay-opacity":"","overlay-gradient":""},"mobile":{"background-color":"","background-image":"","background-repeat":"repeat","background-position":"center center","background-size":"auto","background-attachment":"scroll","background-type":"","background-media":"","overlay-type":"","overlay-color":"","overlay-opacity":"","overlay-gradient":""}},"ast-content-background-meta":{"desktop":{"background-color":"var(--ast-global-color-5)","background-image":"","background-repeat":"repeat","background-position":"center center","background-size":"auto","background-attachment":"scroll","background-type":"","background-media":"","overlay-type":"","overlay-color":"","overlay-opacity":"","overlay-gradient":""},"tablet":{"background-color":"var(--ast-global-color-5)","background-image":"","background-repeat":"repeat","background-position":"center center","background-size":"auto","background-attachment":"scroll","background-type":"","background-media":"","overlay-type":"","overlay-color":"","overlay-opacity":"","overlay-gradient":""},"mobile":{"background-color":"var(--ast-global-color-5)","background-image":"","background-repeat":"repeat","background-position":"center center","background-size":"auto","background-attachment":"scroll","background-type":"","background-media":"","overlay-type":"","overlay-color":"","overlay-opacity":"","overlay-gradient":""}}},"product_brand":[],"product_cat":[347,602],"product_tag":[530,508],"class_list":{"0":"post-990124752","1":"product","2":"type-product","3":"status-publish","4":"has-post-thumbnail","6":"product_cat-full-day-pt","7":"product_cat-puerto-natales-torres-del-paine-pt-br","8":"product_tag-excursion-nueva-pt-br","9":"product_tag-puerto-natales-pt-br-2","10":"desktop-align-left","11":"tablet-align-left","12":"mobile-align-left","14":"first","15":"instock","16":"virtual","17":"sold-individually","18":"purchasable","19":"product-type-simple"},"_links":{"self":[{"href":"https:\/\/rebelviajes.com\/pt-br\/wp-json\/wp\/v2\/product\/990124752","targetHints":{"allow":["GET"]}}],"collection":[{"href":"https:\/\/rebelviajes.com\/pt-br\/wp-json\/wp\/v2\/product"}],"about":[{"href":"https:\/\/rebelviajes.com\/pt-br\/wp-json\/wp\/v2\/types\/product"}],"replies":[{"embeddable":true,"href":"https:\/\/rebelviajes.com\/pt-br\/wp-json\/wp\/v2\/comments?post=990124752"}],"version-history":[{"count":0,"href":"https:\/\/rebelviajes.com\/pt-br\/wp-json\/wp\/v2\/product\/990124752\/revisions"}],"wp:featuredmedia":[{"embeddable":true,"href":"https:\/\/rebelviajes.com\/pt-br\/wp-json\/wp\/v2\/media\/990120385"}],"wp:attachment":[{"href":"https:\/\/rebelviajes.com\/pt-br\/wp-json\/wp\/v2\/media?parent=990124752"}],"wp:term":[{"taxonomy":"product_brand","embeddable":true,"href":"https:\/\/rebelviajes.com\/pt-br\/wp-json\/wp\/v2\/product_brand?post=990124752"},{"taxonomy":"product_cat","embeddable":true,"href":"https:\/\/rebelviajes.com\/pt-br\/wp-json\/wp\/v2\/product_cat?post=990124752"},{"taxonomy":"product_tag","embeddable":true,"href":"https:\/\/rebelviajes.com\/pt-br\/wp-json\/wp\/v2\/product_tag?post=990124752"}],"curies":[{"name":"wp","href":"https:\/\/api.w.org\/{rel}","templated":true}]}}