{"id":990124794,"date":"2024-03-07T12:46:34","date_gmt":"2025-03-04T13:55:13","guid":{"rendered":"https:\/\/rebelviajes.com\/producto\/excursao-guiada-de-inverno-ao-glaciar-grey-e-ao-vale-frances-5d-4n\/"},"modified":"2025-03-04T10:55:13","modified_gmt":"2025-03-04T13:55:13","slug":"excursao-guiada-de-inverno-ao-glaciar-grey-e-ao-vale-frances-5d-4n","status":"publish","type":"product","link":"https:\/\/rebelviajes.com\/pt-br\/product\/excursao-guiada-de-inverno-ao-glaciar-grey-e-ao-vale-frances-5d-4n\/","title":{"rendered":"Excurs\u00e3o guiada de inverno ao Glaciar Grey e ao Vale Franc\u00eas 5D 4N"},"content":{"rendered":"<h2 id=\"descripcion\">Descri\u00e7\u00e3o<\/h2>\n<p>Descubra a majestade do inverno no Parque Nacional Torres del Paine com nossa excurs\u00e3o guiada de 5 dias e 4 noites ao Glaciar Grey e ao Vale do Franc\u00eas. Embarque em uma experi\u00eancia inesquec\u00edvel enquanto explora paisagens intocadas cobertas de neve, caminha entre imponentes glaciares e se deslumbra com vistas panor\u00e2micas de picos nevados.  <\/p>\n<h3>Dia 1: Chegada ao Ref\u00fagio Grey<\/h3>\n<p>A emocionante jornada come\u00e7a cedo, quando o servi\u00e7o de traslado o levar\u00e1 ao Parque Nacional Torres del Paine. Durante o trajeto, voc\u00ea ser\u00e1 envolvido por paisagens impressionantes at\u00e9 chegar ao Hotel Grey, onde realizar\u00e1 o registro de entrada e embarcar\u00e1 no Navegaci\u00f3n Grey III. Esta navega\u00e7\u00e3o o levar\u00e1 a um dos lugares mais impressionantes do parque: o Setor Grey. Durante sua estadia, voc\u00ea ter\u00e1 a oportunidade de explorar o local, remar de caiaque at\u00e9 o glaciar (atividade com custo adicional) e visitar os ic\u00f4nicos Pontes Suspensas, de onde poder\u00e1 contemplar vistas espetaculares da paisagem glacial.  <\/p>\n<h3>Dia 2: Dia livre em Grey<\/h3>\n<p>Para desfrutar de uma vista inesquec\u00edvel do Glaciar Grey, hoje voc\u00ea tem v\u00e1rias op\u00e7\u00f5es. Voc\u00ea pode reservar de 3 a 4 horas (ida e volta) para caminhar at\u00e9 os famosos Pontes Suspensas, um local que oferece, sem d\u00favida, a melhor perspectiva do glaciar. Al\u00e9m de contemplar a impressionante massa de gelo, voc\u00ea poder\u00e1 admirar a profundidade das ravinas formadas pelos rios e pelas cachoeiras que descem do Cord\u00f3n Olgu\u00edn. Se tiver sorte, poder\u00e1 testemunhar o desprendimento de blocos de gelo, que caem nas frias \u00e1guas do Lago Grey.<br \/>\n\u00c0 tarde, voc\u00ea pode participar de atividades opcionais, como uma caminhada sobre o gelo ou um emocionante passeio de caiaque no Glaciar Grey. Ap\u00f3s um dia repleto de aventuras, desfrute de um jantar reconfortante no ref\u00fagio e relaxe, aproveitando os momentos inesquec\u00edveis da sua jornada.     <\/p>\n<p>Dist\u00e2ncia at\u00e9 Puentes Colgantes: 4KM<br \/>\nDura\u00e7\u00e3o: 3-4 horas (ida e volta)<br \/>\nDificuldade: M\u00e9dia<\/p>\n<h3>Dia 3: Caminhada de Grey a Paine Grande<\/h3>\n<p>Ap\u00f3s desfrutar do caf\u00e9 da manh\u00e3 no Ref\u00fagio Grey, voc\u00ea ter\u00e1 a manh\u00e3 livre para explorar atividades que ainda n\u00e3o vivenciou neste belo canto do parque. Solicite seu almo\u00e7o para levar ou aproveite para sabore\u00e1-lo no ref\u00fagio antes de se preparar para iniciar a caminhada de retorno para Paine Grande. <\/p>\n<p>A poucos minutos do in\u00edcio da caminhada, voc\u00ea se ver\u00e1 maravilhado com os espetaculares paisagens dos Campos de Gelo Sul e os blocos de gelo flutuantes no Lago Grey. A trilha seguir\u00e1 em ascens\u00e3o atrav\u00e9s de um bosque montanhoso, at\u00e9 chegar ao mirante do Glaciar Grey, que pode ser ventoso, mas sempre impressionante. Voc\u00ea continuar\u00e1 a caminhada at\u00e9 alcan\u00e7ar a Laguna Los Patos, de onde iniciar\u00e1 a descida por um vale estreito e ventoso, que o levar\u00e1 diretamente ao Ref\u00fagio Paine Grande.  <\/p>\n<p>Desfrute de um jantar reconfortante no ref\u00fagio para recarregar as energias ap\u00f3s um dia de explora\u00e7\u00e3o emocionante.<\/p>\n<p>Dist\u00e2ncia: 11km<br \/>\nDura\u00e7\u00e3o: 4-4.5 horas<br \/>\nDificuldade: M\u00e9dia<\/p>\n<h3>Dia 4: Excurs\u00e3o ao Vale Franc\u00eas<\/h3>\n<p>A caminhada de hoje ser\u00e1 uma aventura de ida e volta, come\u00e7ando e terminando em Paine Grande. Voc\u00ea adentrar\u00e1 o cora\u00e7\u00e3o do parque, margeando as tranquilas \u00e1guas do Lago Skottsberg. Ap\u00f3s aproximadamente 2h30 de caminhada, voc\u00ea chegar\u00e1 ao Campamento Italiano, ponto de partida para explorar o Vale do Franc\u00eas. A trilha seguir\u00e1 em ascens\u00e3o entre grandes rochas e continuar\u00e1 por uma floresta densa, at\u00e9 alcan\u00e7ar o Mirante Franc\u00eas. Deste ponto, voc\u00ea ser\u00e1 recompensado com vistas impressionantes de Los Cuernos, das lagunas glaciares de um turquesa brilhante e dos imponentes glaciares suspensos que descem pela face leste da montanha Paine Grande (3.050 m de altitude). Se tiver sorte, poder\u00e1 ouvir o estrondo do glaciar e a queda da \u00e1gua, e \u00e9 bastante comum presenciar alguma avalanche. Aproveite para desfrutar do seu almo\u00e7o e fazer um merecido descanso antes de iniciar o retorno.      <\/p>\n<p>Voc\u00ea descer\u00e1 pelo mesmo caminho de volta ao Campamento Italiano e, em seguida, retornar\u00e1 ao Ref\u00fagio Paine Grande. Para finalizar este dia de explora\u00e7\u00e3o, desfrute de um jantar reconfortante no ref\u00fagio e recupere as energias para as pr\u00f3ximas aventuras. <\/p>\n<p>Dist\u00e2ncia: 15 km<br \/>\nDura\u00e7\u00e3o: 7-8 horas<br \/>\nDificuldade: Exigente<\/p>\n<h3>Dia 5: Sa\u00edda do Parque e Retorno a Puerto Natales<\/h3>\n<p>Desfrute de um caf\u00e9 da manh\u00e3 reconfortante no refeit\u00f3rio do Ref\u00fagio Paine Grande e n\u00e3o se esque\u00e7a de solicitar seu almo\u00e7o para levar. Neste dia, voc\u00ea ter\u00e1 a oportunidade de explorar os arredores e fazer um passeio pela regi\u00e3o antes de iniciar sua viagem de retorno. Voc\u00ea seguir\u00e1 por um caminho pouco transitado do parque, a Trilha Las Carretas. Ao chegar ao final da trilha, um servi\u00e7o de traslado privado estar\u00e1 esperando por voc\u00ea na \u00e1rea de administra\u00e7\u00e3o, pronto para lev\u00e1-lo de volta a Puerto Natales.   <\/p>\n<p>Dist\u00e2ncia: 17km<br \/>\nDura\u00e7\u00e3o: 76 hrs.<br \/>\nDificuldade: M\u00e9dia<\/p>\n<div class=\"divisor\"><\/div>\n<h2 id=\"itinerario\">Itiner\u00e1rio<\/h2>\n<p>Dia 1: Chegada ao Parque Nacional Torres del Paine \u2013 Grey III<br \/>\nDia 2: Dia livre em Grey para atividades.<br \/>\nDia 3: Caminhada at\u00e9 Paine Grande.<br \/>\nDia 4: Caminhada at\u00e9 o cora\u00e7\u00e3o do parque, Vale do Franc\u00eas<br \/>\nDia 5: Caminhada pela Trilha Las Carretas e retorno a Puerto Natales<\/p>\n<div class=\"divisor\"><\/div>\n<h2 id=\"detalle\">Detalhe<\/h2>\n<table>\n<tbody>\n<tr>\n<th><i class=\"fa fa-check\" aria-hidden=\"true\"><\/i> Inclui<\/th>\n<\/tr>\n<tr>\n<td>\n04 noites de acomoda\u00e7\u00e3o no ref\u00fagio<br \/>\nTraslado regular partindo do hotel em Pto. Natales at\u00e9 P.N Torres del Paine<br \/>\nTraslado Privado partindo de P.N Torres del Paine at\u00e9 hotel em Pto. Natales<br \/>\nAlimenta\u00e7\u00e3o conforme itiner\u00e1rio<br \/>\nIngresso Navega\u00e7\u00e3o Grey III<br \/>\nEntrada para o Parque Nacional Torres del Paine<br \/>\nGuia bilingue em todo o circuito\n<\/td>\n<\/tr>\n<\/tbody>\n<\/table>\n<table>\n<tbody>\n<tr>\n<th><i class=\"fa fa-times\" aria-hidden=\"true\"><\/i> N\u00e3o inclui<\/th>\n<\/tr>\n<tr>\n<td>\nV\u00f4os<br \/>\nSeguros<br \/>\nTraslados, alimenta\u00e7\u00e3o e outros servi\u00e7os n\u00e3o mencionados<br \/>\nGorjetas<br \/>\nCarregador<br \/>\nGastos pessoais\n<\/td>\n<\/tr>\n<\/tbody>\n<\/table>\n<div class=\"divisor\"><\/div>\n<h2 id=\"faq\">FAQ<\/h2>\n<h3>O que est\u00e1 inclu\u00eddo na minha hospedagem no ref\u00fagio?<\/h3>\n<p>A hospedagem no ref\u00fagio \u00e9 em dormit\u00f3rios compartilhados e mistos, com beliches. A cama arrumada inclui len\u00e7\u00f3is, cobertor e travesseiro. <\/p>\n<h3>Tenho uma restri\u00e7\u00e3o alimentar. Devo levar minha pr\u00f3pria comida?<\/h3>\n<p>N\u00e3o, voc\u00ea deve nos informar sobre quaisquer restri\u00e7\u00f5es alimentares ou alergias no momento da reserva. Se tiver alergias severas, recomendamos que nos avise antes de reservar, para que possamos verificar quais op\u00e7\u00f5es podem ser oferecidas. <\/p>\n<h3>H\u00e1 alguma data confirmada?<\/h3>\n<p>Temos 2 sa\u00eddas confirmadas por m\u00eas entre maio e agosto.<\/p>\n<div class=\"divisor\"><\/div>\n<h2 id=\"condiciones\">Condi\u00e7\u00f5es<\/h2>\n<p>Conhe\u00e7a nossos <a href=\"https:\/\/rebelviajes.com\/pt-br\/termos-e-condicoes\/\" target=\"_blank\" rel=\"noopener\">Termos e Condi\u00e7\u00f5es<\/a>.<\/p>\n","protected":false},"excerpt":{"rendered":"<p>Partindo de Puerto Natales<br \/>\n4 dias \/ 3 noites<\/p>\n","protected":false},"featured_media":990124204,"comment_status":"open","ping_status":"closed","template":"","meta":{"site-sidebar-layout":"default","site-content-layout":"default","ast-site-content-layout":"default","site-content-style":"default","site-sidebar-style":"default","ast-global-header-display":"","ast-banner-title-visibility":"","ast-main-header-display":"","ast-hfb-above-header-display":"","ast-hfb-below-header-display":"","ast-hfb-mobile-header-display":"","site-post-title":"","ast-breadcrumbs-content":"","ast-featured-img":"","footer-sml-layout":"","ast-disable-related-posts":"","theme-transparent-header-meta":"default","adv-header-id-meta":"","stick-header-meta":"","header-above-stick-meta":"","header-main-stick-meta":"","header-below-stick-meta":"","astra-migrate-meta-layouts":"default","ast-page-background-enabled":"default","ast-page-background-meta":{"desktop":{"background-color":"","background-image":"","background-repeat":"repeat","background-position":"center center","background-size":"auto","background-attachment":"scroll","background-type":"","background-media":"","overlay-type":"","overlay-color":"","overlay-opacity":"","overlay-gradient":""},"tablet":{"background-color":"","background-image":"","background-repeat":"repeat","background-position":"center center","background-size":"auto","background-attachment":"scroll","background-type":"","background-media":"","overlay-type":"","overlay-color":"","overlay-opacity":"","overlay-gradient":""},"mobile":{"background-color":"","background-image":"","background-repeat":"repeat","background-position":"center center","background-size":"auto","background-attachment":"scroll","background-type":"","background-media":"","overlay-type":"","overlay-color":"","overlay-opacity":"","overlay-gradient":""}},"ast-content-background-meta":{"desktop":{"background-color":"var(--ast-global-color-5)","background-image":"","background-repeat":"repeat","background-position":"center center","background-size":"auto","background-attachment":"scroll","background-type":"","background-media":"","overlay-type":"","overlay-color":"","overlay-opacity":"","overlay-gradient":""},"tablet":{"background-color":"var(--ast-global-color-5)","background-image":"","background-repeat":"repeat","background-position":"center center","background-size":"auto","background-attachment":"scroll","background-type":"","background-media":"","overlay-type":"","overlay-color":"","overlay-opacity":"","overlay-gradient":""},"mobile":{"background-color":"var(--ast-global-color-5)","background-image":"","background-repeat":"repeat","background-position":"center center","background-size":"auto","background-attachment":"scroll","background-type":"","background-media":"","overlay-type":"","overlay-color":"","overlay-opacity":"","overlay-gradient":""}}},"product_brand":[],"product_cat":[506,349,602],"product_tag":[532],"class_list":{"0":"post-990124794","1":"product","2":"type-product","3":"status-publish","4":"has-post-thumbnail","6":"product_cat-chile-pt-br","7":"product_cat-programas-turisticos","8":"product_cat-puerto-natales-torres-del-paine-pt-br","9":"product_tag-programa-simple-nuevo-pt-br-2","10":"desktop-align-left","11":"tablet-align-left","12":"mobile-align-left","14":"first","15":"instock","16":"sold-individually","17":"shipping-taxable","18":"purchasable","19":"product-type-simple"},"_links":{"self":[{"href":"https:\/\/rebelviajes.com\/pt-br\/wp-json\/wp\/v2\/product\/990124794","targetHints":{"allow":["GET"]}}],"collection":[{"href":"https:\/\/rebelviajes.com\/pt-br\/wp-json\/wp\/v2\/product"}],"about":[{"href":"https:\/\/rebelviajes.com\/pt-br\/wp-json\/wp\/v2\/types\/product"}],"replies":[{"embeddable":true,"href":"https:\/\/rebelviajes.com\/pt-br\/wp-json\/wp\/v2\/comments?post=990124794"}],"version-history":[{"count":0,"href":"https:\/\/rebelviajes.com\/pt-br\/wp-json\/wp\/v2\/product\/990124794\/revisions"}],"wp:featuredmedia":[{"embeddable":true,"href":"https:\/\/rebelviajes.com\/pt-br\/wp-json\/wp\/v2\/media\/990124204"}],"wp:attachment":[{"href":"https:\/\/rebelviajes.com\/pt-br\/wp-json\/wp\/v2\/media?parent=990124794"}],"wp:term":[{"taxonomy":"product_brand","embeddable":true,"href":"https:\/\/rebelviajes.com\/pt-br\/wp-json\/wp\/v2\/product_brand?post=990124794"},{"taxonomy":"product_cat","embeddable":true,"href":"https:\/\/rebelviajes.com\/pt-br\/wp-json\/wp\/v2\/product_cat?post=990124794"},{"taxonomy":"product_tag","embeddable":true,"href":"https:\/\/rebelviajes.com\/pt-br\/wp-json\/wp\/v2\/product_tag?post=990124794"}],"curies":[{"name":"wp","href":"https:\/\/api.w.org\/{rel}","templated":true}]}}