{"id":990124807,"date":"2024-02-27T21:49:23","date_gmt":"2025-03-04T17:55:09","guid":{"rendered":"https:\/\/rebelviajes.com\/producto\/cusco-encanto\/"},"modified":"2025-05-01T11:46:48","modified_gmt":"2025-05-01T15:46:48","slug":"cusco-encanto","status":"publish","type":"product","link":"https:\/\/rebelviajes.com\/pt-br\/product\/cusco-encanto\/","title":{"rendered":"Cusco Encanto"},"content":{"rendered":"<h2 id=\"descripcion\">Descri\u00e7\u00e3o<\/h2>\n<h3>Dia 1: Recep\u00e7\u00e3o em Cusco<\/h3>\n<p>Chegada ao aeroporto de Cusco, onde voc\u00ea ser\u00e1 recebido e levado para o hotel selecionado. Aproveite a manh\u00e3 livre para descansar e se aclimatar. \u00c0 tarde, exploraremos a cidade de Cusco em um City Tour, visitando a Catedral, o Templo de Koricancha (um antigo centro militar e religioso dos Incas dedicado ao Deus Sol) e os vest\u00edgios arqueol\u00f3gicos pr\u00f3ximos, como a fortaleza de Sacsayhuaman, o anfiteatro Kenko, Tambomachay (banhos incas) e Puca Pucara (centro de controle militar). Retorno ao hotel para passar a noite em Cusco.   <\/p>\n<h3>Dia 2: Descobrindo o Vale Sagrado<\/h3>\n<p>Iniciaremos a excurs\u00e3o ao Vale Sagrado dos Incas, explorando os terra\u00e7os agr\u00edcolas incas e os pitorescos povoados de Pisac, com seu animado mercado ind\u00edgena, Calca, Yucay e Urubamba. Desfrutaremos de um almo\u00e7o buffet e, \u00e0 tarde, visitaremos Ollantaytambo, um impressionante complexo inca com fun\u00e7\u00f5es administrativas, agr\u00edcolas e religiosas. Em seguida, embarcaremos no trem com destino ao povoado de Machu Picchu, onde passaremos a noite.  <\/p>\n<h3>Dia 3: Maravilhas de Machupicchu<\/h3>\n<p>Hoje exploraremos a Cidade Inca de Machu Picchu. Tomaremos um \u00f4nibus que nos levar\u00e1 a essa cidade sagrada, descoberta em 1911 por Hiram Bingham. A visita guiada incluir\u00e1 o setor urbano com seus principais elementos arquitet\u00f4nicos, como o Templo do Sol, o Intiwatana, a Rocha Sagrada, o Templo das Tr\u00eas Janelas e o Mausol\u00e9u. Depois, retornaremos de \u00f4nibus ao povoado de Aguas Calientes, onde desfrutaremos de um almo\u00e7o buffet. \u00c0 tarde, retorno a Cusco com traslado e pernoite no hotel.    <\/p>\n<h3>Dia 4: Maras &amp; Moray<\/h3>\n<p>Come\u00e7aremos a excurs\u00e3o a Maras &amp; Moray. Visitaremos as Salineras, tamb\u00e9m conhecidas como &#8220;minas de sal&#8221;, formadas por pequenos po\u00e7os que se enchem com \u00e1gua salgada durante a \u00e9poca de seca, permitindo a cristaliza\u00e7\u00e3o do sal. Em seguida, continuaremos at\u00e9 Moray, um s\u00edtio arqueol\u00f3gico \u00fanico, caracterizado por depress\u00f5es gigantescas no solo, utilizadas para a constru\u00e7\u00e3o de terra\u00e7os agr\u00edcolas com canais de irriga\u00e7\u00e3o. Retorno \u00e0 cidade e traslado ao hotel para pernoite em Cusco.   <\/p>\n<h3>Dia 5: Despedida de Cusco<\/h3>\n<p>No hor\u00e1rio indicado, traslado ao aeroporto de Cusco para embarcar no voo com destino a Lima ou seu destino internacional. Fim dos nossos servi\u00e7os. <\/p>\n<div class=\"divisor\"><\/div>\n<h2 id=\"itinerario\">Itiner\u00e1rio<\/h2>\n<p>DIA 01: BEM-VINDO A CUSCO: CITY TOUR + 04 RU\u00cdNAS AO REDOR<br \/>\nDIA 02: VALLE SAGRADO DOS INCAS<br \/>\nDiA 03: MACHUPICCHU<br \/>\nDIA 04: MINAS DE SAL DE MARAS &amp; MORAY<br \/>\nDIA 05: CUSCO \/ LIMA<\/p>\n<div class=\"divisor\"><\/div>\n<h2 id=\"detalle\">Detalhe<\/h2>\n<table>\n<tbody>\n<tr>\n<th><i class=\"fa fa-check\" aria-hidden=\"true\"><\/i> Inclui<\/th>\n<\/tr>\n<tr>\n<td>\n<strong>Alimenta\u00e7\u00e3o:<\/strong><br \/>\nDia 2: caf\u00e9 da manh\u00e3 e almo\u00e7o<br \/>\nDia 3: caf\u00e9 da manh\u00e3 e almo\u00e7o<br \/>\nDia 4: caf\u00e9 da manh\u00e3<br \/>\nDia 5: caf\u00e9 da manh\u00e3<br \/>\n<strong>Traslado:<\/strong><br \/>\nExcurs\u00f5es conforme itiner\u00e1rio<br \/>\nAeroporto &#8211; Hotel &#8211; Aeroporto<br \/>\n<strong>Hospedagem:<\/strong><br \/>\n3 noites em Cusco<br \/>\n1 noite em Aguas Calientes<br \/>\n<strong>Excurs\u00f5es:<\/strong><br \/>\nCity tour + 04 ru\u00ednas pr\u00f3ximas (ingressos para a Catedral e Koricancha)<br \/>\nVisita ao Valle Sagrado dos Incas + Almo\u00e7o buffet<br \/>\nVisita a Machu Picchu no Trem Expedition (Classe Tur\u00edstica)<br \/>\nVisita \u00e0s minas de sal de Maras &amp; Moray\n<\/td>\n<\/tr>\n<\/tbody>\n<\/table>\n<table>\n<tbody>\n<tr>\n<th><i class=\"fa fa-times\" aria-hidden=\"true\"><\/i> N\u00e3o inclui<\/th>\n<\/tr>\n<tr>\n<td>\nV\u00f4os<br \/>\nSeguro de Viagem<br \/>\nSeguro de Acidente<br \/>\nAlimenta\u00e7\u00e3o n\u00e3o mencionada<br \/>\nTraslados n\u00e3o mencionados<br \/>\nServi\u00e7os n\u00e3o mencionados<br \/>\nGorjetass<br \/>\nEntradas n\u00e3o mencionadas\n<\/td>\n<\/tr>\n<\/tbody>\n<\/table>\n<div class=\"divisor\"><\/div>\n<h2 id=\"faq\">FAQ<\/h2>\n<h3>Quais s\u00e3o os hor\u00e1rios de check-in e check-out no hotel?<\/h3>\n<p>Os hot\u00e9is seguem o crit\u00e9rio internacional de hor\u00e1rio de chegada (Check-in) a partir das 13:00 horas e de sa\u00edda (Check-out) at\u00e9 as 10:00 horas. Esse hor\u00e1rio pode variar dependendo da cidade a ser visitada. <\/p>\n<h3>Posso solicitar um upgrade de trem para Machupicchu?<\/h3>\n<p>Sim, voc\u00ea pode solicitar um upgrade no trem Vistadome por US$ 75.<\/p>\n<div class=\"divisor\"><\/div>\n<h2 id=\"condiciones\">Condi\u00e7\u00f5es<\/h2>\n<p>Conhe\u00e7a nossos <a href=\"https:\/\/rebelviajes.com\/pt-br\/termos-e-condicoes\/\" target=\"_blank\" rel=\"noopener\">Termos e Condi\u00e7\u00f5es<\/a>.<\/p>\n","protected":false},"excerpt":{"rendered":"<p>Saindo de Cusco<br \/>\n5 dias \/ 4 noites<\/p>\n","protected":false},"featured_media":990124130,"comment_status":"open","ping_status":"closed","template":"","meta":{"site-sidebar-layout":"default","site-content-layout":"default","ast-site-content-layout":"default","site-content-style":"default","site-sidebar-style":"default","ast-global-header-display":"","ast-banner-title-visibility":"","ast-main-header-display":"","ast-hfb-above-header-display":"","ast-hfb-below-header-display":"","ast-hfb-mobile-header-display":"","site-post-title":"","ast-breadcrumbs-content":"","ast-featured-img":"","footer-sml-layout":"","ast-disable-related-posts":"","theme-transparent-header-meta":"default","adv-header-id-meta":"","stick-header-meta":"","header-above-stick-meta":"","header-main-stick-meta":"","header-below-stick-meta":"","astra-migrate-meta-layouts":"default","ast-page-background-enabled":"default","ast-page-background-meta":{"desktop":{"background-color":"","background-image":"","background-repeat":"repeat","background-position":"center center","background-size":"auto","background-attachment":"scroll","background-type":"","background-media":"","overlay-type":"","overlay-color":"","overlay-opacity":"","overlay-gradient":""},"tablet":{"background-color":"","background-image":"","background-repeat":"repeat","background-position":"center center","background-size":"auto","background-attachment":"scroll","background-type":"","background-media":"","overlay-type":"","overlay-color":"","overlay-opacity":"","overlay-gradient":""},"mobile":{"background-color":"","background-image":"","background-repeat":"repeat","background-position":"center center","background-size":"auto","background-attachment":"scroll","background-type":"","background-media":"","overlay-type":"","overlay-color":"","overlay-opacity":"","overlay-gradient":""}},"ast-content-background-meta":{"desktop":{"background-color":"var(--ast-global-color-5)","background-image":"","background-repeat":"repeat","background-position":"center center","background-size":"auto","background-attachment":"scroll","background-type":"","background-media":"","overlay-type":"","overlay-color":"","overlay-opacity":"","overlay-gradient":""},"tablet":{"background-color":"var(--ast-global-color-5)","background-image":"","background-repeat":"repeat","background-position":"center center","background-size":"auto","background-attachment":"scroll","background-type":"","background-media":"","overlay-type":"","overlay-color":"","overlay-opacity":"","overlay-gradient":""},"mobile":{"background-color":"var(--ast-global-color-5)","background-image":"","background-repeat":"repeat","background-position":"center center","background-size":"auto","background-attachment":"scroll","background-type":"","background-media":"","overlay-type":"","overlay-color":"","overlay-opacity":"","overlay-gradient":""}}},"product_brand":[],"product_cat":[601,349,600],"product_tag":[532],"class_list":{"0":"post-990124807","1":"product","2":"type-product","3":"status-publish","4":"has-post-thumbnail","6":"product_cat-cusco-machu-picchu-pt-br","7":"product_cat-programas-turisticos","8":"product_cat-peru-pt-br","9":"product_tag-programa-simple-nuevo-pt-br-2","10":"desktop-align-left","11":"tablet-align-left","12":"mobile-align-left","14":"first","15":"instock","16":"sold-individually","17":"shipping-taxable","18":"purchasable","19":"product-type-variable"},"_links":{"self":[{"href":"https:\/\/rebelviajes.com\/pt-br\/wp-json\/wp\/v2\/product\/990124807","targetHints":{"allow":["GET"]}}],"collection":[{"href":"https:\/\/rebelviajes.com\/pt-br\/wp-json\/wp\/v2\/product"}],"about":[{"href":"https:\/\/rebelviajes.com\/pt-br\/wp-json\/wp\/v2\/types\/product"}],"replies":[{"embeddable":true,"href":"https:\/\/rebelviajes.com\/pt-br\/wp-json\/wp\/v2\/comments?post=990124807"}],"version-history":[{"count":0,"href":"https:\/\/rebelviajes.com\/pt-br\/wp-json\/wp\/v2\/product\/990124807\/revisions"}],"wp:featuredmedia":[{"embeddable":true,"href":"https:\/\/rebelviajes.com\/pt-br\/wp-json\/wp\/v2\/media\/990124130"}],"wp:attachment":[{"href":"https:\/\/rebelviajes.com\/pt-br\/wp-json\/wp\/v2\/media?parent=990124807"}],"wp:term":[{"taxonomy":"product_brand","embeddable":true,"href":"https:\/\/rebelviajes.com\/pt-br\/wp-json\/wp\/v2\/product_brand?post=990124807"},{"taxonomy":"product_cat","embeddable":true,"href":"https:\/\/rebelviajes.com\/pt-br\/wp-json\/wp\/v2\/product_cat?post=990124807"},{"taxonomy":"product_tag","embeddable":true,"href":"https:\/\/rebelviajes.com\/pt-br\/wp-json\/wp\/v2\/product_tag?post=990124807"}],"curies":[{"name":"wp","href":"https:\/\/api.w.org\/{rel}","templated":true}]}}