{"id":990124828,"date":"2024-02-23T21:06:22","date_gmt":"2025-03-04T18:23:03","guid":{"rendered":"https:\/\/rebelviajes.com\/producto\/peru-maravilhoso\/"},"modified":"2025-05-01T11:42:39","modified_gmt":"2025-05-01T15:42:39","slug":"peru-maravilhoso","status":"publish","type":"product","link":"https:\/\/rebelviajes.com\/pt-br\/product\/peru-maravilhoso\/","title":{"rendered":"Peru Maravilhoso"},"content":{"rendered":"<h2 id=\"descripcion\">Descri\u00e7\u00e3o<\/h2>\n<h3>Dia 1: Chegada a Lima<\/h3>\n<p>Ao chegar ao Aeroporto de Lima, voc\u00ea ser\u00e1 recebido com uma calorosa recep\u00e7\u00e3o e trasladado ao hotel selecionado. Pernoite em Lima. <\/p>\n<h3>Dia 2: Lima &#8211; City Tour Colonial e Moderno<\/h3>\n<p>Pela manh\u00e3, iniciaremos o City Tour Colonial &amp; Moderno, explorando a cidade de Lima. Come\u00e7aremos com uma vista panor\u00e2mica da Huaca Pucllana, um templo pr\u00e9-incaico. Voc\u00ea ter\u00e1 a oportunidade de visitar a Plaza Mayor, o Pal\u00e1cio do Governo, a Catedral, o Mosteiro e a Igreja de San Francisco, com destaque para as criptas subterr\u00e2neas conhecidas como Catacumbas, al\u00e9m das casonas coloniais e outros pontos hist\u00f3ricos. Em seguida, exploraremos as \u00e1reas residenciais de Miraflores e San Isidro. Retorno ao hotel e tarde livre. Noite em Lima.     <\/p>\n<h3>Dia 3: Lima a Cusco &#8211; City Tour + 04 Ru\u00ednas Pr\u00f3ximas<\/h3>\n<p>Pela manh\u00e3, traslado ao aeroporto para embarque no voo com destino a Cusco. Ao chegar ao Aeroporto de Cusco, voc\u00ea ser\u00e1 recebido com uma calorosa recep\u00e7\u00e3o e trasladado ao hotel selecionado. Ter\u00e1 a manh\u00e3 livre para descansar e se aclimatar. \u00c0 tarde, iniciaremos o City Tour por Cusco, visitando a Catedral, o Templo de Koricancha (centro militar e religioso do Imp\u00e9rio Inca, dedicado ao seu deus principal, o Sol) e quatro ru\u00ednas arqueol\u00f3gicas pr\u00f3ximas: a imponente Fortaleza de Sacsayhuaman, o anfiteatro Kenko, Tambomachay (banhos do Inca) e Puca Pucara (antigo centro de controle militar). Retorno ao hotel. Noite em Cusco.     <\/p>\n<h3>Dia 4: Vale Sagrado dos Incas com pernoite<\/h3>\n<p>Iniciaremos a excurs\u00e3o ao Vale Sagrado dos Incas, explorando os terra\u00e7os agr\u00edcolas incas e visitando os povoados de Pisac, com seu mercado ind\u00edgena colorido, Calca, Yucay e Urubamba. Voc\u00ea desfrutar\u00e1 de um almo\u00e7o buffet. \u00c0 tarde, exploraremos Ollantaytambo, um complexo inca com fun\u00e7\u00f5es administrativas, agr\u00edcolas e religiosas, al\u00e9m de ser a \u00fanica cidade inca ainda habitada. Ter\u00e1 a tarde livre para aproveitar a beleza da paisagem. Pernoite no Vale Sagrado.    <\/p>\n<h3>Dia 5: Ollantaytambo \/ Partida para Aguas Calientes<\/h3>\n<p>No in\u00edcio da manh\u00e3, faremos o traslado do hotel e seguiremos para a esta\u00e7\u00e3o de Ollantaytambo para embarcar no trem com destino a Aguas Calientes. Na chegada, voc\u00ea ser\u00e1 recebido e acomodado no hotel. Ter\u00e1 o dia livre para explorar o povoado por conta pr\u00f3pria. Pernoite em Aguas Calientes.   <\/p>\n<h3>Dia 6: Visita a Machu Picchu &#8211; Retorno a Cusco<\/h3>\n<p>Neste dia, exploraremos a Cidade Inca de Machupicchu. No hor\u00e1rio combinado com o guia, tomaremos o \u00f4nibus que nos levar\u00e1 \u00e0 cidade sagrada, descoberta por Hiram Bingham em 1911. A visita guiada incluir\u00e1 o setor urbano, destacando os principais elementos arquitet\u00f4nicos da cidade inca, como o Templo do Sol, o Intiwatana, a Rocha Sagrada, o Templo das Tr\u00eas Janelas e o Mausol\u00e9u. Ap\u00f3s a visita, retornaremos de \u00f4nibus ao povoado de Aguas Calientes. Depois do almo\u00e7o buffet, embarcaremos no trem de volta a Cusco. Na chegada, recep\u00e7\u00e3o e traslado ao hotel. Noite em Cusco.      <\/p>\n<h3>Dia 7: Cusco \/ Lima &#8211; Voo Internacional<\/h3>\n<p>No hor\u00e1rio programado, traslado ao Aeroporto de Cusco para embarcar no voo de retorno a Lima e, posteriormente, no voo internacional.<\/p>\n<div class=\"divisor\"><\/div>\n<h2 id=\"itinerario\">Itiner\u00e1rio<\/h2>\n<p>Dia 1: Chegada a Lima<br \/>\nDia 2: Lima &#8211; City Tour Colonial e Moderno<br \/>\nDia 3: Lima a Cusco &#8211; City Tour + 04 Ru\u00ednas Pr\u00f3ximas<br \/>\nDia 4: Vale Sagrado dos Incas com pernoite<br \/>\nDia 5: Ollantaytambo \/ Partida para Aguas Calientes<br \/>\nDia 6: Visita a Machu Picchu &#8211; Retorno a Cusco<br \/>\nDia 7: Cusco \/ Lima &#8211; Voo Internacional<\/p>\n<div class=\"divisor\"><\/div>\n<h2 id=\"detalle\">Detalhe<\/h2>\n<table>\n<tbody>\n<tr>\n<th><i class=\"fa fa-check\" aria-hidden=\"true\"><\/i> Inclui<\/th>\n<\/tr>\n<tr>\n<td>\n<strong>Alimenta\u00e7\u00e3o:<\/strong><br \/>\nDia 2: caf\u00e9 da manh\u00e3<br \/>\nDia 3: caf\u00e9 da manh\u00e3<br \/>\nDia 4: caf\u00e9 da manh\u00e3 e almo\u00e7o<br \/>\nDia 5: caf\u00e9 da manh\u00e3<br \/>\nDia 6: caf\u00e9 da manh\u00e3 e almo\u00e7o<br \/>\nDia 7: caf\u00e9 da manh\u00e3<br \/>\n<strong>Traslado:<\/strong><br \/>\nExcurs\u00f5es conforme itiner\u00e1rio<br \/>\nAeroporto &#8211; Hotel &#8211; Aeroporto<br \/>\n<strong>Hospedagem:<\/strong><br \/>\n2 noites em Cusco<br \/>\n1 noite em Aguas Calientes<br \/>\n1 noite no Vale Sagrado<br \/>\n2 noites em Lima<br \/>\n<strong>Excurs\u00f5es:<\/strong><br \/>\nCity Tour Colonial e moderno em Lima<br \/>\nCity tour + 04 ruinas pr\u00f3ximas em Cusco (entradas para a Catedral e Koricancha)<br \/>\nVisita a Machupicchu pelo Trem Expedition (Clase turista)<br \/>\nVisita ao Vale Sagrado dos Incas\n<\/td>\n<\/tr>\n<\/tbody>\n<\/table>\n<p>&nbsp;<\/p>\n<table>\n<tbody>\n<tr>\n<th><i class=\"fa fa-times\" aria-hidden=\"true\"><\/i> N\u00e3o inclui<\/th>\n<\/tr>\n<tr>\n<td>\nV\u00f4os<br \/>\nSeguro de Viagem<br \/>\nSeguro de Acidente<br \/>\nAlimenta\u00e7\u00e3o n\u00e3o mencionada<br \/>\nTraslados n\u00e3o mencionados<br \/>\nServi\u00e7os n\u00e3o mencionados<br \/>\nGorjetass<br \/>\nEntradas n\u00e3o mencionadas\n<\/td>\n<\/tr>\n<\/tbody>\n<\/table>\n<div class=\"divisor\"><\/div>\n<h2 id=\"faq\">FAQ<\/h2>\n<h3>Quais s\u00e3o os hor\u00e1rios de check-in e check-out no hotel?<\/h3>\n<p>Os hot\u00e9is seguem o crit\u00e9rio internacional de hor\u00e1rio de chegada (Check-in) a partir das 13:00 horas e de sa\u00edda (Check-out) at\u00e9 as 10:00 horas. Esse hor\u00e1rio pode variar dependendo da cidade a ser visitada. <\/p>\n<div class=\"divisor\"><\/div>\n<h2 id=\"condiciones\">Condi\u00e7\u00f5es<\/h2>\n<p>Conhe\u00e7a nossos <a href=\"https:\/\/rebelviajes.com\/pt-br\/termos-e-condicoes\/\" target=\"_blank\" rel=\"noopener\">Termos e Condi\u00e7\u00f5es<\/a>.<\/p>\n","protected":false},"excerpt":{"rendered":"<p>Saindo de Lima<br \/>\n7 dias \/ 6 noites<\/p>\n","protected":false},"featured_media":990124010,"comment_status":"open","ping_status":"closed","template":"","meta":{"site-sidebar-layout":"default","site-content-layout":"default","ast-site-content-layout":"default","site-content-style":"default","site-sidebar-style":"default","ast-global-header-display":"","ast-banner-title-visibility":"","ast-main-header-display":"","ast-hfb-above-header-display":"","ast-hfb-below-header-display":"","ast-hfb-mobile-header-display":"","site-post-title":"","ast-breadcrumbs-content":"","ast-featured-img":"","footer-sml-layout":"","ast-disable-related-posts":"","theme-transparent-header-meta":"default","adv-header-id-meta":"","stick-header-meta":"","header-above-stick-meta":"","header-main-stick-meta":"","header-below-stick-meta":"","astra-migrate-meta-layouts":"default","ast-page-background-enabled":"default","ast-page-background-meta":{"desktop":{"background-color":"","background-image":"","background-repeat":"repeat","background-position":"center center","background-size":"auto","background-attachment":"scroll","background-type":"","background-media":"","overlay-type":"","overlay-color":"","overlay-opacity":"","overlay-gradient":""},"tablet":{"background-color":"","background-image":"","background-repeat":"repeat","background-position":"center center","background-size":"auto","background-attachment":"scroll","background-type":"","background-media":"","overlay-type":"","overlay-color":"","overlay-opacity":"","overlay-gradient":""},"mobile":{"background-color":"","background-image":"","background-repeat":"repeat","background-position":"center center","background-size":"auto","background-attachment":"scroll","background-type":"","background-media":"","overlay-type":"","overlay-color":"","overlay-opacity":"","overlay-gradient":""}},"ast-content-background-meta":{"desktop":{"background-color":"var(--ast-global-color-5)","background-image":"","background-repeat":"repeat","background-position":"center center","background-size":"auto","background-attachment":"scroll","background-type":"","background-media":"","overlay-type":"","overlay-color":"","overlay-opacity":"","overlay-gradient":""},"tablet":{"background-color":"var(--ast-global-color-5)","background-image":"","background-repeat":"repeat","background-position":"center center","background-size":"auto","background-attachment":"scroll","background-type":"","background-media":"","overlay-type":"","overlay-color":"","overlay-opacity":"","overlay-gradient":""},"mobile":{"background-color":"var(--ast-global-color-5)","background-image":"","background-repeat":"repeat","background-position":"center center","background-size":"auto","background-attachment":"scroll","background-type":"","background-media":"","overlay-type":"","overlay-color":"","overlay-opacity":"","overlay-gradient":""}}},"product_brand":[],"product_cat":[609,349,600],"product_tag":[532],"class_list":{"0":"post-990124828","1":"product","2":"type-product","3":"status-publish","4":"has-post-thumbnail","6":"product_cat-lima-pt-br","7":"product_cat-programas-turisticos","8":"product_cat-peru-pt-br","9":"product_tag-programa-simple-nuevo-pt-br-2","10":"desktop-align-left","11":"tablet-align-left","12":"mobile-align-left","14":"first","15":"instock","16":"sold-individually","17":"shipping-taxable","18":"purchasable","19":"product-type-variable"},"_links":{"self":[{"href":"https:\/\/rebelviajes.com\/pt-br\/wp-json\/wp\/v2\/product\/990124828","targetHints":{"allow":["GET"]}}],"collection":[{"href":"https:\/\/rebelviajes.com\/pt-br\/wp-json\/wp\/v2\/product"}],"about":[{"href":"https:\/\/rebelviajes.com\/pt-br\/wp-json\/wp\/v2\/types\/product"}],"replies":[{"embeddable":true,"href":"https:\/\/rebelviajes.com\/pt-br\/wp-json\/wp\/v2\/comments?post=990124828"}],"version-history":[{"count":0,"href":"https:\/\/rebelviajes.com\/pt-br\/wp-json\/wp\/v2\/product\/990124828\/revisions"}],"wp:featuredmedia":[{"embeddable":true,"href":"https:\/\/rebelviajes.com\/pt-br\/wp-json\/wp\/v2\/media\/990124010"}],"wp:attachment":[{"href":"https:\/\/rebelviajes.com\/pt-br\/wp-json\/wp\/v2\/media?parent=990124828"}],"wp:term":[{"taxonomy":"product_brand","embeddable":true,"href":"https:\/\/rebelviajes.com\/pt-br\/wp-json\/wp\/v2\/product_brand?post=990124828"},{"taxonomy":"product_cat","embeddable":true,"href":"https:\/\/rebelviajes.com\/pt-br\/wp-json\/wp\/v2\/product_cat?post=990124828"},{"taxonomy":"product_tag","embeddable":true,"href":"https:\/\/rebelviajes.com\/pt-br\/wp-json\/wp\/v2\/product_tag?post=990124828"}],"curies":[{"name":"wp","href":"https:\/\/api.w.org\/{rel}","templated":true}]}}