{"id":990124835,"date":"2024-02-20T15:58:07","date_gmt":"2025-03-04T18:39:41","guid":{"rendered":"https:\/\/rebelviajes.com\/producto\/peru-milenar-trilha-inca\/"},"modified":"2025-05-01T11:40:41","modified_gmt":"2025-05-01T15:40:41","slug":"peru-milenar-trilha-inca","status":"publish","type":"product","link":"https:\/\/rebelviajes.com\/pt-br\/product\/peru-milenar-trilha-inca\/","title":{"rendered":"Peru Milenar (Trilha Inca)"},"content":{"rendered":"<h2 id=\"descripcion\">Descri\u00e7\u00e3o<\/h2>\n<h3>Dia 1: Chegada a Cusco<\/h3>\n<p>Ao chegar ao Aeroporto de Cusco, voc\u00ea ser\u00e1 recebido com uma calorosa recep\u00e7\u00e3o e trasladado ao hotel selecionado. Ter\u00e1 a tarde livre para se adaptar \u00e0 altitude. Noite em Cusco.  <\/p>\n<h3>Dia 2: Cusco &#8211; City Tour + 04 Ru\u00ednas Pr\u00f3ximas<\/h3>\n<p>A manh\u00e3 ser\u00e1 livre para descanso. \u00c0 tarde, iniciaremos o City Tour por Cusco, visitando a Catedral, o Templo de Koricancha (centro militar e religioso do Imp\u00e9rio Inca, dedicado ao seu deus principal, o Sol) e quatro ru\u00ednas arqueol\u00f3gicas pr\u00f3ximas: a imponente Fortaleza de Sacsayhuaman, o anfiteatro Kenko, Tambomachay (banhos do Inca) e Puca Pucara (centro de controle militar). Retorno ao hotel. Pernoite em Cusco.   <\/p>\n<h3>Dia 3: Cusco &#8211; Km 82 &#8211; Wayllabamba<\/h3>\n<p>No in\u00edcio da manh\u00e3, faremos o traslado do hotel para embarcar no \u00f4nibus com destino ao Km 82, ponto de partida do desafiante Caminho Inca rumo a Machu Picchu. Ap\u00f3s aproximadamente tr\u00eas horas de caminhada, faremos a primeira parada para o almo\u00e7o. Em seguida, continuaremos a trilha at\u00e9 o primeiro acampamento em Wayllabamba, visitando ao longo do percurso o s\u00edtio arqueol\u00f3gico de Llactapata. Jantar e pernoite no acampamento.   <\/p>\n<h3>Dia 4: Wayllabamba &#8211; Warmiwa\u00f1usca &#8211; Pacaymayo<\/h3>\n<p>niciaremos a parte mais desafiadora do Caminho Inca, com uma caminhada de tr\u00eas horas at\u00e9 Warmiwa\u00f1usca, conhecida como &#8220;Mujer Muerta&#8221;, a 4.200 metros acima do n\u00edvel do mar. A partir desse ponto, apreciaremos uma vista panor\u00e2mica impressionante. Ap\u00f3s o almo\u00e7o, iniciaremos a descida em dire\u00e7\u00e3o a Pacaymayo, onde montaremos nosso acampamento e desfrutaremos de um jantar. <\/p>\n<h3>Dia 5: Pacaymayo &#8211; Sayacmarca &#8211; Wi\u00f1ayhuayna<\/h3>\n<p>Come\u00e7aremos a descida em dire\u00e7\u00e3o ao segundo passo mais importante, a 3.800 metros acima do n\u00edvel do mar, onde visitaremos Runkurakay e a cidadela inca de Sayacmarca. Em seguida, seguiremos at\u00e9 Puyupatamarca, onde faremos uma parada para o almo\u00e7o, e continuaremos a caminhada at\u00e9 Wi\u00f1ayhuayna (&#8220;Sempre Jovem&#8221;), onde exploraremos seu impressionante complexo arqueol\u00f3gico. Jantar e pernoite no acampamento.  <\/p>\n<h3>Dia 6: Wi\u00f1ayhuayna &#8211; Machupicchu &#8211; Retorno a Cusco<\/h3>\n<p>Caminharemos pela floresta durante uma hora at\u00e9 chegarmos a Inti Punku, a &#8220;Porta do Sol&#8221;, que oferece uma vista panor\u00e2mica impressionante de Machu Picchu. Ao chegarmos a Machupicchu, desfrutaremos de uma visita guiada, explorando a pra\u00e7a principal, a torre circular, o rel\u00f3gio solar sagrado, os aposentos reais e o Templo das Tr\u00eas Janelas, entre outros pontos hist\u00f3ricos. Teremos tempo livre para passear e absorver a energia desse local \u00fanico. \u00c0 tarde, desceremos de \u00f4nibus at\u00e9 Aguas Calientes, onde desfrutaremos de um almo\u00e7o buffet. Em seguida, embarcaremos no trem de volta a Cusco. Na chegada, recep\u00e7\u00e3o e traslado ao hotel. Noite em Cusco.       <\/p>\n<h3>Dia 7: Cusco \/ Lima<\/h3>\n<p>No hor\u00e1rio programado, traslado ao aeroporto de Cusco para embarcar no voo com destino a Lima ou seu destino internacional.<\/p>\n<div class=\"divisor\"><\/div>\n<h2 id=\"itinerario\">Itiner\u00e1rio<\/h2>\n<p>Dia 1: Chegada a Cusco<br \/>\nDia 2: Cusco \u2013 City Tour + 04 Ru\u00ednas Pr\u00f3ximas<br \/>\nDia 3: Cusco \u2013 Km 82 \u2013 Wayllabamba<br \/>\nDia 4: Wayllabamba \u2013 Warmiwa\u00f1usca \u2013 Pacaymayo<br \/>\nDia 5: Pacaymayo \u2013 Sayacmarca \u2013 Wi\u00f1ayhuayna<br \/>\nDia 6: Wi\u00f1ayhuayna \u2013 Machupicchu \u2013 Retorno a Cusco<br \/>\nDia 7: Cusco \/ Lima<\/p>\n<div class=\"divisor\"><\/div>\n<h2 id=\"detalle\">Detalhe<\/h2>\n<table>\n<tbody>\n<tr>\n<th><i class=\"fa fa-check\" aria-hidden=\"true\"><\/i> Inclui<\/th>\n<\/tr>\n<tr>\n<td>\nTraslado Aeroporto &#8211; Hotel &#8211; Aeroporto<br \/>\nCity Tour Cusco + 4 Ru\u00ednas Pr\u00f3ximas (entrada para a Catedral e Koricancha)<br \/>\n03 noites de hospedagem em Cusco<br \/>\nExcurs\u00e3o Trilha Inca 04 dias 3 noites:<br \/>\nTransporte Tur\u00edstico do Hotel ao Km 82<br \/>\nEquipamentos de acampamento (tendas profissionais, colch\u00f5es)<br \/>\nSaco de Dormir<br \/>\nAlimenta\u00e7\u00e3o durante a excurs\u00e3o (3 caf\u00e9s da manh\u00e3, 3 almo\u00e7os, 3 jantas)<br \/>\nAlmo\u00e7o Buffet em Aguas Calientes (Econ\u00f4mico e Superior) e em<br \/>\nSanctuary Lodge (Primeira e Luxo)<br \/>\nChef e equipamentos de cozinha<br \/>\nCarregadores de equipamentos de acampamento e comida.<br \/>\nTickets de Ingresso a Trilha Inca e Machu Picchu.<br \/>\nPassagem de \u00f4nibus de retorno Machupicchu \/ Aguas Calientes.<br \/>\nPassagem de Trem Expedition (TURISTA) de retorno a Cusco.<br \/>\nKit de primeiros socorros e oxig\u00eanio.<br \/>\nTraslado da esta\u00e7\u00e3o de trem para o hotel.<br \/>\n03 Noites de Hospedagem no Acampamento Inca\n<\/td>\n<\/tr>\n<\/tbody>\n<\/table>\n<table>\n<tbody>\n<tr>\n<th><i class=\"fa fa-times\" aria-hidden=\"true\"><\/i> N\u00e3o inclui<\/th>\n<\/tr>\n<tr>\n<td>\nV\u00f4os<br \/>\nSeguro de Viagem<br \/>\nSeguro de Acidente<br \/>\nAlimenta\u00e7\u00e3o n\u00e3o mencionada<br \/>\nTraslados n\u00e3o mencionados<br \/>\nServi\u00e7os n\u00e3o mencionados<br \/>\nGorjetass<br \/>\nEntradas n\u00e3o mencionadas\n<\/td>\n<\/tr>\n<\/tbody>\n<\/table>\n<div class=\"divisor\"><\/div>\n<h2 id=\"faq\">FAQ<\/h2>\n<h3>O que levar para a Trilha Inca?<\/h3>\n<p>Roupas necess\u00e1rias para os 4 dias de caminhada, de prefer\u00eancia shorts, camisas polo leves e roupas quentes. Recomendamos que voc\u00ea considere trazer os seguintes itens:<br \/>\n&#8211; Casaco ou poncho para chuva.<br \/>\n&#8211; Sapatos ideais para trekking.<br \/>\n&#8211; C\u00e2mera, filmadora e baterias.<br \/>\n&#8211; Bon\u00e9\/Gorro\/Chap\u00e9u para proteger do sol, chuva e frio.<br \/>\n&#8211; Protetor solar.<br \/>\n&#8211; Repelente de insetos.<br \/>\n&#8211; Biscoitos, chocolates e doces.<br \/>\n&#8211; \u00c1gua mineral e comprimidos purificadores (micropur).<br \/>\n&#8211; Toalha pequena e roupa de banho (no caso de ir \u00e0s fontes termais).<br \/>\n&#8211; Passaporte original.<br \/>\n&#8211; Bast\u00f5es de caminhada (revestidos de borracha). <\/p>\n<div class=\"divisor\"><\/div>\n<h2 id=\"condiciones\">Condi\u00e7\u00f5es<\/h2>\n<p>Conhe\u00e7a nossos <a href=\"https:\/\/rebelviajes.com\/pt-br\/termos-e-condicoes\/\" target=\"_blank\" rel=\"noopener\">Termos e Condi\u00e7\u00f5es<\/a>.<\/p>\n","protected":false},"excerpt":{"rendered":"<p>Saindo de Cusco<br \/>\n7 dias \/ 6 noites<\/p>\n","protected":false},"featured_media":990124087,"comment_status":"open","ping_status":"closed","template":"","meta":{"site-sidebar-layout":"default","site-content-layout":"default","ast-site-content-layout":"default","site-content-style":"default","site-sidebar-style":"default","ast-global-header-display":"","ast-banner-title-visibility":"","ast-main-header-display":"","ast-hfb-above-header-display":"","ast-hfb-below-header-display":"","ast-hfb-mobile-header-display":"","site-post-title":"","ast-breadcrumbs-content":"","ast-featured-img":"","footer-sml-layout":"","ast-disable-related-posts":"","theme-transparent-header-meta":"default","adv-header-id-meta":"","stick-header-meta":"","header-above-stick-meta":"","header-main-stick-meta":"","header-below-stick-meta":"","astra-migrate-meta-layouts":"default","ast-page-background-enabled":"default","ast-page-background-meta":{"desktop":{"background-color":"","background-image":"","background-repeat":"repeat","background-position":"center center","background-size":"auto","background-attachment":"scroll","background-type":"","background-media":"","overlay-type":"","overlay-color":"","overlay-opacity":"","overlay-gradient":""},"tablet":{"background-color":"","background-image":"","background-repeat":"repeat","background-position":"center center","background-size":"auto","background-attachment":"scroll","background-type":"","background-media":"","overlay-type":"","overlay-color":"","overlay-opacity":"","overlay-gradient":""},"mobile":{"background-color":"","background-image":"","background-repeat":"repeat","background-position":"center center","background-size":"auto","background-attachment":"scroll","background-type":"","background-media":"","overlay-type":"","overlay-color":"","overlay-opacity":"","overlay-gradient":""}},"ast-content-background-meta":{"desktop":{"background-color":"var(--ast-global-color-5)","background-image":"","background-repeat":"repeat","background-position":"center center","background-size":"auto","background-attachment":"scroll","background-type":"","background-media":"","overlay-type":"","overlay-color":"","overlay-opacity":"","overlay-gradient":""},"tablet":{"background-color":"var(--ast-global-color-5)","background-image":"","background-repeat":"repeat","background-position":"center center","background-size":"auto","background-attachment":"scroll","background-type":"","background-media":"","overlay-type":"","overlay-color":"","overlay-opacity":"","overlay-gradient":""},"mobile":{"background-color":"var(--ast-global-color-5)","background-image":"","background-repeat":"repeat","background-position":"center center","background-size":"auto","background-attachment":"scroll","background-type":"","background-media":"","overlay-type":"","overlay-color":"","overlay-opacity":"","overlay-gradient":""}}},"product_brand":[],"product_cat":[601,349,600],"product_tag":[532],"class_list":{"0":"post-990124835","1":"product","2":"type-product","3":"status-publish","4":"has-post-thumbnail","6":"product_cat-cusco-machu-picchu-pt-br","7":"product_cat-programas-turisticos","8":"product_cat-peru-pt-br","9":"product_tag-programa-simple-nuevo-pt-br-2","10":"desktop-align-left","11":"tablet-align-left","12":"mobile-align-left","14":"first","15":"instock","16":"sold-individually","17":"shipping-taxable","18":"purchasable","19":"product-type-variable"},"_links":{"self":[{"href":"https:\/\/rebelviajes.com\/pt-br\/wp-json\/wp\/v2\/product\/990124835","targetHints":{"allow":["GET"]}}],"collection":[{"href":"https:\/\/rebelviajes.com\/pt-br\/wp-json\/wp\/v2\/product"}],"about":[{"href":"https:\/\/rebelviajes.com\/pt-br\/wp-json\/wp\/v2\/types\/product"}],"replies":[{"embeddable":true,"href":"https:\/\/rebelviajes.com\/pt-br\/wp-json\/wp\/v2\/comments?post=990124835"}],"version-history":[{"count":0,"href":"https:\/\/rebelviajes.com\/pt-br\/wp-json\/wp\/v2\/product\/990124835\/revisions"}],"wp:featuredmedia":[{"embeddable":true,"href":"https:\/\/rebelviajes.com\/pt-br\/wp-json\/wp\/v2\/media\/990124087"}],"wp:attachment":[{"href":"https:\/\/rebelviajes.com\/pt-br\/wp-json\/wp\/v2\/media?parent=990124835"}],"wp:term":[{"taxonomy":"product_brand","embeddable":true,"href":"https:\/\/rebelviajes.com\/pt-br\/wp-json\/wp\/v2\/product_brand?post=990124835"},{"taxonomy":"product_cat","embeddable":true,"href":"https:\/\/rebelviajes.com\/pt-br\/wp-json\/wp\/v2\/product_cat?post=990124835"},{"taxonomy":"product_tag","embeddable":true,"href":"https:\/\/rebelviajes.com\/pt-br\/wp-json\/wp\/v2\/product_tag?post=990124835"}],"curies":[{"name":"wp","href":"https:\/\/api.w.org\/{rel}","templated":true}]}}