{"id":990124842,"date":"2024-02-20T13:11:47","date_gmt":"2025-03-04T18:57:41","guid":{"rendered":"https:\/\/rebelviajes.com\/producto\/peru-tradicional\/"},"modified":"2025-05-01T11:39:53","modified_gmt":"2025-05-01T15:39:53","slug":"peru-tradicional","status":"publish","type":"product","link":"https:\/\/rebelviajes.com\/pt-br\/product\/peru-tradicional\/","title":{"rendered":"Peru Tradicional"},"content":{"rendered":"<h2 id=\"descripcion\">Descri\u00e7\u00e3o<\/h2>\n<h3>Dia 1: Bem-vindo ao Peru<\/h3>\n<p>Voc\u00ea ser\u00e1 recebido com uma calorosa recep\u00e7\u00e3o ao chegar ao Aeroporto de Lima e ser\u00e1 trasladado ao hotel de sua escolha. Pernoite em Lima. <\/p>\n<h3>Dia 2: Lima<\/h3>\n<p>Pela manh\u00e3, iniciaremos o City Tour Colonial &amp; Moderno pela cidade de Lima. O passeio come\u00e7ar\u00e1 com uma vista panor\u00e2mica da Huaca Pucllana, um templo pr\u00e9-incaico. Voc\u00ea ter\u00e1 a oportunidade de explorar a Plaza Mayor, o Pal\u00e1cio do Governo, a Catedral, o Mosteiro e a Igreja de San Francisco, com destaque para as criptas subterr\u00e2neas conhecidas como Catacumbas, al\u00e9m das casonas coloniais e outros pontos hist\u00f3ricos. Depois, visitaremos as \u00e1reas residenciais de Miraflores e San Isidro. Retorno ao hotel e tarde livre. Pernoite em Lima.     <\/p>\n<h3>Dia 3: Cusco<\/h3>\n<p>Pela manh\u00e3, traslado ao aeroporto para embarque no voo com destino a Cusco. Ao chegar ao Aeroporto de Cusco, voc\u00ea ser\u00e1 recebido com uma calorosa recep\u00e7\u00e3o e trasladado ao hotel selecionado. O restante da manh\u00e3 ser\u00e1 livre para descanso e aclimata\u00e7\u00e3o. \u00c0 tarde, realizaremos o City Tour por Cusco, visitando a Catedral, o Templo de Koricancha (antigo centro militar e religioso do Imp\u00e9rio Inca, dedicado ao deus Sol) e quatro s\u00edtios arqueol\u00f3gicos pr\u00f3ximos: a fortaleza de Sacsayhuaman, o anfiteatro Kenko, Tambomachay (banhos do Inca) e Puca Pucara (centro de controle militar). Retorno ao hotel. Pernoite em Cusco.     <\/p>\n<h3>Dia 4: Vale Sagrado dos Incas<\/h3>\n<p>Come\u00e7aremos a excurs\u00e3o ao Vale Sagrado dos Incas, explorando os terra\u00e7os agr\u00edcolas incas e visitando os pitorescos povoados de Pisac, com seu animado mercado ind\u00edgena, al\u00e9m de Calca, Yucay e Urubamba. Voc\u00ea desfrutar\u00e1 de um almo\u00e7o buffet. \u00c0 tarde, exploraremos Ollantaytambo, um imponente complexo inca com fun\u00e7\u00f5es administrativas, agr\u00edcolas e religiosas. Em seguida, seguiremos para a esta\u00e7\u00e3o de Ollantaytambo para embarcar no trem com destino ao povoado de Machu Picchu, em uma viagem de aproximadamente 2 horas. Na chegada, voc\u00ea ser\u00e1 assistido no hotel. Pernoite no povoado de Aguas Calientes.     <\/p>\n<h3>Dia 5: Machupicchu<\/h3>\n<p>Neste dia, exploraremos a Cidade Inca de Machu Picchu. No hor\u00e1rio previamente combinado com o guia, tomaremos o \u00f4nibus que nos levar\u00e1 a essa cidade sagrada, descoberta acidentalmente por Hiram Bingham em 1911. A visita guiada incluir\u00e1 o setor urbano, onde est\u00e3o localizados os principais elementos arquitet\u00f4nicos da cidade inca, como o Templo do Sol, o Intiwatana, a Rocha Sagrada, o Templo das Tr\u00eas Janelas e o Mausol\u00e9u. Ap\u00f3s o almo\u00e7o buffet, retornaremos de \u00f4nibus ao povoado de Aguas Calientes. No per\u00edodo da tarde, embarcaremos no trem de volta a Cusco, onde voc\u00ea ser\u00e1 recebido e trasladado ao hotel. Pernoite em Cusco.     <\/p>\n<h3>Dia 6: Despedida<\/h3>\n<p>Em hor\u00e1rio oportuno, traslado ao Aeroporto de Cusco para embarque no voo de retorno a Lima e, posteriormente, no voo internacional.<\/p>\n<div class=\"divisor\"><\/div>\n<h2 id=\"itinerario\">Itiner\u00e1rio<\/h2>\n<p>Dia 1: Bem-vindo ao Peru<br \/>\nDia 2: Lima<br \/>\nDia 3: Cusco<br \/>\nDia 4: Vale Sagrado dos Incas<br \/>\nDia 5: Machupicchu<br \/>\nDia 6: Despedida<\/p>\n<div class=\"divisor\"><\/div>\n<h2 id=\"detalle\">Detalhe<\/h2>\n<table>\n<tbody>\n<tr>\n<th><i class=\"fa fa-check\" aria-hidden=\"true\"><\/i> Inclui<\/th>\n<\/tr>\n<tr>\n<td>\n<strong>Alimenta\u00e7\u00e3o:<\/strong><br \/>\n&#8211; Dia 2: caf\u00e9 da manh\u00e3<br \/>\n&#8211; Dia 3: caf\u00e9 da manh\u00e3<br \/>\n&#8211; Dia 4: caf\u00e9 da manh\u00e3 e almo\u00e7o<br \/>\n&#8211; Dia 5: caf\u00e9 da manh\u00e3 e almo\u00e7o<br \/>\n&#8211; Dia 6: caf\u00e9 da manh\u00e3<br \/>\n<strong>Traslado:<\/strong><br \/>\n&#8211; Excurs\u00f5es conforme itiner\u00e1rio<br \/>\n&#8211; Aeroporto &#8211; Hotel &#8211; Aeroporto<br \/>\n<strong>Hospedagem:<\/strong><br \/>\n&#8211; 2 noites em Cusco<br \/>\n&#8211; 1 noite em Aguas Calientes<br \/>\n&#8211; 2 noites em Lima<br \/>\n<strong>Excurs\u00f5es:<\/strong><br \/>\n&#8211; City Tour Colonial e moderno em Lima<br \/>\n&#8211; City tour + 04 ruinas pr\u00f3ximas em Cusco (entradas para a Catedral e Koricancha)<br \/>\n&#8211; Visita a Machupicchu pelo Trem Expedition (Clase turista)<br \/>\n&#8211; Visita ao Vale Sagrado dos incas\n<\/td>\n<\/tr>\n<\/tbody>\n<\/table>\n<p>&nbsp;<\/p>\n<table>\n<tbody>\n<tr>\n<th><i class=\"fa fa-times\" aria-hidden=\"true\"><\/i> N\u00e3o inclui<\/th>\n<\/tr>\n<tr>\n<td>\nV\u00f4os<br \/>\nSeguro de Viagem<br \/>\nSeguro de Acidente<br \/>\nAlimenta\u00e7\u00e3o n\u00e3o mencionada<br \/>\nTraslados n\u00e3o mencionados<br \/>\nServi\u00e7os n\u00e3o mencionados<br \/>\nGorjetass<br \/>\nEntradas n\u00e3o mencionadas\n<\/td>\n<\/tr>\n<\/tbody>\n<\/table>\n<div class=\"divisor\"><\/div>\n<h2 id=\"faq\">FAQ<\/h2>\n<h3>Qual \u00e9 o hor\u00e1rio de check-in e check-out no hotel?<\/h3>\n<p>Os hot\u00e9is seguem o crit\u00e9rio internacional de hor\u00e1rio de chegada (check-in) a partir das 13h e de sa\u00edda (check-out) at\u00e9 as 10h. Esse hor\u00e1rio pode variar de acordo com a cidade a ser visitada. <\/p>\n<div class=\"divisor\"><\/div>\n<h2 id=\"condiciones\">Condi\u00e7\u00f5es<\/h2>\n<p>Conhe\u00e7a nossos <a href=\"https:\/\/rebelviajes.com\/pt-br\/termos-e-condicoes\/\" target=\"_blank\" rel=\"noopener\">Termos e Condi\u00e7\u00f5es<\/a>.<\/p>\n","protected":false},"excerpt":{"rendered":"<p>Saindo de Lima<br \/>\n6 dias \/ 5 noites<\/p>\n","protected":false},"featured_media":990122884,"comment_status":"open","ping_status":"closed","template":"","meta":{"site-sidebar-layout":"default","site-content-layout":"default","ast-site-content-layout":"default","site-content-style":"default","site-sidebar-style":"default","ast-global-header-display":"","ast-banner-title-visibility":"","ast-main-header-display":"","ast-hfb-above-header-display":"","ast-hfb-below-header-display":"","ast-hfb-mobile-header-display":"","site-post-title":"","ast-breadcrumbs-content":"","ast-featured-img":"","footer-sml-layout":"","ast-disable-related-posts":"","theme-transparent-header-meta":"default","adv-header-id-meta":"","stick-header-meta":"","header-above-stick-meta":"","header-main-stick-meta":"","header-below-stick-meta":"","astra-migrate-meta-layouts":"default","ast-page-background-enabled":"default","ast-page-background-meta":{"desktop":{"background-color":"","background-image":"","background-repeat":"repeat","background-position":"center center","background-size":"auto","background-attachment":"scroll","background-type":"","background-media":"","overlay-type":"","overlay-color":"","overlay-opacity":"","overlay-gradient":""},"tablet":{"background-color":"","background-image":"","background-repeat":"repeat","background-position":"center center","background-size":"auto","background-attachment":"scroll","background-type":"","background-media":"","overlay-type":"","overlay-color":"","overlay-opacity":"","overlay-gradient":""},"mobile":{"background-color":"","background-image":"","background-repeat":"repeat","background-position":"center center","background-size":"auto","background-attachment":"scroll","background-type":"","background-media":"","overlay-type":"","overlay-color":"","overlay-opacity":"","overlay-gradient":""}},"ast-content-background-meta":{"desktop":{"background-color":"var(--ast-global-color-5)","background-image":"","background-repeat":"repeat","background-position":"center center","background-size":"auto","background-attachment":"scroll","background-type":"","background-media":"","overlay-type":"","overlay-color":"","overlay-opacity":"","overlay-gradient":""},"tablet":{"background-color":"var(--ast-global-color-5)","background-image":"","background-repeat":"repeat","background-position":"center center","background-size":"auto","background-attachment":"scroll","background-type":"","background-media":"","overlay-type":"","overlay-color":"","overlay-opacity":"","overlay-gradient":""},"mobile":{"background-color":"var(--ast-global-color-5)","background-image":"","background-repeat":"repeat","background-position":"center center","background-size":"auto","background-attachment":"scroll","background-type":"","background-media":"","overlay-type":"","overlay-color":"","overlay-opacity":"","overlay-gradient":""}}},"product_brand":[],"product_cat":[609,349,600],"product_tag":[532],"class_list":{"0":"post-990124842","1":"product","2":"type-product","3":"status-publish","4":"has-post-thumbnail","6":"product_cat-lima-pt-br","7":"product_cat-programas-turisticos","8":"product_cat-peru-pt-br","9":"product_tag-programa-simple-nuevo-pt-br-2","10":"desktop-align-left","11":"tablet-align-left","12":"mobile-align-left","14":"first","15":"instock","16":"sold-individually","17":"shipping-taxable","18":"purchasable","19":"product-type-variable"},"_links":{"self":[{"href":"https:\/\/rebelviajes.com\/pt-br\/wp-json\/wp\/v2\/product\/990124842","targetHints":{"allow":["GET"]}}],"collection":[{"href":"https:\/\/rebelviajes.com\/pt-br\/wp-json\/wp\/v2\/product"}],"about":[{"href":"https:\/\/rebelviajes.com\/pt-br\/wp-json\/wp\/v2\/types\/product"}],"replies":[{"embeddable":true,"href":"https:\/\/rebelviajes.com\/pt-br\/wp-json\/wp\/v2\/comments?post=990124842"}],"version-history":[{"count":0,"href":"https:\/\/rebelviajes.com\/pt-br\/wp-json\/wp\/v2\/product\/990124842\/revisions"}],"wp:featuredmedia":[{"embeddable":true,"href":"https:\/\/rebelviajes.com\/pt-br\/wp-json\/wp\/v2\/media\/990122884"}],"wp:attachment":[{"href":"https:\/\/rebelviajes.com\/pt-br\/wp-json\/wp\/v2\/media?parent=990124842"}],"wp:term":[{"taxonomy":"product_brand","embeddable":true,"href":"https:\/\/rebelviajes.com\/pt-br\/wp-json\/wp\/v2\/product_brand?post=990124842"},{"taxonomy":"product_cat","embeddable":true,"href":"https:\/\/rebelviajes.com\/pt-br\/wp-json\/wp\/v2\/product_cat?post=990124842"},{"taxonomy":"product_tag","embeddable":true,"href":"https:\/\/rebelviajes.com\/pt-br\/wp-json\/wp\/v2\/product_tag?post=990124842"}],"curies":[{"name":"wp","href":"https:\/\/api.w.org\/{rel}","templated":true}]}}