{"id":990124855,"date":"2023-12-14T11:59:16","date_gmt":"2025-03-04T23:05:25","guid":{"rendered":"https:\/\/rebelviajes.com\/producto\/minitrekking-glaciar-perito-moreno\/"},"modified":"2025-03-04T20:05:25","modified_gmt":"2025-03-04T23:05:25","slug":"minitrekking-glaciar-perito-moreno","status":"publish","type":"product","link":"https:\/\/rebelviajes.com\/pt-br\/product\/minitrekking-glaciar-perito-moreno\/","title":{"rendered":"Minitrekking Glaciar Perito Moreno"},"content":{"rendered":"<h2 id=\"descripcion\">Descri\u00e7\u00e3o<\/h2>\n<h3>Venha ver, sentir e vivenciar o impressionante Glaciar Perito Moreno<\/h3>\n<p>Esta experi\u00eancia imperd\u00edvel come\u00e7a no Porto &#8220;Bajo de las Sombras&#8221;, dentro do Parque Nacional Los Glaciares. L\u00e1, embarcaremos em uma navega\u00e7\u00e3o pelo Bra\u00e7o Rico at\u00e9 a costa oeste. Ao chegarmos ao ref\u00fagio, seremos recebidos pelos guias, que fornecer\u00e3o detalhes sobre a atividade.  <\/p>\n<p>Formaremos grupos de at\u00e9 20 pessoas para fazer uma caminhada de 20 minutos at\u00e9 a geleira e come\u00e7ar a aventura congelada.<\/p>\n<p>Ao chegarmos ao glaciar, colocaremos os crampons, essenciais para caminhar sobre o gelo e evitar escorreg\u00f5es. Em seguida, faremos movimentos de aquecimento e participaremos de uma interessante palestra sobre glaciologia. <\/p>\n<p>Uma vez prontos, iniciaremos o minitrekking no glaciar, onde poderemos admirar gretas, seracs, sumidouros, pequenas lagoas e muito mais.<br \/>\nA caminhada tem dificuldade moderada e \u00e9 realizada sobre uma superf\u00edcie de gelo irregular, por\u00e9m firme e segura.<\/p>\n<p>Ap\u00f3s o trekking, retornaremos ao ref\u00fagio, atravessando a floresta magalh\u00e2nica. Neste local, voc\u00ea poder\u00e1 descansar e apreciar uma vista privilegiada do Glaciar Perito Moreno. <\/p>\n<p>Ap\u00f3s o descanso, iniciaremos o retorno pelo Bra\u00e7o Rico do Lago Argentino, navegando em frente ao Glaciar Perito Moreno.<\/p>\n<p>Observa\u00e7\u00e3o: o hor\u00e1rio de in\u00edcio da atividade pode ser entre 7h e 16h. O cronograma ser\u00e1 confirmado assim que entregarmos o itiner\u00e1rio. <\/p>\n<p>Atividade PERMITIDA para pessoas entre 08 e 65 anos, SEM EXCE\u00c7\u00c3O. N\u00e3o poder\u00e3o participar mulheres gr\u00e1vidas ou pessoas com mobilidade reduzida, artrite, pr\u00f3teses, problemas nos joelhos, meniscos, sobrepeso ou condi\u00e7\u00f5es card\u00edacas. <\/p>\n<div class=\"divisor\"><\/div>\n<h2 id=\"detalle\">Detalhe<\/h2>\n<table>\n<tbody>\n<tr>\n<th><i class=\"fa fa-check\" aria-hidden=\"true\"><\/i> Inclui<\/th>\n<\/tr>\n<tr>\n<td>60 minutos de caminhada na floresta andina da Patag\u00f4nia (ida e volta)<br \/>\n90 minutos no gelo<br \/>\n40 minutos de navega\u00e7\u00e3o em frente ao Glaciar Perito Moreno<br \/>\nGuia espanhol \/ ingl\u00eas<br \/>\nGrampos para caminhar no gelo<\/td>\n<\/tr>\n<\/tbody>\n<\/table>\n<table>\n<tbody>\n<tr>\n<th><i class=\"fa fa-times\" aria-hidden=\"true\"><\/i> N\u00e3o inclui<\/th>\n<\/tr>\n<tr>\n<td>Alimenta\u00e7\u00e3o<br \/>\nEntrada ao Parque Nacional Los Glaciares (\u00c9 pago em pesos argentinos na chegada ao Parque)<\/td>\n<\/tr>\n<\/tbody>\n<\/table>\n<div class=\"divisor\"><\/div>\n<h2 id=\"faq\">FAQ<\/h2>\n<h3>O que levar para Balcones de El Calafate?<\/h3>\n<p>Sapatos de caminhada confort\u00e1veis, roupa esportiva c\u00f4moda e quente, \u00f3culos de sol, protetor solar, gorro e luvas para o frio, roupa t\u00e9rmica tipo fleece, casaco e cal\u00e7a imperme\u00e1veis. N\u00e3o se esque\u00e7a do seu \/ Passaporte ou Carteira de Identidade. Leve seu pr\u00f3pria lanche.  <\/p>\n<div class=\"divisor\"><\/div>\n<h2 id=\"condiciones\">Condi\u00e7\u00f5es<\/h2>\n<p>Consulte as <span class=\"open-modal\" onclick=\"openModal()\">condi\u00e7\u00f5es de contrata\u00e7\u00e3o<\/span> da excurs\u00e3o Minitrekking Glaciar Perito Moreno.<\/p>\n<div id=\"my-modal\" class=\"modal\">\n<p><button class=\"close-modal\" onclick=\"closeModal()\"><i class=\"fa fa-times\" aria-hidden=\"true\"><\/i><\/button>O servi\u00e7o de busca e entrega n\u00e3o est\u00e1 dispon\u00edvel para acomoda\u00e7\u00f5es que n\u00e3o tenham recep\u00e7\u00e3o.<br \/>\nNeste caso, ser\u00e1 fornecido um ponto de encontro pr\u00f3ximo ao mesmo.<\/p>\n<p>A atividade pode ser cancelada gratuitamente at\u00e9 72 horas antes do hor\u00e1rio de in\u00edcio da atividade.<\/p>\n<p>Conhe\u00e7a nossos <a href=\"https:\/\/rebelviajes.com\/pt-br\/termos-e-condicoes\/\" target=\"_blank\" rel=\"noopener\">Termos e Condi\u00e7\u00f5es<\/a>.<\/p>\n<\/div>\n","protected":false},"excerpt":{"rendered":"<p>Sa\u00eddes de <strong>El Calafate<\/strong><br \/>\n<strong>Todosos dias<\/strong><br \/>\nHor\u00e1rio:<strong> in\u00edcio \u00e0s 7:00 \u2013 t\u00e9rmino \u00e0s 12:00<\/strong><br \/>\n<br \/><b><i>Para reservas no m\u00eas de janeiro ganhe 20% de desconto<\/i><\/b><\/p>\n","protected":false},"featured_media":990111453,"comment_status":"closed","ping_status":"closed","template":"","meta":{"site-sidebar-layout":"default","site-content-layout":"default","ast-site-content-layout":"default","site-content-style":"default","site-sidebar-style":"default","ast-global-header-display":"","ast-banner-title-visibility":"","ast-main-header-display":"","ast-hfb-above-header-display":"","ast-hfb-below-header-display":"","ast-hfb-mobile-header-display":"","site-post-title":"","ast-breadcrumbs-content":"","ast-featured-img":"","footer-sml-layout":"","ast-disable-related-posts":"","theme-transparent-header-meta":"default","adv-header-id-meta":"","stick-header-meta":"","header-above-stick-meta":"","header-main-stick-meta":"","header-below-stick-meta":"","astra-migrate-meta-layouts":"default","ast-page-background-enabled":"default","ast-page-background-meta":{"desktop":{"background-color":"","background-image":"","background-repeat":"repeat","background-position":"center center","background-size":"auto","background-attachment":"scroll","background-type":"","background-media":"","overlay-type":"","overlay-color":"","overlay-opacity":"","overlay-gradient":""},"tablet":{"background-color":"","background-image":"","background-repeat":"repeat","background-position":"center center","background-size":"auto","background-attachment":"scroll","background-type":"","background-media":"","overlay-type":"","overlay-color":"","overlay-opacity":"","overlay-gradient":""},"mobile":{"background-color":"","background-image":"","background-repeat":"repeat","background-position":"center center","background-size":"auto","background-attachment":"scroll","background-type":"","background-media":"","overlay-type":"","overlay-color":"","overlay-opacity":"","overlay-gradient":""}},"ast-content-background-meta":{"desktop":{"background-color":"var(--ast-global-color-5)","background-image":"","background-repeat":"repeat","background-position":"center center","background-size":"auto","background-attachment":"scroll","background-type":"","background-media":"","overlay-type":"","overlay-color":"","overlay-opacity":"","overlay-gradient":""},"tablet":{"background-color":"var(--ast-global-color-5)","background-image":"","background-repeat":"repeat","background-position":"center center","background-size":"auto","background-attachment":"scroll","background-type":"","background-media":"","overlay-type":"","overlay-color":"","overlay-opacity":"","overlay-gradient":""},"mobile":{"background-color":"var(--ast-global-color-5)","background-image":"","background-repeat":"repeat","background-position":"center center","background-size":"auto","background-attachment":"scroll","background-type":"","background-media":"","overlay-type":"","overlay-color":"","overlay-opacity":"","overlay-gradient":""}}},"product_brand":[],"product_cat":[586,347],"product_tag":[170,530],"class_list":{"0":"post-990124855","1":"product","2":"type-product","3":"status-publish","4":"has-post-thumbnail","6":"product_cat-el-calafate-pt-br","7":"product_cat-full-day-pt","8":"product_tag-el-calafate-pt-br","9":"product_tag-excursion-nueva-pt-br","10":"desktop-align-left","11":"tablet-align-left","12":"mobile-align-left","14":"first","15":"instock","16":"virtual","17":"sold-individually","18":"purchasable","19":"product-type-simple"},"_links":{"self":[{"href":"https:\/\/rebelviajes.com\/pt-br\/wp-json\/wp\/v2\/product\/990124855","targetHints":{"allow":["GET"]}}],"collection":[{"href":"https:\/\/rebelviajes.com\/pt-br\/wp-json\/wp\/v2\/product"}],"about":[{"href":"https:\/\/rebelviajes.com\/pt-br\/wp-json\/wp\/v2\/types\/product"}],"replies":[{"embeddable":true,"href":"https:\/\/rebelviajes.com\/pt-br\/wp-json\/wp\/v2\/comments?post=990124855"}],"version-history":[{"count":0,"href":"https:\/\/rebelviajes.com\/pt-br\/wp-json\/wp\/v2\/product\/990124855\/revisions"}],"wp:featuredmedia":[{"embeddable":true,"href":"https:\/\/rebelviajes.com\/pt-br\/wp-json\/wp\/v2\/media\/990111453"}],"wp:attachment":[{"href":"https:\/\/rebelviajes.com\/pt-br\/wp-json\/wp\/v2\/media?parent=990124855"}],"wp:term":[{"taxonomy":"product_brand","embeddable":true,"href":"https:\/\/rebelviajes.com\/pt-br\/wp-json\/wp\/v2\/product_brand?post=990124855"},{"taxonomy":"product_cat","embeddable":true,"href":"https:\/\/rebelviajes.com\/pt-br\/wp-json\/wp\/v2\/product_cat?post=990124855"},{"taxonomy":"product_tag","embeddable":true,"href":"https:\/\/rebelviajes.com\/pt-br\/wp-json\/wp\/v2\/product_tag?post=990124855"}],"curies":[{"name":"wp","href":"https:\/\/api.w.org\/{rel}","templated":true}]}}