{"id":990124856,"date":"2024-02-20T12:35:29","date_gmt":"2025-03-04T23:05:26","guid":{"rendered":"https:\/\/rebelviajes.com\/producto\/peru-basico\/"},"modified":"2025-05-01T11:39:11","modified_gmt":"2025-05-01T15:39:11","slug":"peru-basico","status":"publish","type":"product","link":"https:\/\/rebelviajes.com\/pt-br\/product\/peru-basico\/","title":{"rendered":"Peru B\u00e1sico"},"content":{"rendered":"<h2 id=\"descripcion\">Descri\u00e7\u00e3o<\/h2>\n<h3>Dia 1: Chegada em Lima e traslado ao hotel<\/h3>\n<p>Ao chegar ao aeroporto de Lima, voc\u00ea ser\u00e1 recebido e transferido para o hotel selecionado. Voc\u00ea passar\u00e1 a noite em Lima. <\/p>\n<h3>Dia 2: City Tour Colonial &amp; Moderno em Lima<\/h3>\n<p>Come\u00e7aremos o dia com o City Tour Colonial &amp; Moderno por Lima. A explora\u00e7\u00e3o incluir\u00e1 uma vista panor\u00e2mica da Huaca Pucllana, um antigo templo pr\u00e9-inca. Em seguida, visitaremos a Pra\u00e7a Maior, o Pal\u00e1cio do Governo, a Catedral, o Mosteiro e a Igreja de S\u00e3o Francisco, com destaque para as catacumbas subterr\u00e2neas. Tamb\u00e9m passaremos pelas \u00e1reas residenciais de Miraflores e San Isidro. Retorno ao hotel com a tarde livre. Pernoite em Lima.     <\/p>\n<h3>Dia 3: De Lima a Cusco<\/h3>\n<p>Pela manh\u00e3, seguiremos para o aeroporto para embarcar no voo com destino a Cusco. Ao chegar ao aeroporto de Cusco, voc\u00ea receber\u00e1 uma calorosa recep\u00e7\u00e3o e ser\u00e1 levado ao seu hotel. A manh\u00e3 ser\u00e1 livre para descanso e aclimata\u00e7\u00e3o. \u00c0 tarde, iniciaremos o City Tour por Cusco, visitando a Catedral e o Templo de Koricancha, um antigo centro militar e religioso do Imp\u00e9rio Inca dedicado ao seu principal deus, o Sol. Em seguida, exploraremos os s\u00edtios arqueol\u00f3gicos pr\u00f3ximos, como a fortaleza de Sacsayhuam\u00e1n, o anfiteatro de Kenko, Tambomachay (banhos do Inca) e Puca Pucara (centro de controle militar). Retorno ao hotel para pernoite em Cusco.     <\/p>\n<h3>Dia 4: Descobrindo Machupicchu<\/h3>\n<p>Hoje visitaremos a Cidade Inca de Machu Picchu. Embarcaremos no trem com destino a Aguas Calientes, passando por Ollantaytambo (uma viagem de aproximadamente 3 horas e meia de trem). Em seguida, tomaremos o \u00f4nibus que nos levar\u00e1 \u00e0 cidade sagrada, descoberta em 1911 por Hiram Bingham. Durante a visita guiada, exploraremos o setor urbano, com destaque para o Templo do Sol, o Intiwatana, a Rocha Sagrada, o Templo das Tr\u00eas Janelas e o Mausol\u00e9u, entre outros pontos fascinantes. Ap\u00f3s a visita, retornaremos de \u00f4nibus a Aguas Calientes para desfrutar de um almo\u00e7o buffet. No per\u00edodo da tarde, pegaremos o trem de volta para Cusco, onde haver\u00e1 recep\u00e7\u00e3o e traslado ao hotel. Pernoite em Cusco.      <\/p>\n<h3>Dia 5: Retorno a Lima e Voo Internacional<\/h3>\n<p>No hor\u00e1rio indicado, voc\u00ea ser\u00e1 transferido para o aeroporto de Cusco para embarcar no voo de volta para Lima e depois no voo internacional.<\/p>\n<div class=\"divisor\"><\/div>\n<h2 id=\"itinerario\">Itiner\u00e1rio<\/h2>\n<p>DIA 01: LIMA<br \/>\nDIA 02: LIMA: CITY TOUR COLONIAL &amp; MODERNO<br \/>\nDIA 03: LIMA \/ CUSCO &#8211; CITY TOUR + 04 RU\u00cdNAS PR\u00d3XIMAS<br \/>\nDIA 04: VISITA A MACHUPICCHU<br \/>\nDIA 05: CUSCO \/ LIMA<\/p>\n<div class=\"divisor\"><\/div>\n<h2 id=\"detalle\">Detalhe<\/h2>\n<table>\n<tbody>\n<tr>\n<th><i class=\"fa fa-check\" aria-hidden=\"true\"><\/i> Inclui<\/th>\n<\/tr>\n<tr>\n<td>\n<strong>Alimenta\u00e7\u00e3o:<\/strong><br \/>\n&#8211; Dia 2: caf\u00e9 da manh\u00e3<br \/>\n&#8211; Dia 3: caf\u00e9 da manh\u00e3<br \/>\n&#8211; Dia 4: caf\u00e9 da manh\u00e3 e almo\u00e7o<br \/>\n&#8211; Dia 5: caf\u00e9 da manh\u00e3<br \/>\n<strong>Traslado:<\/strong><br \/>\n&#8211; Excurs\u00f5es conforme itiner\u00e1rio<br \/>\n&#8211; Aeroporto &#8211; Hotel &#8211; Aeroporto<br \/>\n<strong>Hospedagem:<\/strong><br \/>\n&#8211; 2 nites em Cusco<br \/>\n&#8211; 2 noites em Lima<br \/>\n<strong>Excurs\u00f5es:<\/strong><br \/>\n&#8211; City Tour Colonial e moderno em Lima<br \/>\n&#8211; City tour + 04 ru\u00ednas pr\u00f3ximas em Cusco (entradas a Catedral e Koricancha)<br \/>\n&#8211; Visita a Machupicchu pelo Trem Expedition (Classe turista)\n<\/td>\n<\/tr>\n<\/tbody>\n<\/table>\n<p>&nbsp;<\/p>\n<table>\n<tbody>\n<tr>\n<th><i class=\"fa fa-times\" aria-hidden=\"true\"><\/i> N\u00e3o inclui<\/th>\n<\/tr>\n<tr>\n<td>\nV\u00f4os<br \/>\nSeguro de Viagem<br \/>\nSeguro de Acidente<br \/>\nAlimenta\u00e7\u00e3o n\u00e3o mencionada<br \/>\nTraslados n\u00e3o mencionados<br \/>\nServi\u00e7os n\u00e3o mencionados<br \/>\nGorjetass<br \/>\nEntradas n\u00e3o mencionadas\n<\/td>\n<\/tr>\n<\/tbody>\n<\/table>\n<div class=\"divisor\"><\/div>\n<h2 id=\"faq\">FAQ<\/h2>\n<h3>Quais s\u00e3o os hor\u00e1rios de check-in e check-out no hotel?<\/h3>\n<p>Os hot\u00e9is seguem o crit\u00e9rio internacional de hor\u00e1rio de chegada (Check-in) a partir das 13:00 horas e de sa\u00edda (Check-out) at\u00e9 as 10:00 horas. Esse hor\u00e1rio pode variar dependendo da cidade a ser visitada. <\/p>\n<div class=\"divisor\"><\/div>\n<h2 id=\"condiciones\">Condi\u00e7\u00f5es<\/h2>\n<p>Conhe\u00e7a nossos <a href=\"https:\/\/rebelviajes.com\/pt-br\/termos-e-condicoes\/\" target=\"_blank\" rel=\"noopener\">Termos e Condi\u00e7\u00f5es<\/a>.<\/p>\n","protected":false},"excerpt":{"rendered":"<p>Saindo de Lima<br \/>\n5 dias \/ 4 noites<\/p>\n","protected":false},"featured_media":990122895,"comment_status":"open","ping_status":"closed","template":"","meta":{"site-sidebar-layout":"default","site-content-layout":"default","ast-site-content-layout":"default","site-content-style":"default","site-sidebar-style":"default","ast-global-header-display":"","ast-banner-title-visibility":"","ast-main-header-display":"","ast-hfb-above-header-display":"","ast-hfb-below-header-display":"","ast-hfb-mobile-header-display":"","site-post-title":"","ast-breadcrumbs-content":"","ast-featured-img":"","footer-sml-layout":"","ast-disable-related-posts":"","theme-transparent-header-meta":"default","adv-header-id-meta":"","stick-header-meta":"","header-above-stick-meta":"","header-main-stick-meta":"","header-below-stick-meta":"","astra-migrate-meta-layouts":"default","ast-page-background-enabled":"default","ast-page-background-meta":{"desktop":{"background-color":"","background-image":"","background-repeat":"repeat","background-position":"center center","background-size":"auto","background-attachment":"scroll","background-type":"","background-media":"","overlay-type":"","overlay-color":"","overlay-opacity":"","overlay-gradient":""},"tablet":{"background-color":"","background-image":"","background-repeat":"repeat","background-position":"center center","background-size":"auto","background-attachment":"scroll","background-type":"","background-media":"","overlay-type":"","overlay-color":"","overlay-opacity":"","overlay-gradient":""},"mobile":{"background-color":"","background-image":"","background-repeat":"repeat","background-position":"center center","background-size":"auto","background-attachment":"scroll","background-type":"","background-media":"","overlay-type":"","overlay-color":"","overlay-opacity":"","overlay-gradient":""}},"ast-content-background-meta":{"desktop":{"background-color":"var(--ast-global-color-5)","background-image":"","background-repeat":"repeat","background-position":"center center","background-size":"auto","background-attachment":"scroll","background-type":"","background-media":"","overlay-type":"","overlay-color":"","overlay-opacity":"","overlay-gradient":""},"tablet":{"background-color":"var(--ast-global-color-5)","background-image":"","background-repeat":"repeat","background-position":"center center","background-size":"auto","background-attachment":"scroll","background-type":"","background-media":"","overlay-type":"","overlay-color":"","overlay-opacity":"","overlay-gradient":""},"mobile":{"background-color":"var(--ast-global-color-5)","background-image":"","background-repeat":"repeat","background-position":"center center","background-size":"auto","background-attachment":"scroll","background-type":"","background-media":"","overlay-type":"","overlay-color":"","overlay-opacity":"","overlay-gradient":""}}},"product_brand":[],"product_cat":[609,349,600],"product_tag":[532],"class_list":{"0":"post-990124856","1":"product","2":"type-product","3":"status-publish","4":"has-post-thumbnail","6":"product_cat-lima-pt-br","7":"product_cat-programas-turisticos","8":"product_cat-peru-pt-br","9":"product_tag-programa-simple-nuevo-pt-br-2","10":"desktop-align-left","11":"tablet-align-left","12":"mobile-align-left","14":"first","15":"instock","16":"sold-individually","17":"shipping-taxable","18":"purchasable","19":"product-type-variable"},"_links":{"self":[{"href":"https:\/\/rebelviajes.com\/pt-br\/wp-json\/wp\/v2\/product\/990124856","targetHints":{"allow":["GET"]}}],"collection":[{"href":"https:\/\/rebelviajes.com\/pt-br\/wp-json\/wp\/v2\/product"}],"about":[{"href":"https:\/\/rebelviajes.com\/pt-br\/wp-json\/wp\/v2\/types\/product"}],"replies":[{"embeddable":true,"href":"https:\/\/rebelviajes.com\/pt-br\/wp-json\/wp\/v2\/comments?post=990124856"}],"version-history":[{"count":0,"href":"https:\/\/rebelviajes.com\/pt-br\/wp-json\/wp\/v2\/product\/990124856\/revisions"}],"wp:featuredmedia":[{"embeddable":true,"href":"https:\/\/rebelviajes.com\/pt-br\/wp-json\/wp\/v2\/media\/990122895"}],"wp:attachment":[{"href":"https:\/\/rebelviajes.com\/pt-br\/wp-json\/wp\/v2\/media?parent=990124856"}],"wp:term":[{"taxonomy":"product_brand","embeddable":true,"href":"https:\/\/rebelviajes.com\/pt-br\/wp-json\/wp\/v2\/product_brand?post=990124856"},{"taxonomy":"product_cat","embeddable":true,"href":"https:\/\/rebelviajes.com\/pt-br\/wp-json\/wp\/v2\/product_cat?post=990124856"},{"taxonomy":"product_tag","embeddable":true,"href":"https:\/\/rebelviajes.com\/pt-br\/wp-json\/wp\/v2\/product_tag?post=990124856"}],"curies":[{"name":"wp","href":"https:\/\/api.w.org\/{rel}","templated":true}]}}