{"id":990124870,"date":"2024-02-20T11:48:42","date_gmt":"2025-03-04T23:05:29","guid":{"rendered":"https:\/\/rebelviajes.com\/producto\/machupicchu-encanto\/"},"modified":"2025-05-01T11:32:01","modified_gmt":"2025-05-01T15:32:01","slug":"machupicchu-encanto","status":"publish","type":"product","link":"https:\/\/rebelviajes.com\/pt-br\/product\/machupicchu-encanto\/","title":{"rendered":"Machupicchu Encanto"},"content":{"rendered":"<h2 id=\"descripcion\">Descri\u00e7\u00e3o<\/h2>\n<h3>Dia 1: Bem-vindo a Cusco<\/h3>\n<p>Receba uma calorosa recep\u00e7\u00e3o e boas-vindas ao chegar ao aeroporto de Cusco, seguida de um traslado confort\u00e1vel para o hotel escolhido. A manh\u00e3 ser\u00e1 livre para descanso e melhor aclimata\u00e7\u00e3o \u00e0 altitude. \u00c0 tarde, iniciaremos um City Tour pela encantadora cidade de Cusco, explorando a majestosa Catedral e o antigo Templo de Koricancha, um local de grande import\u00e2ncia militar e religiosa no Imp\u00e9rio Inca, dedicado ao deus principal, o Sol. A jornada continuar\u00e1 com a visita a quatro importantes s\u00edtios arqueol\u00f3gicos pr\u00f3ximos: a imponente fortaleza de Sacsayhuam\u00e1n, o m\u00edstico anfiteatro de Kenko, Tambomachay, conhecido por seus antigos banhos incas, e Puca Pucara, um centro de controle militar. Finalizaremos o dia com o retorno ao hotel para pernoite em Cusco.    <\/p>\n<h3>Dia 2: Vale Sagrado dos Incas<\/h3>\n<p>Iniciaremos nossa excurs\u00e3o pelo Vale Sagrado dos Incas, explorando os t\u00edpicos terra\u00e7os agr\u00edcolas da era inca e visitando vilarejos encantadores, como Pisac, famoso por seu vibrante mercado ind\u00edgena, repleto de tecidos coloridos e artesanatos locais. Seguiremos viagem passando por Calca, Yucay e Urubamba, onde desfrutaremos de um almo\u00e7o buffet. \u00c0 tarde, nos dirigiremos a Ollantaytambo, um impressionante complexo inca que desempenhava fun\u00e7\u00f5es administrativas, agr\u00edcolas e religiosas. Durante a visita, voc\u00ea poder\u00e1 admirar imponentes muralhas de pedra, templos e pal\u00e1cios.<br \/>\nEm seguida, seguiremos para a esta\u00e7\u00e3o de Ollantaytambo para embarcar no trem com destino ao povoado de Machu Picchu. Durante aproximadamente 2 horas de viagem, atravessaremos paisagens deslumbrantes rumo a esse fascinante destino. Ao chegar, realizaremos o traslado e assist\u00eancia no hotel, onde voc\u00ea poder\u00e1 descansar e aproveitar a atmosfera \u00fanica do pitoresco vilarejo de Aguas Calientes. Pernoite em Aguas Calientes.     <\/p>\n<h3>Dia 3: Maravilha do mundo \u201cMachu Picchu\u201d<\/h3>\n<p>Neste dia, embarcaremos na visita \u00e0 Cidade Inca de Machu Picchu. No hor\u00e1rio previamente combinado com o guia, pegaremos o \u00f4nibus que nos levar\u00e1 a essa cidade sagrada, que permaneceu oculta por s\u00e9culos at\u00e9 ser descoberta acidentalmente por Hiram Bingham em 1911. Esse grandioso centro inca \u00e9 considerado uma das maiores maravilhas do mundo, um verdadeiro tesouro hist\u00f3rico e arqueol\u00f3gico que revela a grandiosidade da civiliza\u00e7\u00e3o inca.<br \/>\nA visita guiada ao complexo arqueol\u00f3gico de Machu Picchu incluir\u00e1 a explora\u00e7\u00e3o do setor urbano, que abriga os elementos arquitet\u00f4nicos mais not\u00e1veis da cidade inca. Entre eles, destacam-se o Templo do Sol, o Intiwatana, a Rocha Sagrada, o Templo das Tr\u00eas Janelas e o Mausol\u00e9u, entre outros vest\u00edgios impressionantes da engenharia e espiritualidade inca. Ap\u00f3s a visita, retornaremos de \u00f4nibus ao povoado de Aguas Calientes, onde desfrutaremos de um almo\u00e7o buffet para recarregar as energias.<br \/>\n\u00c0 tarde, retornaremos a Cusco com recep\u00e7\u00e3o e traslado ao hotel. Passaremos a noite em Cusco.     <\/p>\n<h3>Dia 4: Despedida<\/h3>\n<p>No hor\u00e1rio apropriado, iremos ao aeroporto de Cusco para pegar o voo para Lima ou o voo internacional.<\/p>\n<div class=\"divisor\"><\/div>\n<h2 id=\"itinerario\">Itiner\u00e1rio<\/h2>\n<p>DIA 01: CHEGADA A CUSCO &#8211; TOUR PELA CIDADE + 04 S\u00cdTIOS ARQUEOL\u00d3GICOS PR\u00d3XIMOS<br \/>\nDIA 02: VALE SAGRADO DOS INCAS &#8211; SA\u00cdDA PARA AGUAS CALIENTES<br \/>\nDIA 03: EXPLORA\u00c7\u00c3O DE MACHU PICCHU &#8211; RETORNO A CUSCO<br \/>\nDIA 04: CUSCO \/ LIMA<\/p>\n<div class=\"divisor\"><\/div>\n<h2 id=\"detalle\">Detalhe<\/h2>\n<table>\n<tbody>\n<tr>\n<th><i class=\"fa fa-check\" aria-hidden=\"true\"><\/i> Inclui<\/th>\n<\/tr>\n<tr>\n<td>\n<strong>Alimenta\u00e7\u00e3o:<\/strong><br \/>\n&#8211; Dia 2: caf\u00e9 da manh\u00e3 e almo\u00e7o<br \/>\n&#8211; Dia 3: caf\u00e9 da manh\u00e3 e almo\u00e7o<br \/>\n&#8211; Dia 4: caf\u00e9 da manh\u00e3<br \/>\n<strong>Traslado:<\/strong><br \/>\n&#8211; Excurs\u00f5es conforme itiner\u00e1rio<br \/>\n&#8211; Aeroporto &#8211; Hotel &#8211; Aeroporto<br \/>\n<strong>Hospedagem:<\/strong><br \/>\n&#8211; 2 noites em Cusco<br \/>\n&#8211; 1 noite em Aguas Calientes<br \/>\n<strong>Excurs\u00f5es:<\/strong><br \/>\n&#8211; City tour + 04 ru\u00ednas pr\u00f3ximas (entradas para a Catedral e Koricancha)<br \/>\n&#8211; Visita ao Vale Sagrado dos Incas + Almo\u00e7o buffet<br \/>\n&#8211; Visita a Machupicchu pelo Trem Expedition (Classe turista)\n<\/td>\n<\/tr>\n<\/tbody>\n<\/table>\n<p>&nbsp;<\/p>\n<table>\n<tbody>\n<tr>\n<th><i class=\"fa fa-times\" aria-hidden=\"true\"><\/i> N\u00e3o inclui<\/th>\n<\/tr>\n<tr>\n<td>\nV\u00f4os<br \/>\nSeguro de Viagem<br \/>\nSeguro de Acidente<br \/>\nAlimenta\u00e7\u00e3o n\u00e3o mencionada<br \/>\nTraslados n\u00e3o mencionados<br \/>\nServi\u00e7os n\u00e3o mencionados<br \/>\nGorjetass<br \/>\nEntradas n\u00e3o mencionadas\n<\/td>\n<\/tr>\n<\/tbody>\n<\/table>\n<div class=\"divisor\"><\/div>\n<h2 id=\"faq\">FAQ<\/h2>\n<h3>Quais s\u00e3o os hor\u00e1rios de check-in e check-out no hotel?<\/h3>\n<p>Os hot\u00e9is seguem o crit\u00e9rio internacional de hor\u00e1rio de chegada (Check-in) a partir das 13:00 horas e de sa\u00edda (Check-out) at\u00e9 as 10:00 horas. Esse hor\u00e1rio pode variar dependendo da cidade a ser visitada. <\/p>\n<h3>Posso solicitar um upgrade de trem para Machupicchu?<\/h3>\n<p>Sim, voc\u00ea pode solicitar um upgrade no trem Vistadome por US$ 75.<\/p>\n<div class=\"divisor\"><\/div>\n<h2 id=\"condiciones\">Condi\u00e7\u00f5es<\/h2>\n<p>Conhe\u00e7a nossos <a href=\"https:\/\/rebelviajes.com\/pt-br\/termos-e-condicoes\/\" target=\"_blank\" rel=\"noopener\">Termos e Condi\u00e7\u00f5es<\/a>.<\/p>\n","protected":false},"excerpt":{"rendered":"<p>Saindo de Cusco<br \/>\n4 dias \/ 3 noites<\/p>\n","protected":false},"featured_media":990122895,"comment_status":"open","ping_status":"closed","template":"","meta":{"site-sidebar-layout":"default","site-content-layout":"default","ast-site-content-layout":"default","site-content-style":"default","site-sidebar-style":"default","ast-global-header-display":"","ast-banner-title-visibility":"","ast-main-header-display":"","ast-hfb-above-header-display":"","ast-hfb-below-header-display":"","ast-hfb-mobile-header-display":"","site-post-title":"","ast-breadcrumbs-content":"","ast-featured-img":"","footer-sml-layout":"","ast-disable-related-posts":"","theme-transparent-header-meta":"default","adv-header-id-meta":"","stick-header-meta":"","header-above-stick-meta":"","header-main-stick-meta":"","header-below-stick-meta":"","astra-migrate-meta-layouts":"default","ast-page-background-enabled":"default","ast-page-background-meta":{"desktop":{"background-color":"","background-image":"","background-repeat":"repeat","background-position":"center center","background-size":"auto","background-attachment":"scroll","background-type":"","background-media":"","overlay-type":"","overlay-color":"","overlay-opacity":"","overlay-gradient":""},"tablet":{"background-color":"","background-image":"","background-repeat":"repeat","background-position":"center center","background-size":"auto","background-attachment":"scroll","background-type":"","background-media":"","overlay-type":"","overlay-color":"","overlay-opacity":"","overlay-gradient":""},"mobile":{"background-color":"","background-image":"","background-repeat":"repeat","background-position":"center center","background-size":"auto","background-attachment":"scroll","background-type":"","background-media":"","overlay-type":"","overlay-color":"","overlay-opacity":"","overlay-gradient":""}},"ast-content-background-meta":{"desktop":{"background-color":"var(--ast-global-color-5)","background-image":"","background-repeat":"repeat","background-position":"center center","background-size":"auto","background-attachment":"scroll","background-type":"","background-media":"","overlay-type":"","overlay-color":"","overlay-opacity":"","overlay-gradient":""},"tablet":{"background-color":"var(--ast-global-color-5)","background-image":"","background-repeat":"repeat","background-position":"center center","background-size":"auto","background-attachment":"scroll","background-type":"","background-media":"","overlay-type":"","overlay-color":"","overlay-opacity":"","overlay-gradient":""},"mobile":{"background-color":"var(--ast-global-color-5)","background-image":"","background-repeat":"repeat","background-position":"center center","background-size":"auto","background-attachment":"scroll","background-type":"","background-media":"","overlay-type":"","overlay-color":"","overlay-opacity":"","overlay-gradient":""}}},"product_brand":[],"product_cat":[601,349,600],"product_tag":[532],"class_list":{"0":"post-990124870","1":"product","2":"type-product","3":"status-publish","4":"has-post-thumbnail","6":"product_cat-cusco-machu-picchu-pt-br","7":"product_cat-programas-turisticos","8":"product_cat-peru-pt-br","9":"product_tag-programa-simple-nuevo-pt-br-2","10":"desktop-align-left","11":"tablet-align-left","12":"mobile-align-left","14":"first","15":"instock","16":"sold-individually","17":"shipping-taxable","18":"purchasable","19":"product-type-variable"},"_links":{"self":[{"href":"https:\/\/rebelviajes.com\/pt-br\/wp-json\/wp\/v2\/product\/990124870","targetHints":{"allow":["GET"]}}],"collection":[{"href":"https:\/\/rebelviajes.com\/pt-br\/wp-json\/wp\/v2\/product"}],"about":[{"href":"https:\/\/rebelviajes.com\/pt-br\/wp-json\/wp\/v2\/types\/product"}],"replies":[{"embeddable":true,"href":"https:\/\/rebelviajes.com\/pt-br\/wp-json\/wp\/v2\/comments?post=990124870"}],"version-history":[{"count":0,"href":"https:\/\/rebelviajes.com\/pt-br\/wp-json\/wp\/v2\/product\/990124870\/revisions"}],"wp:featuredmedia":[{"embeddable":true,"href":"https:\/\/rebelviajes.com\/pt-br\/wp-json\/wp\/v2\/media\/990122895"}],"wp:attachment":[{"href":"https:\/\/rebelviajes.com\/pt-br\/wp-json\/wp\/v2\/media?parent=990124870"}],"wp:term":[{"taxonomy":"product_brand","embeddable":true,"href":"https:\/\/rebelviajes.com\/pt-br\/wp-json\/wp\/v2\/product_brand?post=990124870"},{"taxonomy":"product_cat","embeddable":true,"href":"https:\/\/rebelviajes.com\/pt-br\/wp-json\/wp\/v2\/product_cat?post=990124870"},{"taxonomy":"product_tag","embeddable":true,"href":"https:\/\/rebelviajes.com\/pt-br\/wp-json\/wp\/v2\/product_tag?post=990124870"}],"curies":[{"name":"wp","href":"https:\/\/api.w.org\/{rel}","templated":true}]}}