{"id":990124877,"date":"2024-02-16T18:30:33","date_gmt":"2024-02-16T21:30:33","guid":{"rendered":"https:\/\/rebelviajes.com\/producto\/full-day-glaciar-perito-moreno-navegacao\/"},"modified":"2025-05-01T10:48:21","modified_gmt":"2025-05-01T14:48:21","slug":"full-day-glaciar-perito-moreno-navegacao","status":"publish","type":"product","link":"https:\/\/rebelviajes.com\/pt-br\/product\/full-day-glaciar-perito-moreno-navegacao\/","title":{"rendered":"Full Day Glaciar Perito Moreno + Navega\u00e7\u00e3o"},"content":{"rendered":"<h2 id=\"descripcion\">Descri\u00e7\u00e3o<\/h2>\n<p>Viva a magia de visitar o majestoso <strong>\u201cGlaciar Perito Moreno\u201d<\/strong> e deixe-se levar por memor\u00e1veis \u200b\u200bcart\u00f5es postais. <\/p>\n<p>Iniciaremos nossa atividade \u00e0s 7:00 horas na cidade de <strong>El Calafate<\/strong>, onde passaremos para busc\u00e1-lo no hotel em um ve\u00edculo confort\u00e1vel. Ap\u00f3s concluirmos o pick-up de todos os passageiros, seguiremos pela Rota 11, percorrendo aproximadamente 80 km dentro do <strong>Parque Nacional Los Glaciares<\/strong>, onde atravessaremos paisagens des\u00e9rticas e boscosas.  <\/p>\n<p>Na mesma rota, observaremos uma variedade importante de avifauna, destacando-se o cisne-de-pesco\u00e7o-preto e o flamingo. Do ve\u00edculo, veremos o <strong>Lago Argentino<\/strong> e conheceremos o magn\u00edfico <strong>Glaciar Perito Moreno<\/strong> de duas formas distintas (segundo a op\u00e7\u00e3o escolhida):  <\/p>\n<p>Navega\u00e7\u00e3o (1 Hora): Desfrute de uma navega\u00e7\u00e3o de uma hora que permitir\u00e1 se aproximar do <strong>Glaciar Perito Moreno<\/strong> e admirar sua impressionante altura sobre a superf\u00edcie (entre 40 e 80 metros). Al\u00e9m disso, aproveite a experi\u00eancia acompanhado por um guia local, que fornecer\u00e1 informa\u00e7\u00f5es interessantes durante todo o percurso.  <\/p>\n<p>Em seguida, aproveite 3 horas livres para percorrer as passarelas e mirantes em frente ao <strong>Glaciar Perito Moreno.<\/strong> Viva a experi\u00eancia de observar os desprendimentos naturais do gelo, um espet\u00e1culo impressionante da natureza. <\/p>\n<p>Ap\u00f3s o t\u00e9rmino da experi\u00eancia, nos reuniremos em um ponto de encontro previamente definido e retornaremos a <strong>El Calafate,<\/strong> onde deixaremos os passageiros em seus respectivos hot\u00e9is e locais de hospedagem. <\/p>\n<div class=\"divisor\"><\/div>\n<h2 id=\"detalle\">Detalhe<\/h2>\n<table>\n<tr>\n<th><i class=\"fa fa-check\" aria-hidden=\"true\"><\/i> Inclui<\/th>\n<\/tr>\n<tr>\n<td>\nTraslados de ida e volta de hot\u00e9is localizados no centro<br \/>\n1 hora de navega\u00e7\u00e3o em frente ao Glaciar<br \/>\nSeguro<br \/>\nAcesso para cadeiras de rodas ou pessoas com mobilidade reduzida (pessoas em cadeiras de rodas devem estar acompanhadas de um acompanhante)\n<\/td>\n<\/tr>\n<\/table>\n<p><\/p>\n<table>\n<tr>\n<th><i class=\"fa fa-times\" aria-hidden=\"true\"><\/i> N\u00e3o inclui<\/th>\n<\/tr>\n<tr>\n<td>\nGorjetas<br \/>\nEntrada no Parque Nacional Los Glaciares (paga em pesos argentinos na chegada ao Parque)<br \/>\nServi\u00e7os n\u00e3o mencionados\n<\/td>\n<\/tr>\n<\/table>\n<div class=\"divisor\"><\/div>\n<h2 id=\"faq\">FAQ<\/h2>\n<h3>O que levar para o passeio de dia inteiro no Glaciar Perito Moreno + Navega\u00e7\u00e3o?<\/h3>\n<p>Sapatos de caminhada confort\u00e1veis, \u00f3culos de sol, protetor solar, gorro e luvas para o frio, camisetas de manga curta e longa, roupa t\u00e9rmica tipo fleece, casaco e cal\u00e7a imperme\u00e1veis. N\u00e3o se esque\u00e7a do seu Passaporte ou Carteira de Identidade. <\/p>\n<h3>Qual \u00e9 a taxa de entrada no Parque Nacional Los Glaciares?<\/h3>\n<p>Voc\u00ea pode verificar o pre\u00e7o atualizado do ingresso diretamente <a href=\"https:\/\/www.argentina.gob.ar\/parquesnacionales\/losglaciares\/tarifas\" rel=\"noopener\" target=\"_blank\">AQU\u00cd<\/a>.<\/p>\n<div class=\"divisor\"><\/div>\n<h2 id=\"condiciones\">Condi\u00e7\u00f5es<\/h2>\n<p>Consulte as <span class=\"open-modal\" onclick=\"openModal()\">condi\u00e7\u00f5es de contrata\u00e7\u00e3o<\/span> da excurs\u00e3o Full Day Glaciar Perito Moreno + Navega\u00e7\u00e3o.<\/p>\n<div id=\"my-modal\" class=\"modal\">\n<button class=\"close-modal\" onclick=\"closeModal()\"><i class=\"fa fa-times\" aria-hidden=\"true\"><\/i><\/button><\/p>\n<p>Excurs\u00e3o de um dia inteiro ou meio dia em servi\u00e7o regular.<\/p>\n<p>N\u00e3o s\u00e3o realizados pick-up e drop-off (busca e entrega) em hospedagens que n\u00e3o possuam recep\u00e7\u00e3o. Neste caso, um ponto de encontro \u00e9 fornecido pr\u00f3ximo ao mesmo.<\/p>\n<p>A atividade pode ser cancelada gratuitamente at\u00e9 72 horas antes do hor\u00e1rio de in\u00edcio da atividade.<\/p>\n<p>La entrada al Parque Nacional Los Glaciares se abona en pesos argentinos en la entrada del parque, para ello debe portar su DNI, C\u00e9dula de Identidad o Pasaporte.<\/p>\n<p>Conhe\u00e7a nossos <a href=\"https:\/\/rebelviajes.com\/pt-br\/termos-e-condicoes\/\" target=\"_blank\" rel=\"noopener\">Termos e Condi\u00e7\u00f5es<\/a>.\n<\/div>\n","protected":false},"excerpt":{"rendered":"<p>Sa\u00eddas de <strong>El Calafate<\/strong><br \/>\n<strong>Todos os dias<\/strong><br \/>\nHor\u00e1rio:<strong> in\u00edcio \u00e0s 7:00 \u2013 t\u00e9rmino \u00e0s 18:30<\/strong><\/p>\n","protected":false},"featured_media":990120820,"comment_status":"closed","ping_status":"closed","template":"","meta":{"site-sidebar-layout":"default","site-content-layout":"default","ast-site-content-layout":"default","site-content-style":"default","site-sidebar-style":"default","ast-global-header-display":"","ast-banner-title-visibility":"","ast-main-header-display":"","ast-hfb-above-header-display":"","ast-hfb-below-header-display":"","ast-hfb-mobile-header-display":"","site-post-title":"","ast-breadcrumbs-content":"","ast-featured-img":"","footer-sml-layout":"","ast-disable-related-posts":"","theme-transparent-header-meta":"default","adv-header-id-meta":"","stick-header-meta":"","header-above-stick-meta":"","header-main-stick-meta":"","header-below-stick-meta":"","astra-migrate-meta-layouts":"default","ast-page-background-enabled":"default","ast-page-background-meta":{"desktop":{"background-color":"","background-image":"","background-repeat":"repeat","background-position":"center center","background-size":"auto","background-attachment":"scroll","background-type":"","background-media":"","overlay-type":"","overlay-color":"","overlay-opacity":"","overlay-gradient":""},"tablet":{"background-color":"","background-image":"","background-repeat":"repeat","background-position":"center center","background-size":"auto","background-attachment":"scroll","background-type":"","background-media":"","overlay-type":"","overlay-color":"","overlay-opacity":"","overlay-gradient":""},"mobile":{"background-color":"","background-image":"","background-repeat":"repeat","background-position":"center center","background-size":"auto","background-attachment":"scroll","background-type":"","background-media":"","overlay-type":"","overlay-color":"","overlay-opacity":"","overlay-gradient":""}},"ast-content-background-meta":{"desktop":{"background-color":"var(--ast-global-color-5)","background-image":"","background-repeat":"repeat","background-position":"center center","background-size":"auto","background-attachment":"scroll","background-type":"","background-media":"","overlay-type":"","overlay-color":"","overlay-opacity":"","overlay-gradient":""},"tablet":{"background-color":"var(--ast-global-color-5)","background-image":"","background-repeat":"repeat","background-position":"center center","background-size":"auto","background-attachment":"scroll","background-type":"","background-media":"","overlay-type":"","overlay-color":"","overlay-opacity":"","overlay-gradient":""},"mobile":{"background-color":"var(--ast-global-color-5)","background-image":"","background-repeat":"repeat","background-position":"center center","background-size":"auto","background-attachment":"scroll","background-type":"","background-media":"","overlay-type":"","overlay-color":"","overlay-opacity":"","overlay-gradient":""}}},"product_brand":[],"product_cat":[586,347,221],"product_tag":[170,530],"class_list":{"0":"post-990124877","1":"product","2":"type-product","3":"status-publish","4":"has-post-thumbnail","6":"product_cat-el-calafate-pt-br","7":"product_cat-full-day-pt","8":"product_cat-navegacao","9":"product_tag-el-calafate-pt-br","10":"product_tag-excursion-nueva-pt-br","11":"desktop-align-left","12":"tablet-align-left","13":"mobile-align-left","15":"first","16":"instock","17":"sold-individually","18":"shipping-taxable","19":"purchasable","20":"product-type-simple"},"_links":{"self":[{"href":"https:\/\/rebelviajes.com\/pt-br\/wp-json\/wp\/v2\/product\/990124877","targetHints":{"allow":["GET"]}}],"collection":[{"href":"https:\/\/rebelviajes.com\/pt-br\/wp-json\/wp\/v2\/product"}],"about":[{"href":"https:\/\/rebelviajes.com\/pt-br\/wp-json\/wp\/v2\/types\/product"}],"replies":[{"embeddable":true,"href":"https:\/\/rebelviajes.com\/pt-br\/wp-json\/wp\/v2\/comments?post=990124877"}],"version-history":[{"count":0,"href":"https:\/\/rebelviajes.com\/pt-br\/wp-json\/wp\/v2\/product\/990124877\/revisions"}],"wp:featuredmedia":[{"embeddable":true,"href":"https:\/\/rebelviajes.com\/pt-br\/wp-json\/wp\/v2\/media\/990120820"}],"wp:attachment":[{"href":"https:\/\/rebelviajes.com\/pt-br\/wp-json\/wp\/v2\/media?parent=990124877"}],"wp:term":[{"taxonomy":"product_brand","embeddable":true,"href":"https:\/\/rebelviajes.com\/pt-br\/wp-json\/wp\/v2\/product_brand?post=990124877"},{"taxonomy":"product_cat","embeddable":true,"href":"https:\/\/rebelviajes.com\/pt-br\/wp-json\/wp\/v2\/product_cat?post=990124877"},{"taxonomy":"product_tag","embeddable":true,"href":"https:\/\/rebelviajes.com\/pt-br\/wp-json\/wp\/v2\/product_tag?post=990124877"}],"curies":[{"name":"wp","href":"https:\/\/api.w.org\/{rel}","templated":true}]}}