{"id":990124960,"date":"2023-02-09T03:17:18","date_gmt":"2025-03-06T23:18:17","guid":{"rendered":"https:\/\/rebelviajes.com\/producto\/lagoa-humantay\/"},"modified":"2025-03-07T10:58:10","modified_gmt":"2025-03-07T13:58:10","slug":"lagoa-humantay","status":"publish","type":"product","link":"https:\/\/rebelviajes.com\/pt-br\/product\/lagoa-humantay\/","title":{"rendered":"Lagoa Humantay"},"content":{"rendered":"<h2 id=\"descripcion\">Descri\u00e7\u00e3o<\/h2>\n<p>DIFICULDADE: BAIXA<br \/>\nALTITUDE M\u00c1XIMA: 13.943 P\u00c9S \/ 4.250 M<br \/>\nDIST\u00c2NCIAS: 3.72 MILHAS \/ 6 KM<\/p>\n<p>Aproveite e relaxe neste lindo passeio onde voc\u00ea observar\u00e1 um pouco sobre a flora e fauna do lugar, ficar\u00e1 maravilhado com as incr\u00edveis montanhas nevadas de Salkantay e Humantay e poder\u00e1 apreciar a vista incr\u00edvel do Lago Humantay.<\/p>\n<p><strong>HOTEL \u2013 MOLLEPATA (CAF\u00c9 DA MANH\u00c3 E ALMO\u00c7O) SORAYPAMPA \u2013 LAGO HUMANTAY \u2013 ALMO\u00c7O \u2013 CUSCO<\/strong><\/p>\n<p>O guia profissional de montanha ir\u00e1 busc\u00e1-lo em seu hostel ou hotel entre 4h e 4h30 aproximadamente. Voc\u00ea deve informar \u00e0 ag\u00eancia de viagens o local de sua estadia um dia antes da partida e ter\u00e1 que esperar pela sua caminhada at\u00e9 o <strong>Lago Humantay<\/strong>.<\/p>\n<p>A temperatura durante as primeiras horas do percurso at\u00e9 o <strong>Lago Humantay<\/strong> \u00e9 fria, variando entre 5 e 9\u00b0C, por isso \u00e9 recomend\u00e1vel levar um su\u00e9ter, casaco, gorro e luvas para se manter confort\u00e1vel durante o trajeto at\u00e9 <strong>Mollepata<\/strong>. Ap\u00f3s aproximadamente duas horas de viagem, voc\u00ea chegar\u00e1 a <strong>Mollepata <\/strong>onde far\u00e1 uma parada para o caf\u00e9 da manh\u00e3 e ter\u00e1 a oportunidade de comprar os \u00faltimos itens que possa ter esquecido em <strong>Cusco <\/strong>como \u00e1gua, lanches ou outros suprimentos.  <\/p>\n<p>Ap\u00f3s o caf\u00e9 da manh\u00e3, haver\u00e1 mais uma hora de viagem at\u00e9 <strong>Soraypampa<\/strong>. Ao chegar a essa regi\u00e3o, voc\u00ea poder\u00e1 admirar as belas <strong>montanhas e nevados como Salkantay <\/strong>(6.230 metros de altitude) e <strong>Humantay <\/strong>(5250 metros de altitude). Em seguida, voc\u00ea se preparar\u00e1 e levar\u00e1 sua mochila pequena para iniciar a caminhada at\u00e9 o <strong>Lago Humantay<\/strong> por 1 hora ou 3 km aproximadamente. O caminho at\u00e9 <strong>Humantay Lake<\/strong> \u00e9 \u00edngreme, por\u00e9m, como os grupos s\u00e3o pequenos, o guia garantir\u00e1 um ritmo adequado para que todos possam aproveitar a experi\u00eancia e chegar \u00e0 <strong>Lagoa Humantay<\/strong> sem press\u00e3o.   <\/p>\n<p>Depois de apreciar a sua primeira vista do <strong>Lago Humantay<\/strong> existe a op\u00e7\u00e3o de fazer uma pequena subida para a zona direita ou esquerda da lagoa onde se pode desfrutar de uma vista panor\u00e2mica.<br \/>\nEm seguida, voc\u00ea ter\u00e1 a parte f\u00e1cil da caminhada, descendo at\u00e9 <strong>SorayPampa<\/strong> por 1 hora. Depois, pegar\u00e1 o transporte para retornar para <strong>Mollepata <\/strong>onde um almo\u00e7o local estar\u00e1 esperando por voc\u00ea. Ap\u00f3s o almo\u00e7o, retornar\u00e1 para <strong>Cusco<\/strong>.   <\/p>\n<p>Voc\u00ea chegar\u00e1 em <strong>Cusco <\/strong>entre \u00e0s 17:00 e 18:00, aproximadamente.<\/p>\n<div class=\"divisor\"><\/div>\n<h2 id=\"detalle\">Detalhe<\/h2>\n<table>\n<tbody>\n<tr>\n<th><i class=\"fa fa-check\" aria-hidden=\"true\"><\/i> Inclui<\/th>\n<\/tr>\n<tr>\n<td>Guia tur\u00edstico profissional durante toda a viagem<br \/>\nBusca na casa de fam\u00edlia, hostel ou hotel<br \/>\nTransporte de Cusco a SorayPampa<br \/>\nTransporte de SorayPampa a Cusco<br \/>\nCaf\u00e9 da manh\u00e3<br \/>\nAlmo\u00e7o<br \/>\nKit de primeiros socorros<br \/>\nGarrafa de oxig\u00eanio<\/td>\n<\/tr>\n<\/tbody>\n<\/table>\n<table>\n<tbody>\n<tr>\n<th><i class=\"fa fa-times\" aria-hidden=\"true\"><\/i> N\u00e3o inclui<\/th>\n<\/tr>\n<tr>\n<td>Gorjetas<br \/>\nCavalo extra<\/td>\n<\/tr>\n<\/tbody>\n<\/table>\n<div class=\"divisor\"><\/div>\n<h2 id=\"faq\">FAQ<\/h2>\n<p><strong>O que levar para o Lago Humantay:<\/strong><br \/>\nMochila pequena (30 litros m\u00e1x.)<br \/>\nSu\u00e9ter e casacos<br \/>\nCapa ou casaco de chuva<br \/>\nSapatos de caminhada<br \/>\nCal\u00e7as confort\u00e1veis<br \/>\n\u00d3culos de sol<br \/>\nProtetor solar<br \/>\nBon\u00e9\/Chap\u00e9u para o sol<br \/>\nC\u00e2mera ou telefone<br \/>\nMedicamento Pessoal<\/p>\n<div class=\"divisor\"><\/div>\n<h2 id=\"condiciones\">Condi\u00e7\u00f5es<\/h2>\n<p>Consulte as <span class=\"open-modal\">condi\u00e7\u00f5es de contrata\u00e7\u00e3o<\/span> da excurs\u00e3o <strong>Lagoa Humantay<\/strong>.<\/p>\n<div id=\"my-modal\" class=\"modal\"><button class=\"close-modal\"><i class=\"fa fa-times\" aria-hidden=\"true\"><\/i><\/button>A atividade pode ser cancelada sem custo at\u00e9 72 horas antes do hor\u00e1rio de in\u00edcio.<br \/>\nN\u00e3o se recomendam caminhadas para pessoas com mais de 60 anos, crian\u00e7as menores de 12 anos, gestantes, indiv\u00edduos com problemas de mobilidade, doen\u00e7as card\u00edacas ou qualquer condi\u00e7\u00e3o de alto risco.<br \/>\nN\u00e3o haver\u00e1 reembolsos em caso de paralisa\u00e7\u00f5es, protestos ou desastres naturais ap\u00f3s o in\u00edcio da viagem, mas os passageiros ter\u00e3o assist\u00eancia. A empresa sempre enviar\u00e1 informa\u00e7\u00f5es para evitar falhas na comunica\u00e7\u00e3o, mas n\u00e3o pode prever eventos como deslizamentos de terra ou huaycos que possam ocorrer durante o trajeto.<br \/>\nOs passageiros ser\u00e3o considerados no-show caso n\u00e3o compare\u00e7am no momento da sa\u00edda, informem no mesmo dia que n\u00e3o ir\u00e3o ao servi\u00e7o ou n\u00e3o estejam presentes dentro do hor\u00e1rio indicado.<br \/>\nOs passageiros devem aguardar no lobby do hotel ou no ponto de encontro no hor\u00e1rio combinado no momento da confirma\u00e7\u00e3o da reserva. Como se trata de um tour regular, o hor\u00e1rio de retirada pode se estender em at\u00e9 15 minutos. Para retiradas em locais fora da \u00e1rea coberta, h\u00e1 um custo adicional; consulte a equipe ou dirija-se a um ponto de encontro acordado. Apenas mochilas ou bolsas de m\u00e3o de at\u00e9 7 kg s\u00e3o permitidas.<br \/>\n. A empresa n\u00e3o se responsabiliza por objetos esquecidos pelos passageiros.      <\/p>\n<p>Conhe\u00e7a nossos <a href=\"https:\/\/rebelviajes.com\/pt-br\/termos-e-condicoes\/\" target=\"_blank\" rel=\"noopener\">Termos e Condi\u00e7\u00f5es<\/a>.<\/p>\n<\/div>\n","protected":false},"excerpt":{"rendered":"<p>Sa\u00eddas de <strong>Cusco<\/strong><br \/>\n<strong>Todos os dias<\/strong><br \/>\nHor\u00e1rio:<strong> in\u00edcio \u00e0s 04:30 \u2013 t\u00e9rmino \u00e0s 19:30<\/strong><\/p>\n","protected":false},"featured_media":990121680,"comment_status":"open","ping_status":"closed","template":"","meta":{"site-sidebar-layout":"default","site-content-layout":"default","ast-site-content-layout":"default","site-content-style":"default","site-sidebar-style":"default","ast-global-header-display":"","ast-banner-title-visibility":"","ast-main-header-display":"","ast-hfb-above-header-display":"","ast-hfb-below-header-display":"","ast-hfb-mobile-header-display":"","site-post-title":"","ast-breadcrumbs-content":"","ast-featured-img":"","footer-sml-layout":"","ast-disable-related-posts":"","theme-transparent-header-meta":"default","adv-header-id-meta":"","stick-header-meta":"","header-above-stick-meta":"","header-main-stick-meta":"","header-below-stick-meta":"","astra-migrate-meta-layouts":"default","ast-page-background-enabled":"default","ast-page-background-meta":{"desktop":{"background-color":"","background-image":"","background-repeat":"repeat","background-position":"center center","background-size":"auto","background-attachment":"scroll","background-type":"","background-media":"","overlay-type":"","overlay-color":"","overlay-opacity":"","overlay-gradient":""},"tablet":{"background-color":"","background-image":"","background-repeat":"repeat","background-position":"center center","background-size":"auto","background-attachment":"scroll","background-type":"","background-media":"","overlay-type":"","overlay-color":"","overlay-opacity":"","overlay-gradient":""},"mobile":{"background-color":"","background-image":"","background-repeat":"repeat","background-position":"center center","background-size":"auto","background-attachment":"scroll","background-type":"","background-media":"","overlay-type":"","overlay-color":"","overlay-opacity":"","overlay-gradient":""}},"ast-content-background-meta":{"desktop":{"background-color":"var(--ast-global-color-5)","background-image":"","background-repeat":"repeat","background-position":"center center","background-size":"auto","background-attachment":"scroll","background-type":"","background-media":"","overlay-type":"","overlay-color":"","overlay-opacity":"","overlay-gradient":""},"tablet":{"background-color":"var(--ast-global-color-5)","background-image":"","background-repeat":"repeat","background-position":"center center","background-size":"auto","background-attachment":"scroll","background-type":"","background-media":"","overlay-type":"","overlay-color":"","overlay-opacity":"","overlay-gradient":""},"mobile":{"background-color":"var(--ast-global-color-5)","background-image":"","background-repeat":"repeat","background-position":"center center","background-size":"auto","background-attachment":"scroll","background-type":"","background-media":"","overlay-type":"","overlay-color":"","overlay-opacity":"","overlay-gradient":""}}},"product_brand":[],"product_cat":[601,347],"product_tag":[611,530],"class_list":{"0":"post-990124960","1":"product","2":"type-product","3":"status-publish","4":"has-post-thumbnail","6":"product_cat-cusco-machu-picchu-pt-br","7":"product_cat-full-day-pt","8":"product_tag-cusco-pt-br","9":"product_tag-excursion-nueva-pt-br","10":"desktop-align-left","11":"tablet-align-left","12":"mobile-align-left","14":"first","15":"instock","16":"sold-individually","17":"shipping-taxable","18":"purchasable","19":"product-type-simple"},"_links":{"self":[{"href":"https:\/\/rebelviajes.com\/pt-br\/wp-json\/wp\/v2\/product\/990124960","targetHints":{"allow":["GET"]}}],"collection":[{"href":"https:\/\/rebelviajes.com\/pt-br\/wp-json\/wp\/v2\/product"}],"about":[{"href":"https:\/\/rebelviajes.com\/pt-br\/wp-json\/wp\/v2\/types\/product"}],"replies":[{"embeddable":true,"href":"https:\/\/rebelviajes.com\/pt-br\/wp-json\/wp\/v2\/comments?post=990124960"}],"version-history":[{"count":0,"href":"https:\/\/rebelviajes.com\/pt-br\/wp-json\/wp\/v2\/product\/990124960\/revisions"}],"wp:featuredmedia":[{"embeddable":true,"href":"https:\/\/rebelviajes.com\/pt-br\/wp-json\/wp\/v2\/media\/990121680"}],"wp:attachment":[{"href":"https:\/\/rebelviajes.com\/pt-br\/wp-json\/wp\/v2\/media?parent=990124960"}],"wp:term":[{"taxonomy":"product_brand","embeddable":true,"href":"https:\/\/rebelviajes.com\/pt-br\/wp-json\/wp\/v2\/product_brand?post=990124960"},{"taxonomy":"product_cat","embeddable":true,"href":"https:\/\/rebelviajes.com\/pt-br\/wp-json\/wp\/v2\/product_cat?post=990124960"},{"taxonomy":"product_tag","embeddable":true,"href":"https:\/\/rebelviajes.com\/pt-br\/wp-json\/wp\/v2\/product_tag?post=990124960"}],"curies":[{"name":"wp","href":"https:\/\/api.w.org\/{rel}","templated":true}]}}