{"id":990124961,"date":"2023-02-09T02:28:22","date_gmt":"2025-03-07T13:49:57","guid":{"rendered":"https:\/\/rebelviajes.com\/producto\/vale-sagrado-e-minas-de-sal-e-moray\/"},"modified":"2025-03-07T10:49:57","modified_gmt":"2025-03-07T13:49:57","slug":"vale-sagrado-e-minas-de-sal-e-moray","status":"publish","type":"product","link":"https:\/\/rebelviajes.com\/pt-br\/product\/vale-sagrado-e-minas-de-sal-e-moray\/","title":{"rendered":"Vale Sagrado e Minas de Sal e Moray"},"content":{"rendered":"<h2 id=\"descripcion\">Descri\u00e7\u00e3o<\/h2>\n<p>DIFICULDADE: BAIXA<br \/>\nALTITUDE M\u00c1XIMA: 11.483 P\u00c9S \/ 3.500 M<br \/>\nDIST\u00c2NCIAS 0.62 MILHAS \/ 1 KM<\/p>\n<p>A viagem come\u00e7a com uma coleta \u00e0s 7h para todos os membros do grupo, ent\u00e3o voc\u00ea seguir\u00e1 para a primeira parada &#8220;<strong>Chinchero<\/strong>&#8220;. Voc\u00ea far\u00e1 ent\u00e3o a primeira parada para visitar uma fam\u00edlia local para aprender sobre o antigo processo de tecelagem, ap\u00f3s uma explica\u00e7\u00e3o e algum tempo para relaxar, voc\u00ea continuar\u00e1 em dire\u00e7\u00e3o a <strong>Moray<\/strong>.  <\/p>\n<p><strong>Moray<\/strong>\u00e9 um famoso <strong>s\u00edtio arqueol\u00f3gico<\/strong> onde o seu guia tur\u00edstico levar\u00e1 o grupo em uma visita guiada e ter\u00e1 tempo para tirar fotos das paisagens maravilhosas.<br \/>\nEm seguida, continuar\u00e1 em dire\u00e7\u00e3o \u00e0s <strong>Minas de sal de Maras <\/strong>e voc\u00ea vai aproveitar a hist\u00f3ria deste lugar e as belas paisagens, ent\u00e3o no meio do dia voc\u00ea ir\u00e1 para <strong>Urubamba<\/strong>, onde voc\u00ea pode desfrutar de um almo\u00e7o buffet local e relaxar.<\/p>\n<p>Depois de aproveitar a grandiosidade do <strong>Vale Sagrado<\/strong>, ir\u00e1 a <strong>Ollantaytambo<\/strong>, onde visitar\u00e1 o <strong>s\u00edtio arqueol\u00f3gico<\/strong> e aprender\u00e1 mais sobre a <strong>cultura inca<\/strong>. \u00c0s vezes, leva cerca de 45 minutos para percorrer os principais pontos do local. Em seguida, alguns viajantes encerrar\u00e3o o passeio nesse local (entre 14h e 15h) e embarcar\u00e3o em um dos trens para <strong>Machu Picchu<\/strong>. Se esse n\u00e3o for o seu caso, o passeio continuar\u00e1 at\u00e9 <strong>Pisaq<\/strong>. <\/p>\n<p>Aproveite o <strong>s\u00edtio arqueol\u00f3gico de Pisaq<\/strong> com uma visita guiada. Em seguida, seu guia permitir\u00e1 que voc\u00ea explore a \u00e1rea por conta pr\u00f3pria por um tempo. Depois, todos os grupos se reunir\u00e3o novamente e seguir\u00e3o para visitar uma das lojas no caminho.<\/p>\n<p>Por fim, voc\u00ea retornar\u00e1 a <strong>Cusco <\/strong>aproximadamente \u00e0s 19h e ser\u00e1 deixado perto da pra\u00e7a principal.<\/p>\n<div class=\"divisor\"><\/div>\n<h2 id=\"detalle\">Detalhe<\/h2>\n<table>\n<tbody>\n<tr>\n<th><i class=\"fa fa-check\" aria-hidden=\"true\"><\/i> Inclui<\/th>\n<\/tr>\n<tr>\n<td>Retirada no seu hotel<br \/>\nTransfer<br \/>\nAlmo\u00e7o<br \/>\n\u00d4nibus tur\u00edstico (12 a 19 pessoas em servi\u00e7o compartilhado)<br \/>\nGuia tur\u00edstico profissional<br \/>\nChinchero<br \/>\nMoray<br \/>\nMinas de sal de Maras<br \/>\nUrubamba<br \/>\nOllantaytambo<br \/>\nPisaq<\/td>\n<\/tr>\n<\/tbody>\n<\/table>\n<table>\n<tbody>\n<tr>\n<th><i class=\"fa fa-times\" aria-hidden=\"true\"><\/i> No inclui<\/th>\n<\/tr>\n<tr>\n<td>Gorjetas<br \/>\nMinas de sal de Maras (10 soles).<br \/>\nIngresso Tur\u00edstico BTG<\/td>\n<\/tr>\n<\/tbody>\n<\/table>\n<div class=\"divisor\"><\/div>\n<h2 id=\"faq\">FAQ<\/h2>\n<p><strong>A que horas come\u00e7a o passeio?<\/strong><br \/>\nA retirada come\u00e7a \u00e0s 6h30. Por favor, informe-me onde voc\u00ea est\u00e1 hospedado um dia antes da viagem para que possamos definir um local de retirada ou ponto de encontro. <\/p>\n<p><strong>A que horas termina o passeio?<\/strong><br \/>\nO passeio pode terminar em Ollantaytambo entre 14h e 15h ou em Cusco \u00e0s 19h.<\/p>\n<p><strong>Posso comprar um ingresso para o Vale Sagrado durante a viagem?<\/strong><br \/>\nSim, voc\u00ea pode comprar seus ingressos no primeiro local que visitar. Dispon\u00edvel somente em moeda local e dinheiro. <\/p>\n<p><strong>Onde come\u00e7am as minas de sal do Vale Sagrado e de Moray?<\/strong><br \/>\nTodos os passeios come\u00e7am em Cusco.<\/p>\n<p><strong>Onde terminam as minas de sal do Vale Sagrado e de Moray?<\/strong><br \/>\nA entrega pode ser em Cusco ou Ollantaytambo.<\/p>\n<p><strong>Posso terminar a viagem em Ollantaytambo?<\/strong><br \/>\nSim, voc\u00ea pode terminar o passeio em Ollantaytambo e pegar o trem para Machu Picchu ou passar a noite na cidade.<\/p>\n<p><strong>O que eu perco se terminar o passeio em Ollantaytambo?<\/strong><br \/>\nVoc\u00ea vai perder de visitar Pisaq, no entanto, seria uma boa ideia visit\u00e1-lo em outro dia ou por conta pr\u00f3pria, dedicando um dia inteiro para explorar toda a regi\u00e3o.<\/p>\n<div class=\"divisor\"><\/div>\n<h2 id=\"condiciones\">Condi\u00e7\u00f5es<\/h2>\n<p>Consulte as <span class=\"open-modal\">condi\u00e7\u00f5es de contrata\u00e7\u00e3o<\/span> da excurs\u00e3o <strong>Vale Sagrado e Minas de Sal y Moray<\/strong>.<\/p>\n<div id=\"my-modal\" class=\"modal\"><button class=\"close-modal\"><i class=\"fa fa-times\" aria-hidden=\"true\"><\/i><\/button>A atividade pode ser cancelada gratuitamente at\u00e9 72 horas antes do hor\u00e1rio de in\u00edcio da atividade.<br \/>\nA caminhada n\u00e3o \u00e9 recomendada para: pessoas com mais de 60 anos, crian\u00e7as menores de 12 anos, gestantes, pessoas com problemas de mobilidade, pessoas que sofrem de doen\u00e7as card\u00edacas ou qualquer doen\u00e7a de alto risco.<br \/>\nSem reembolsos: Para manter nossos clientes bem informados sobre qualquer incidente que possa impedir o andamento normal da viagem, a empresa sempre enviar\u00e1 informa\u00e7\u00f5es para evitar falhas na comunica\u00e7\u00e3o. No entanto, n\u00e3o podemos prever desastres naturais, como deslizamentos de terra ou huaycos, que possam ocorrer durante o percurso. N\u00e3o haver\u00e1 reembolsos em caso de paralisa\u00e7\u00f5es, protestos ou desastres naturais ap\u00f3s o in\u00edcio da viagem, mas os viajantes receber\u00e3o assist\u00eancia.<br \/>\nNo show: \u2022Se os passageiros n\u00e3o comparecerem no hor\u00e1rio de partida. \u2022Se os passageiros informarem no mesmo dia da viagem que n\u00e3o ir\u00e3o ao servi\u00e7o. \u2022Caso o passageiro n\u00e3o compare\u00e7a no hor\u00e1rio indicado<br \/>\nOs passageiros devem aguardar no lobby do hotel ou no ponto de encontro no hor\u00e1rio de retirada coordenado no momento da confirma\u00e7\u00e3o da reserva. Como se trata de um tour regular, o hor\u00e1rio de retirada pode se estender em at\u00e9 15 minutos a partir do hor\u00e1rio indicado para o in\u00edcio. Para tours que requerem retirada em locais fora do nosso raio de atendimento, h\u00e1 um custo adicional; nesse caso, favor consultar ou optar por um ponto de encontro acordado. A retirada \u00e9 permitida apenas com mochilas ou bolsas de m\u00e3o de no m\u00e1ximo 7 kg.<br \/>\nA empresa n\u00e3o se responsabiliza pela perda de objetos esquecidos pelos passageiros.      <\/p>\n<p>Conhe\u00e7a nossos <a href=\"https:\/\/rebelviajes.com\/pt-br\/termos-e-condicoes\/\" target=\"_blank\" rel=\"noopener\">Termos e Condi\u00e7\u00f5es<\/a>.<\/p>\n<\/div>\n","protected":false},"excerpt":{"rendered":"<p>Sa\u00eddas de <strong>Cusco<\/strong><br \/>\n<strong>Todos os dias<\/strong><br \/>\nHor\u00e1rio:<strong> in\u00edcio \u00e0s 07:00 \u2013 t\u00e9rmino \u00e0s 19:00<\/strong><\/p>\n","protected":false},"featured_media":990121667,"comment_status":"open","ping_status":"closed","template":"","meta":{"site-sidebar-layout":"default","site-content-layout":"default","ast-site-content-layout":"default","site-content-style":"default","site-sidebar-style":"default","ast-global-header-display":"","ast-banner-title-visibility":"","ast-main-header-display":"","ast-hfb-above-header-display":"","ast-hfb-below-header-display":"","ast-hfb-mobile-header-display":"","site-post-title":"","ast-breadcrumbs-content":"","ast-featured-img":"","footer-sml-layout":"","ast-disable-related-posts":"","theme-transparent-header-meta":"default","adv-header-id-meta":"","stick-header-meta":"","header-above-stick-meta":"","header-main-stick-meta":"","header-below-stick-meta":"","astra-migrate-meta-layouts":"default","ast-page-background-enabled":"default","ast-page-background-meta":{"desktop":{"background-color":"","background-image":"","background-repeat":"repeat","background-position":"center center","background-size":"auto","background-attachment":"scroll","background-type":"","background-media":"","overlay-type":"","overlay-color":"","overlay-opacity":"","overlay-gradient":""},"tablet":{"background-color":"","background-image":"","background-repeat":"repeat","background-position":"center center","background-size":"auto","background-attachment":"scroll","background-type":"","background-media":"","overlay-type":"","overlay-color":"","overlay-opacity":"","overlay-gradient":""},"mobile":{"background-color":"","background-image":"","background-repeat":"repeat","background-position":"center center","background-size":"auto","background-attachment":"scroll","background-type":"","background-media":"","overlay-type":"","overlay-color":"","overlay-opacity":"","overlay-gradient":""}},"ast-content-background-meta":{"desktop":{"background-color":"var(--ast-global-color-5)","background-image":"","background-repeat":"repeat","background-position":"center center","background-size":"auto","background-attachment":"scroll","background-type":"","background-media":"","overlay-type":"","overlay-color":"","overlay-opacity":"","overlay-gradient":""},"tablet":{"background-color":"var(--ast-global-color-5)","background-image":"","background-repeat":"repeat","background-position":"center center","background-size":"auto","background-attachment":"scroll","background-type":"","background-media":"","overlay-type":"","overlay-color":"","overlay-opacity":"","overlay-gradient":""},"mobile":{"background-color":"var(--ast-global-color-5)","background-image":"","background-repeat":"repeat","background-position":"center center","background-size":"auto","background-attachment":"scroll","background-type":"","background-media":"","overlay-type":"","overlay-color":"","overlay-opacity":"","overlay-gradient":""}}},"product_brand":[],"product_cat":[601,347],"product_tag":[611,530],"class_list":{"0":"post-990124961","1":"product","2":"type-product","3":"status-publish","4":"has-post-thumbnail","6":"product_cat-cusco-machu-picchu-pt-br","7":"product_cat-full-day-pt","8":"product_tag-cusco-pt-br","9":"product_tag-excursion-nueva-pt-br","10":"desktop-align-left","11":"tablet-align-left","12":"mobile-align-left","14":"first","15":"instock","16":"sold-individually","17":"shipping-taxable","18":"purchasable","19":"product-type-simple"},"_links":{"self":[{"href":"https:\/\/rebelviajes.com\/pt-br\/wp-json\/wp\/v2\/product\/990124961","targetHints":{"allow":["GET"]}}],"collection":[{"href":"https:\/\/rebelviajes.com\/pt-br\/wp-json\/wp\/v2\/product"}],"about":[{"href":"https:\/\/rebelviajes.com\/pt-br\/wp-json\/wp\/v2\/types\/product"}],"replies":[{"embeddable":true,"href":"https:\/\/rebelviajes.com\/pt-br\/wp-json\/wp\/v2\/comments?post=990124961"}],"version-history":[{"count":0,"href":"https:\/\/rebelviajes.com\/pt-br\/wp-json\/wp\/v2\/product\/990124961\/revisions"}],"wp:featuredmedia":[{"embeddable":true,"href":"https:\/\/rebelviajes.com\/pt-br\/wp-json\/wp\/v2\/media\/990121667"}],"wp:attachment":[{"href":"https:\/\/rebelviajes.com\/pt-br\/wp-json\/wp\/v2\/media?parent=990124961"}],"wp:term":[{"taxonomy":"product_brand","embeddable":true,"href":"https:\/\/rebelviajes.com\/pt-br\/wp-json\/wp\/v2\/product_brand?post=990124961"},{"taxonomy":"product_cat","embeddable":true,"href":"https:\/\/rebelviajes.com\/pt-br\/wp-json\/wp\/v2\/product_cat?post=990124961"},{"taxonomy":"product_tag","embeddable":true,"href":"https:\/\/rebelviajes.com\/pt-br\/wp-json\/wp\/v2\/product_tag?post=990124961"}],"curies":[{"name":"wp","href":"https:\/\/api.w.org\/{rel}","templated":true}]}}