{"id":990124964,"date":"2023-02-07T00:43:58","date_gmt":"2025-03-07T14:21:18","guid":{"rendered":"https:\/\/rebelviajes.com\/producto\/vale-sagrado\/"},"modified":"2025-03-07T11:21:18","modified_gmt":"2025-03-07T14:21:18","slug":"vale-sagrado","status":"publish","type":"product","link":"https:\/\/rebelviajes.com\/pt-br\/product\/vale-sagrado\/","title":{"rendered":"Vale Sagrado"},"content":{"rendered":"<h2 id=\"descripcion\">Descri\u00e7\u00e3o<\/h2>\n<p>DIFICULDADE: BAIXA<br \/>\nALTITUDE M\u00c1XIMA: 11.483 P\u00c9S \/ 3.500 M<br \/>\nDIST\u00c2NCIAS 55.3 MILHAS \/ 89 KM<\/p>\n<p>Explore um dos locais mais importantes da<strong>cultura Inca<\/strong> onde voc\u00ea poder\u00e1 visitar o mercado artesanal de <strong>Pisac, Ollantaytambo<\/strong> e descobrir os tecel\u00f5es tradicionais de <strong>Chinchero<\/strong>.<\/p>\n<p>O percurso come\u00e7a com a retirada no hotel por volta das 8h da manh\u00e3. Ap\u00f3s aproximadamente 45 minutos de viagem de \u00f4nibus, a primeira parada ser\u00e1 em <strong>Pisac<\/strong>, localizada a 30 km da cidade de <strong>Cusco <\/strong>conhecida como a porta de entrada do<strong> Vale Sagrado<\/strong>. Seu nome significa &#8220;perdiz&#8221;, pois se acredita que o local possui o formato dessa ave. Este lugar \u00e9 famoso pelo seu <strong>mercado artesanal<\/strong> e por seus impressionantes <strong>restos arqueol\u00f3gicos<\/strong> que voc\u00ea poder\u00e1 visitar. Ap\u00f3s explorar essa regi\u00e3o, o passeio continuar\u00e1 at\u00e9 a cidade de <strong>Urubamba<\/strong>, onde voc\u00ea poder\u00e1 desfrutar de um almo\u00e7o buffet em um restaurante tur\u00edstico.  <\/p>\n<p>Em seguida, o percurso continua at\u00e9 <strong>Ollantaytambo<\/strong>,localizado a 80 km da cidade de <strong>Cusco<\/strong>. Seu nome significa \u201clugar para olhar para baixo\u201d e, at\u00e9 hoje, preserva o antigo planejamento urbano <strong>Inca<\/strong>, j\u00e1 que \u00e9 um ponto de passagem obrigat\u00f3rio para quem segue em dire\u00e7\u00e3o a <strong>Machu Picchu<\/strong>. Esse complexo arqueol\u00f3gico foi um importante centro militar, religioso e agr\u00edcola da cultura <strong>Inca<\/strong>. Ap\u00f3s terminar esse passeio, retornar\u00e3o a <strong>Cusco<\/strong>passando por <strong>Chinchero<\/strong>, uma cidade situada a 28 km de <strong>Cusco<\/strong>. Esse local foi um importante centro urbano e ainda abriga vest\u00edgios do pal\u00e1cio do <strong>Inca T\u00fapac Yupanqui<\/strong>, tamb\u00e9m poder\u00e3o observar a <strong>Igreja Colonial de Montserrat<\/strong> que foi edificada no s\u00e9culo XVII onde est\u00e3o preservadas pinturas da <strong>Escola Cusquenha<\/strong>. Este lugar tamb\u00e9m se destaca por seu mercado, onde ainda \u00e9 praticado o tradicional sistema de troca de mercadorias, conhecido como trueque.       <\/p>\n<p>Depois de visitar esses lugares, voc\u00ea continuar\u00e1 de volta para <strong>Cusco<\/strong>, onde chegar\u00e3o aproximadamente \u00e0s 19h.<\/p>\n<div class=\"divisor\"><\/div>\n<h2 id=\"detalle\">Detalhe<\/h2>\n<table>\n<tbody>\n<tr>\n<th><i class=\"fa fa-check\" aria-hidden=\"true\"><\/i> Inclui<\/th>\n<\/tr>\n<tr>\n<td>Busca no seu hotel<br \/>\nGuia Profissional<\/td>\n<\/tr>\n<\/tbody>\n<\/table>\n<table>\n<tbody>\n<tr>\n<th><i class=\"fa fa-times\" aria-hidden=\"true\"><\/i> No inclui<\/th>\n<\/tr>\n<tr>\n<td>Gorjetas<br \/>\nAlmo\u00e7o buffet no Vale Sagrado<br \/>\nIngresso Tur\u00edstico<\/td>\n<\/tr>\n<\/tbody>\n<\/table>\n<div class=\"divisor\"><\/div>\n<h2 id=\"faq\">FAQ<\/h2>\n<h3>O que levar na excurs\u00e3o?<\/h3>\n<p>Su\u00e9teres ou jaquetas, capa de chuva, sapatos antiderrapantes, bon\u00e9s ou chap\u00e9us, \u00f3culos de<br \/>\nsol, \u00e1gua e moeda local para a compra dos ingressos para os atrativos.<\/p>\n<h3>Qual \u00e9 a altura do Vale Sagrado?<\/h3>\n<p>O Vale Sagrado \u00e9 atravessado pelo rio Vilcanota, que mais adiante passa a ser chamado<br \/>\nde Urubamba. Al\u00e9m disso, sua altitude varia entre 2.600 e 3.000 metros. Por isso, se voc\u00ea j\u00e1 estiver<br \/>\naclimatado ou n\u00e3o sofrer de mal de altitude, esses efeitos podem n\u00e3o ser percebidos.  <\/p>\n<h3>Como \u00e9 o clima no Vale Sagrado?<\/h3>\n<p>137 \/ 5.000 A temperatura varia entre 21 e 23 graus durante o dia, enquanto a temperatura<br \/>\nnoturna fica entre 4 e 8 graus Celsius.<\/p>\n<h3>Qual \u00e9 a melhor data para fazer esta excurs\u00e3o?<\/h3>\n<p>H\u00e1 pouca diferen\u00e7a ao longo do ano, ent\u00e3o no inverno (meados de maio \u2013 final de agosto)<br \/>\nas noites s\u00e3o um pouco mais frias. A esta\u00e7\u00e3o chuvosa vai de novembro at\u00e9 o final<br \/>\nde mar\u00e7o. <\/p>\n<h3>Onde fica o Vale Sagrado dos Incas?<\/h3>\n<p>O Vale Sagrado come\u00e7a na parte do vale do Rio Urubamba que inclui as cidades<br \/>\nde Pisac, Calca, Yucay, Urubamba e Ollantaytambo, entre outras.<\/p>\n<div class=\"divisor\"><\/div>\n<h2 id=\"condiciones\">Condi\u00e7\u00f5es<\/h2>\n<p>A atividade pode ser cancelada gratuitamente at\u00e9 72 horas antes do hor\u00e1rio de in\u00edcio da atividade.<\/p>\n<p>A caminhada n\u00e3o \u00e9 recomendada para: pessoas com mais de 60 anos, crian\u00e7as menores de 12 anos, gestantes, pessoas com problemas de mobilidade, pessoas que sofrem de doen\u00e7as card\u00edacas ou qualquer doen\u00e7a de alto risco.<\/p>\n<p>Sem reembolsos: Para manter os clientes bem informados sobre qualquer incidente que possa impedir o andamento normal da viagem, a empresa sempre enviar\u00e1 comunicados para evitar falhas na comunica\u00e7\u00e3o. No entanto, n\u00e3o \u00e9 poss\u00edvel prever desastres naturais, como deslizamentos de terra ou huaycos, que possam ocorrer durante o trajeto. N\u00e3o haver\u00e1 reembolsos em caso de paralisa\u00e7\u00f5es, protestos ou desastres naturais ap\u00f3s o in\u00edcio da viagem, por\u00e9m, os passageiros receber\u00e3o assist\u00eancia. <\/p>\n<p>No-show: Os passageiros ser\u00e3o considerados como no-show nos seguintes casos: se n\u00e3o comparecerem no momento da sa\u00edda, se informarem no mesmo dia que n\u00e3o utilizar\u00e3o o servi\u00e7o ou se n\u00e3o estiverem presentes dentro do hor\u00e1rio indicado.  <\/p>\n<p>Os passageiros devem aguardar no lobby do hotel ou no ponto de encontro no hor\u00e1rio de retirada combinado no momento da confirma\u00e7\u00e3o da reserva. Como se trata de um tour regular, o hor\u00e1rio de retirada pode se estender em at\u00e9 15 minutos a partir do hor\u00e1rio indicado. Para tours que exigem retirada em locais fora do nosso raio de atendimento, h\u00e1 um custo adicional; consulte-nos ou dirija-se a um ponto de encontro acordado. A retirada \u00e9 permitida apenas com mochilas ou bolsas de m\u00e3o de no m\u00e1ximo 7 kg.   <\/p>\n<p>A empresa n\u00e3o se responsabiliza pela perda de objetos esquecidos pelos passageiros.<\/p>\n<p>Conhe\u00e7a nossos <a href=\"https:\/\/rebelviajes.com\/pt-br\/termos-e-condicoes\/\" target=\"_blank\" rel=\"noopener\">Termos e Condi\u00e7\u00f5es<\/a>.<\/p>\n","protected":false},"excerpt":{"rendered":"<p>Sa\u00eddas de <strong>Cusco<\/strong><br \/>\n<strong>Todos os dias<\/strong><br \/>\nHor\u00e1rio:<strong> in\u00edcio \u00e0s 08:00 \u2013 t\u00e9rmino \u00e0s 19:00<\/strong><\/p>\n","protected":false},"featured_media":990121592,"comment_status":"open","ping_status":"closed","template":"","meta":{"site-sidebar-layout":"default","site-content-layout":"default","ast-site-content-layout":"default","site-content-style":"default","site-sidebar-style":"default","ast-global-header-display":"","ast-banner-title-visibility":"","ast-main-header-display":"","ast-hfb-above-header-display":"","ast-hfb-below-header-display":"","ast-hfb-mobile-header-display":"","site-post-title":"","ast-breadcrumbs-content":"","ast-featured-img":"","footer-sml-layout":"","ast-disable-related-posts":"","theme-transparent-header-meta":"default","adv-header-id-meta":"","stick-header-meta":"","header-above-stick-meta":"","header-main-stick-meta":"","header-below-stick-meta":"","astra-migrate-meta-layouts":"default","ast-page-background-enabled":"default","ast-page-background-meta":{"desktop":{"background-color":"","background-image":"","background-repeat":"repeat","background-position":"center center","background-size":"auto","background-attachment":"scroll","background-type":"","background-media":"","overlay-type":"","overlay-color":"","overlay-opacity":"","overlay-gradient":""},"tablet":{"background-color":"","background-image":"","background-repeat":"repeat","background-position":"center center","background-size":"auto","background-attachment":"scroll","background-type":"","background-media":"","overlay-type":"","overlay-color":"","overlay-opacity":"","overlay-gradient":""},"mobile":{"background-color":"","background-image":"","background-repeat":"repeat","background-position":"center center","background-size":"auto","background-attachment":"scroll","background-type":"","background-media":"","overlay-type":"","overlay-color":"","overlay-opacity":"","overlay-gradient":""}},"ast-content-background-meta":{"desktop":{"background-color":"var(--ast-global-color-5)","background-image":"","background-repeat":"repeat","background-position":"center center","background-size":"auto","background-attachment":"scroll","background-type":"","background-media":"","overlay-type":"","overlay-color":"","overlay-opacity":"","overlay-gradient":""},"tablet":{"background-color":"var(--ast-global-color-5)","background-image":"","background-repeat":"repeat","background-position":"center center","background-size":"auto","background-attachment":"scroll","background-type":"","background-media":"","overlay-type":"","overlay-color":"","overlay-opacity":"","overlay-gradient":""},"mobile":{"background-color":"var(--ast-global-color-5)","background-image":"","background-repeat":"repeat","background-position":"center center","background-size":"auto","background-attachment":"scroll","background-type":"","background-media":"","overlay-type":"","overlay-color":"","overlay-opacity":"","overlay-gradient":""}}},"product_brand":[],"product_cat":[601,347],"product_tag":[611,530],"class_list":{"0":"post-990124964","1":"product","2":"type-product","3":"status-publish","4":"has-post-thumbnail","6":"product_cat-cusco-machu-picchu-pt-br","7":"product_cat-full-day-pt","8":"product_tag-cusco-pt-br","9":"product_tag-excursion-nueva-pt-br","10":"desktop-align-left","11":"tablet-align-left","12":"mobile-align-left","14":"first","15":"instock","16":"virtual","17":"sold-individually","18":"purchasable","19":"product-type-simple"},"_links":{"self":[{"href":"https:\/\/rebelviajes.com\/pt-br\/wp-json\/wp\/v2\/product\/990124964","targetHints":{"allow":["GET"]}}],"collection":[{"href":"https:\/\/rebelviajes.com\/pt-br\/wp-json\/wp\/v2\/product"}],"about":[{"href":"https:\/\/rebelviajes.com\/pt-br\/wp-json\/wp\/v2\/types\/product"}],"replies":[{"embeddable":true,"href":"https:\/\/rebelviajes.com\/pt-br\/wp-json\/wp\/v2\/comments?post=990124964"}],"version-history":[{"count":0,"href":"https:\/\/rebelviajes.com\/pt-br\/wp-json\/wp\/v2\/product\/990124964\/revisions"}],"wp:featuredmedia":[{"embeddable":true,"href":"https:\/\/rebelviajes.com\/pt-br\/wp-json\/wp\/v2\/media\/990121592"}],"wp:attachment":[{"href":"https:\/\/rebelviajes.com\/pt-br\/wp-json\/wp\/v2\/media?parent=990124964"}],"wp:term":[{"taxonomy":"product_brand","embeddable":true,"href":"https:\/\/rebelviajes.com\/pt-br\/wp-json\/wp\/v2\/product_brand?post=990124964"},{"taxonomy":"product_cat","embeddable":true,"href":"https:\/\/rebelviajes.com\/pt-br\/wp-json\/wp\/v2\/product_cat?post=990124964"},{"taxonomy":"product_tag","embeddable":true,"href":"https:\/\/rebelviajes.com\/pt-br\/wp-json\/wp\/v2\/product_tag?post=990124964"}],"curies":[{"name":"wp","href":"https:\/\/api.w.org\/{rel}","templated":true}]}}