{"id":990124965,"date":"2023-02-02T11:04:54","date_gmt":"2023-02-02T14:04:54","guid":{"rendered":"https:\/\/rebelviajes.com\/producto\/city-tour-em-cusco\/"},"modified":"2025-03-07T11:31:49","modified_gmt":"2025-03-07T14:31:49","slug":"city-tour-em-cusco","status":"publish","type":"product","link":"https:\/\/rebelviajes.com\/pt-br\/product\/city-tour-em-cusco\/","title":{"rendered":"City Tour em Cusco"},"content":{"rendered":"<h2 id=\"descripcion\">Descri\u00e7\u00e3o<\/h2>\n<p>DIFICULDADE: BAIXA<br \/>\nALTURA M\u00c1XIMA: 3,500 M<br \/>\nDIST\u00c2NCIA 6 KM<\/p>\n<p>Aproveite este impressionante percurso, onde voc\u00ea poder\u00e1 explorar os principais centros arqueol\u00f3gicos de Cusco. Voc\u00ea ficar\u00e1 deslumbrado com os magn\u00edficos templos andinos e entender\u00e1 a grande import\u00e2ncia da antiga capital da cultura inca.<\/p>\n<p>O percurso come\u00e7a pela impressionante Catedral de Cusco, localizada no lado norte da Plaza de Armas. Voc\u00ea ficar\u00e1 fascinado com sua arquitetura colonial e, em seu interior, poder\u00e1 admirar quadros, murais, esculturas e antiguidades de grande valor hist\u00f3rico e cultural.<\/p>\n<h3>Qoricancha:<\/h3>\n<p>O Qoricancha foi o templo principal dos Incas e o principal santu\u00e1rio dedicado ao Deus Sol. Nesse local, voc\u00ea aprender\u00e1 sobre as diferentes divindades veneradas na cultura inca. Tamb\u00e9m conhecido como Templo do Sol, o Qoricancha impressiona com seus muros de encaixe quase perfeito, demonstrando o alto n\u00edvel de engenharia alcan\u00e7ado pelos Incas. No Convento de Santo Domingo, \u00e9 poss\u00edvel observar uma valiosa cole\u00e7\u00e3o de pinturas feitas por artistas da Escola Cusquenha de Pintura, dos s\u00e9culos XVI e XVII. Esses locais representam claramente a fus\u00e3o entre a cultura inca e a influ\u00eancia cat\u00f3lica. <\/p>\n<h3>Centro Arqueol\u00f3gico de Sacsayhuaman:<\/h3>\n<p>Ap\u00f3s o passeio pela cidade, o percurso continua at\u00e9 o centro arqueol\u00f3gico de Sacsayhuam\u00e1n, localizado a apenas 2 km de Cusco. Esta imponente fortaleza inca, cujo nome significa &#8220;falc\u00e3o satisfeito&#8221;, abriga uma grande diversidade de flora e fauna andina, incluindo lhamas, falc\u00f5es e cern\u00edcalos. Neste local voc\u00ea pode observar a incr\u00edvel engenharia com que eles conseguiram construir essas funda\u00e7\u00f5es. <\/p>\n<h3>Centro Arqueol\u00f3gico de Qenqo:<\/h3>\n<p>Em seguida, encontrar\u00e3o Qenqo, localizada a 4 quil\u00f4metros da cidade de Cusco, cujo nome significa &#8220;labirinto&#8221;. Neste local, poder\u00e3o observar galerias subterr\u00e2neas e um anfiteatro semicircular. Acredita-se que ali eram venerados deuses como o Sol, a Lua e as Estrelas. Tamb\u00e9m se cr\u00ea que existia um espa\u00e7o denominado &#8220;sala de sacrif\u00edcios&#8221;, localizado nas galerias subterr\u00e2neas. Nesse local, com formato de um grande assento, presume-se que eram realizados sacrif\u00edcios humanos e de animais. Essa sala \u00e9 um dos recintos mais bem preservados do s\u00edtio arqueol\u00f3gico. <\/p>\n<h3>Centro Arqueol\u00f3gico de Puka Pukara:<\/h3>\n<p>Ap\u00f3s alguns minutos de caminhada, o percurso continua at\u00e9 o pr\u00f3ximo centro arqueol\u00f3gico, Puka Pukara, localizado a 7 quil\u00f4metros da cidade de Cusco. Seu nome significa &#8220;fortaleza vermelha&#8221;, devido \u00e0 colora\u00e7\u00e3o avermelhada que suas pedras adquirem ao entardecer. Este local conta com diversos recintos, pra\u00e7as internas, aquedutos e caminhos, que teriam servido como ponto de descanso e controle para os viajantes na \u00e9poca inca.<\/p>\n<h3>Centro arqueol\u00f3gico de Tambomachay:<\/h3>\n<p>Ap\u00f3s alguns minutos de caminhada, o percurso continua at\u00e9 o pr\u00f3ximo centro arqueol\u00f3gico, Tambomachay, localizado a 7,5 quil\u00f4metros da cidade de Cusco. Seu nome significa &#8220;templo da \u00e1gua&#8221;, e neste local \u00e9 poss\u00edvel observar muros, canais e aquedutos. Tambomachay era um balne\u00e1rio para os Incas e tamb\u00e9m um local de culto \u00e0 \u00e1gua, destacando-se pelo seu avan\u00e7ado sistema hidr\u00e1ulico. O s\u00edtio conta com dois aquedutos esculpidos na rocha, que transportam \u00e1gua limpa durante todo o ano. Ap\u00f3s a visita, o retorno \u00e0 cidade de Cusco ser\u00e1 realizado no final do dia, por volta das 18h.<\/p>\n<div class=\"divisor\"><\/div>\n<h2 id=\"detalle\">Detalhe<\/h2>\n<table>\n<tbody>\n<tr>\n<th><i class=\"fa fa-check\" aria-hidden=\"true\"><\/i> Inclui<\/th>\n<\/tr>\n<tr>\n<td>Retirada no seu hotel<br \/>\n\u00d4nibus tur\u00edstico (de 12 a 19 pessoas como servi\u00e7o compartilhado) (opcional 2 pessoas servi\u00e7o privado)<br \/>\nGuia Profissional<br \/>\nCatedral<br \/>\nQoricancha e Convento de Santo Domingo<br \/>\n4 centros arqueol\u00f3gicos: Sacsayhuaman, Qenqo, Puka Pukara e Tambomachay<\/td>\n<\/tr>\n<\/tbody>\n<\/table>\n<table>\n<tbody>\n<tr>\n<th><i class=\"fa fa-times\" aria-hidden=\"true\"><\/i> N\u00e3o inclui<\/th>\n<\/tr>\n<tr>\n<td>Catedral<br \/>\nQoricancha<br \/>\nIngresso Tur\u00edstico Cusco<\/td>\n<\/tr>\n<\/tbody>\n<\/table>\n<div class=\"divisor\"><\/div>\n<h2 id=\"faq\">FAQ<\/h2>\n<h3>O que \u00e9 recomendado levar?<\/h3>\n<p>Recomendamos que voc\u00ea traga os seguintes itens para tornar este passeio pela cidade mais amig\u00e1vel:<br \/>\n&#8211; C\u00e2mera fotogr\u00e1fica.<br \/>\n&#8211; Protetor solar<br \/>\n&#8211; \u00d3culos de sol.<br \/>\n&#8211; Capa de chuva de acordo com a esta\u00e7\u00e3o.<br \/>\n&#8211; Lanche<br \/>\n&#8211; Dinheiro extra em soles.<\/p>\n<h3>O que \u00e9 o Bilhete Tur\u00edstico e quanto custa?<\/h3>\n<p>&#8211; Bilhete Tur\u00edstico Geral: S\/.130.00 novos soles.<br \/>\n&#8211; Bilhete Tur\u00edstico Geral para estudante S\/.70.00 novos soles.<\/p>\n<div class=\"divisor\"><\/div>\n<h2 id=\"condiciones\">Condi\u00e7\u00f5es<\/h2>\n<p>A atividade pode ser cancelada gratuitamente at\u00e9 72 horas antes do hor\u00e1rio de in\u00edcio da atividade.<\/p>\n<p>A caminhada n\u00e3o \u00e9 recomendada para: pessoas com mais de 60 anos, crian\u00e7as menores de 12 anos, gestantes, pessoas com problemas de mobilidade, pessoas que sofrem de doen\u00e7as card\u00edacas ou qualquer doen\u00e7a de alto risco.<\/p>\n<p>Sem reembolsos: Para manter os clientes bem informados sobre qualquer incidente que possa impedir o andamento normal da viagem, a empresa sempre enviar\u00e1 comunicados para evitar falhas na comunica\u00e7\u00e3o. No entanto, n\u00e3o \u00e9 poss\u00edvel prever desastres naturais, como deslizamentos de terra ou huaycos, que possam ocorrer durante o trajeto. N\u00e3o haver\u00e1 reembolsos em caso de paralisa\u00e7\u00f5es, protestos ou desastres naturais ap\u00f3s o in\u00edcio da viagem, por\u00e9m, os passageiros receber\u00e3o assist\u00eancia. <\/p>\n<p>No-show: Os passageiros ser\u00e3o considerados no-show nos seguintes casos: se n\u00e3o comparecerem no momento da sa\u00edda, se informarem no mesmo dia que n\u00e3o utilizar\u00e3o o servi\u00e7o ou se n\u00e3o estiverem presentes dentro do hor\u00e1rio indicado.  <\/p>\n<p>Os passageiros devem aguardar no lobby do hotel ou no ponto de encontro no hor\u00e1rio de retirada combinado no momento da confirma\u00e7\u00e3o da reserva. Como se trata de um tour regular, o hor\u00e1rio de retirada pode se estender em at\u00e9 15 minutos a partir do hor\u00e1rio indicado. Para tours que exigem retirada em locais fora do nosso raio de atendimento, h\u00e1 um custo adicional; consulte-nos ou dirija-se a um ponto de encontro acordado. A retirada \u00e9 permitida apenas com mochilas ou bolsas de m\u00e3o de no m\u00e1ximo 7 kg.   <\/p>\n<p>A empresa n\u00e3o se responsabiliza pela perda de itens esquecidos pelos passageiros.<\/p>\n<p>Conhe\u00e7a nossos <a href=\"https:\/\/rebelviajes.com\/pt-br\/termos-e-condicoes\/\" target=\"_blank\" rel=\"noopener\">Termos e Condi\u00e7\u00f5es<\/a>.<\/p>\n","protected":false},"excerpt":{"rendered":"<p>Sa\u00eddas de <strong>Cusco <\/strong><br \/>\n<strong>Todos os dias<\/strong><br \/>\nHor\u00e1rio:<strong> in\u00edcio \u00e0s 09:00 \u2013 t\u00e9rmino \u00e0s 18:00<\/strong><\/p>\n","protected":false},"featured_media":990121505,"comment_status":"open","ping_status":"closed","template":"","meta":{"site-sidebar-layout":"default","site-content-layout":"default","ast-site-content-layout":"default","site-content-style":"default","site-sidebar-style":"default","ast-global-header-display":"","ast-banner-title-visibility":"","ast-main-header-display":"","ast-hfb-above-header-display":"","ast-hfb-below-header-display":"","ast-hfb-mobile-header-display":"","site-post-title":"","ast-breadcrumbs-content":"","ast-featured-img":"","footer-sml-layout":"","ast-disable-related-posts":"","theme-transparent-header-meta":"default","adv-header-id-meta":"","stick-header-meta":"","header-above-stick-meta":"","header-main-stick-meta":"","header-below-stick-meta":"","astra-migrate-meta-layouts":"default","ast-page-background-enabled":"default","ast-page-background-meta":{"desktop":{"background-color":"","background-image":"","background-repeat":"repeat","background-position":"center center","background-size":"auto","background-attachment":"scroll","background-type":"","background-media":"","overlay-type":"","overlay-color":"","overlay-opacity":"","overlay-gradient":""},"tablet":{"background-color":"","background-image":"","background-repeat":"repeat","background-position":"center center","background-size":"auto","background-attachment":"scroll","background-type":"","background-media":"","overlay-type":"","overlay-color":"","overlay-opacity":"","overlay-gradient":""},"mobile":{"background-color":"","background-image":"","background-repeat":"repeat","background-position":"center center","background-size":"auto","background-attachment":"scroll","background-type":"","background-media":"","overlay-type":"","overlay-color":"","overlay-opacity":"","overlay-gradient":""}},"ast-content-background-meta":{"desktop":{"background-color":"var(--ast-global-color-5)","background-image":"","background-repeat":"repeat","background-position":"center center","background-size":"auto","background-attachment":"scroll","background-type":"","background-media":"","overlay-type":"","overlay-color":"","overlay-opacity":"","overlay-gradient":""},"tablet":{"background-color":"var(--ast-global-color-5)","background-image":"","background-repeat":"repeat","background-position":"center center","background-size":"auto","background-attachment":"scroll","background-type":"","background-media":"","overlay-type":"","overlay-color":"","overlay-opacity":"","overlay-gradient":""},"mobile":{"background-color":"var(--ast-global-color-5)","background-image":"","background-repeat":"repeat","background-position":"center center","background-size":"auto","background-attachment":"scroll","background-type":"","background-media":"","overlay-type":"","overlay-color":"","overlay-opacity":"","overlay-gradient":""}}},"product_brand":[],"product_cat":[522,601],"product_tag":[611,530],"class_list":{"0":"post-990124965","1":"product","2":"type-product","3":"status-publish","4":"has-post-thumbnail","6":"product_cat-city-tour-pt-br","7":"product_cat-cusco-machu-picchu-pt-br","8":"product_tag-cusco-pt-br","9":"product_tag-excursion-nueva-pt-br","10":"desktop-align-left","11":"tablet-align-left","12":"mobile-align-left","14":"first","15":"instock","16":"virtual","17":"sold-individually","18":"purchasable","19":"product-type-simple"},"_links":{"self":[{"href":"https:\/\/rebelviajes.com\/pt-br\/wp-json\/wp\/v2\/product\/990124965","targetHints":{"allow":["GET"]}}],"collection":[{"href":"https:\/\/rebelviajes.com\/pt-br\/wp-json\/wp\/v2\/product"}],"about":[{"href":"https:\/\/rebelviajes.com\/pt-br\/wp-json\/wp\/v2\/types\/product"}],"replies":[{"embeddable":true,"href":"https:\/\/rebelviajes.com\/pt-br\/wp-json\/wp\/v2\/comments?post=990124965"}],"version-history":[{"count":0,"href":"https:\/\/rebelviajes.com\/pt-br\/wp-json\/wp\/v2\/product\/990124965\/revisions"}],"wp:featuredmedia":[{"embeddable":true,"href":"https:\/\/rebelviajes.com\/pt-br\/wp-json\/wp\/v2\/media\/990121505"}],"wp:attachment":[{"href":"https:\/\/rebelviajes.com\/pt-br\/wp-json\/wp\/v2\/media?parent=990124965"}],"wp:term":[{"taxonomy":"product_brand","embeddable":true,"href":"https:\/\/rebelviajes.com\/pt-br\/wp-json\/wp\/v2\/product_brand?post=990124965"},{"taxonomy":"product_cat","embeddable":true,"href":"https:\/\/rebelviajes.com\/pt-br\/wp-json\/wp\/v2\/product_cat?post=990124965"},{"taxonomy":"product_tag","embeddable":true,"href":"https:\/\/rebelviajes.com\/pt-br\/wp-json\/wp\/v2\/product_tag?post=990124965"}],"curies":[{"name":"wp","href":"https:\/\/api.w.org\/{rel}","templated":true}]}}