{"id":990124969,"date":"2023-01-10T09:03:50","date_gmt":"2023-01-10T12:03:50","guid":{"rendered":"https:\/\/rebelviajes.com\/producto\/passeio-a-cavalo-de-dia-inteiro-mirante-condor-cavernas-e-sierra-senoret\/"},"modified":"2025-05-01T10:48:01","modified_gmt":"2025-05-01T14:48:01","slug":"passeio-a-cavalo-de-dia-inteiro-mirante-condor-cavernas-e-sierra-senoret","status":"publish","type":"product","link":"https:\/\/rebelviajes.com\/pt-br\/product\/passeio-a-cavalo-de-dia-inteiro-mirante-condor-cavernas-e-sierra-senoret\/","title":{"rendered":"Passeio a cavalo Mirante C\u00f3ndor, Cavernas e Sierra Se\u00f1oret"},"content":{"rendered":"<h2 id=\"descripcion\">Descri\u00e7\u00e3o<\/h2>\n<h3>Desfrute de tr\u00eas atividades no mesmo dia: Mirante C\u00f3ndor, Cavernas e Sierra Se\u00f1oret<\/h3>\n<p>Come\u00e7aremos nossa atividade te buscando no hotel em<strong>Puerto Natales<\/strong>, e \u00e0s 9h iniciaremos nossa viagem em dire\u00e7\u00e3o \u00e0 <strong>Lagoa Sof\u00eda<\/strong>.<\/p>\n<p>Ao chegarmos \u00e0 <strong>Lagoa Sof\u00eda<\/strong>, eceberemos uma palestra introdut\u00f3ria sobre seguran\u00e7a e receberemos nosso cavalo de companhia para a atividade.<\/p>\n<p>Iniciaremos o passeio que ter\u00e1 dura\u00e7\u00e3o aproximada de 18 quil\u00f4metros e cerca de 6 horas, onde visitaremos diferentes pontos emblem\u00e1ticos da <strong>Patagonia<\/strong>.<\/p>\n<p>Primeiro, passaremos pelo topo do <strong>Mirante C\u00f3ndor<\/strong> (alt.514 mts.) onde apreciaremos uma vista panor\u00e2mica da regi\u00e3o, incluindo <strong>Puerto Natales<\/strong>, <strong>Fiordo \u00daltima Esperanza<\/strong>, <strong>Sierra Dorotea<\/strong>; e todo o esplendor da <strong>Lagoa Sof\u00eda<\/strong>, <strong>Cordillera Prat<\/strong>, <strong>flora y fauna aut\u00f3ctona de la Patagonia<\/strong>. Uma importante <strong>col\u00f4nia de condores<\/strong> vive aqui. <\/p>\n<p><strong>Lagoa Sofia<\/strong> \u00e9 um lugar de beleza natural incompar\u00e1vel, com paisagens deslumbrantes de <strong>montanhas, lagos e florestas<\/strong>. Durante o passeio, voc\u00ea poder\u00e1 apreciar a vista panor\u00e2mica da lagoa e da flora e fauna locais. <\/p>\n<p>Continuaremos ent\u00e3o em dire\u00e7\u00e3o \u00e0s cavernas onde foram descobertos importantes <strong>achados arqueol\u00f3gicos<\/strong> e vest\u00edgios da antiga megafauna que viveu na \u00e1rea, destacando o tigre dentes-de-sabre, a pregui\u00e7a gigante ou o <strong>milod\u00f3n <\/strong>e os restos de uma fogueira de 10.000 anos.<\/p>\n<p>Se voc\u00ea \u00e9 um amante da natureza, esta \u00e9 uma oportunidade \u00fanica de explorar e descobrir a beleza de <strong>Magallh\u00e3es<\/strong> de uma forma \u00fanica e emocionante. Al\u00e9m disso, nossos guias compartilhar\u00e3o conhecimentos sobre a hist\u00f3ria e a cultura da regi\u00e3o. <\/p>\n<p>E finalmente subiremos a <strong>Sierra Se\u00f1oret<\/strong> e seu mirante, de onde voc\u00ea poder\u00e1 avistar o <strong>fiordo de \u00daltima Esperanza<\/strong>, a paisagem dos <strong>Andes Patag\u00f4nicos<\/strong> e <strong>Cordillera Prat<\/strong>, al\u00e9m de c\u00e9us maravilhosos cheios de condores.<\/p>\n<p>Em seguida, retornaremos ao ponto de encontro e iniciaremos a viagem de retorno a <strong>Puerto Natales<\/strong>, onde chegaremos aproximadamente \u00e0s 16h.<\/p>\n<p>N\u00e3o \u00e9 necess\u00e1ria experi\u00eancia anterior em passeios a cavalo, voc\u00ea s\u00f3 precisa querer se divertir e aproveitar o ar fresco e a beleza da natureza.<\/p>\n<div class=\"divisor\"><\/div>\n<h2 id=\"detalle\">Detalhe<\/h2>\n<table>\n<tbody>\n<tr>\n<th><i class=\"fa fa-check\" aria-hidden=\"true\"><\/i> Inclui<\/th>\n<\/tr>\n<tr>\n<td>Transporte<br \/>\nGuia<br \/>\nCapacetes certificados<br \/>\nPolainas de couro<br \/>\nSelas de alta qualidade, feitas com materiais nobres, equipadas com alforjes de couro e estofamento de l\u00e3 de ovelha<\/td>\n<\/tr>\n<\/tbody>\n<\/table>\n<table>\n<tbody>\n<tr>\n<th><i class=\"fa fa-times\" aria-hidden=\"true\"><\/i> N\u00e3o inclui<\/th>\n<\/tr>\n<tr>\n<td>Gorjetas<br \/>\nAcesso para cadeiras de rodas ou pessoas com mobilidade reduzida<\/td>\n<\/tr>\n<\/tbody>\n<\/table>\n<div class=\"divisor\"><\/div>\n<h2 id=\"faq\">FAQ<\/h2>\n<h3>Qual \u00e9 a dificuldade?<\/h3>\n<p>Este passeio \u00e9 de baixa dificuldade, adequado para todos os n\u00edveis e idades. Desde iniciantes, intermedi\u00e1rios e avan\u00e7ados. <\/p>\n<h3>Que roupa usar?<\/h3>\n<p>Casaco de chuva e\/ou frio (fechado), luvas, cal\u00e7ado fechado e de salto baixo.<\/p>\n<p>*N\u00e3o \u00e9 aconselh\u00e1vel o uso de ponchos de material pl\u00e1stico, sapatos de salto alto, cal\u00e7as<br \/>\ncurtas, pau de selfie e drones.<br \/>\n\u00c9 recomendado o uso de luvas individuais, temos luvas e toucas descart\u00e1veis \u200b\u200bdispon\u00edveis (COVID-19).<br \/>\n*Atividade realizada por guias\/especialistas que munidos de r\u00e1dio de comunica\u00e7\u00e3o (150.125) e kit de primeiros socorros.<\/p>\n<div class=\"divisor\"><\/div>\n<h2 id=\"condiciones\">Condi\u00e7\u00f5es<\/h2>\n<p>Consulte as <span class=\"open-modal\">condi\u00e7\u00f5es de contrata\u00e7\u00e3o<\/span> da excurs\u00e3o Full Day Passeio a cavalo no Mirante Condor, Cavernas e Sierra Se\u00f1oret.<\/p>\n<div id=\"my-modal\" class=\"modal\"><button class=\"close-modal\"><i class=\"fa fa-times\" aria-hidden=\"true\"><\/i><\/button>A atividade pode ser cancelada gratuitamente at\u00e9 72 horas antes do hor\u00e1rio de in\u00edcio da atividade..<\/p>\n<p>Conhe\u00e7a nossos <a href=\"https:\/\/rebelviajes.com\/pt-br\/termos-e-condicoes\/\" target=\"_blank\" rel=\"noopener\">Termos e Condi\u00e7\u00f5es<\/a>.<\/p>\n<\/div>\n","protected":false},"excerpt":{"rendered":"<p>Sa\u00eddas de <strong>Puerto Natales<\/strong><br \/>\n<strong>Todos os dias<\/strong><br \/>\nHor\u00e1rio:<strong> in\u00edcio \u00e0s 09:00 \u2013 t\u00e9rmino \u00e0s 15:00<\/strong><\/p>\n","protected":false},"featured_media":990121196,"comment_status":"open","ping_status":"closed","template":"","meta":{"site-sidebar-layout":"default","site-content-layout":"default","ast-site-content-layout":"default","site-content-style":"default","site-sidebar-style":"default","ast-global-header-display":"","ast-banner-title-visibility":"","ast-main-header-display":"","ast-hfb-above-header-display":"","ast-hfb-below-header-display":"","ast-hfb-mobile-header-display":"","site-post-title":"","ast-breadcrumbs-content":"","ast-featured-img":"","footer-sml-layout":"","ast-disable-related-posts":"","theme-transparent-header-meta":"default","adv-header-id-meta":"","stick-header-meta":"","header-above-stick-meta":"","header-main-stick-meta":"","header-below-stick-meta":"","astra-migrate-meta-layouts":"default","ast-page-background-enabled":"default","ast-page-background-meta":{"desktop":{"background-color":"","background-image":"","background-repeat":"repeat","background-position":"center center","background-size":"auto","background-attachment":"scroll","background-type":"","background-media":"","overlay-type":"","overlay-color":"","overlay-opacity":"","overlay-gradient":""},"tablet":{"background-color":"","background-image":"","background-repeat":"repeat","background-position":"center center","background-size":"auto","background-attachment":"scroll","background-type":"","background-media":"","overlay-type":"","overlay-color":"","overlay-opacity":"","overlay-gradient":""},"mobile":{"background-color":"","background-image":"","background-repeat":"repeat","background-position":"center center","background-size":"auto","background-attachment":"scroll","background-type":"","background-media":"","overlay-type":"","overlay-color":"","overlay-opacity":"","overlay-gradient":""}},"ast-content-background-meta":{"desktop":{"background-color":"var(--ast-global-color-5)","background-image":"","background-repeat":"repeat","background-position":"center center","background-size":"auto","background-attachment":"scroll","background-type":"","background-media":"","overlay-type":"","overlay-color":"","overlay-opacity":"","overlay-gradient":""},"tablet":{"background-color":"var(--ast-global-color-5)","background-image":"","background-repeat":"repeat","background-position":"center center","background-size":"auto","background-attachment":"scroll","background-type":"","background-media":"","overlay-type":"","overlay-color":"","overlay-opacity":"","overlay-gradient":""},"mobile":{"background-color":"var(--ast-global-color-5)","background-image":"","background-repeat":"repeat","background-position":"center center","background-size":"auto","background-attachment":"scroll","background-type":"","background-media":"","overlay-type":"","overlay-color":"","overlay-opacity":"","overlay-gradient":""}}},"product_brand":[],"product_cat":[96,347,602],"product_tag":[530,508],"class_list":{"0":"post-990124969","1":"product","2":"type-product","3":"status-publish","4":"has-post-thumbnail","6":"product_cat-cavalgada","7":"product_cat-full-day-pt","8":"product_cat-puerto-natales-torres-del-paine-pt-br","9":"product_tag-excursion-nueva-pt-br","10":"product_tag-puerto-natales-pt-br-2","11":"desktop-align-left","12":"tablet-align-left","13":"mobile-align-left","15":"first","16":"instock","17":"sold-individually","18":"shipping-taxable","19":"purchasable","20":"product-type-variable"},"_links":{"self":[{"href":"https:\/\/rebelviajes.com\/pt-br\/wp-json\/wp\/v2\/product\/990124969","targetHints":{"allow":["GET"]}}],"collection":[{"href":"https:\/\/rebelviajes.com\/pt-br\/wp-json\/wp\/v2\/product"}],"about":[{"href":"https:\/\/rebelviajes.com\/pt-br\/wp-json\/wp\/v2\/types\/product"}],"replies":[{"embeddable":true,"href":"https:\/\/rebelviajes.com\/pt-br\/wp-json\/wp\/v2\/comments?post=990124969"}],"version-history":[{"count":0,"href":"https:\/\/rebelviajes.com\/pt-br\/wp-json\/wp\/v2\/product\/990124969\/revisions"}],"wp:featuredmedia":[{"embeddable":true,"href":"https:\/\/rebelviajes.com\/pt-br\/wp-json\/wp\/v2\/media\/990121196"}],"wp:attachment":[{"href":"https:\/\/rebelviajes.com\/pt-br\/wp-json\/wp\/v2\/media?parent=990124969"}],"wp:term":[{"taxonomy":"product_brand","embeddable":true,"href":"https:\/\/rebelviajes.com\/pt-br\/wp-json\/wp\/v2\/product_brand?post=990124969"},{"taxonomy":"product_cat","embeddable":true,"href":"https:\/\/rebelviajes.com\/pt-br\/wp-json\/wp\/v2\/product_cat?post=990124969"},{"taxonomy":"product_tag","embeddable":true,"href":"https:\/\/rebelviajes.com\/pt-br\/wp-json\/wp\/v2\/product_tag?post=990124969"}],"curies":[{"name":"wp","href":"https:\/\/api.w.org\/{rel}","templated":true}]}}