{"id":990124970,"date":"2023-01-03T10:10:14","date_gmt":"2025-03-07T17:38:51","guid":{"rendered":"https:\/\/rebelviajes.com\/producto\/cavalgada-de-1-hora\/"},"modified":"2025-07-09T16:04:40","modified_gmt":"2025-07-09T20:04:40","slug":"passeio-a-cavalo-de-1-hora","status":"publish","type":"product","link":"https:\/\/rebelviajes.com\/pt-br\/product\/passeio-a-cavalo-de-1-hora\/","title":{"rendered":"Passeio a cavalo de 1 hora"},"content":{"rendered":"<h2 id=\"descripcion\">Descri\u00e7\u00e3o<\/h2>\n<h3>Desfrute de um curto passeio a cavalo no Mirante Laguna Sof\u00eda ou Cuevas<\/h3>\n<p>Esta atividade est\u00e1 dispon\u00edvel em dois hor\u00e1rios: 9h00 ou 15h00. Voc\u00ea pode escolher qualquer um dos dois e n\u00f3s iremos busc\u00e1-lo nos hot\u00e9is localizados no centro de <strong>Puerto Natales<\/strong>. (Se voc\u00ea escolher a op\u00e7\u00e3o com traslado).<\/p>\n<p>Na chegada, daremos uma palestra sobre seguran\u00e7a e iniciaremos a atividade, muitos <strong>condores<\/strong> e outras aves acompanhar\u00e3o voc\u00ea. Voc\u00ea desfrutar\u00e1 de um lugar tranquilo onde poder\u00e1 respirar sua liberdade e sentir a conex\u00e3o com seu companheiro cavalo.<\/p>\n<p><strong>Lagoa Sofia<\/strong> \u00e9 um lugar de beleza natural incompar\u00e1vel, com paisagens deslumbrantes de <strong>montanhas, lagos e florestas<\/strong>. Durante o passeio, voc\u00ea poder\u00e1 apreciar a vista panor\u00e2mica da lagoa e da flora e fauna locais.<\/p>\n<p>Se voc\u00ea \u00e9 um amante da natureza, esta \u00e9 uma oportunidade \u00fanica de explorar e descobrir a beleza de <strong>Magallh\u00e3es<\/strong> de uma forma \u00fanica e emocionante. Al\u00e9m disso, nossos guias compartilhar\u00e3o conhecimentos sobre a hist\u00f3ria e a cultura da regi\u00e3o.<\/p>\n<p>Para garantir prote\u00e7\u00e3o e seguran\u00e7a, fornecemos capacetes certificados, polainas de couro e selas de alta qualidade, confeccionadas com materiais nobres. As montarias s\u00e3o equipadas com alforjes de couro e um cojinillo de l\u00e3 de ovelha, proporcionando conforto durante o passeio.<\/p>\n<p>A atividade tem dura\u00e7\u00e3o aproximada de 1 hora num percurso de 5km e uma vez terminada, retornaremos a <strong>Puerto Natales<\/strong>.<\/p>\n<p>N\u00e3o \u00e9 necess\u00e1ria experi\u00eancia anterior em passeios a cavalo, voc\u00ea s\u00f3 precisa querer se divertir e aproveitar o ar fresco e a beleza da natureza.<\/p>\n<div class=\"divisor\"><\/div>\n<h2 id=\"detalle\">Detalhe<\/h2>\n<table>\n<tbody>\n<tr>\n<th><i class=\"fa fa-check\" aria-hidden=\"true\"><\/i> Inclui<\/th>\n<\/tr>\n<tr>\n<td>Transporte<br \/>\nGuias<br \/>\nCapacetes certificados<br \/>\nPolainas de couro<br \/>\nSelas de alta qualidade equipadas com alforjes de couro e sela de l\u00e3 de ovelha<\/td>\n<\/tr>\n<\/tbody>\n<\/table>\n<table>\n<tbody>\n<tr>\n<th><i class=\"fa fa-times\" aria-hidden=\"true\"><\/i> N\u00e3o inclui<\/th>\n<\/tr>\n<tr>\n<td>Gorjetas<br \/>\nComida<br \/>\nSeguros<\/td>\n<\/tr>\n<\/tbody>\n<\/table>\n<div class=\"divisor\"><\/div>\n<h2 id=\"faq\">FAQ<\/h2>\n<h3>Qual \u00e9 a dificuldade?<\/h3>\n<p>Este passeio \u00e9 de baixa dificuldade, adequado para todos os n\u00edveis e idades. Desde iniciantes, intermedi\u00e1rios e avan\u00e7ados.<\/p>\n<h3>A partir de que idade pode participar deste passeio?<\/h3>\n<p>A faixa et\u00e1ria pode variar de 4 a 80 anos.<\/p>\n<h3>O que levar?<\/h3>\n<p>Casaco para chuva e\/ou frio, luvas, sapatos fechados e salto baixo ou m\u00e9dio.<\/p>\n<p>Trajeto : 8 quil\u00f4metros aprox<\/p>\n<p>*N\u00e3o \u00e9 recomendado usar capas de chuva de pl\u00e1stico, shorts ou usar bast\u00f5es de selfie e drones. \u00c9 recomendado o uso de luvas individuais, temos luvas e toucas descart\u00e1veis \u200b\u200bdispon\u00edveis (COVID-19).<\/p>\n<p>*Atividade realizada por guias\/especialistas que munidos de r\u00e1dio de comunica\u00e7\u00e3o (150.125) e kit de primeiros socorros.<\/p>\n<div class=\"divisor\"><\/div>\n<h2 id=\"condiciones\">Condi\u00e7\u00f5es<\/h2>\n<p>Consulte as <span class=\"open-modal\">condi\u00e7\u00f5es de contrata\u00e7\u00e3o<\/span> da excurs\u00e3o Cavalgada de 1 hora.<\/p>\n<div id=\"my-modal\" class=\"modal\">\n<p><button class=\"close-modal\"><i class=\"fa fa-times\" aria-hidden=\"true\"><\/i><\/button>A atividade pode ser cancelada gratuitamente at\u00e9 72 horas antes do hor\u00e1rio de in\u00edcio da atividade.<\/p>\n<p>Conhe\u00e7a nossos <a href=\"https:\/\/rebelviajes.com\/pt-br\/termos-e-condicoes\/\" target=\"_blank\" rel=\"noopener\">Termos e Condi\u00e7\u00f5es<\/a>.<\/p>\n<\/div>\n","protected":false},"excerpt":{"rendered":"<p>Sa\u00eddas de <strong>Puerto Natales<\/strong><br \/>\n<strong>Todos os dias<\/strong><br \/>\nHor\u00e1rio:<strong> in\u00edcio \u00e0s 8:00 \u2013 t\u00e9rmino \u00e0s 11:30<\/strong><\/p>\n","protected":false},"featured_media":990121044,"comment_status":"open","ping_status":"closed","template":"","meta":{"site-sidebar-layout":"default","site-content-layout":"default","ast-site-content-layout":"default","site-content-style":"default","site-sidebar-style":"default","ast-global-header-display":"","ast-banner-title-visibility":"","ast-main-header-display":"","ast-hfb-above-header-display":"","ast-hfb-below-header-display":"","ast-hfb-mobile-header-display":"","site-post-title":"","ast-breadcrumbs-content":"","ast-featured-img":"","footer-sml-layout":"","ast-disable-related-posts":"","theme-transparent-header-meta":"default","adv-header-id-meta":"","stick-header-meta":"","header-above-stick-meta":"","header-main-stick-meta":"","header-below-stick-meta":"","astra-migrate-meta-layouts":"default","ast-page-background-enabled":"default","ast-page-background-meta":{"desktop":{"background-color":"","background-image":"","background-repeat":"repeat","background-position":"center center","background-size":"auto","background-attachment":"scroll","background-type":"","background-media":"","overlay-type":"","overlay-color":"","overlay-opacity":"","overlay-gradient":""},"tablet":{"background-color":"","background-image":"","background-repeat":"repeat","background-position":"center center","background-size":"auto","background-attachment":"scroll","background-type":"","background-media":"","overlay-type":"","overlay-color":"","overlay-opacity":"","overlay-gradient":""},"mobile":{"background-color":"","background-image":"","background-repeat":"repeat","background-position":"center center","background-size":"auto","background-attachment":"scroll","background-type":"","background-media":"","overlay-type":"","overlay-color":"","overlay-opacity":"","overlay-gradient":""}},"ast-content-background-meta":{"desktop":{"background-color":"var(--ast-global-color-5)","background-image":"","background-repeat":"repeat","background-position":"center center","background-size":"auto","background-attachment":"scroll","background-type":"","background-media":"","overlay-type":"","overlay-color":"","overlay-opacity":"","overlay-gradient":""},"tablet":{"background-color":"var(--ast-global-color-5)","background-image":"","background-repeat":"repeat","background-position":"center center","background-size":"auto","background-attachment":"scroll","background-type":"","background-media":"","overlay-type":"","overlay-color":"","overlay-opacity":"","overlay-gradient":""},"mobile":{"background-color":"var(--ast-global-color-5)","background-image":"","background-repeat":"repeat","background-position":"center center","background-size":"auto","background-attachment":"scroll","background-type":"","background-media":"","overlay-type":"","overlay-color":"","overlay-opacity":"","overlay-gradient":""}}},"product_brand":[],"product_cat":[96,602],"product_tag":[530,508],"class_list":{"0":"post-990124970","1":"product","2":"type-product","3":"status-publish","4":"has-post-thumbnail","6":"product_cat-cavalgada","7":"product_cat-puerto-natales-torres-del-paine-pt-br","8":"product_tag-excursion-nueva-pt-br","9":"product_tag-puerto-natales-pt-br-2","10":"desktop-align-left","11":"tablet-align-left","12":"mobile-align-left","14":"first","15":"instock","16":"sold-individually","17":"shipping-taxable","18":"purchasable","19":"product-type-variable"},"_links":{"self":[{"href":"https:\/\/rebelviajes.com\/pt-br\/wp-json\/wp\/v2\/product\/990124970","targetHints":{"allow":["GET"]}}],"collection":[{"href":"https:\/\/rebelviajes.com\/pt-br\/wp-json\/wp\/v2\/product"}],"about":[{"href":"https:\/\/rebelviajes.com\/pt-br\/wp-json\/wp\/v2\/types\/product"}],"replies":[{"embeddable":true,"href":"https:\/\/rebelviajes.com\/pt-br\/wp-json\/wp\/v2\/comments?post=990124970"}],"version-history":[{"count":0,"href":"https:\/\/rebelviajes.com\/pt-br\/wp-json\/wp\/v2\/product\/990124970\/revisions"}],"wp:featuredmedia":[{"embeddable":true,"href":"https:\/\/rebelviajes.com\/pt-br\/wp-json\/wp\/v2\/media\/990121044"}],"wp:attachment":[{"href":"https:\/\/rebelviajes.com\/pt-br\/wp-json\/wp\/v2\/media?parent=990124970"}],"wp:term":[{"taxonomy":"product_brand","embeddable":true,"href":"https:\/\/rebelviajes.com\/pt-br\/wp-json\/wp\/v2\/product_brand?post=990124970"},{"taxonomy":"product_cat","embeddable":true,"href":"https:\/\/rebelviajes.com\/pt-br\/wp-json\/wp\/v2\/product_cat?post=990124970"},{"taxonomy":"product_tag","embeddable":true,"href":"https:\/\/rebelviajes.com\/pt-br\/wp-json\/wp\/v2\/product_tag?post=990124970"}],"curies":[{"name":"wp","href":"https:\/\/api.w.org\/{rel}","templated":true}]}}