{"id":990124971,"date":"2022-12-29T10:41:28","date_gmt":"2022-12-29T13:41:28","guid":{"rendered":"https:\/\/rebelviajes.com\/producto\/observacao-de-golfinhos\/"},"modified":"2025-06-03T18:44:55","modified_gmt":"2025-06-03T22:44:55","slug":"observacao-de-golfinhos","status":"publish","type":"product","link":"https:\/\/rebelviajes.com\/pt-br\/product\/observacao-de-golfinhos\/","title":{"rendered":"Observa\u00e7\u00e3o de Golfinhos"},"content":{"rendered":"<h2 id=\"descripcion\">Descri\u00e7\u00e3o<\/h2>\n<h3>Desfrute de uma aventura marinha apreciando a observa\u00e7\u00e3o de golfinhos<\/h3>\n<p>Iniciaremos nossa atividade buscando os h\u00f3spedes em seus hot\u00e9is \u00e0s 08:00. Em seguida, partiremos para uma aventura rumo \u00e0 <strong>bahia Agua Fresca<\/strong>. Durante o trajeto, nosso guia fornecer\u00e1 instru\u00e7\u00f5es sobre o equipamento necess\u00e1rio para a navega\u00e7\u00e3o.  <\/p>\n<p>Punta Arenas \u00e9 conhecida como um destino popular para a<strong>observa\u00e7\u00e3o de golfinhos<\/strong>. Os <strong>golfinhos<\/strong> s\u00e3o extremamente inteligentes e brincalh\u00f5es, sendo comum v\u00ea-los nadando pr\u00f3ximos \u00e0s embarca\u00e7\u00f5es e se divertindo com as ondas. <\/p>\n<p>Ao chegarmos \u00e0 <strong>bahia &#8220;Agua Fresca&#8221;<\/strong>, pegaremos uma balsa para desfrutar de um cruzeiro guiado em busca dos <strong>impressionantes golfinhos do sul<\/strong>.<\/p>\n<p>Durante a atividade, que ser\u00e1 realizada a poucos metros da costa, teremos a oportunidade de avistar os <strong>golfinhos do sul<\/strong>, seja a uma dist\u00e2ncia consider\u00e1vel ou mais pr\u00f3ximos, pois eles costumam se aproximar do barco devido ao som e ao movimento, tornando-se sempre vis\u00edveis. Poderemos observ\u00e1-los saltando, girando e brincando em seu habitat natural, proporcionando uma experi\u00eancia \u00fanica e inesquec\u00edvel. <\/p>\n<p>Os <strong>golfinhos<\/strong> s\u00e3o animais muito soci\u00e1veis \u200b\u200be interagem entre si em grupos chamados <strong>&#8220;bandadas&#8221;<\/strong>. Em <strong>Punta Arenas<\/strong>, \u00e9 comum ver v\u00e1rios bandos de golfinhos nadando juntos e brincando na \u00e1gua. <\/p>\n<p>A observa\u00e7\u00e3o de golfinhos \u00e9 uma atividade ideal para toda a fam\u00edlia e uma oportunidade \u00fanica de ver esses animais de perto e aprender mais sobre eles.<\/p>\n<p>Se voc\u00ea est\u00e1 visitando <strong>Punta Arenas<\/strong>, n\u00e3o perca a oportunidade de ver esses animais incr\u00edveis em seu habitat natural. A observa\u00e7\u00e3o de golfinhos \u00e9 uma experi\u00eancia inesquec\u00edvel da qual voc\u00ea n\u00e3o se arrepender\u00e1.<\/p>\n<p>Ap\u00f3s algumas horas de navega\u00e7\u00e3o, percorreremos algumas ba\u00edas para aproveitar a <strong>observa\u00e7\u00e3o de aves<\/strong>.<\/p>\n<p>Finalizaremos a excurs\u00e3o com um snack de celebra\u00e7\u00e3o, que ser\u00e1 servido ao ar livre ou em uma tenda de refei\u00e7\u00e3o, dependendo das condi\u00e7\u00f5es clim\u00e1ticas.<\/p>\n<p>Come\u00e7aremos nossa viagem de volta a <strong>Punta Arenas<\/strong> \u00e0s 11:30hs.<\/p>\n<div class=\"divisor\"><\/div>\n<h2 id=\"detalle\">Detalhe<\/h2>\n<table>\n<tbody>\n<tr>\n<th><i class=\"fa fa-check\" aria-hidden=\"true\"><\/i> Inclui<\/th>\n<\/tr>\n<tr>\n<td>Transporte<br \/>\nLanche<br \/>\nEquipamento de navega\u00e7\u00e3o<br \/>\nGuia<\/td>\n<\/tr>\n<\/tbody>\n<\/table>\n<table>\n<tbody>\n<tr>\n<th><i class=\"fa fa-times\" aria-hidden=\"true\"><\/i> N\u00e3o inclui<\/th>\n<\/tr>\n<tr>\n<td>Gorjetas<br \/>\nAcesso para cadeiras de rodas ou pessoas com mobilidade reduzida<\/td>\n<\/tr>\n<\/tbody>\n<\/table>\n<div class=\"divisor\"><\/div>\n<h2 id=\"faq\">FAQ<\/h2>\n<h3>O que levar para a observa\u00e7\u00e3o de baleias?<\/h3>\n<p>Luvas extras, chap\u00e9u extra, \u00f3culos de sol, protetor solar, uma muda extra de roupa ou uma camada de base completa, que tamb\u00e9m pode ser uma jaqueta esportiva e uma c\u00e2mera.<\/p>\n<h3>Onde s\u00e3o encontradas baleias jubarte na Patag\u00f4nia?<\/h3>\n<p>As baleias-jubarte podem ser encontradas nos oceanos Atl\u00e2ntico e Pac\u00edfico e percorrem as costas da Am\u00e9rica do Sul ao longo do ano. Na Patag\u00f4nia, essas baleias s\u00e3o avistadas principalmente nos fiordes e ba\u00edas da regi\u00e3o, onde migram para se alimentar e reproduzir durante os meses de ver\u00e3o. <\/p>\n<div class=\"divisor\"><\/div>\n<h2 id=\"condiciones\">Condi\u00e7\u00f5es<\/h2>\n<p>Consulte as <span class=\"open-modal\">condi\u00e7\u00f5es de contrata\u00e7\u00e3o<\/span> da excurs\u00e3o Observa\u00e7\u00e3o de Baleias.<\/p>\n<div id=\"my-modal\" class=\"modal\">\n<p><button class=\"close-modal\"><i class=\"fa fa-times\" aria-hidden=\"true\"><\/i><\/button>A atividade pode ser cancelada gratuitamente at\u00e9 5 dias antes do hor\u00e1rio de in\u00edcio da atividade.<\/p>\n<p>Conhe\u00e7a nossos <a href=\"https:\/\/rebelviajes.com\/pt-br\/termos-e-condicoes\/\" target=\"_blank\" rel=\"noopener\">Termos e Condi\u00e7\u00f5es<\/a>.<\/p>\n<\/div>\n","protected":false},"excerpt":{"rendered":"<p>Sa\u00eddas de <strong>Punta Arenas<\/strong><br \/>\n<strong>Todos os dias<\/strong><br \/>\nHor\u00e1rio:<strong> in\u00edcio a las 8:00 \u2013 t\u00e9rmino a las 11:30<\/strong><\/p>\n<p><b><i>7% de desconto nos meses de maio, junho, julho e agosto<\/i><\/b><\/p>\n","protected":false},"featured_media":990121027,"comment_status":"open","ping_status":"closed","template":"","meta":{"site-sidebar-layout":"default","site-content-layout":"default","ast-site-content-layout":"default","site-content-style":"default","site-sidebar-style":"default","ast-global-header-display":"","ast-banner-title-visibility":"","ast-main-header-display":"","ast-hfb-above-header-display":"","ast-hfb-below-header-display":"","ast-hfb-mobile-header-display":"","site-post-title":"","ast-breadcrumbs-content":"","ast-featured-img":"","footer-sml-layout":"","ast-disable-related-posts":"","theme-transparent-header-meta":"default","adv-header-id-meta":"","stick-header-meta":"","header-above-stick-meta":"","header-main-stick-meta":"","header-below-stick-meta":"","astra-migrate-meta-layouts":"default","ast-page-background-enabled":"default","ast-page-background-meta":{"desktop":{"background-color":"","background-image":"","background-repeat":"repeat","background-position":"center center","background-size":"auto","background-attachment":"scroll","background-type":"","background-media":"","overlay-type":"","overlay-color":"","overlay-opacity":"","overlay-gradient":""},"tablet":{"background-color":"","background-image":"","background-repeat":"repeat","background-position":"center center","background-size":"auto","background-attachment":"scroll","background-type":"","background-media":"","overlay-type":"","overlay-color":"","overlay-opacity":"","overlay-gradient":""},"mobile":{"background-color":"","background-image":"","background-repeat":"repeat","background-position":"center center","background-size":"auto","background-attachment":"scroll","background-type":"","background-media":"","overlay-type":"","overlay-color":"","overlay-opacity":"","overlay-gradient":""}},"ast-content-background-meta":{"desktop":{"background-color":"var(--ast-global-color-5)","background-image":"","background-repeat":"repeat","background-position":"center center","background-size":"auto","background-attachment":"scroll","background-type":"","background-media":"","overlay-type":"","overlay-color":"","overlay-opacity":"","overlay-gradient":""},"tablet":{"background-color":"var(--ast-global-color-5)","background-image":"","background-repeat":"repeat","background-position":"center center","background-size":"auto","background-attachment":"scroll","background-type":"","background-media":"","overlay-type":"","overlay-color":"","overlay-opacity":"","overlay-gradient":""},"mobile":{"background-color":"var(--ast-global-color-5)","background-image":"","background-repeat":"repeat","background-position":"center center","background-size":"auto","background-attachment":"scroll","background-type":"","background-media":"","overlay-type":"","overlay-color":"","overlay-opacity":"","overlay-gradient":""}}},"product_brand":[],"product_cat":[221,605],"product_tag":[530,509],"class_list":{"0":"post-990124971","1":"product","2":"type-product","3":"status-publish","4":"has-post-thumbnail","6":"product_cat-navegacao","7":"product_cat-punta-arenas-pt-br","8":"product_tag-excursion-nueva-pt-br","9":"product_tag-punta-arenas-pt-br-2","10":"desktop-align-left","11":"tablet-align-left","12":"mobile-align-left","14":"first","15":"instock","16":"virtual","17":"sold-individually","18":"purchasable","19":"product-type-simple"},"_links":{"self":[{"href":"https:\/\/rebelviajes.com\/pt-br\/wp-json\/wp\/v2\/product\/990124971","targetHints":{"allow":["GET"]}}],"collection":[{"href":"https:\/\/rebelviajes.com\/pt-br\/wp-json\/wp\/v2\/product"}],"about":[{"href":"https:\/\/rebelviajes.com\/pt-br\/wp-json\/wp\/v2\/types\/product"}],"replies":[{"embeddable":true,"href":"https:\/\/rebelviajes.com\/pt-br\/wp-json\/wp\/v2\/comments?post=990124971"}],"version-history":[{"count":0,"href":"https:\/\/rebelviajes.com\/pt-br\/wp-json\/wp\/v2\/product\/990124971\/revisions"}],"wp:featuredmedia":[{"embeddable":true,"href":"https:\/\/rebelviajes.com\/pt-br\/wp-json\/wp\/v2\/media\/990121027"}],"wp:attachment":[{"href":"https:\/\/rebelviajes.com\/pt-br\/wp-json\/wp\/v2\/media?parent=990124971"}],"wp:term":[{"taxonomy":"product_brand","embeddable":true,"href":"https:\/\/rebelviajes.com\/pt-br\/wp-json\/wp\/v2\/product_brand?post=990124971"},{"taxonomy":"product_cat","embeddable":true,"href":"https:\/\/rebelviajes.com\/pt-br\/wp-json\/wp\/v2\/product_cat?post=990124971"},{"taxonomy":"product_tag","embeddable":true,"href":"https:\/\/rebelviajes.com\/pt-br\/wp-json\/wp\/v2\/product_tag?post=990124971"}],"curies":[{"name":"wp","href":"https:\/\/api.w.org\/{rel}","templated":true}]}}