{"id":990124972,"date":"2022-12-27T11:38:09","date_gmt":"2022-12-27T14:38:09","guid":{"rendered":"https:\/\/rebelviajes.com\/producto\/cavalgada-em-agua-fresca\/"},"modified":"2025-06-03T18:44:16","modified_gmt":"2025-06-03T22:44:16","slug":"cavalgada-em-agua-fresca","status":"publish","type":"product","link":"https:\/\/rebelviajes.com\/pt-br\/product\/cavalgada-em-agua-fresca\/","title":{"rendered":"Cavalgada em Agua Fresca"},"content":{"rendered":"<h2 id=\"descripcion\">Descri\u00e7\u00e3o<\/h2>\n<h3>Desfrute de paisagens inimagin\u00e1veis \u200b\u200bem um passeio a cavalo pelo Estreito de Magalh\u00e3es<\/h3>\n<p>Bem-vindos \u00e0 <strong>hoster\u00eda Agua Fresca<\/strong>! Estamos animados para lev\u00e1-lo em uma aventura pelas deslumbrantes terras patag\u00f4nicas. \u00c0s 8:00 da manh\u00e3, passaremos pelos hot\u00e9is no centro de <strong>Punta Arenas<\/strong> para dar in\u00edcio a esta incr\u00edvel experi\u00eancia. <\/p>\n<p>Ap\u00f3s um curto trajeto em nosso ve\u00edculo, chegaremos \u00e0 <strong>hoster\u00eda Agua Fresca<\/strong>, situada a aproximadamente 27 km ao sul de <strong>Punta Arenas<\/strong>. L\u00e1, seremos recebidos por uma fam\u00edlia com fortes <strong>tradi\u00e7\u00f5es patag\u00f4nicas<\/strong> e estaremos prontos para iniciar nossa emocionante aventura a cavalo. <\/p>\n<p>Nosso percurso seguir\u00e1 ao longo do <strong>Estreito de Magalh\u00e3es<\/strong>, cercado por um humedal habitado por diversas aves da regi\u00e3o. Durante o trajeto, apreciaremos uma grande diversidade de vegeta\u00e7\u00e3o, incluindo <strong>bosque de Lengas, Calafate y Armer\u00eda Mar\u00edtima<\/strong>, Al\u00e9m disso, teremos a oportunidade de avistar diferentes esp\u00e9cies de fauna, como o <strong>Quetru, Juarjual, Caiquenes, aves nativas, raposas e coelhos<\/strong>. <\/p>\n<p>Ap\u00f3s um passeio pelo bosque, chegaremos a um mirante de onde poderemos contemplar o <strong>Estreito de Magalh\u00e3es<\/strong> e suas ilhas <strong>Tierra del Fuego y Dawson<\/strong>. Al\u00e9m disso, apreciaremos a imensid\u00e3o do mar e as montanhas nevadas da <strong>cordilheira de Darwin<\/strong>. Voc\u00ea n\u00e3o vai querer perder essa vista incr\u00edvel!  <\/p>\n<p>Esperamos que voc\u00ea aproveite esta experi\u00eancia \u00fanica e, se precisar de algo durante o percurso, n\u00e3o hesite em perguntar!<\/p>\n<p>Ap\u00f3s o passeio, desfrutaremos de um lanche caseiro e iniciaremos nosso retorno \u00e0s 12:00.<\/p>\n<div class=\"divisor\"><\/div>\n<h2 id=\"detalle\">Detalhe<\/h2>\n<table>\n<tbody>\n<tr>\n<th><i class=\"fa fa-check\" aria-hidden=\"true\"><\/i> Inclui<\/th>\n<\/tr>\n<tr>\n<td>Transporte<br \/>\nLanche<br \/>\nEquipamento<br \/>\nCavalgada<br \/>\nGuia<\/td>\n<\/tr>\n<\/tbody>\n<\/table>\n<table>\n<tbody>\n<tr>\n<th><i class=\"fa fa-times\" aria-hidden=\"true\"><\/i> N\u00e3o inclui<\/th>\n<\/tr>\n<tr>\n<td>Gorjetas<br \/>\nAcesso para cadeiras de rodas ou pessoas com mobilidade reduzida<\/td>\n<\/tr>\n<\/tbody>\n<\/table>\n<div class=\"divisor\"><\/div>\n<h2 id=\"faq\">FAQ<\/h2>\n<h3>O que levar para a Cavalgada em \u00c1gua Fresca?<\/h3>\n<p>Luvas extras, chap\u00e9u extra, \u00f3culos de sol, protetor solar, uma muda extra de roupa ou uma camada de base completa, que tamb\u00e9m pode ser uma jaqueta esportiva e uma c\u00e2mera.<\/p>\n<h3>Quem pode participar da cavalgada?<\/h3>\n<p>Qualquer pessoa com um n\u00edvel adequado de condicionamento f\u00edsico e experi\u00eancia em montaria pode participar de uma cavalgada na Patag\u00f4nia. No entanto, \u00e9 importante considerar que as condi\u00e7\u00f5es clim\u00e1ticas na regi\u00e3o podem ser extremas, exigindo preparo para enfrentar poss\u00edveis desafios. Os participantes devem estar em bom estado de sa\u00fade, al\u00e9m de estarem dispostos a seguir as instru\u00e7\u00f5es do guia e respeitar as normas de seguran\u00e7a para garantir uma experi\u00eancia segura e agrad\u00e1vel.  <\/p>\n<div class=\"divisor\"><\/div>\n<h2 id=\"condiciones\">Condi\u00e7\u00f5es<\/h2>\n<p>Consulte as <span class=\"open-modal\">condi\u00e7\u00f5es de contrata\u00e7\u00e3o<\/span> da excurs\u00e3o Cavalgada em Agua Fresca.<\/p>\n<div id=\"my-modal\" class=\"modal\"><button class=\"close-modal\"><i class=\"fa fa-times\" aria-hidden=\"true\"><\/i><\/button>A atividade pode ser cancelada gratuitamente at\u00e9 5 dias antes do hor\u00e1rio de in\u00edcio da atividade.<\/p>\n<p>Conhe\u00e7a nossos <a href=\"https:\/\/rebelviajes.com\/pt-br\/termos-e-condicoes\/\" target=\"_blank\" rel=\"noopener\">Termos e Condi\u00e7\u00f5es<\/a>.<\/p>\n<\/div>\n","protected":false},"excerpt":{"rendered":"<p>Sa\u00eddas de <strong>Punta Arenas<\/strong><br \/>\n<strong>Todos os dias<\/strong><br \/>\nHor\u00e1rio:<strong> in\u00edcio \u00e0s 8:00 \u2013 t\u00e9rmino \u00e0s 12:00<\/strong><\/p>\n<p><b><i>7% de desconto nos meses de maio, junho, julho e agosto<\/i><\/b><\/p>\n","protected":false},"featured_media":990120949,"comment_status":"open","ping_status":"closed","template":"","meta":{"site-sidebar-layout":"default","site-content-layout":"default","ast-site-content-layout":"default","site-content-style":"default","site-sidebar-style":"default","ast-global-header-display":"","ast-banner-title-visibility":"","ast-main-header-display":"","ast-hfb-above-header-display":"","ast-hfb-below-header-display":"","ast-hfb-mobile-header-display":"","site-post-title":"","ast-breadcrumbs-content":"","ast-featured-img":"","footer-sml-layout":"","ast-disable-related-posts":"","theme-transparent-header-meta":"default","adv-header-id-meta":"","stick-header-meta":"","header-above-stick-meta":"","header-main-stick-meta":"","header-below-stick-meta":"","astra-migrate-meta-layouts":"default","ast-page-background-enabled":"default","ast-page-background-meta":{"desktop":{"background-color":"","background-image":"","background-repeat":"repeat","background-position":"center center","background-size":"auto","background-attachment":"scroll","background-type":"","background-media":"","overlay-type":"","overlay-color":"","overlay-opacity":"","overlay-gradient":""},"tablet":{"background-color":"","background-image":"","background-repeat":"repeat","background-position":"center center","background-size":"auto","background-attachment":"scroll","background-type":"","background-media":"","overlay-type":"","overlay-color":"","overlay-opacity":"","overlay-gradient":""},"mobile":{"background-color":"","background-image":"","background-repeat":"repeat","background-position":"center center","background-size":"auto","background-attachment":"scroll","background-type":"","background-media":"","overlay-type":"","overlay-color":"","overlay-opacity":"","overlay-gradient":""}},"ast-content-background-meta":{"desktop":{"background-color":"var(--ast-global-color-5)","background-image":"","background-repeat":"repeat","background-position":"center center","background-size":"auto","background-attachment":"scroll","background-type":"","background-media":"","overlay-type":"","overlay-color":"","overlay-opacity":"","overlay-gradient":""},"tablet":{"background-color":"var(--ast-global-color-5)","background-image":"","background-repeat":"repeat","background-position":"center center","background-size":"auto","background-attachment":"scroll","background-type":"","background-media":"","overlay-type":"","overlay-color":"","overlay-opacity":"","overlay-gradient":""},"mobile":{"background-color":"var(--ast-global-color-5)","background-image":"","background-repeat":"repeat","background-position":"center center","background-size":"auto","background-attachment":"scroll","background-type":"","background-media":"","overlay-type":"","overlay-color":"","overlay-opacity":"","overlay-gradient":""}}},"product_brand":[],"product_cat":[96,605],"product_tag":[530,509],"class_list":{"0":"post-990124972","1":"product","2":"type-product","3":"status-publish","4":"has-post-thumbnail","6":"product_cat-cavalgada","7":"product_cat-punta-arenas-pt-br","8":"product_tag-excursion-nueva-pt-br","9":"product_tag-punta-arenas-pt-br-2","10":"desktop-align-left","11":"tablet-align-left","12":"mobile-align-left","14":"first","15":"instock","16":"virtual","17":"sold-individually","18":"purchasable","19":"product-type-simple"},"_links":{"self":[{"href":"https:\/\/rebelviajes.com\/pt-br\/wp-json\/wp\/v2\/product\/990124972","targetHints":{"allow":["GET"]}}],"collection":[{"href":"https:\/\/rebelviajes.com\/pt-br\/wp-json\/wp\/v2\/product"}],"about":[{"href":"https:\/\/rebelviajes.com\/pt-br\/wp-json\/wp\/v2\/types\/product"}],"replies":[{"embeddable":true,"href":"https:\/\/rebelviajes.com\/pt-br\/wp-json\/wp\/v2\/comments?post=990124972"}],"version-history":[{"count":0,"href":"https:\/\/rebelviajes.com\/pt-br\/wp-json\/wp\/v2\/product\/990124972\/revisions"}],"wp:featuredmedia":[{"embeddable":true,"href":"https:\/\/rebelviajes.com\/pt-br\/wp-json\/wp\/v2\/media\/990120949"}],"wp:attachment":[{"href":"https:\/\/rebelviajes.com\/pt-br\/wp-json\/wp\/v2\/media?parent=990124972"}],"wp:term":[{"taxonomy":"product_brand","embeddable":true,"href":"https:\/\/rebelviajes.com\/pt-br\/wp-json\/wp\/v2\/product_brand?post=990124972"},{"taxonomy":"product_cat","embeddable":true,"href":"https:\/\/rebelviajes.com\/pt-br\/wp-json\/wp\/v2\/product_cat?post=990124972"},{"taxonomy":"product_tag","embeddable":true,"href":"https:\/\/rebelviajes.com\/pt-br\/wp-json\/wp\/v2\/product_tag?post=990124972"}],"curies":[{"name":"wp","href":"https:\/\/api.w.org\/{rel}","templated":true}]}}