{"id":990125006,"date":"2022-12-08T12:12:41","date_gmt":"2022-12-08T15:12:41","guid":{"rendered":"https:\/\/rebelviajes.com\/producto\/balmaceda-e-serrano-almoco\/"},"modified":"2026-02-05T06:55:44","modified_gmt":"2026-02-05T09:55:44","slug":"balmaceda-e-serrano-almoco","status":"publish","type":"product","link":"https:\/\/rebelviajes.com\/pt-br\/product\/balmaceda-e-serrano-almoco\/","title":{"rendered":"Balmaceda e Serrano + Almo\u00e7o"},"content":{"rendered":"<h2 id=\"descripcion\">Descri\u00e7\u00e3o<\/h2>\n<h3>Entre em uma aventura congelada na navega\u00e7\u00e3o pelos glaciares Balmaceda e Serrano<\/h3>\n<p>Daremos in\u00edcio \u00e0 navega\u00e7\u00e3o \u00e0s 8:00 da manh\u00e3, partindo do cora\u00e7\u00e3o de <strong>Puerto Natales<\/strong> e de seu <strong>pi\u00e9r Prat<\/strong>. Navegaremos pelo fiorde de \u00daltima Esperan\u00e7a em dire\u00e7\u00e3o ao Parque Nacional Bernardo <strong>O&#8217;Higgings<\/strong> com destino aos <strong>glaciares Balmaceda e Serrano<\/strong>. <\/p>\n<p>Disfrutaremos de uma vista panor\u00e2mica do <strong>maior parque do Chile<\/strong> e uma das quatro maiores do mundo, e forma a maior massa de gelo da Am\u00e9rica.<\/p>\n<p>Nessas excurs\u00f5es visitaremos diversas <strong>est\u00e2ncias pequenas, glaciares e cachoeiras<\/strong>, uma <strong>col\u00f4nia de corvos-marinhos-imperiais<\/strong> e uma forma\u00e7\u00e3o rochosa onde vive uma pequena col\u00f4nia de <strong>col\u00f4nia de le\u00f5es-marinhos<\/strong>.<\/p>\n<p>Dentro desta maravilhosa jornada, desembarcaremos para visitar o imponente Glaciar Serrano, caminhando por aproximadamente uma hora e meia pelo trilho preparado para chegar ao ponto mais pr\u00f3ximo deste <strong>colosso de gelo<\/strong>. No retorno \u00e0 embarca\u00e7\u00e3o, desfrutaremos de um <strong>delicioso almo\u00e7o a bordo<\/strong>, al\u00e9m de um whisky com gelo milenar extra\u00eddo do pr\u00f3prio glaciar. Em seguida, iniciaremos a viagem de volta a Puerto Natales, onde chegaremos \u00e0s 16:00. <\/p>\n<p><strong>Temporada:<\/strong> Todo o ano.<br \/>\n<strong>Dura\u00e7\u00e3o:<\/strong> 8 horas aproximadamente.<br \/>\n<strong>Dias de nevaga\u00e7\u00e3o:<\/strong> segunda, ter\u00e7a, quinta, sexta e domingo.<br \/>\n<strong>Taxa de entrada:<\/strong> inclu\u00edda na di\u00e1ria.<\/p>\n<p>Durante a excurs\u00e3o, visitaremos uma t\u00edpica est\u00e2ncia patag\u00f4nica, onde voc\u00ea desfrutar\u00e1 de um delicioso almo\u00e7o.<\/p>\n<div class=\"divisor\"><\/div>\n<h2 id=\"detalle\">Detalhe<\/h2>\n<table>\n<tbody>\n<tr>\n<th><i class=\"fa fa-check\" aria-hidden=\"true\"><\/i> Inclui<\/th>\n<\/tr>\n<tr>\n<td>Caf\u00e9 ou ch\u00e1 e biscoitos, almo\u00e7o a bordo,<br \/>\nWhisky com gelo<br \/>\nEntradas para o Parque Nacional Bernardo O\u2019Higgins<br \/>\nTaxas portu\u00e1rias<\/td>\n<\/tr>\n<\/tbody>\n<\/table>\n<table>\n<tbody>\n<tr>\n<th><i class=\"fa fa-times\" aria-hidden=\"true\"><\/i> N\u00e3o inclui<\/th>\n<\/tr>\n<tr>\n<td>Traslados para o ponto de encontro (Pick up e drop off)<br \/>\nGorjetas<br \/>\nServi\u00e7os n\u00e3o mencionados<br \/>\nSeguro m\u00e9dico ou outro<\/td>\n<\/tr>\n<\/tbody>\n<\/table>\n<div class=\"divisor\"><\/div>\n<h2 id=\"faq\">FAQ<\/h2>\n<h3>O que levar na navega\u00e7\u00e3o?<\/h3>\n<p>Roupas quentes e imperme\u00e1veis, gorro (de prefer\u00eancia com protetores de orelha), mochila pessoal com bolsa de nylon para carregar c\u00e2meras fotogr\u00e1ficas e outros itens, luvas para o frio. Al\u00e9m disso, recomendamos o uso de protetor solar e cal\u00e7ados adequados para caminhadas. <\/p>\n<div class=\"divisor\"><\/div>\n<h2 id=\"condiciones\">Condi\u00e7\u00f5es<\/h2>\n<p>Consulte as <span class=\"open-modal\">condi\u00e7\u00f5es de contrata\u00e7\u00e3o<\/span> da excurs\u00e3o Balmaceda e Serrano + Almo\u00e7o.<\/p>\n<div id=\"my-modal\" class=\"modal\">\n<p><button class=\"close-modal\"><i class=\"fa fa-times\" aria-hidden=\"true\"><\/i><\/button>Excurs\u00e3o de um dia completo em servi\u00e7o regular.<\/p>\n<p>Crian\u00e7as menores de 2 anos n\u00e3o pagam. Crian\u00e7as entre 2 e 12 anos pagam 50% da tarifa.<\/p>\n<p>Os locais a serem visitados est\u00e3o sujeitos a altera\u00e7\u00f5es no mesmo dia da excurs\u00e3o em caso de condi\u00e7\u00f5es clim\u00e1ticas adversas.<\/p>\n<p>O hor\u00e1rio de t\u00e9rmino desta atividade pode ser modificado devido \u00e0s condi\u00e7\u00f5es clim\u00e1ticas, por isso recomendamos que voc\u00ea n\u00e3o compre ingressos para sair de Puerto Natales at\u00e9 tr\u00eas horas ap\u00f3s o hor\u00e1rio previsto para o retorno, ou deixe sua viagem para o dia seguinte ao t\u00e9rmino do passeio.<\/p>\n<p>Cancelamento com aviso m\u00ednimo de 48 horas, reembolso de 100% dependendo do m\u00e9todo de pagamento. Consulte as condi\u00e7\u00f5es particulares de cada produto caso tenha de cancelar num prazo inferior a 48 horas.<\/p>\n<p>Caso o passageiro n\u00e3o compare\u00e7a nos hor\u00e1rios definidos para a excurs\u00e3o, n\u00e3o haver\u00e1 reembolso.<\/p>\n<p><b>Suspens\u00e3o devido \u00e0s condi\u00e7\u00f5es meteorol\u00f3gica:<\/b> Um reembolso total ser\u00e1 feito quando a empresa cancelar antes de iniciar o servi\u00e7o.<\/p>\n<p>O reembolso total ser\u00e1 feito quando a empresa cancelar antes de iniciar o servi\u00e7o.<\/p>\n<p>Caso haja indeniza\u00e7\u00e3o por situa\u00e7\u00e3o especial, ser\u00e1 acordada com as pessoas, e ser\u00e1 definida pelo desenvolvimento do programa de viagens.<\/p>\n<p><b>Importante:<\/b> Nenhuma excurs\u00e3o inclui seguro contra acidentes.<\/p>\n<p>Conhe\u00e7a nossos <a href=\"https:\/\/rebelviajes.com\/pt-br\/termos-e-condicoes\/\" target=\"_blank\" rel=\"noopener\">Termos e Condi\u00e7\u00f5es<\/a>.<\/p>\n<\/div>\n","protected":false},"excerpt":{"rendered":"<p>Sa\u00eddas de <strong>Puerto Natales<\/strong><br \/>\n<strong>Segunda, ter\u00e7a, quinta, sexta e domingo<\/strong><br \/>\nHor\u00e1rio: <strong>in\u00edcio \u00e0s 8:00<\/strong> &#8211; <strong>t\u00e9rmino \u00e0s 16:30<\/strong><\/p>\n","protected":false},"featured_media":990102882,"comment_status":"open","ping_status":"closed","template":"","meta":{"site-sidebar-layout":"default","site-content-layout":"default","ast-site-content-layout":"default","site-content-style":"default","site-sidebar-style":"default","ast-global-header-display":"","ast-banner-title-visibility":"","ast-main-header-display":"","ast-hfb-above-header-display":"","ast-hfb-below-header-display":"","ast-hfb-mobile-header-display":"","site-post-title":"","ast-breadcrumbs-content":"","ast-featured-img":"","footer-sml-layout":"","ast-disable-related-posts":"","theme-transparent-header-meta":"default","adv-header-id-meta":"","stick-header-meta":"","header-above-stick-meta":"","header-main-stick-meta":"","header-below-stick-meta":"","astra-migrate-meta-layouts":"default","ast-page-background-enabled":"default","ast-page-background-meta":{"desktop":{"background-color":"","background-image":"","background-repeat":"repeat","background-position":"center center","background-size":"auto","background-attachment":"scroll","background-type":"","background-media":"","overlay-type":"","overlay-color":"","overlay-opacity":"","overlay-gradient":""},"tablet":{"background-color":"","background-image":"","background-repeat":"repeat","background-position":"center center","background-size":"auto","background-attachment":"scroll","background-type":"","background-media":"","overlay-type":"","overlay-color":"","overlay-opacity":"","overlay-gradient":""},"mobile":{"background-color":"","background-image":"","background-repeat":"repeat","background-position":"center center","background-size":"auto","background-attachment":"scroll","background-type":"","background-media":"","overlay-type":"","overlay-color":"","overlay-opacity":"","overlay-gradient":""}},"ast-content-background-meta":{"desktop":{"background-color":"var(--ast-global-color-5)","background-image":"","background-repeat":"repeat","background-position":"center center","background-size":"auto","background-attachment":"scroll","background-type":"","background-media":"","overlay-type":"","overlay-color":"","overlay-opacity":"","overlay-gradient":""},"tablet":{"background-color":"var(--ast-global-color-5)","background-image":"","background-repeat":"repeat","background-position":"center center","background-size":"auto","background-attachment":"scroll","background-type":"","background-media":"","overlay-type":"","overlay-color":"","overlay-opacity":"","overlay-gradient":""},"mobile":{"background-color":"var(--ast-global-color-5)","background-image":"","background-repeat":"repeat","background-position":"center center","background-size":"auto","background-attachment":"scroll","background-type":"","background-media":"","overlay-type":"","overlay-color":"","overlay-opacity":"","overlay-gradient":""}}},"product_brand":[],"product_cat":[221,602],"product_tag":[530,613,508],"class_list":{"0":"post-990125006","1":"product","2":"type-product","3":"status-publish","4":"has-post-thumbnail","6":"product_cat-navegacao","7":"product_cat-puerto-natales-torres-del-paine-pt-br","8":"product_tag-excursion-nueva-pt-br","9":"product_tag-navegacao-puerto-natales","10":"product_tag-puerto-natales-pt-br-2","11":"desktop-align-left","12":"tablet-align-left","13":"mobile-align-left","15":"first","16":"instock","17":"virtual","18":"sold-individually","19":"purchasable","20":"product-type-simple"},"_links":{"self":[{"href":"https:\/\/rebelviajes.com\/pt-br\/wp-json\/wp\/v2\/product\/990125006","targetHints":{"allow":["GET"]}}],"collection":[{"href":"https:\/\/rebelviajes.com\/pt-br\/wp-json\/wp\/v2\/product"}],"about":[{"href":"https:\/\/rebelviajes.com\/pt-br\/wp-json\/wp\/v2\/types\/product"}],"replies":[{"embeddable":true,"href":"https:\/\/rebelviajes.com\/pt-br\/wp-json\/wp\/v2\/comments?post=990125006"}],"version-history":[{"count":0,"href":"https:\/\/rebelviajes.com\/pt-br\/wp-json\/wp\/v2\/product\/990125006\/revisions"}],"wp:featuredmedia":[{"embeddable":true,"href":"https:\/\/rebelviajes.com\/pt-br\/wp-json\/wp\/v2\/media\/990102882"}],"wp:attachment":[{"href":"https:\/\/rebelviajes.com\/pt-br\/wp-json\/wp\/v2\/media?parent=990125006"}],"wp:term":[{"taxonomy":"product_brand","embeddable":true,"href":"https:\/\/rebelviajes.com\/pt-br\/wp-json\/wp\/v2\/product_brand?post=990125006"},{"taxonomy":"product_cat","embeddable":true,"href":"https:\/\/rebelviajes.com\/pt-br\/wp-json\/wp\/v2\/product_cat?post=990125006"},{"taxonomy":"product_tag","embeddable":true,"href":"https:\/\/rebelviajes.com\/pt-br\/wp-json\/wp\/v2\/product_tag?post=990125006"}],"curies":[{"name":"wp","href":"https:\/\/api.w.org\/{rel}","templated":true}]}}