{"id":990125048,"date":"2025-03-05T21:32:39","date_gmt":"2025-03-08T23:45:50","guid":{"rendered":"https:\/\/rebelviajes.com\/producto\/glaciar-grey-e-vale-do-frances-inverno\/"},"modified":"2025-07-04T10:48:25","modified_gmt":"2025-07-04T14:48:25","slug":"glaciar-grey-e-vale-do-frances-inverno","status":"publish","type":"product","link":"https:\/\/rebelviajes.com\/pt-br\/product\/glaciar-grey-e-vale-do-frances-inverno\/","title":{"rendered":"Glaciar Grey e Vale do Franc\u00eas Inverno"},"content":{"rendered":"<h2 id=\"descripcion\">Descri\u00e7\u00e3o<\/h2>\n<h3>Explore Torres del Paine e suas paisagens impressionantes e vistas \u00fanicas<\/h3>\n<p>Explore a majestosidade de <strong>Torres del Paine<\/strong> em um percurso repleto de caminhadas desafiadoras, paisagens deslumbrantes e vistas \u00fanicas de <strong>glaciares, montanhas e lagos<\/strong>.<\/p>\n<p>Durante 5 dias, voc\u00ea percorrer\u00e1 trilhas ic\u00f4nicas como a <strong>Trilha Las Carretas<\/strong>, o <strong>Vale do Franc\u00eas <\/strong> e o <strong>Mirante Grey<\/strong>, cercado por paisagens de <strong>montanhas<\/strong>, <strong>geleiras<\/strong>, <strong>lagos azul-turquesa<\/strong> e <strong>florestas<\/strong>. Caminhadas desafiadoras levar\u00e3o voc\u00ea aos cantos mais remotos do parque, como o <strong>Plateau del Franc\u00e9s<\/strong>, de onde voc\u00ea poder\u00e1 desfrutar de vistas panor\u00e2micas inigual\u00e1veis. <\/p>\n<h3>Dia 1: Bem-vindo a Torres del Paine \u2013 Trilha Las Carretas<\/h3>\n<p>Sua aventura na impressionante <strong>Patag\u00f4nia<\/strong> comeza hoje! Pela manh\u00e3, um transfer privado ir\u00e1 busc\u00e1-lo em seu hotel em <strong>Puerto Natales<\/strong> e te levar\u00e1 ao <strong>Parque Nacional Torres del Paine<\/strong>, uma das maravilhas naturais mais espetaculares do mundo. <\/p>\n<p>O percurso come\u00e7a na administra\u00e7\u00e3o da CONAF, ponto de partida da caminhada pelo <strong>Sendero Las Carretas<\/strong>, uma rota c\u00eanica que o levar\u00e1 at\u00e9 o <strong>Ref\u00fagio Paine Grande<\/strong>. Ao longo do caminho, voc\u00ea ser\u00e1 testemunha de paisagens inesquec\u00edveis, cercado por montanhas imponentes e a natureza selvagem da Patag\u00f4nia. Nos \u00faltimos quil\u00f4metros, ser\u00e1 surpreendido pelas deslumbrantes \u00e1guas turquesa do <strong>Lago Peho\u00e9<\/strong>, um verdadeiro espet\u00e1culo natural.  <\/p>\n<p>Ao chegar ao ref\u00fagio, voc\u00ea far\u00e1 o check-in e ter\u00e1 tempo para descansar e absorver a magia do ambiente antes de desfrutar de um delicioso jantar neste canto aconchegante da <strong>Patag\u00f4nia<\/strong>.<\/p>\n<ul>\n<li>Dist\u00e2ncia: 17 kms.<\/li>\n<li>Dura\u00e7\u00e3o: 6 horas.<\/li>\n<li>Dificuldade: M\u00e9dia.<\/li>\n<li>Acomoda\u00e7\u00e3o: Ref\u00fagio Paine Grande.<\/li>\n<li>Alimenta\u00e7\u00e3o: Almo\u00e7o (lunch box) e janta<\/li>\n<\/ul>\n<h3>Dia 2: Full Day Vale do Franc\u00eas \u2013 Uma aventura no cora\u00e7\u00e3o de Torres del Paine<\/h3>\n<p>No segundo dia de sua viagem pela <strong>Patag\u00f4nia<\/strong> voc\u00ea ser\u00e1 levado a um dos cen\u00e1rios mais espetaculares do <strong>Parque Nacional Torres del Paine<\/strong>: o imponente <strong>Vale do Franc\u00eas<\/strong>.<\/p>\n<p>Ap\u00f3s um caf\u00e9 da manh\u00e3 energ\u00e9tico no <strong>Ref\u00fagio Paine Grande<\/strong>, pegue seu almo\u00e7o (lunch box) e prepare-se para uma jornada desafiante e inesquec\u00edvel. O trilho come\u00e7a margeando as cristalinas e azuladas \u00e1guas do <strong>Lago Skottsberg<\/strong>, proporcionando vistas impressionantes ao longo do caminho. Depois de aproximadamente 2,5 horas de caminhada, voc\u00ea chegar\u00e1 ao <strong>Acampamento Italiano<\/strong>, onde os guardaparques indicam o in\u00edcio da subida ao cora\u00e7\u00e3o do Vale do Franc\u00eas.  <\/p>\n<p>A partir deste ponto, a trilha se torna mais desafiadora: voc\u00ea atravessar\u00e1 grandes forma\u00e7\u00f5es rochosas e um bosque denso, at\u00e9 alcan\u00e7ar o Mirante <strong>Plateau del Franc\u00e9s<\/strong>. A recompensa \u00e9 indescrit\u00edvel: vistas panor\u00e2micas dos <strong>Cuernos del Paine<\/strong>, lagunas glaciares de um azul profundo e os majestosos glaciares suspensos que descem do imponente Maci\u00e7o <strong>Paine Grande<\/strong> (3.050 metros de altitude). Se tiver sorte, poder\u00e1 testemunhar o estrondoso rompimento do glaciar, ouvindo seu eco retumbante e observando cascatas de gelo caindo em um espet\u00e1culo natural \u00fanico e inesquec\u00edvel.  <\/p>\n<p>Aproveite esse cen\u00e1rio m\u00e1gico para desfrutar do seu almo\u00e7o e um merecido descanso, antes de iniciar a descida de volta ao <strong>Acampamento Italiano<\/strong> e continuar at\u00e9 o <strong>Ref\u00fagio Paine Grande<\/strong>, onde poder\u00e1 relaxar e recuperar as energias ap\u00f3s uma das caminhadas mais \u00e9picas de <strong>Torres del Paine<\/strong>.<\/p>\n<ul>\n<li>Dist\u00e2ncia: 21 kms.<\/li>\n<li>Dura\u00e7\u00e3o: 8 horas.<\/li>\n<li>Dificuldade: M\u00e9dia.<\/li>\n<li>Acomoda\u00e7\u00e3o: Ref\u00fagio Paine Grande.<\/li>\n<li>Alimenta\u00e7\u00e3o: Caf\u00e9 da manh\u00e3, almo\u00e7o (lunch box) e jantar.<\/li>\n<\/ul>\n<h3>Dia 3: Caminhada at\u00e9 o Mirador Grey \u2013 Encontro com o Campo de Gelo Sul<\/h3>\n<p>A aventura continua com uma caminhada espetacular at\u00e9 o <strong>Mirante Grey<\/strong>, um dos pontos panor\u00e2micos mais impressionantes do <strong>Parque Nacional Torres del Paine<\/strong>.<\/p>\n<p>A trilha come\u00e7a em um vale estreito e sinuoso, levando voc\u00ea at\u00e9 a tranquila <strong>Lagoa Los Patos<\/strong>. \u00c0 medida que avan\u00e7a, o cen\u00e1rio se transforma, revelando vistas cada vez mais impressionantes do <strong>Campo de Gelo Sul<\/strong>, o terceiro maior campo de gelo do mundo. Do alto, voc\u00ea poder\u00e1 admirar os imponentes icebergs flutuando no majestoso <strong>Lago Grey<\/strong>, fragmentos do glaciar que se desprenderam e agora navegam lentamente por suas \u00e1guas.  <\/p>\n<p>O passeio continua por um mirante famoso pelos seus ventos fortes, oferecendo uma vista panor\u00e2mica inigual\u00e1vel dos arredores. De l\u00e1, a trilha desce por uma floresta de montanha at\u00e9 chegar ao <strong>Ref\u00fagio Grey<\/strong>. <\/p>\n<p>Se voc\u00ea continuar caminhando por mais 10 minutos, chegar\u00e1 ao <strong>Mirante do Glaciar Grey<\/strong>, de onde ter\u00e1 uma vista privilegiada de um dos bra\u00e7os do <strong>Campo de Gelo Sul<\/strong>. Este \u00e9 o momento perfeito para contemplar a imensid\u00e3o da geleira e sentir a energia de uma das paisagens mais ic\u00f4nicas da <strong>Patag\u00f4nia<\/strong>. <\/p>\n<ul>\n<li>Dist\u00e2ncia: 11 kms.<\/li>\n<li>Dura\u00e7\u00e3o: 4 &#8211; 4.5 horas.<\/li>\n<li>Dificuldade: M\u00e9dia.<\/li>\n<li>Acomoda\u00e7\u00e3o: Ref\u00fagio Grey.<\/li>\n<li>Alimenta\u00e7\u00e3o: Caf\u00e9 da manh\u00e3, almo\u00e7o (lunch box) e jantar.<\/li>\n<\/ul>\n<h3>Dia 4: Caminhada at\u00e9 as Pontes Suspensas \u2013 Vistas Inesquec\u00edveis do Glaciar Grey<\/h3>\n<p>Hoje voc\u00ea viver\u00e1 uma experi\u00eancia \u00fanica em um dos mirantes mais impressionantes do <strong>Parque Nacional Torres del Paine<\/strong>. A caminhada de 3 a 4 horas (ida e volta) levar\u00e1 voc\u00ea \u00e0s espetaculares <strong>Pontes Suspensas<\/strong>, de onde voc\u00ea poder\u00e1 desfrutar de uma vista incompar\u00e1vel do <strong>Glaciar Grey<\/strong>. <\/p>\n<p>Ao longo do passeio, voc\u00ea testemunhar\u00e1 a impressionante paisagem patag\u00f4nica: o gelo milenar se estendendo at\u00e9 o horizonte, os icebergs flutuantes no <strong>Lago Grey<\/strong> e as imponentes ravinas esculpidas por rios e cachoeiras que descem do <strong>Cord\u00f3n Olgu\u00edn<\/strong>.<\/p>\n<p>Esta trilha leva voc\u00ea a um ambiente selvagem e impressionante, onde a for\u00e7a da natureza se revela em cada detalhe. As pontes suspensas oferecem uma perspectiva \u00fanica do glaciar e de suas forma\u00e7\u00f5es de gelo, permitindo que voc\u00ea sinta de perto a grandiosidade desse cen\u00e1rio inesquec\u00edvel. <\/p>\n<ul>\n<li>Dist\u00e2ncia: 4 kms.<\/li>\n<li>Dura\u00e7\u00e3o: 3 &#8211; 4 horas.<\/li>\n<li>Dificuldade: M\u00e9dia.<\/li>\n<li>Acomoda\u00e7\u00e3o: Ref\u00fagio Grey.<\/li>\n<li>Refei\u00e7\u00f5es: Caf\u00e9 da manh\u00e3, almo\u00e7o (lunch box) e janta.<\/li>\n<\/ul>\n<h3>Dia 5: Navega\u00e7\u00e3o Grey III e Retorno a Puerto Natales \u2013 Um Encerramento Inesquec\u00edvel<\/h3>\n<p>O \u00faltimo dia da sua aventura em <strong>Torres del Paine<\/strong> come\u00e7a com um delicioso caf\u00e9 da manh\u00e3 no <strong>Ref\u00fagio Grey<\/strong>. Antes de sair, n\u00e3o se esque\u00e7a de pegar seu almo\u00e7o (lunch box) e aproveite um momento para absorver a tranquilidade do ambiente. <\/p>\n<p>No meio da manh\u00e3, voc\u00ea embarcar\u00e1 na <strong>Navega\u00e7\u00e3o Grey III<\/strong>, uma travessia imperd\u00edvel pelo <strong>Lago Grey,<\/strong> proporcionando vistas impressionantes do <strong>Glaciar Grey<\/strong>, com seus impactantes tons azulados e icebergs flutuando nas \u00e1guas. O vento patag\u00f4nico e a imensid\u00e3o da paisagem criar\u00e3o uma experi\u00eancia \u00fanica de liberdade absoluta. <\/p>\n<p>Durante a navega\u00e7\u00e3o, voc\u00ea ter\u00e1 a oportunidade de admirar o<strong>Cerro Paine Grande<\/strong>, o imponente <strong>Maci\u00e7o Paine<\/strong>, as florestas exuberantes que cercam o lago e as montanhas escarpadas de rochas estratificadas. Se a natureza permitir, voc\u00ea testemunhar\u00e1 um espet\u00e1culo \u00fanico: enormes blocos de gelo se desprendendo da geleira e caindo na \u00e1gua com um estrondo aterrorizante. <\/p>\n<p>Ao chegar na <strong>Playa Grey<\/strong>, voc\u00ea far\u00e1 uma caminhada de 30 a 45 minutos at\u00e9 o setor Pingo, onde o transporte estar\u00e1 esperando para o retorno a <strong>Puerto Natales<\/strong>. A cada passo, levar\u00e1 consigo lembran\u00e7as inesquec\u00edveis desta aventura na majestosa <strong>Patag\u00f4nia<\/strong>. <\/p>\n<ul>\n<li>Dificuldade: Baixa<\/li>\n<li>Alimenta\u00e7\u00e3o: Caf\u00e9 da manh\u00e3 e almo\u00e7o (lunch box).<\/li>\n<\/ul>\n<div class=\"divisor\"><\/div>\n<h2 id=\"itinerario\">Itiner\u00e1rio<\/h2>\n<p><b>Dia 1: Chegada ao Parque Nacional Torres del Paine \u2013 Trilha Las Carretas.<\/b><br \/>\n<b>Dia 2:<\/b> Full Day Vale do Franc\u00eas.<br \/>\n<b>Dia 3:<\/b> Caminhada at\u00e9 o Mirante Grey.<br \/>\n<b>Dia 4:<\/b> Caminhada at\u00e9 as Pontes Suspensas.<br \/>\n<b>Dia 5:<\/b> Partida na Navega\u00e7\u00e3o Grey III e retorno a Puerto Natales.<\/p>\n<div class=\"divisor\"><\/div>\n<h2 id=\"detalle\">Detalhe<\/h2>\n<table>\n<tbody>\n<tr>\n<th><i class=\"fa fa-check\" aria-hidden=\"true\"><\/i> Inclui<\/th>\n<\/tr>\n<tr>\n<td>\u2022 2 noites de acomoda\u00e7\u00e3o no Ref\u00fagio Paine Grande no Parque Nacional Torres del Paine.<br \/>\n\u2022 2 noites de hospedagem no Ref\u00fagio Grey, no Parque Nacional Torres del Paine. A acomoda\u00e7\u00e3o no ref\u00fagio \u00e9 em dormit\u00f3rios compartilhados e mistos, com beliches. A cama inclui len\u00e7\u00f3is, cobertor e travesseiro.<br \/>\n\u2022 Traslado privativo do seu hotel em Puerto Natales para o Parque Nacional Torres del Paine.<br \/>\n\u2022 Traslado compartilhado do Parque Nacional Torres del Paine para o Hotel em Puerto<br \/>\nNatales.<br \/>\n\u2022 Refei\u00e7\u00f5es conforme o itiner\u00e1rio (Caso tenha restri\u00e7\u00f5es alimentares, certifique-se de inform\u00e1-las no momento da reserva. As restri\u00e7\u00f5es s\u00f3 ser\u00e3o atendidas se forem comunicadas com anteced\u00eancia).<br \/>\n\u2022 Bilhete Navega\u00e7\u00e3o Grey III.<br \/>\n\u2022 Entrada no Parque Nacional Torres del Paine.<br \/>\n\u2022 Guia bil\u00edngue (espanhol\/ingl\u00eas)<\/td>\n<\/tr>\n<\/tbody>\n<\/table>\n<table>\n<tbody>\n<tr>\n<th><i class=\"fa fa-times\" aria-hidden=\"true\"><\/i> N\u00e3o inclui<\/th>\n<\/tr>\n<tr>\n<td>\u2022 Voos<br \/>\n\u2022 Seguros<br \/>\n\u2022 Traslados, alimenta\u00e7\u00e3o e outros servi\u00e7os n\u00e3o mencionados<br \/>\n\u2022 Gorjetas<br \/>\n\u2022 Carregador<br \/>\n\u2022 Gastos pessoais<\/td>\n<\/tr>\n<\/tbody>\n<\/table>\n<div class=\"divisor\"><\/div>\n<h2 id=\"faq\">FAQ<\/h2>\n<h3>Para quais idades esse programa \u00e9 recomendado?<\/h3>\n<p>Este programa n\u00e3o \u00e9 recomendado para crian\u00e7as menores de 10 anos.<\/p>\n<h3>O que os passageiros devem poder fazer com seus pertences durante o programa?<\/h3>\n<p>Os passageiros devem poder levar seus pertences pessoais durante todo o programa.<\/p>\n<h3>Que tipo de mochila voc\u00ea recomenda para o programa?<\/h3>\n<p>Recomendamos usar uma mochila de 40 litros.<\/p>\n<h3>Onde e em que hor\u00e1rios o servi\u00e7o de dep\u00f3sito de bagagem \u00e9 oferecido?<\/h3>\n<p>Oferecemos servi\u00e7o de guarda-volumes em nosso escrit\u00f3rio em Puerto Natales, de segunda a sexta-feira, das 09:00 \u00e0s 18:00 (hor\u00e1rio comercial), para aqueles que desejam deixar seus pertences durante a caminhada. Fora do hor\u00e1rio de expediente, o servi\u00e7o tem um custo adicional. <\/p>\n<h3>O que est\u00e1 inclu\u00eddo na minha hospedagem no ref\u00fagio?<\/h3>\n<p>A hospedagem no ref\u00fagio \u00e9 em dormit\u00f3rios compartilhados e mistos, com beliches. A cama arrumada inclui len\u00e7\u00f3is, cobertor e travesseiro. <\/p>\n<h3>Tenho uma restri\u00e7\u00e3o alimentar. Devo levar minha pr\u00f3pria comida?<\/h3>\n<p>N\u00e3o, voc\u00ea deve nos informar se tem alguma restri\u00e7\u00e3o alimentar ou alergia no momento da reserva. Se voc\u00ea tem alergias graves, recomendamos verificar antes de reservar quais op\u00e7\u00f5es podemos oferecer. <\/p>\n<h3>Que tipo de equipamento devo levar para a excurs\u00e3o?<\/h3>\n<p>\u00c9 essencial levar botas de trekking imperme\u00e1veis, roupas t\u00e9rmicas em camadas, jaqueta imperme\u00e1vel, luvas, gorro, protetor solar, \u00f3culos de sol e uma mochila confort\u00e1vel. Al\u00e9m disso, recomenda-se o uso de bast\u00f5es de trekking para maior estabilidade no terreno.<br \/>\nQue tipo de equipamento devo levar para a excurs\u00e3o?<br \/>\n\u00c9 essencial levar botas de trekking imperme\u00e1veis, roupas t\u00e9rmicas em camadas, jaqueta imperme\u00e1vel, luvas, gorro, protetor solar, \u00f3culos de sol e uma mochila confort\u00e1vel. Al\u00e9m disso, recomenda-se o uso de bast\u00f5es de trekking para maior estabilidade no terreno. <\/p>\n<p>Que tipo de comida \u00e9 oferecida durante o programa?<br \/>\nAs refei\u00e7\u00f5es incluem caf\u00e9 da manh\u00e3, almo\u00e7o (lunch box) e jantar nos ref\u00fagios. Op\u00e7\u00f5es vegetarianas, veganas ou para pessoas com alergias alimentares especiais podem ser solicitadas mediante aviso pr\u00e9vio. <\/p>\n<p>Qual \u00e9 o n\u00edvel de dificuldade das caminhadas e \u00e9 necess\u00e1ria experi\u00eancia pr\u00e9via?<br \/>\nAs caminhadas possuem dificuldade m\u00e9dia-alta, com percursos di\u00e1rios entre 4 e 9 horas por terrenos irregulares. \u00c9 obrigat\u00f3rio ter experi\u00eancia pr\u00e9via em trekking e recomenda-se estar em boa condi\u00e7\u00e3o f\u00edsica, al\u00e9m de estar acostumado a caminhar longas dist\u00e2ncias em terrenos com neve. <\/p>\n<div class=\"divisor\"><\/div>\n<h2 id=\"condiciones\">Condi\u00e7\u00f5es<\/h2>\n<p><b>RESPONSABILIDADES<\/b><br \/>\n A Rebel Viajes n\u00e3o se responsabiliza por custos adicionais decorrentes de modifica\u00e7\u00f5es ou cancelamentos de reservas, nem por gastos extras causados por perdas ou atrasos no transporte de passageiros, sejam eles terrestres, mar\u00edtimos, a\u00e9reos ou lacustres.<\/p>\n<p>A Rebel Viajes n\u00e3o se responsabiliza por cancelamentos por motivos de for\u00e7a maior ou imprevistos e, neste caso, o passageiro n\u00e3o ser\u00e1 reembolsado.<\/p>\n<p>Da mesma forma, a Rebel Viajes n\u00e3o se responsabiliza pela perda de documentos ou pertences pessoais durante viagens ou datas espec\u00edficas do programa.<\/p>\n<p>\u00c9 responsabilidade de cada passageiro realizar um check-up m\u00e9dico preventivo antes de qualquer atividade, excurs\u00e3o ou trekking, para garantir que sua sa\u00fade est\u00e1 em boas condi\u00e7\u00f5es e compat\u00edvel com a atividade a ser realizada. Durante as datas do programa, caso o passageiro precise abandonar a viagem antes de sua conclus\u00e3o, independentemente do motivo, n\u00e3o haver\u00e1 reembolso. <\/p>\n<p>A Rebel Viajes n\u00e3o se responsabiliza por acidentes ocorridos no trajeto at\u00e9 os destinos, nos trilhos ou em locais n\u00e3o relacionados ao servi\u00e7o contratado. Qualquer responsabilidade atribu\u00edda \u00e0 Rebel Viajes dever\u00e1 ser comprovada por meio de decis\u00e3o judicial. <\/p>\n<p>Embora a Rebel Viajes informe as dist\u00e2ncias e os n\u00edveis de dificuldade de todas as trilhas em seus programas, \u00e9 responsabilidade do passageiro ler e conhecer suas pr\u00f3prias limita\u00e7\u00f5es, bem como trazer o equipamento adequado para um desempenho ideal. Al\u00e9m disso, \u00e9 dever dos passageiros informar-se com a CONAF sobre os hor\u00e1rios de abertura e fechamento dos trilhos, assim como sobre o regulamento interno do Parque Nacional Torres del Paine. <\/p>\n<p>\u00c9 dever dos passageiros manter sua documenta\u00e7\u00e3o atualizada e possuir os permissos e vistos necess\u00e1rios para cruzar as fronteiras.<br \/>\nA Rebel Viajes n\u00e3o realiza reembolsos nem se responsabiliza por gastos do passageiro em caso de necessidade de resgate ou se, por qualquer motivo, o passageiro precisar abandonar a viagem antes do previsto.<\/p>\n<p>A Rebel Viajes n\u00e3o se responsabiliza por quaisquer gastos adicionais que o passageiro possa ter caso a viagem seja atrasada devido a condi\u00e7\u00f5es clim\u00e1ticas, greves, roubos, fen\u00f4menos naturais, dist\u00farbios civis, terrorismo, atos de guerra, restri\u00e7\u00f5es ou regulamentos governamentais, falhas em qualquer meio de transporte na chegada ou sa\u00edda do programa, ou qualquer outra raz\u00e3o fora do controle direto da Rebel Viajes.<\/p>\n<p>A Rebel Viajes repudia a explora\u00e7\u00e3o sexual e comercial de crian\u00e7as, adolescentes e menores de idade, comprometendo-se a denunciar, identificar e capacitar seu pessoal para prevenir qualquer atividade tur\u00edstica ou servi\u00e7o de terceiros que envolva menores.<\/p>\n<p>A Rebel Viajes n\u00e3o se responsabiliza por cancelamentos, modifica\u00e7\u00f5es ou no-show devido \u00e0 impossibilidade de chegada ou acesso aos ref\u00fagios ou campings por causas externas, como condi\u00e7\u00f5es clim\u00e1ticas adversas, bloqueios de estradas, fen\u00f4menos naturais, problemas com conex\u00f5es a\u00e9reas, atrasos em transportes, cancelamento de navega\u00e7\u00f5es de barcos e\/ou catamar\u00e3s, manifesta\u00e7\u00f5es sociais ou pol\u00edticas, ou qualquer outro fator fora do controle da Rebel Viajes, como acidentes ou doen\u00e7as antes ou durante a visita a Torres del Paine. Para essas eventualidades, recomenda-se que os passageiros contratem um seguro de viagem. <\/p>\n<p><b>SEGURO DE VIAGEM<\/b><br \/>\n A Rebel Viajes recomenda fortemente a contrata\u00e7\u00e3o de um seguro de viagem que cubra gastos com cancelamentos, tanto por condi\u00e7\u00f5es meteorol\u00f3gicas quanto por for\u00e7a maior, al\u00e9m de um seguro contra acidentes, de acordo com as atividades que ser\u00e3o realizadas.<\/p>\n<p>Esse seguro deve cobrir acidentes pessoais, despesas de repatria\u00e7\u00e3o e quaisquer outras taxas que possam surgir devido a danos, perdas, les\u00f5es, atrasos ou qualquer outro imprevisto que possa ocorrer durante a viagem.<\/p>\n<p>Recomenda-se que, ao contratar um seguro de viagem, o passageiro informe \u00e0 seguradora o tipo de viagem que ser\u00e1 realizada, pois nem todos os seguros cobrem atividades de turismo de aventura, que podem estar inclu\u00eddas no itiner\u00e1rio do programa.<\/p>\n<p><b>ATESTADO DE SA\u00daDE E TERMO DE RESPONSABILIDADE<\/b><br \/>\n\u00c9 obrigat\u00f3rio que os passageiros informem sobre qualquer problema de sa\u00fade no momento da reserva, para que seja avaliado se podem realizar a atividade ou se necessitam de algum tipo de suporte adicional.<\/p>\n<p>Nos programas guiados, o l\u00edder do grupo ou guia tem o direito de solicitar que um passageiro abandone o programa caso ele n\u00e3o esteja apto para realiz\u00e1-lo ou represente um risco para si mesmo e\/ou para o restante do grupo. A crit\u00e9rio do guia, o passageiro poder\u00e1 ser impedido de continuar a viagem caso, por qualquer motivo, n\u00e3o esteja fisicamente ou mentalmente capacitado para seguir com a atividade ou n\u00e3o siga as instru\u00e7\u00f5es. Nessas circunst\u00e2ncias, n\u00e3o haver\u00e1 reembolso. Devido \u00e0 dificuldade geogr\u00e1fica, que pode impedir o acesso a hospitais ou atendimento m\u00e9dico, a Rebel Viajes n\u00e3o se responsabiliza pela presta\u00e7\u00e3o de atendimento m\u00e9dico em nenhum momento durante a viagem.   <\/p>\n<p>Todos os passageiros dever\u00e3o, no momento da confirma\u00e7\u00e3o e pagamento do programa, aceitar e assinar o termo de isen\u00e7\u00e3o de responsabilidade, al\u00e9m de verificar seu estado de sa\u00fade e assumir a responsabilidade por suas limita\u00e7\u00f5es e\/ou necessidades especiais.<\/p>\n<p>Conhe\u00e7a nossos <a href=\"https:\/\/rebelviajes.com\/pt-br\/termos-e-condicoes\/\" target=\"_blank\" rel=\"noopener\">Termos e Condi\u00e7\u00f5es<\/a>.<\/p>\n","protected":false},"excerpt":{"rendered":"<p>Saindo de Puerto Natales<br \/>\n5 dias \/ 4 noites<\/p>\n","protected":false},"featured_media":990114598,"comment_status":"open","ping_status":"closed","template":"","meta":{"site-sidebar-layout":"default","site-content-layout":"default","ast-site-content-layout":"default","site-content-style":"default","site-sidebar-style":"default","ast-global-header-display":"","ast-banner-title-visibility":"","ast-main-header-display":"","ast-hfb-above-header-display":"","ast-hfb-below-header-display":"","ast-hfb-mobile-header-display":"","site-post-title":"","ast-breadcrumbs-content":"","ast-featured-img":"","footer-sml-layout":"","ast-disable-related-posts":"","theme-transparent-header-meta":"default","adv-header-id-meta":"","stick-header-meta":"","header-above-stick-meta":"","header-main-stick-meta":"","header-below-stick-meta":"","astra-migrate-meta-layouts":"default","ast-page-background-enabled":"default","ast-page-background-meta":{"desktop":{"background-color":"","background-image":"","background-repeat":"repeat","background-position":"center center","background-size":"auto","background-attachment":"scroll","background-type":"","background-media":"","overlay-type":"","overlay-color":"","overlay-opacity":"","overlay-gradient":""},"tablet":{"background-color":"","background-image":"","background-repeat":"repeat","background-position":"center center","background-size":"auto","background-attachment":"scroll","background-type":"","background-media":"","overlay-type":"","overlay-color":"","overlay-opacity":"","overlay-gradient":""},"mobile":{"background-color":"","background-image":"","background-repeat":"repeat","background-position":"center center","background-size":"auto","background-attachment":"scroll","background-type":"","background-media":"","overlay-type":"","overlay-color":"","overlay-opacity":"","overlay-gradient":""}},"ast-content-background-meta":{"desktop":{"background-color":"var(--ast-global-color-5)","background-image":"","background-repeat":"repeat","background-position":"center center","background-size":"auto","background-attachment":"scroll","background-type":"","background-media":"","overlay-type":"","overlay-color":"","overlay-opacity":"","overlay-gradient":""},"tablet":{"background-color":"var(--ast-global-color-5)","background-image":"","background-repeat":"repeat","background-position":"center center","background-size":"auto","background-attachment":"scroll","background-type":"","background-media":"","overlay-type":"","overlay-color":"","overlay-opacity":"","overlay-gradient":""},"mobile":{"background-color":"var(--ast-global-color-5)","background-image":"","background-repeat":"repeat","background-position":"center center","background-size":"auto","background-attachment":"scroll","background-type":"","background-media":"","overlay-type":"","overlay-color":"","overlay-opacity":"","overlay-gradient":""}}},"product_brand":[],"product_cat":[506,349,602],"product_tag":[532],"class_list":{"0":"post-990125048","1":"product","2":"type-product","3":"status-publish","4":"has-post-thumbnail","6":"product_cat-chile-pt-br","7":"product_cat-programas-turisticos","8":"product_cat-puerto-natales-torres-del-paine-pt-br","9":"product_tag-programa-simple-nuevo-pt-br-2","10":"desktop-align-left","11":"tablet-align-left","12":"mobile-align-left","14":"first","15":"instock","16":"sold-individually","17":"shipping-taxable","18":"purchasable","19":"product-type-simple"},"_links":{"self":[{"href":"https:\/\/rebelviajes.com\/pt-br\/wp-json\/wp\/v2\/product\/990125048","targetHints":{"allow":["GET"]}}],"collection":[{"href":"https:\/\/rebelviajes.com\/pt-br\/wp-json\/wp\/v2\/product"}],"about":[{"href":"https:\/\/rebelviajes.com\/pt-br\/wp-json\/wp\/v2\/types\/product"}],"replies":[{"embeddable":true,"href":"https:\/\/rebelviajes.com\/pt-br\/wp-json\/wp\/v2\/comments?post=990125048"}],"version-history":[{"count":0,"href":"https:\/\/rebelviajes.com\/pt-br\/wp-json\/wp\/v2\/product\/990125048\/revisions"}],"wp:featuredmedia":[{"embeddable":true,"href":"https:\/\/rebelviajes.com\/pt-br\/wp-json\/wp\/v2\/media\/990114598"}],"wp:attachment":[{"href":"https:\/\/rebelviajes.com\/pt-br\/wp-json\/wp\/v2\/media?parent=990125048"}],"wp:term":[{"taxonomy":"product_brand","embeddable":true,"href":"https:\/\/rebelviajes.com\/pt-br\/wp-json\/wp\/v2\/product_brand?post=990125048"},{"taxonomy":"product_cat","embeddable":true,"href":"https:\/\/rebelviajes.com\/pt-br\/wp-json\/wp\/v2\/product_cat?post=990125048"},{"taxonomy":"product_tag","embeddable":true,"href":"https:\/\/rebelviajes.com\/pt-br\/wp-json\/wp\/v2\/product_tag?post=990125048"}],"curies":[{"name":"wp","href":"https:\/\/api.w.org\/{rel}","templated":true}]}}