{"id":990125119,"date":"2025-03-08T20:25:06","date_gmt":"2025-03-08T23:25:06","guid":{"rendered":"https:\/\/rebelviajes.com\/producto\/glaciar-vinciguerra-e-laguna-de-los-tempanos\/"},"modified":"2025-07-10T10:13:32","modified_gmt":"2025-07-10T14:13:32","slug":"glaciar-vinciguerra-e-laguna-de-los-tempanos","status":"publish","type":"product","link":"https:\/\/rebelviajes.com\/pt-br\/product\/glaciar-vinciguerra-e-laguna-de-los-tempanos\/","title":{"rendered":"Glaciar Vinciguerra e Laguna de los T\u00e9mpanos"},"content":{"rendered":"<h2 id=\"descripcion\">Descri\u00e7\u00e3o<\/h2>\n<h3>Explorando o Vale de Andorra: Natureza e Desafios de Trilha<\/h3>\n<p>Come\u00e7amos nossa aventura com o embarque nas acomoda\u00e7\u00f5es em <strong>Ushuaia<\/strong>. TPedimos que voc\u00ea esteja pronto e aguarde na recep\u00e7\u00e3o para come\u00e7ar esta viagem inesquec\u00edvel ao <strong>Glaciar Vinciguerra<\/strong>. <\/p>\n<p>A trilha nos leva por paisagens deslumbrantes, come\u00e7ando nos arredores de <strong>Ushuaia<\/strong> e seguindo em dire\u00e7\u00e3o \u00e0 encantadora <strong>Laguna del Caminante<\/strong>. Esta \u00e1rea est\u00e1 localizada no Vale de Andorra, uma \u00e1rea protegida pela <strong>Conven\u00e7\u00e3o de Ramsar<\/strong>, uma zona \u00famida de import\u00e2ncia internacional. Neste ambiente natural, onde rios, represas de castores, turfeiras e geleiras protegem fontes de \u00e1gua vitais para a regi\u00e3o, a paisagem \u00e9 t\u00e3o cativante quanto educativa.  <\/p>\n<p>O passeio passa por quatro pistas not\u00e1veis, mas n\u00e3o se preocupe, nosso guia especializado estar\u00e1 l\u00e1 para ajudar voc\u00ea a superar cada desafio. Al\u00e9m disso, fornecemos grampos de montanha para excelente suporte durante a jornada, garantindo um trekking mais seguro e confort\u00e1vel. \u00c0 medida que nos afastamos da vegeta\u00e7\u00e3o, podemos observar os vest\u00edgios da eros\u00e3o <strong>glaciar<\/strong> na paisagem circundante, enquanto o terreno se torna um testemunho visual da for\u00e7a da natureza.  <\/p>\n<h3>Escalando o Glaciar Vinciguerra: Vistas deslumbrantes e contato com o gelo<\/h3>\n<p>Uma subida \u00edngreme final nos leva ao ponto mais alto, onde seremos recompensados \u200b\u200bcom vistas espetaculares das geleiras pr\u00f3ximas e da <strong>Laguna de los T\u00e9mpanos<\/strong>, cuja vibrante cor verde intenso ir\u00e1 cativar voc\u00ea. Neste impressionante mirante, nosso guia procurar\u00e1 o local ideal para desfrutar de um delicioso almo\u00e7o em meio \u00e0 natureza. <\/p>\n<p>Depois de nos maravilharmos com a magnitude do <strong>glaciar<\/strong> e sua presen\u00e7a imponente, nos aproximamos de seus p\u00e9s, onde voc\u00ea ter\u00e1 a oportunidade de ter contato direto com o gelo. Esta experi\u00eancia \u00fanica permitir\u00e1 que voc\u00ea sinta de perto a majestade de uma geleira. <\/p>\n<h3>O retorno a Ushuaia: mem\u00f3rias inesquec\u00edveis de uma aventura na Patag\u00f4nia<\/h3>\n<p>Com o cora\u00e7\u00e3o cheio de lembran\u00e7as e a mente repleta de maravilhas, partimos para a viagem de volta pelo mesmo caminho, enquanto de longe podemos admirar o <strong>Canal Beagle<\/strong> e a <strong>Ilha Navarino no Chile<\/strong>.<\/p>\n<p>Ao retornar ao ve\u00edculo, seguimos para nossas acomoda\u00e7\u00f5es em <strong>Ushuaia<\/strong>, tendo vivido uma experi\u00eancia \u00fanica no cora\u00e7\u00e3o da <strong>Patag\u00f4nia<\/strong>.<\/p>\n<div class=\"divisor\"><\/div>\n<h2 id=\"detalle\">Detalhe<\/h2>\n<table>\n<tbody>\n<tr>\n<th><i class=\"fa fa-check\" aria-hidden=\"true\"><\/i> Inclui<\/th>\n<\/tr>\n<tr>\n<td>Traslados do\/at\u00e9 seu hotel<br \/>\nGuia espanhol\/ingl\u00eas<br \/>\nAlmo\u00e7o para viagem<\/td>\n<\/tr>\n<\/tbody>\n<\/table>\n<table>\n<tbody>\n<tr>\n<th><i class=\"fa fa-times\" aria-hidden=\"true\"><\/i> N\u00e3o inclui<\/th>\n<\/tr>\n<tr>\n<td>Gorjetas<br \/>\nServi\u00e7os n\u00e3o mencionados<br \/>\nAlimenta\u00e7\u00e3o n\u00e3o mencionada<br \/>\nSeguro de viagem\/contra acidentes<br \/>\n\u00c1gua para o trekking<\/td>\n<\/tr>\n<\/tbody>\n<\/table>\n<div class=\"divisor\"><\/div>\n<h2 id=\"faq\">FAQ<\/h2>\n<h3>Que equipamento devo levar para fazer trekking at\u00e9 o Glaciar Vinciguerra?<\/h3>\n<p>Recomendamos usar roupas confort\u00e1veis \u200b\u200be adequadas ao clima da Patag\u00f4nia, incluindo roupas imperme\u00e1veis, botas de caminhada, luvas, chap\u00e9u, protetor solar e \u00e1gua. Tamb\u00e9m \u00e9 aconselh\u00e1vel levar uma c\u00e2mera para capturar as vistas deslumbrantes e um almo\u00e7o leve para aproveitar no mirante da geleira. <\/p>\n<h3>\u00c9 poss\u00edvel caminhar na geleira?<\/h3>\n<p>Sim, ao chegar \u00e0 geleira, voc\u00ea ter\u00e1 a oportunidade de chegar perto de seus p\u00e9s e tocar a imponente massa de gelo. Entretanto, devido \u00e0s condi\u00e7\u00f5es do terreno e para garantir a seguran\u00e7a de todos, n\u00e3o \u00e9 permitido caminhar na geleira sem equipamento adequado e supervis\u00e3o. Nosso guia lhe dar\u00e1 as orienta\u00e7\u00f5es necess\u00e1rias para aproveitar essa experi\u00eancia com seguran\u00e7a.  <\/p>\n<div class=\"divisor\"><\/div>\n<h2 id=\"condiciones\">Condi\u00e7\u00f5es<\/h2>\n<p><b>RESPONSABILIDADES<\/b><br \/>\n A Rebel Viajes n\u00e3o se responsabiliza por custos adicionais decorrentes de modifica\u00e7\u00f5es ou cancelamentos de reservas, nem por gastos extras causados por perdas ou atrasos no transporte de passageiros, sejam eles terrestres, mar\u00edtimos, a\u00e9reos ou lacustres.<\/p>\n<p>A Rebel Viajes n\u00e3o se responsabiliza por cancelamentos por motivos de for\u00e7a maior ou imprevistos e, neste caso, o passageiro n\u00e3o ser\u00e1 reembolsado.<\/p>\n<p>Da mesma forma, a Rebel Viajes n\u00e3o se responsabiliza pela perda de documentos ou pertences pessoais durante viagens ou datas espec\u00edficas do programa.<\/p>\n<p>\u00c9 responsabilidade de cada passageiro realizar um check-up m\u00e9dico preventivo antes de qualquer atividade, excurs\u00e3o ou trekking, para garantir que sua sa\u00fade est\u00e1 em boas condi\u00e7\u00f5es e compat\u00edvel com a atividade a ser realizada. Durante as datas do programa, caso o passageiro precise abandonar a viagem antes de sua conclus\u00e3o, independentemente do motivo, n\u00e3o haver\u00e1 reembolso. <\/p>\n<p>A Rebel Viajes n\u00e3o se responsabiliza por acidentes ocorridos no trajeto at\u00e9 os destinos, nos trilhos ou em locais n\u00e3o relacionados ao servi\u00e7o contratado. Qualquer responsabilidade atribu\u00edda \u00e0 Rebel Viajes dever\u00e1 ser comprovada por meio de decis\u00e3o judicial. <\/p>\n<p>Embora a Rebel Viajes informe as dist\u00e2ncias e os n\u00edveis de dificuldade de todas as trilhas em seus programas, \u00e9 responsabilidade do passageiro ler e conhecer suas pr\u00f3prias limita\u00e7\u00f5es, bem como trazer o equipamento adequado para um desempenho ideal. Al\u00e9m disso, \u00e9 dever dos passageiros informar-se com a CONAF sobre os hor\u00e1rios de abertura e fechamento dos trilhos, assim como sobre o regulamento interno do Parque Nacional Torres del Paine. <\/p>\n<p>\u00c9 dever dos passageiros manter sua documenta\u00e7\u00e3o atualizada e possuir os permissos e vistos necess\u00e1rios para cruzar as fronteiras.<br \/>\nA Rebel Viajes n\u00e3o realiza reembolsos nem se responsabiliza por gastos do passageiro em caso de necessidade de resgate ou se, por qualquer motivo, o passageiro precisar abandonar a viagem antes do previsto.<\/p>\n<p>A Rebel Viajes n\u00e3o se responsabiliza por quaisquer gastos adicionais que o passageiro possa ter caso a viagem seja atrasada devido a condi\u00e7\u00f5es clim\u00e1ticas, greves, roubos, fen\u00f4menos naturais, dist\u00farbios civis, terrorismo, atos de guerra, restri\u00e7\u00f5es ou regulamentos governamentais, falhas em qualquer meio de transporte na chegada ou sa\u00edda do programa, ou qualquer outra raz\u00e3o fora do controle direto da Rebel Viajes.<\/p>\n<p>A Rebel Viajes repudia a explora\u00e7\u00e3o sexual e comercial de crian\u00e7as, adolescentes e menores de idade, comprometendo-se a denunciar, identificar e capacitar seu pessoal para prevenir qualquer atividade tur\u00edstica ou servi\u00e7o de terceiros que envolva menores.<\/p>\n<p>A Rebel Viajes n\u00e3o se responsabiliza por cancelamentos, modifica\u00e7\u00f5es ou no-show devido \u00e0 impossibilidade de chegada ou acesso aos ref\u00fagios ou campings por causas externas, como condi\u00e7\u00f5es clim\u00e1ticas adversas, bloqueios de estradas, fen\u00f4menos naturais, problemas com conex\u00f5es a\u00e9reas, atrasos em transportes, cancelamento de navega\u00e7\u00f5es de barcos e\/ou catamar\u00e3s, manifesta\u00e7\u00f5es sociais ou pol\u00edticas, ou qualquer outro fator fora do controle da Rebel Viajes, como acidentes ou doen\u00e7as antes ou durante a visita a Torres del Paine. Para essas eventualidades, recomenda-se que os passageiros contratem um seguro de viagem. <\/p>\n<p><b>SEGURO DE VIAGEM<\/b><br \/>\n A Rebel Viajes recomenda fortemente a contrata\u00e7\u00e3o de um seguro de viagem que cubra gastos com cancelamentos, tanto por condi\u00e7\u00f5es meteorol\u00f3gicas quanto por for\u00e7a maior, al\u00e9m de um seguro contra acidentes, de acordo com as atividades que ser\u00e3o realizadas.<\/p>\n<p>Esse seguro deve cobrir acidentes pessoais, despesas de repatria\u00e7\u00e3o e quaisquer outras taxas que possam surgir devido a danos, perdas, les\u00f5es, atrasos ou qualquer outro imprevisto que possa ocorrer durante a viagem.<\/p>\n<p>Recomenda-se que, ao contratar um seguro de viagem, o passageiro informe \u00e0 seguradora o tipo de viagem que ser\u00e1 realizada, pois nem todos os seguros cobrem atividades de turismo de aventura, que podem estar inclu\u00eddas no itiner\u00e1rio do programa.<\/p>\n<p><b>ATESTADO DE SA\u00daDE E TERMO DE RESPONSABILIDADE<\/b><br \/>\n\u00c9 obrigat\u00f3rio que os passageiros informem sobre qualquer problema de sa\u00fade no momento da reserva, para que seja avaliado se podem realizar a atividade ou se necessitam de algum tipo de suporte adicional.<\/p>\n<p>Nos programas guiados, o l\u00edder do grupo ou guia tem o direito de solicitar que um passageiro abandone o programa caso ele n\u00e3o esteja apto para realiz\u00e1-lo ou represente um risco para si mesmo e\/ou para o restante do grupo. A crit\u00e9rio do guia, o passageiro poder\u00e1 ser impedido de continuar a viagem caso, por qualquer motivo, n\u00e3o esteja fisicamente ou mentalmente capacitado para seguir com a atividade ou n\u00e3o siga as instru\u00e7\u00f5es. Nessas circunst\u00e2ncias, n\u00e3o haver\u00e1 reembolso. Devido \u00e0 dificuldade geogr\u00e1fica, que pode impedir o acesso a hospitais ou atendimento m\u00e9dico, a Rebel Viajes n\u00e3o se responsabiliza pela presta\u00e7\u00e3o de atendimento m\u00e9dico em nenhum momento durante a viagem.   <\/p>\n<p>Todos os passageiros dever\u00e3o, no momento da confirma\u00e7\u00e3o e pagamento do programa, aceitar e assinar o termo de isen\u00e7\u00e3o de responsabilidade, al\u00e9m de verificar seu estado de sa\u00fade e assumir a responsabilidade por suas limita\u00e7\u00f5es e\/ou necessidades especiais.<\/p>\n<p>Conhe\u00e7a nossos <a href=\"https:\/\/rebelviajes.com\/pt-br\/termos-e-condicoes\/\" target=\"_blank\" rel=\"noopener\">Termos e Condi\u00e7\u00f5es<\/a>.<\/p>\n","protected":false},"excerpt":{"rendered":"<p>Sa\u00eddas de <strong>Ushuaia<\/strong><br \/>\n<strong>Todos os dias<\/strong><br \/>\nHor\u00e1rio: <strong>in\u00edcio \u00e0s 08h30 &#8211; t\u00e9rmino \u00e0s 16h30<\/strong><\/p>\n","protected":false},"featured_media":990125066,"comment_status":"open","ping_status":"closed","template":"","meta":{"site-sidebar-layout":"default","site-content-layout":"default","ast-site-content-layout":"default","site-content-style":"default","site-sidebar-style":"default","ast-global-header-display":"","ast-banner-title-visibility":"","ast-main-header-display":"","ast-hfb-above-header-display":"","ast-hfb-below-header-display":"","ast-hfb-mobile-header-display":"","site-post-title":"","ast-breadcrumbs-content":"","ast-featured-img":"","footer-sml-layout":"","ast-disable-related-posts":"","theme-transparent-header-meta":"default","adv-header-id-meta":"","stick-header-meta":"","header-above-stick-meta":"","header-main-stick-meta":"","header-below-stick-meta":"","astra-migrate-meta-layouts":"default","ast-page-background-enabled":"default","ast-page-background-meta":{"desktop":{"background-color":"","background-image":"","background-repeat":"repeat","background-position":"center center","background-size":"auto","background-attachment":"scroll","background-type":"","background-media":"","overlay-type":"","overlay-color":"","overlay-opacity":"","overlay-gradient":""},"tablet":{"background-color":"","background-image":"","background-repeat":"repeat","background-position":"center center","background-size":"auto","background-attachment":"scroll","background-type":"","background-media":"","overlay-type":"","overlay-color":"","overlay-opacity":"","overlay-gradient":""},"mobile":{"background-color":"","background-image":"","background-repeat":"repeat","background-position":"center center","background-size":"auto","background-attachment":"scroll","background-type":"","background-media":"","overlay-type":"","overlay-color":"","overlay-opacity":"","overlay-gradient":""}},"ast-content-background-meta":{"desktop":{"background-color":"var(--ast-global-color-5)","background-image":"","background-repeat":"repeat","background-position":"center center","background-size":"auto","background-attachment":"scroll","background-type":"","background-media":"","overlay-type":"","overlay-color":"","overlay-opacity":"","overlay-gradient":""},"tablet":{"background-color":"var(--ast-global-color-5)","background-image":"","background-repeat":"repeat","background-position":"center center","background-size":"auto","background-attachment":"scroll","background-type":"","background-media":"","overlay-type":"","overlay-color":"","overlay-opacity":"","overlay-gradient":""},"mobile":{"background-color":"var(--ast-global-color-5)","background-image":"","background-repeat":"repeat","background-position":"center center","background-size":"auto","background-attachment":"scroll","background-type":"","background-media":"","overlay-type":"","overlay-color":"","overlay-opacity":"","overlay-gradient":""}}},"product_brand":[],"product_cat":[347,615],"product_tag":[530,616],"class_list":{"0":"post-990125119","1":"product","2":"type-product","3":"status-publish","4":"has-post-thumbnail","6":"product_cat-full-day-pt","7":"product_cat-ushuaia-pt-br","8":"product_tag-excursion-nueva-pt-br","9":"product_tag-ushuaia-pt-br","10":"desktop-align-left","11":"tablet-align-left","12":"mobile-align-left","14":"first","15":"instock","16":"sold-individually","17":"shipping-taxable","18":"product-type-simple"},"_links":{"self":[{"href":"https:\/\/rebelviajes.com\/pt-br\/wp-json\/wp\/v2\/product\/990125119","targetHints":{"allow":["GET"]}}],"collection":[{"href":"https:\/\/rebelviajes.com\/pt-br\/wp-json\/wp\/v2\/product"}],"about":[{"href":"https:\/\/rebelviajes.com\/pt-br\/wp-json\/wp\/v2\/types\/product"}],"replies":[{"embeddable":true,"href":"https:\/\/rebelviajes.com\/pt-br\/wp-json\/wp\/v2\/comments?post=990125119"}],"version-history":[{"count":0,"href":"https:\/\/rebelviajes.com\/pt-br\/wp-json\/wp\/v2\/product\/990125119\/revisions"}],"wp:featuredmedia":[{"embeddable":true,"href":"https:\/\/rebelviajes.com\/pt-br\/wp-json\/wp\/v2\/media\/990125066"}],"wp:attachment":[{"href":"https:\/\/rebelviajes.com\/pt-br\/wp-json\/wp\/v2\/media?parent=990125119"}],"wp:term":[{"taxonomy":"product_brand","embeddable":true,"href":"https:\/\/rebelviajes.com\/pt-br\/wp-json\/wp\/v2\/product_brand?post=990125119"},{"taxonomy":"product_cat","embeddable":true,"href":"https:\/\/rebelviajes.com\/pt-br\/wp-json\/wp\/v2\/product_cat?post=990125119"},{"taxonomy":"product_tag","embeddable":true,"href":"https:\/\/rebelviajes.com\/pt-br\/wp-json\/wp\/v2\/product_tag?post=990125119"}],"curies":[{"name":"wp","href":"https:\/\/api.w.org\/{rel}","templated":true}]}}