{"id":990125121,"date":"2025-03-09T20:39:23","date_gmt":"2025-03-10T16:28:58","guid":{"rendered":"https:\/\/rebelviajes.com\/producto\/trekking-laguna-esmeralda\/"},"modified":"2025-03-10T13:28:58","modified_gmt":"2025-03-10T16:28:58","slug":"trekking-laguna-esmeralda","status":"publish","type":"product","link":"https:\/\/rebelviajes.com\/pt-br\/product\/trekking-laguna-esmeralda\/","title":{"rendered":"Trekking Laguna Esmeralda"},"content":{"rendered":"<h2 id=\"descripcion\">Descri\u00e7\u00e3o<\/h2>\n<h3>Come\u00e7ando a Aventura: Trilhas Entre Florestas e Montanhas<\/h3>\n<p>Descubra a <strong>Laguna Esmeralda<\/strong>, um para\u00edso glaciar em <strong>Ushuaia<\/strong>. Uma caminhada acess\u00edvel por florestas e montanhas para se conectar com a natureza. Uma joia natural da <strong>Patag\u00f4nia<\/strong> com \u00e1guas azul-turquesa \u00fanicas. Esta caminhada acess\u00edvel leva voc\u00ea por florestas de faias, turfeiras e rios cristalinos, cercados por uma paisagem majestosa que muda de acordo com a esta\u00e7\u00e3o.   <\/p>\n<p>Descubra uma das paisagens mais ic\u00f4nicas de <strong>Ushuaia<\/strong> com uma caminhada acess\u00edvel e charmosa. Nosso passeio come\u00e7a com o embarque no hotel, de onde seguimos para o norte, a apenas 20 minutos da cidade, para entrar no impressionante <strong>Vale Lasifashaj<\/strong>. <\/p>\n<p>Nosso guia nos dar\u00e1 as instru\u00e7\u00f5es necess\u00e1rias antes de iniciar a caminhada por uma trilha bem sinalizada e adaptada \u00e0 esta\u00e7\u00e3o do ano. Ao longo do caminho, atravessaremos turfeiras, florestas e terrenos rochosos, sempre cercados pela imensid\u00e3o da <strong>natureza patag\u00f4nica<\/strong>. <\/p>\n<h3>O Espect\u00e1culo da Laguna Esmeralda<\/h3>\n<p>Seguindo o curso do <strong>Rio Esmeralda<\/strong>, avan\u00e7amos at\u00e9 chegar ao nosso destino: a impressionante <strong>Laguna Esmeralda<\/strong>. Este pequeno lago de origem glacial deslumbra com sua inconfund\u00edvel tonalidade verde turquesa, resultado dos sedimentos do <strong>Glaciar Ojo del Albino<\/strong>. No inverno, a lagoa fica coberta de neve e gelo, oferecendo um espet\u00e1culo completamente diferente, mas igualmente fascinante.  <\/p>\n<p>Enquanto contemplamos esse cen\u00e1rio m\u00e1gico, desfrutamos de um almo\u00e7o (lunch box) para recarregar as baterias. Depois, iniciamos o retorno pelo mesmo caminho, o que nos d\u00e1 a \u00faltima oportunidade de apreciar a beleza dos arredores. <\/p>\n<p>No final da caminhada, nosso ve\u00edculo estar\u00e1 nos esperando para nos levar de volta a <strong>Ushuaia<\/strong>.<\/p>\n<div class=\"divisor\"><\/div>\n<h2 id=\"detalle\">Detalhe<\/h2>\n<table>\n<tbody>\n<tr>\n<th><i class=\"fa fa-check\" aria-hidden=\"true\"><\/i> Inclui<\/th>\n<\/tr>\n<tr>\n<td>\nTraslados do\/at\u00e9 seu hotel<br \/>\nGuia espanhol\/ingl\u00eas<br \/>\nAlmo\u00e7o para viagem\n<\/td>\n<\/tr>\n<\/tbody>\n<\/table>\n<table>\n<tbody>\n<tr>\n<th><i class=\"fa fa-times\" aria-hidden=\"true\"><\/i> N\u00e3o inclui<\/th>\n<\/tr>\n<tr>\n<td>\nRoupa de Trekking<br \/>\nBast\u00f5es de Trekking<br \/>\nGorjetas<br \/>\nComidas e bebidas n\u00e3o mencionadas<br \/>\nServi\u00e7os n\u00e3o mencionados<br \/>\nSeguro de Viagem\/contra acidentes\n<\/td>\n<\/tr>\n<\/tbody>\n<\/table>\n<div class=\"divisor\"><\/div>\n<h2 id=\"faq\">FAQ<\/h2>\n<h3>Quais equipamentos e roupas s\u00e3o necess\u00e1rios?<\/h3>\n<p>Recomendamos o seguinte vestu\u00e1rio: botas de caminhada imperme\u00e1veis, roupa \u00edntima t\u00e9rmica, cal\u00e7as imperme\u00e1veis, cal\u00e7as de trekking, jaqueta \u00e0 prova de vento, luvas de l\u00e3, luvas imperme\u00e1veis \u200b\u200bou de esqui, um chap\u00e9u para clima frio e meias extras. Recomendamos tamb\u00e9m prote\u00e7\u00e3o solar, protetor labial e lentes de contato, \u00f3culos escuros ou de prote\u00e7\u00e3o, 500 cm de \u00e1gua por pessoa e uma mochila pequena. <\/p>\n<h3>\u00c9 poss\u00edvel solicitar uma op\u00e7\u00e3o de almo\u00e7o adaptada \u00e0s restri\u00e7\u00f5es alimentares?<\/h3>\n<p>Caso voc\u00ea tenha alguma restri\u00e7\u00e3o alimentar, dever\u00e1 avisar com anteced\u00eancia no dia da atividade.<\/p>\n<h3>\u00c9 necess\u00e1rio ter experi\u00eancia anterior em trekking para fazer esta caminhada?<\/h3>\n<p>N\u00e3o, a caminhada at\u00e9 a Laguna Esmeralda \u00e9 adequada para pessoas de todos os n\u00edveis, pois \u00e9 uma caminhada moderada e acess\u00edvel. No entanto, \u00e9 aconselh\u00e1vel estar em boas condi\u00e7\u00f5es f\u00edsicas e preparado para caminhar em terrenos irregulares. <\/p>\n<h3>Posso fazer esta caminhada no inverno?<\/h3>\n<p>Sim, o trekking at\u00e9 a Laguna Esmeralda pode ser feito o ano todo. No entanto, no inverno, a lagoa fica congelada e coberta de neve, oferecendo uma vista diferente e um desafio adicional. \u00c9 recomend\u00e1vel usar equipamentos adequados para condi\u00e7\u00f5es frias e escorregadias.  <\/p>\n<div class=\"divisor\"><\/div>\n<h2 id=\"condiciones\">Condi\u00e7\u00f5es<\/h2>\n<p><b>RESPONSABILIDADES<\/b><br \/>\n A Rebel Viajes n\u00e3o se responsabiliza por custos adicionais decorrentes de modifica\u00e7\u00f5es ou cancelamentos de reservas, nem por gastos extras causados por perdas ou atrasos no transporte de passageiros, sejam eles terrestres, mar\u00edtimos, a\u00e9reos ou lacustres.<\/p>\n<p>A Rebel Viajes n\u00e3o se responsabiliza por cancelamentos por motivos de for\u00e7a maior ou imprevistos e, neste caso, o passageiro n\u00e3o ser\u00e1 reembolsado.<\/p>\n<p>Da mesma forma, a Rebel Viajes n\u00e3o se responsabiliza pela perda de documentos ou pertences pessoais durante viagens ou datas espec\u00edficas do programa.<\/p>\n<p>\u00c9 responsabilidade de cada passageiro realizar um check-up m\u00e9dico preventivo antes de qualquer atividade, excurs\u00e3o ou trekking, para garantir que sua sa\u00fade est\u00e1 em boas condi\u00e7\u00f5es e compat\u00edvel com a atividade a ser realizada. Durante as datas do programa, caso o passageiro precise abandonar a viagem antes de sua conclus\u00e3o, independentemente do motivo, n\u00e3o haver\u00e1 reembolso. <\/p>\n<p>A Rebel Viajes n\u00e3o se responsabiliza por acidentes ocorridos no trajeto at\u00e9 os destinos, nos trilhos ou em locais n\u00e3o relacionados ao servi\u00e7o contratado. Qualquer responsabilidade atribu\u00edda \u00e0 Rebel Viajes dever\u00e1 ser comprovada por meio de decis\u00e3o judicial. <\/p>\n<p>Embora a Rebel Viajes informe as dist\u00e2ncias e os n\u00edveis de dificuldade de todas as trilhas em seus programas, \u00e9 responsabilidade do passageiro ler e conhecer suas pr\u00f3prias limita\u00e7\u00f5es, bem como trazer o equipamento adequado para um desempenho ideal. Al\u00e9m disso, \u00e9 dever dos passageiros informar-se com a CONAF sobre os hor\u00e1rios de abertura e fechamento dos trilhos, assim como sobre o regulamento interno do Parque Nacional Torres del Paine. <\/p>\n<p>\u00c9 dever dos passageiros manter sua documenta\u00e7\u00e3o atualizada e possuir os permissos e vistos necess\u00e1rios para cruzar as fronteiras.<br \/>\nA Rebel Viajes n\u00e3o realiza reembolsos nem se responsabiliza por gastos do passageiro em caso de necessidade de resgate ou se, por qualquer motivo, o passageiro precisar abandonar a viagem antes do previsto.<\/p>\n<p>A Rebel Viajes n\u00e3o se responsabiliza por quaisquer gastos adicionais que o passageiro possa ter caso a viagem seja atrasada devido a condi\u00e7\u00f5es clim\u00e1ticas, greves, roubos, fen\u00f4menos naturais, dist\u00farbios civis, terrorismo, atos de guerra, restri\u00e7\u00f5es ou regulamentos governamentais, falhas em qualquer meio de transporte na chegada ou sa\u00edda do programa, ou qualquer outra raz\u00e3o fora do controle direto da Rebel Viajes.<\/p>\n<p>A Rebel Viajes repudia a explora\u00e7\u00e3o sexual e comercial de crian\u00e7as, adolescentes e menores de idade, comprometendo-se a denunciar, identificar e capacitar seu pessoal para prevenir qualquer atividade tur\u00edstica ou servi\u00e7o de terceiros que envolva menores.<\/p>\n<p>A Rebel Viajes n\u00e3o se responsabiliza por cancelamentos, modifica\u00e7\u00f5es ou no-show devido \u00e0 impossibilidade de chegada ou acesso aos ref\u00fagios ou campings por causas externas, como condi\u00e7\u00f5es clim\u00e1ticas adversas, bloqueios de estradas, fen\u00f4menos naturais, problemas com conex\u00f5es a\u00e9reas, atrasos em transportes, cancelamento de navega\u00e7\u00f5es de barcos e\/ou catamar\u00e3s, manifesta\u00e7\u00f5es sociais ou pol\u00edticas, ou qualquer outro fator fora do controle da Rebel Viajes, como acidentes ou doen\u00e7as antes ou durante a visita a Torres del Paine. Para essas eventualidades, recomenda-se que os passageiros contratem um seguro de viagem. <\/p>\n<p><b>SEGURO DE VIAGEM<\/b><br \/>\n A Rebel Viajes recomenda fortemente a contrata\u00e7\u00e3o de um seguro de viagem que cubra gastos com cancelamentos, tanto por condi\u00e7\u00f5es meteorol\u00f3gicas quanto por for\u00e7a maior, al\u00e9m de um seguro contra acidentes, de acordo com as atividades que ser\u00e3o realizadas.<\/p>\n<p>Esse seguro deve cobrir acidentes pessoais, despesas de repatria\u00e7\u00e3o e quaisquer outras taxas que possam surgir devido a danos, perdas, les\u00f5es, atrasos ou qualquer outro imprevisto que possa ocorrer durante a viagem.<\/p>\n<p>Recomenda-se que, ao contratar um seguro de viagem, o passageiro informe \u00e0 seguradora o tipo de viagem que ser\u00e1 realizada, pois nem todos os seguros cobrem atividades de turismo de aventura, que podem estar inclu\u00eddas no itiner\u00e1rio do programa.<\/p>\n<p><b>ATESTADO DE SA\u00daDE E TERMO DE RESPONSABILIDADE<\/b><br \/>\n\u00c9 obrigat\u00f3rio que os passageiros informem sobre qualquer problema de sa\u00fade no momento da reserva, para que seja avaliado se podem realizar a atividade ou se necessitam de algum tipo de suporte adicional.<\/p>\n<p>Nos programas guiados, o l\u00edder do grupo ou guia tem o direito de solicitar que um passageiro abandone o programa caso ele n\u00e3o esteja apto para realiz\u00e1-lo ou represente um risco para si mesmo e\/ou para o restante do grupo. A crit\u00e9rio do guia, o passageiro poder\u00e1 ser impedido de continuar a viagem caso, por qualquer motivo, n\u00e3o esteja fisicamente ou mentalmente capacitado para seguir com a atividade ou n\u00e3o siga as instru\u00e7\u00f5es. Nessas circunst\u00e2ncias, n\u00e3o haver\u00e1 reembolso. Devido \u00e0 dificuldade geogr\u00e1fica, que pode impedir o acesso a hospitais ou atendimento m\u00e9dico, a Rebel Viajes n\u00e3o se responsabiliza pela presta\u00e7\u00e3o de atendimento m\u00e9dico em nenhum momento durante a viagem.   <\/p>\n<p>Todos os passageiros dever\u00e3o, no momento da confirma\u00e7\u00e3o e pagamento do programa, aceitar e assinar o termo de isen\u00e7\u00e3o de responsabilidade, al\u00e9m de verificar seu estado de sa\u00fade e assumir a responsabilidade por suas limita\u00e7\u00f5es e\/ou necessidades especiais.<\/p>\n<p>Conhe\u00e7a nossos <a href=\"https:\/\/rebelviajes.com\/pt-br\/termos-e-condicoes\/\" target=\"_blank\" rel=\"noopener\">Termos e Condi\u00e7\u00f5es<\/a>.<\/p>\n","protected":false},"excerpt":{"rendered":"<p>Sa\u00eddas de <strong>Ushuaia<\/strong><br \/>\n<strong>Todos os dias<\/strong><br \/>\nHor\u00e1rio: <strong>in\u00edcio \u00e0s 09h30 &#8211; t\u00e9rmino \u00e0s 14h30<\/strong><\/p>\n","protected":false},"featured_media":990125071,"comment_status":"open","ping_status":"closed","template":"","meta":{"site-sidebar-layout":"default","site-content-layout":"default","ast-site-content-layout":"default","site-content-style":"default","site-sidebar-style":"default","ast-global-header-display":"","ast-banner-title-visibility":"","ast-main-header-display":"","ast-hfb-above-header-display":"","ast-hfb-below-header-display":"","ast-hfb-mobile-header-display":"","site-post-title":"","ast-breadcrumbs-content":"","ast-featured-img":"","footer-sml-layout":"","ast-disable-related-posts":"","theme-transparent-header-meta":"default","adv-header-id-meta":"","stick-header-meta":"","header-above-stick-meta":"","header-main-stick-meta":"","header-below-stick-meta":"","astra-migrate-meta-layouts":"default","ast-page-background-enabled":"default","ast-page-background-meta":{"desktop":{"background-color":"","background-image":"","background-repeat":"repeat","background-position":"center center","background-size":"auto","background-attachment":"scroll","background-type":"","background-media":"","overlay-type":"","overlay-color":"","overlay-opacity":"","overlay-gradient":""},"tablet":{"background-color":"","background-image":"","background-repeat":"repeat","background-position":"center center","background-size":"auto","background-attachment":"scroll","background-type":"","background-media":"","overlay-type":"","overlay-color":"","overlay-opacity":"","overlay-gradient":""},"mobile":{"background-color":"","background-image":"","background-repeat":"repeat","background-position":"center center","background-size":"auto","background-attachment":"scroll","background-type":"","background-media":"","overlay-type":"","overlay-color":"","overlay-opacity":"","overlay-gradient":""}},"ast-content-background-meta":{"desktop":{"background-color":"var(--ast-global-color-5)","background-image":"","background-repeat":"repeat","background-position":"center center","background-size":"auto","background-attachment":"scroll","background-type":"","background-media":"","overlay-type":"","overlay-color":"","overlay-opacity":"","overlay-gradient":""},"tablet":{"background-color":"var(--ast-global-color-5)","background-image":"","background-repeat":"repeat","background-position":"center center","background-size":"auto","background-attachment":"scroll","background-type":"","background-media":"","overlay-type":"","overlay-color":"","overlay-opacity":"","overlay-gradient":""},"mobile":{"background-color":"var(--ast-global-color-5)","background-image":"","background-repeat":"repeat","background-position":"center center","background-size":"auto","background-attachment":"scroll","background-type":"","background-media":"","overlay-type":"","overlay-color":"","overlay-opacity":"","overlay-gradient":""}}},"product_brand":[],"product_cat":[606,615],"product_tag":[530,616],"class_list":{"0":"post-990125121","1":"product","2":"type-product","3":"status-publish","4":"has-post-thumbnail","6":"product_cat-trekking-pt-br","7":"product_cat-ushuaia-pt-br","8":"product_tag-excursion-nueva-pt-br","9":"product_tag-ushuaia-pt-br","10":"desktop-align-left","11":"tablet-align-left","12":"mobile-align-left","14":"first","15":"instock","16":"sold-individually","17":"shipping-taxable","18":"product-type-simple"},"_links":{"self":[{"href":"https:\/\/rebelviajes.com\/pt-br\/wp-json\/wp\/v2\/product\/990125121","targetHints":{"allow":["GET"]}}],"collection":[{"href":"https:\/\/rebelviajes.com\/pt-br\/wp-json\/wp\/v2\/product"}],"about":[{"href":"https:\/\/rebelviajes.com\/pt-br\/wp-json\/wp\/v2\/types\/product"}],"replies":[{"embeddable":true,"href":"https:\/\/rebelviajes.com\/pt-br\/wp-json\/wp\/v2\/comments?post=990125121"}],"version-history":[{"count":0,"href":"https:\/\/rebelviajes.com\/pt-br\/wp-json\/wp\/v2\/product\/990125121\/revisions"}],"wp:featuredmedia":[{"embeddable":true,"href":"https:\/\/rebelviajes.com\/pt-br\/wp-json\/wp\/v2\/media\/990125071"}],"wp:attachment":[{"href":"https:\/\/rebelviajes.com\/pt-br\/wp-json\/wp\/v2\/media?parent=990125121"}],"wp:term":[{"taxonomy":"product_brand","embeddable":true,"href":"https:\/\/rebelviajes.com\/pt-br\/wp-json\/wp\/v2\/product_brand?post=990125121"},{"taxonomy":"product_cat","embeddable":true,"href":"https:\/\/rebelviajes.com\/pt-br\/wp-json\/wp\/v2\/product_cat?post=990125121"},{"taxonomy":"product_tag","embeddable":true,"href":"https:\/\/rebelviajes.com\/pt-br\/wp-json\/wp\/v2\/product_tag?post=990125121"}],"curies":[{"name":"wp","href":"https:\/\/api.w.org\/{rel}","templated":true}]}}