{"id":990127708,"date":"2025-07-28T14:17:31","date_gmt":"2025-07-28T18:17:31","guid":{"rendered":"https:\/\/rebelviajes.com\/producto\/para-cruzeiros-ilha-magdalena-am\/"},"modified":"2025-07-28T14:29:14","modified_gmt":"2025-07-28T18:29:14","slug":"para-cruzeiros-ilha-magdalena-am","status":"publish","type":"product","link":"https:\/\/rebelviajes.com\/pt-br\/product\/para-cruzeiros-ilha-magdalena-am\/","title":{"rendered":"Para Cruzeiros: Ilha Magdalena AM"},"content":{"rendered":"<h2 id=\"descripcion\">Descri\u00e7\u00e3o<\/h2>\n<h3>Descubra a magia do Estreito de Magalh\u00e3es e a fascinante fauna do sul<\/h3>\n<p>Embarque em uma experi\u00eancia inesquec\u00edvel navegando pelo hist\u00f3rico <strong>Estreito de Magalh\u00e3es<\/strong> at\u00e9 o <strong>Monumento Natural Los Ping\u00fcinos<\/strong>, lar da encantadora vida selvagem da regi\u00e3o.<\/p>\n<p>Em nosso passeios \u00e0 <strong>Ilha Magdalena<\/strong>, voc\u00ea conhecer\u00e1 o ic\u00f4nico <strong>pinguim-de-magalh\u00e3es<\/strong>, um nadador \u00e1gil que mede entre 50 e 70 cm e passa grande parte da vida na \u00e1gua. Essas aves, que vivem da Terra do Fogo ao sul do Brasil, formam <strong>uma das maiores col\u00f4nias da Patag\u00f4nia na Ilha Magdalena<\/strong>, onde mais de 150.000 pinguins aguardam por voc\u00ea em seu habitat natural. <\/p>\n<h3>Navega\u00e7\u00e3o para a Ilha Magdalena<\/h3>\n<p>O passeio come\u00e7a com o embarque no P\u00eder Prat, em Punta Arenas. De l\u00e1, seguiremos para a zona norte da cidade para embarcar em uma balsa moderna, equipada com um amplo conv\u00e9s superior, ideal para desfrutar de vistas panor\u00e2micas. <\/p>\n<p>A navega\u00e7\u00e3o de aproximadamente 1 hora e meia levar\u00e1 voc\u00ea pelo majestoso <strong>Estreito de Magalh\u00e3es<\/strong>, um cen\u00e1rio que o transportar\u00e1 ao cora\u00e7\u00e3o da <strong>Patag\u00f4nia<\/strong>. Ao chegar \u00e0 <strong>Ilha Magdalena<\/strong>, desembarcaremos e voc\u00ea ter\u00e1 cerca de uma hora para explorar a col\u00f4nia de pinguins. <\/p>\n<p>Voc\u00ea pode caminhar at\u00e9 o antigo farol da ilha, de onde poder\u00e1 desfrutar de uma vista espetacular da paisagem que cerca este para\u00edso natural.<\/p>\n<p>Ao final da visita, retornaremos \u00e0 balsa para iniciar a viagem de volta a Punta Arenas. Ao chegar ao p\u00eder, voc\u00ea ser\u00e1 transferido de volta ao P\u00eder Prat, onde poder\u00e1 reembarcar no cruzeiro com mem\u00f3rias inesquec\u00edveis dessa experi\u00eancia. <\/p>\n<div class=\"divisor\"><\/div>\n<h2 id=\"detalle\">Detalhe<\/h2>\n<table>\n<tbody>\n<tr>\n<th><i class=\"fa fa-check\" aria-hidden=\"true\"><\/i> Inclui<\/th>\n<\/tr>\n<tr>\n<td>Traslado compartilhado<br \/>\nTicket Navega\u00e7\u00e3o<br \/>\nGuia bil\u00edngue no local<\/td>\n<\/tr>\n<\/tbody>\n<\/table>\n<table>\n<tbody>\n<tr>\n<th><i class=\"fa fa-times\" aria-hidden=\"true\"><\/i> Not included<\/th>\n<\/tr>\n<tr>\n<td>Gorjetas<br \/>\nComidas<br \/>\nServi\u00e7os n\u00e3o mencionados<\/td>\n<\/tr>\n<\/tbody>\n<\/table>\n<div class=\"divisor\"><\/div>\n<h2 id=\"faq\">FAQ<\/h2>\n<h3>O que levar para a Navega\u00e7\u00e3o Ilha Magdalena?<\/h3>\n<p>\u00d3culos de sol, protetor solar, \u00e1gua, chap\u00e9u, gorro e luvas para o frio, roupas quentes de l\u00e3.<\/p>\n<div class=\"divisor\"><\/div>\n<h2 id=\"condiciones\">Condi\u00e7\u00f5es<\/h2>\n<p>A atividade pode ser cancelada gratuitamente at\u00e9 72 horas antes do hor\u00e1rio de in\u00edcio da atividade.<br \/>\nSujeito \u00e0s condi\u00e7\u00f5es clim\u00e1ticas.<\/p>\n","protected":false},"excerpt":{"rendered":"<p>Sa\u00eddas do <strong><b>Rel\u00f3gio verde no P\u00eder Prat<\/b> &#8211; Punta Arenas<\/strong><br \/>\n<strong>Todos os dias (Dezembro &#8211; Fevereiro)<\/strong><br \/>\n<strong>S\u00e1bado e Domingo (Mar\u00e7o)<\/strong><br \/>\nHor\u00e1rio: <strong>in\u00edcio \u00e0s 8:50 \u2013 t\u00e9rmino \u00e0s 14:30<\/strong><\/p>\n","protected":false},"featured_media":990127645,"comment_status":"open","ping_status":"closed","template":"","meta":{"site-sidebar-layout":"default","site-content-layout":"default","ast-site-content-layout":"default","site-content-style":"default","site-sidebar-style":"default","ast-global-header-display":"","ast-banner-title-visibility":"","ast-main-header-display":"","ast-hfb-above-header-display":"","ast-hfb-below-header-display":"","ast-hfb-mobile-header-display":"","site-post-title":"","ast-breadcrumbs-content":"","ast-featured-img":"","footer-sml-layout":"","ast-disable-related-posts":"","theme-transparent-header-meta":"default","adv-header-id-meta":"","stick-header-meta":"","header-above-stick-meta":"","header-main-stick-meta":"","header-below-stick-meta":"","astra-migrate-meta-layouts":"default","ast-page-background-enabled":"default","ast-page-background-meta":{"desktop":{"background-color":"","background-image":"","background-repeat":"repeat","background-position":"center center","background-size":"auto","background-attachment":"scroll","background-type":"","background-media":"","overlay-type":"","overlay-color":"","overlay-opacity":"","overlay-gradient":""},"tablet":{"background-color":"","background-image":"","background-repeat":"repeat","background-position":"center center","background-size":"auto","background-attachment":"scroll","background-type":"","background-media":"","overlay-type":"","overlay-color":"","overlay-opacity":"","overlay-gradient":""},"mobile":{"background-color":"","background-image":"","background-repeat":"repeat","background-position":"center center","background-size":"auto","background-attachment":"scroll","background-type":"","background-media":"","overlay-type":"","overlay-color":"","overlay-opacity":"","overlay-gradient":""}},"ast-content-background-meta":{"desktop":{"background-color":"var(--ast-global-color-5)","background-image":"","background-repeat":"repeat","background-position":"center center","background-size":"auto","background-attachment":"scroll","background-type":"","background-media":"","overlay-type":"","overlay-color":"","overlay-opacity":"","overlay-gradient":""},"tablet":{"background-color":"var(--ast-global-color-5)","background-image":"","background-repeat":"repeat","background-position":"center center","background-size":"auto","background-attachment":"scroll","background-type":"","background-media":"","overlay-type":"","overlay-color":"","overlay-opacity":"","overlay-gradient":""},"mobile":{"background-color":"var(--ast-global-color-5)","background-image":"","background-repeat":"repeat","background-position":"center center","background-size":"auto","background-attachment":"scroll","background-type":"","background-media":"","overlay-type":"","overlay-color":"","overlay-opacity":"","overlay-gradient":""}}},"product_brand":[],"product_cat":[347,605],"product_tag":[530,509],"class_list":{"0":"post-990127708","1":"product","2":"type-product","3":"status-publish","4":"has-post-thumbnail","6":"product_cat-full-day-pt","7":"product_cat-punta-arenas-pt-br","8":"product_tag-excursion-nueva-pt-br","9":"product_tag-punta-arenas-pt-br-2","10":"desktop-align-left","11":"tablet-align-left","12":"mobile-align-left","14":"first","15":"instock","16":"virtual","17":"sold-individually","18":"purchasable","19":"product-type-simple"},"_links":{"self":[{"href":"https:\/\/rebelviajes.com\/pt-br\/wp-json\/wp\/v2\/product\/990127708","targetHints":{"allow":["GET"]}}],"collection":[{"href":"https:\/\/rebelviajes.com\/pt-br\/wp-json\/wp\/v2\/product"}],"about":[{"href":"https:\/\/rebelviajes.com\/pt-br\/wp-json\/wp\/v2\/types\/product"}],"replies":[{"embeddable":true,"href":"https:\/\/rebelviajes.com\/pt-br\/wp-json\/wp\/v2\/comments?post=990127708"}],"version-history":[{"count":0,"href":"https:\/\/rebelviajes.com\/pt-br\/wp-json\/wp\/v2\/product\/990127708\/revisions"}],"wp:featuredmedia":[{"embeddable":true,"href":"https:\/\/rebelviajes.com\/pt-br\/wp-json\/wp\/v2\/media\/990127645"}],"wp:attachment":[{"href":"https:\/\/rebelviajes.com\/pt-br\/wp-json\/wp\/v2\/media?parent=990127708"}],"wp:term":[{"taxonomy":"product_brand","embeddable":true,"href":"https:\/\/rebelviajes.com\/pt-br\/wp-json\/wp\/v2\/product_brand?post=990127708"},{"taxonomy":"product_cat","embeddable":true,"href":"https:\/\/rebelviajes.com\/pt-br\/wp-json\/wp\/v2\/product_cat?post=990127708"},{"taxonomy":"product_tag","embeddable":true,"href":"https:\/\/rebelviajes.com\/pt-br\/wp-json\/wp\/v2\/product_tag?post=990127708"}],"curies":[{"name":"wp","href":"https:\/\/api.w.org\/{rel}","templated":true}]}}