{"id":990127753,"date":"2025-07-28T16:35:52","date_gmt":"2025-07-28T20:35:52","guid":{"rendered":"https:\/\/rebelviajes.com\/producto\/patagonia-historica-e-natural-feriados-nacionais\/"},"modified":"2025-07-29T14:53:24","modified_gmt":"2025-07-29T18:53:24","slug":"patagonia-historica-e-natural-feriados-nacionais","status":"publish","type":"product","link":"https:\/\/rebelviajes.com\/pt-br\/product\/patagonia-historica-e-natural-feriados-nacionais\/","title":{"rendered":"Patag\u00f4nia Hist\u00f3rica e Natural &#8211; Feriados Nacionais"},"content":{"rendered":"<h2 id=\"descripcion\">Descri\u00e7\u00e3o<\/h2>\n<h3>Conhe\u00e7a as duas faces mais fascinantes da Patag\u00f4nia<\/h3>\n<p><strong>Percorra as duas faces mais fascinantes da Patag\u00f4nia<\/strong>, sua faceta hist\u00f3rica atrav\u00e9s de um passeio pela capital da regi\u00e3o de Magalh\u00e3es e a Ant\u00e1rtica chilena e sua face natural.<\/p>\n<p><strong>Voc\u00ea aprender\u00e1 sobre a diversidade cultural e patrimonial<\/strong> no n\u00edvel arquitet\u00f4nico da cidade de <strong>Punta Arenas<\/strong>. Por outro lado, voc\u00ea desfrutar\u00e1 do <strong>maravilhoso Parque Torres del Paine<\/strong> que contempla uma <strong>paisagem cinematogr\u00e1fica composta por lagos, rios, cachoeiras, montanhas<\/strong>, que junto com sua diversificada flora e fauna nativas formam a <strong>oitava maravilha do mundo.<\/strong><\/p>\n<div class=\"divisor\"><\/div>\n<h2>Itiner\u00e1rio<\/h2>\n<h3>Dia 1 \u2013 Chegada e boas-vindas a Puerto Natales<\/h3>\n<p>Dia de chegada em Puerto Natales, uma cidade do sul repleta de hist\u00f3ria e paisagens naturais extraordin\u00e1rias. Descubra seu charme e aproveite sua bela orla. <\/p>\n<ul>\n<li>Traslado regular de \u00f4nibus do Aeroporto de Punta Arenas para Puerto Natales.<\/li>\n<li>Jantar de boas-vindas.<\/li>\n<li>Noite no Hotel Costa Australis.<\/li>\n<\/ul>\n<h3>Dia 2 \u2013 Passeio ao Parque Nacional Torres del Paine<\/h3>\n<p>Esta excursi\u00f3n de d\u00eda completo se inicia con la visita a la milenaria <strong>Cueva del Milod\u00f3n<\/strong> y contin\u00faa con un <strong>recorrido profundo por el Parque Nacional Torres del Paine<\/strong>. Conocer\u00e1s la <strong>majestuosa cadena monta\u00f1osa Paine<\/strong> compuesta por las Torres, los Cuernos y el Macizo Paine, <strong>lagos y lagunas de intensos colores turquesa<\/strong>, Lago Grey, Lago Peho\u00e9 y Laguna Amarga; <strong>glaciares milenarios<\/strong>, su estepa abierta, sus bosques magall\u00e1nicos y una <strong>diversa flora y fauna local<\/strong>. <\/p>\n<ul>\n<li>Caf\u00e9 da manh\u00e3 tipo buffet no Hotel Costa Australis.<\/li>\n<li>Passeio ao Parque Torres del Paine com ingressos e almo\u00e7o.<\/li>\n<li>Noite no Hotel Costa Australis.<\/li>\n<\/ul>\n<h3>Dia 3 \u2013 Dia livre (excurs\u00f5es opcionais)<\/h3>\n<p>Dia livre para realizar atividades no seu ritmo e conforme sua escolha. Desde <strong>Puerto Natales<\/strong> h\u00e1 diversas op\u00e7\u00f5es excepcionais, como <strong>navega\u00e7\u00f5es<\/strong>, <strong>turismo em est\u00e2ncias<\/strong>, <strong>cavalgadas<\/strong> e <strong>caiaques<\/strong> ou simplesmente explorar a p\u00e9 ou de bicicleta as ruas de <strong>Puerto Natales<\/strong>. Voc\u00ea pode passear pelas ruas repletas de restaurantes charmosos, lojas locais, apreciar a arquitetura e desfrutar de uma caminhada pela costaneira ao entardecer. <\/p>\n<ul>\n<li>Caf\u00e9 da manh\u00e3 tipo buffet no Hotel Costa Australis.<\/li>\n<li>Traslado en bus regular de Puerto Natales a Punta Arenas.<\/li>\n<li>Noite no Hotel Cabo de Hornos.<\/li>\n<\/ul>\n<h3>Dia 4 \u2013 City Tour Punta Arenas<\/h3>\n<p>Descubra a elegante cidade de <strong>Punta Arenas<\/strong> em um tour pelo seu <strong>patrim\u00f4nio cultural e hist\u00f3rico<\/strong>. Voc\u00ea visitar\u00e1 os monumentos e espa\u00e7os mais emblem\u00e1ticos da cidade: o cemit\u00e9rio, o Monumento ao Pastor e a Pra\u00e7a Croata. O roteiro termina com uma visita ao Museu Salesiano Maggiorino Borgatello, que conta a <strong>hist\u00f3ria dos povos ind\u00edgenas<\/strong>, da <strong>flora e fauna do sul<\/strong> e da <strong>coloniza\u00e7\u00e3o da Patag\u00f4nia<\/strong>.  <\/p>\n<ul>\n<li>Caf\u00e9 da manh\u00e3 tipo buffet no Hotel Cabo de Hornos.<\/li>\n<li>City Tour Punta Arenas.<\/li>\n<li>Traslado do Hotel Cabo de Hornos ao Aeroporto de Punta Arenas.<\/li>\n<\/ul>\n<div class=\"divisor\"><\/div>\n<h2 id=\"detalle\">Detalhe<\/h2>\n<table>\n<tbody>\n<tr>\n<th><i class=\"fa fa-check\" aria-hidden=\"true\"><\/i> Inclui<\/th>\n<\/tr>\n<tr>\n<td>Caf\u00e9 da manh\u00e3 tipo buffet<br \/>\nAlimenta\u00e7\u00e3o mencionada<br \/>\nAtividades mencionadas<br \/>\nTransporte em \u00f4nibus regular<br \/>\nAcomoda\u00e7\u00e3o em quarto com vista da cidade<br \/>\nEntrada Parque Nacional Torres del Paine<\/td>\n<\/tr>\n<\/tbody>\n<\/table>\n<table>\n<tbody>\n<tr>\n<th><i class=\"fa fa-times\" aria-hidden=\"true\"><\/i> N\u00e3o inclui<\/th>\n<\/tr>\n<tr>\n<td>Voos de \/ para Punta Arenas<br \/>\nSeguro de acidentes ou outros<br \/>\nGorjetas<br \/>\nServi\u00e7os n\u00e3o mencionados no pacote<br \/>\nPasseios opcionais<\/td>\n<\/tr>\n<\/tbody>\n<\/table>\n<div class=\"divisor\"><\/div>\n<h2 id=\"faq\">FAQ<\/h2>\n<h3>O que levar para Patag\u00f4nia?<\/h3>\n<p>Sapatos de caminhada imperme\u00e1veis, \u00f3culos de sol, protetor solar, \u00e1gua, chap\u00e9u para o sol, chap\u00e9u e luvas para o frio, camisas de manga curta e manga comprida, agasalho tipo l\u00e3 e jaqueta e cal\u00e7a imperme\u00e1vel.<\/p>\n<div class=\"divisor\"><\/div>\n<h2 id=\"condiciones\">Condi\u00e7\u00f5es<\/h2>\n<h3>Hospedagem<\/h3>\n<p>Inclui alojamento em quarto e cama individual para as noites mencionadas no programa correspondentes \u00e0s cidades designadas para cada dia.<\/p>\n<p>Hospedagem no Hotel Costaustralis na cidade de Puerto Natales e Hotel Cabo de Hornos em Punta Arenas.<\/p>\n<p><a style=\"color: #7a7a7a;\" href=\"https:\/\/www.hotelcostaustralis.com\/habitaciones\" target=\"_blank\" rel=\"noopener\"><u>Hotel Costaustralis<\/u><\/a> &#8211; Acolhedor, espa\u00e7oso e moderno quarto duplo equipado com uma cama king-size. Tem Wi-Fi gratuito, TV de tela LED, canais a cabo, aquecimento com controle individual, cofre e banheiro privativo totalmente equipado.<\/p>\n<h3>Translado<\/h3>\n<p>Inclui transporte regular de \u00f4nibus nos seguintes trajetos:<br \/>\n&#8211; Aeroporto de Punta Arenas &#8211; Puerto Natales<br \/>\n&#8211; Puerto Natales &#8211; Aeroporto de Punta Arenas<\/p>\n<p>Inclui translado compartilhado nas excurs\u00f5es.<\/p>\n<p>Os traslados regulares de \u00f4nibus operam entre 7h30 e 20hrs.<br \/>\nDura\u00e7\u00e3o do traslado: 3 horas.<\/p>\n<h3>Modifica\u00e7\u00f5es e cancelamentos<\/h3>\n<p>As modifica\u00e7\u00f5es nas reservas devem ser feitas em um prazo superior a 15 dias a partir da chegada do passageiro, estar\u00e3o sujeitas \u00e0 disponibilidade e mantendo as mesmas caracter\u00edsticas da tarifa paga ou pagando a diferen\u00e7a, se houver, pelo servi\u00e7o modificado.<\/p>\n<p>Todos os cancelamentos, anula\u00e7\u00f5es, modifica\u00e7\u00f5es, n\u00e3o participa\u00e7\u00e3o parcial ou total, dever\u00e3o ser feitos por escrito e estar\u00e3o sujeitos \u00e0s penalidades estabelecidas nestas condi\u00e7\u00f5es.<\/p>\n<p>Caso o passageiro n\u00e3o compare\u00e7a, a Companhia assumi-lo-\u00e1 integralmente e poder\u00e1 dispor de ditos espa\u00e7os, cotas ou lugares sem que estes estejam sujeitos a qualquer tipo de restri\u00e7\u00e3o, substitui\u00e7\u00e3o ou compensa\u00e7\u00e3o.<\/p>\n<h3>Suspens\u00e3o devido \u00e0s condi\u00e7\u00f5es meteorol\u00f3gicas<\/h3>\n<p>O reembolso total ser\u00e1 feito quando a empresa cancelar antes de iniciar o servi\u00e7o.<\/p>\n<p>O reembolso total ser\u00e1 feito quando a empresa cancelar antes de iniciar o servi\u00e7o.<\/p>\n<p>Caso haja indeniza\u00e7\u00e3o por situa\u00e7\u00e3o especial, ser\u00e1 acordada com as pessoas, e ser\u00e1 definida pelo desenvolvimento do programa de viagens.<\/p>\n<h3>Rotas e itiner\u00e1rios<\/h3>\n<p>A Rebel Viagens reserva-se o direito de alterar rotas e itiner\u00e1rios previamente estabelecidos, tempos de perman\u00eancia, se as circunst\u00e2ncias o exigirem para garantir a seguran\u00e7a e integridade dos clientes, sem aviso pr\u00e9vio aos passageiros.<\/p>\n<p><b>Responsabilidades<\/b><\/p>\n<p>A Rebel Viajes registrou devidamente suas atividades no cadastro de prestadores de servi\u00e7os tur\u00edsticos da SERNATUR, obtendo aprova\u00e7\u00e3o para o desenvolvimento e atividades de Ag\u00eancia de Viagens e Operador Tur\u00edstico de acordo com o n\u00famero de registro 30455 e 37770 respectivamente.<\/p>\n<p><em>Da mesma forma, a empresa N\u00c3O possui seguro complementar de acidentes. <\/em><\/p>\n<h3>Limita\u00e7\u00f5es<\/h3>\n<p>Estar em boas condi\u00e7\u00f5es f\u00edsicas e de sa\u00fade para os participantes. Quando inclu\u00eddos menores, eles devem preencher a autoriza\u00e7\u00e3o de seus pais ou respons\u00e1veis, a Ag\u00eancia disp\u00f5e de alguns formul\u00e1rios para isso.<\/p>\n<h3>Recomenda\u00e7\u00f5es<\/h3>\n<p>Cal\u00e7ado confort\u00e1vel (sapato de trekking meia volta), roupa confort\u00e1vel (moletom e cal\u00e7a de secagem r\u00e1pida), blus\u00e3o, chap\u00e9u de sol (chap\u00e9u de abas ou legion\u00e1rio), gorro de l\u00e3, luvas de trabalho, \u00f3culos de sol, protetor solar, protetor labial, garrafa ou recipiente para \u00e1gua, mochila.<\/p>\n<p>A empresa reserva-se o direito de recusar a utiliza\u00e7\u00e3o de equipamentos pessoais em mau estado que coloquem em risco a seguran\u00e7a dos utilizadores ou da atividade.<\/p>\n<p>Conhe\u00e7a os <a href=\"https:\/\/rebelviajes.com\/pt-br\/termos-e-condicoes\/\" target=\"_blank\" rel=\"noopener\">Termos e Condi\u00e7\u00f5es<\/a> do nosso site.<\/p>\n","protected":false},"excerpt":{"rendered":"<p><b>Punta Arenas<\/b> e <b>Puerto Natales<\/b><br \/>\n4 dias \/ 3 noites<\/p>\n","protected":false},"featured_media":990118867,"comment_status":"open","ping_status":"closed","template":"","meta":{"site-sidebar-layout":"default","site-content-layout":"default","ast-site-content-layout":"default","site-content-style":"default","site-sidebar-style":"default","ast-global-header-display":"","ast-banner-title-visibility":"","ast-main-header-display":"","ast-hfb-above-header-display":"","ast-hfb-below-header-display":"","ast-hfb-mobile-header-display":"","site-post-title":"","ast-breadcrumbs-content":"","ast-featured-img":"","footer-sml-layout":"","ast-disable-related-posts":"","theme-transparent-header-meta":"default","adv-header-id-meta":"","stick-header-meta":"","header-above-stick-meta":"","header-main-stick-meta":"","header-below-stick-meta":"","astra-migrate-meta-layouts":"default","ast-page-background-enabled":"default","ast-page-background-meta":{"desktop":{"background-color":"","background-image":"","background-repeat":"repeat","background-position":"center center","background-size":"auto","background-attachment":"scroll","background-type":"","background-media":"","overlay-type":"","overlay-color":"","overlay-opacity":"","overlay-gradient":""},"tablet":{"background-color":"","background-image":"","background-repeat":"repeat","background-position":"center center","background-size":"auto","background-attachment":"scroll","background-type":"","background-media":"","overlay-type":"","overlay-color":"","overlay-opacity":"","overlay-gradient":""},"mobile":{"background-color":"","background-image":"","background-repeat":"repeat","background-position":"center center","background-size":"auto","background-attachment":"scroll","background-type":"","background-media":"","overlay-type":"","overlay-color":"","overlay-opacity":"","overlay-gradient":""}},"ast-content-background-meta":{"desktop":{"background-color":"var(--ast-global-color-5)","background-image":"","background-repeat":"repeat","background-position":"center center","background-size":"auto","background-attachment":"scroll","background-type":"","background-media":"","overlay-type":"","overlay-color":"","overlay-opacity":"","overlay-gradient":""},"tablet":{"background-color":"var(--ast-global-color-5)","background-image":"","background-repeat":"repeat","background-position":"center center","background-size":"auto","background-attachment":"scroll","background-type":"","background-media":"","overlay-type":"","overlay-color":"","overlay-opacity":"","overlay-gradient":""},"mobile":{"background-color":"var(--ast-global-color-5)","background-image":"","background-repeat":"repeat","background-position":"center center","background-size":"auto","background-attachment":"scroll","background-type":"","background-media":"","overlay-type":"","overlay-color":"","overlay-opacity":"","overlay-gradient":""}}},"product_brand":[],"product_cat":[349,621,605],"product_tag":[622,532,508,509],"class_list":{"0":"post-990127753","1":"product","2":"type-product","3":"status-publish","4":"has-post-thumbnail","6":"product_cat-programas-turisticos","7":"product_cat-puerto-natales-pt-br","8":"product_cat-punta-arenas-pt-br","9":"product_tag-programa-fiestas-patrias-pt-br","10":"product_tag-programa-simple-nuevo-pt-br-2","11":"product_tag-puerto-natales-pt-br-2","12":"product_tag-punta-arenas-pt-br-2","13":"desktop-align-left","14":"tablet-align-left","15":"mobile-align-left","17":"first","18":"instock","19":"sold-individually","20":"shipping-taxable","21":"purchasable","22":"product-type-variable"},"_links":{"self":[{"href":"https:\/\/rebelviajes.com\/pt-br\/wp-json\/wp\/v2\/product\/990127753","targetHints":{"allow":["GET"]}}],"collection":[{"href":"https:\/\/rebelviajes.com\/pt-br\/wp-json\/wp\/v2\/product"}],"about":[{"href":"https:\/\/rebelviajes.com\/pt-br\/wp-json\/wp\/v2\/types\/product"}],"replies":[{"embeddable":true,"href":"https:\/\/rebelviajes.com\/pt-br\/wp-json\/wp\/v2\/comments?post=990127753"}],"version-history":[{"count":0,"href":"https:\/\/rebelviajes.com\/pt-br\/wp-json\/wp\/v2\/product\/990127753\/revisions"}],"wp:featuredmedia":[{"embeddable":true,"href":"https:\/\/rebelviajes.com\/pt-br\/wp-json\/wp\/v2\/media\/990118867"}],"wp:attachment":[{"href":"https:\/\/rebelviajes.com\/pt-br\/wp-json\/wp\/v2\/media?parent=990127753"}],"wp:term":[{"taxonomy":"product_brand","embeddable":true,"href":"https:\/\/rebelviajes.com\/pt-br\/wp-json\/wp\/v2\/product_brand?post=990127753"},{"taxonomy":"product_cat","embeddable":true,"href":"https:\/\/rebelviajes.com\/pt-br\/wp-json\/wp\/v2\/product_cat?post=990127753"},{"taxonomy":"product_tag","embeddable":true,"href":"https:\/\/rebelviajes.com\/pt-br\/wp-json\/wp\/v2\/product_tag?post=990127753"}],"curies":[{"name":"wp","href":"https:\/\/api.w.org\/{rel}","templated":true}]}}